{"id":2084,"date":"2020-01-22T10:57:16","date_gmt":"2020-01-22T10:57:16","guid":{"rendered":"https:\/\/decofoodshop.nl\/?post_type=product&#038;p=2084"},"modified":"2026-03-02T13:38:22","modified_gmt":"2026-03-02T12:38:22","slug":"gefalschter-hahnchenkeulengrill","status":"publish","type":"product","link":"https:\/\/decofoodshop.nl\/de\/product\/namaak-kippenpoot-gril\/","title":{"rendered":"Gef\u00e4lschter H\u00e4hnchenschenkel-Grill"},"content":{"rendered":"<p>Sch\u00f6ner goldbrauner H\u00e4hnchenkeulengrill.<\/p>\n<p>Seine sch\u00f6ne gl\u00e4nzende Farbe l\u00e4sst es aussehen, als w\u00e4re es gerade vom Grill gekommen.<\/p>\n<p>Der flache Boden erleichtert das Ablegen des k\u00fcnstlichen H\u00e4hnchenschenkels.<\/p>\n<p>Die Haut des Huhns hat Unebenheiten, die die Haut echt wirken lassen.<\/p>\n<p>Das gef\u00e4lschte H\u00fchnerbein ist nicht zerbrechlich und von hoher Qualit\u00e4t.<\/p>\n<p>Klicken<strong><span style=\"color: #008000;\"> <a style=\"color: #008000;\" href=\"https:\/\/decofoodshop.nl\/de\/produktkategorie-2\/kunstliches-gemuse\/\">&#039;Hier&#039;<\/a> <\/span><\/strong>f\u00fcr unser Angebot an Kunstgem\u00fcse.<\/p>","protected":false},"excerpt":{"rendered":"<p>Mooie goud-bruine namaak kippenpoot gril. Door zijn mooie glimmende kleur lijkt hij net vers van de gril te komen. Door de platte onderkant is de kunst kippenpoot makkelijk neer te leggen. Het vel van de kip heeft bultjes waardoor de huid ook echt aanvoelt. De nep kippenpoot is niet breekbaar en van hoge kwaliteit. Klik [&hellip;]<\/p>\n","protected":false},"featured_media":2085,"template":"","meta":{"_acf_changed":false,"_genesis_hide_title":false,"_genesis_hide_breadcrumbs":false,"_genesis_hide_singular_image":false,"_genesis_hide_footer_widgets":false,"_genesis_custom_body_class":"","_genesis_custom_post_class":"","_genesis_layout":""},"product_brand":[],"product_cat":[50],"product_tag":[],"class_list":{"0":"post-2084","1":"product","2":"type-product","3":"status-publish","4":"has-post-thumbnail","6":"product_cat-namaak-vis-en-vlees","7":"entry","8":"wpx-has-gallery","10":"first","11":"instock","12":"taxable","13":"shipping-taxable","14":"purchasable","15":"product-type-simple"},"acf":[],"yoast_head":"<!-- This site is optimized with the Yoast SEO Premium plugin v27.3 (Yoast SEO v27.3) - https:\/\/yoast.com\/product\/yoast-seo-premium-wordpress\/ -->\n<title>Namaak Kippenpoot Gril - Verkrijgbaar Bij Decofoodshop<\/title>\n<meta name=\"description\" content=\"Deze mooie namaak kippenpoot gril van hoge kwaliteit. Niet breekbaar en uiterst decoratief. Decofood verkoopt alle soorten nepvlees.\" \/>\n<meta name=\"robots\" content=\"index, follow, max-snippet:-1, max-image-preview:large, max-video-preview:-1\" \/>\n<link rel=\"canonical\" href=\"https:\/\/decofoodshop.nl\/de\/produkt\/gefalschter-hahnchenkeulengrill\/\" \/>\n<meta property=\"og:locale\" content=\"de_DE\" \/>\n<meta property=\"og:type\" content=\"article\" \/>\n<meta property=\"og:title\" content=\"Namaak Kippenpoot Gril\" \/>\n<meta property=\"og:description\" content=\"Deze mooie namaak kippenpoot gril van hoge kwaliteit. Niet breekbaar en uiterst decoratief. Decofood verkoopt alle soorten nepvlees.\" \/>\n<meta property=\"og:url\" content=\"https:\/\/decofoodshop.nl\/de\/produkt\/gefalschter-hahnchenkeulengrill\/\" \/>\n<meta property=\"og:site_name\" content=\"Decofoodshop\" \/>\n<meta property=\"article:modified_time\" content=\"2026-03-02T12:38:22+00:00\" \/>\n<meta property=\"og:image\" content=\"https:\/\/decofoodshop.nl\/wp-content\/uploads\/2020\/01\/IMG_8077-kopie.jpg\" \/>\n\t<meta property=\"og:image:width\" content=\"549\" \/>\n\t<meta property=\"og:image:height\" content=\"551\" \/>\n\t<meta property=\"og:image:type\" content=\"image\/jpeg\" \/>\n<meta name=\"twitter:card\" content=\"summary_large_image\" \/>\n<meta name=\"twitter:label1\" content=\"Gesch\u00e4tzte Lesezeit\" \/>\n\t<meta name=\"twitter:data1\" content=\"1\u00a0Minute\" \/>\n<script type=\"application\/ld+json\" class=\"yoast-schema-graph\">{\"@context\":\"https:\\\/\\\/schema.org\",\"@graph\":[{\"@type\":\"WebPage\",\"@id\":\"https:\\\/\\\/decofoodshop.nl\\\/product\\\/namaak-kippenpoot-gril\\\/\",\"url\":\"https:\\\/\\\/decofoodshop.nl\\\/product\\\/namaak-kippenpoot-gril\\\/\",\"name\":\"Namaak Kippenpoot Gril - Verkrijgbaar Bij Decofoodshop\",\"isPartOf\":{\"@id\":\"https:\\\/\\\/decofoodshop.nl\\\/#website\"},\"primaryImageOfPage\":{\"@id\":\"https:\\\/\\\/decofoodshop.nl\\\/product\\\/namaak-kippenpoot-gril\\\/#primaryimage\"},\"image\":{\"@id\":\"https:\\\/\\\/decofoodshop.nl\\\/product\\\/namaak-kippenpoot-gril\\\/#primaryimage\"},\"thumbnailUrl\":\"https:\\\/\\\/decofoodshop.nl\\\/wp-content\\\/uploads\\\/2020\\\/01\\\/IMG_8077-kopie.jpg\",\"datePublished\":\"2020-01-22T10:57:16+00:00\",\"dateModified\":\"2026-03-02T12:38:22+00:00\",\"description\":\"Deze mooie namaak kippenpoot gril van hoge kwaliteit. Niet breekbaar en uiterst decoratief. Decofood verkoopt alle soorten nepvlees.\",\"breadcrumb\":{\"@id\":\"https:\\\/\\\/decofoodshop.nl\\\/product\\\/namaak-kippenpoot-gril\\\/#breadcrumb\"},\"inLanguage\":\"de\",\"potentialAction\":[{\"@type\":\"ReadAction\",\"target\":[\"https:\\\/\\\/decofoodshop.nl\\\/product\\\/namaak-kippenpoot-gril\\\/\"]}]},{\"@type\":\"ImageObject\",\"inLanguage\":\"de\",\"@id\":\"https:\\\/\\\/decofoodshop.nl\\\/product\\\/namaak-kippenpoot-gril\\\/#primaryimage\",\"url\":\"https:\\\/\\\/decofoodshop.nl\\\/wp-content\\\/uploads\\\/2020\\\/01\\\/IMG_8077-kopie.jpg\",\"contentUrl\":\"https:\\\/\\\/decofoodshop.nl\\\/wp-content\\\/uploads\\\/2020\\\/01\\\/IMG_8077-kopie.jpg\",\"width\":549,\"height\":551,\"caption\":\"Namaak Kippenpoot Gril\"},{\"@type\":\"BreadcrumbList\",\"@id\":\"https:\\\/\\\/decofoodshop.nl\\\/product\\\/namaak-kippenpoot-gril\\\/#breadcrumb\",\"itemListElement\":[{\"@type\":\"ListItem\",\"position\":1,\"name\":\"Home\",\"item\":\"https:\\\/\\\/decofoodshop.nl\\\/\"},{\"@type\":\"ListItem\",\"position\":2,\"name\":\"Winkel\",\"item\":\"https:\\\/\\\/decofoodshop.nl\\\/winkel\\\/\"},{\"@type\":\"ListItem\",\"position\":3,\"name\":\"Namaak Kippenpoot Gril\"}]},{\"@type\":\"WebSite\",\"@id\":\"https:\\\/\\\/decofoodshop.nl\\\/#website\",\"url\":\"https:\\\/\\\/decofoodshop.nl\\\/\",\"name\":\"Decofoodshop\",\"description\":\"\",\"potentialAction\":[{\"@type\":\"SearchAction\",\"target\":{\"@type\":\"EntryPoint\",\"urlTemplate\":\"https:\\\/\\\/decofoodshop.nl\\\/?s={search_term_string}\"},\"query-input\":{\"@type\":\"PropertyValueSpecification\",\"valueRequired\":true,\"valueName\":\"search_term_string\"}}],\"inLanguage\":\"de\"}]}<\/script>\n<!-- \/ Yoast SEO Premium plugin. -->","yoast_head_json":{"title":"Fake Chicken Leg Grill \u2013 erh\u00e4ltlich bei Decofoodshop","description":"Dieser sch\u00f6ne gef\u00e4lschte H\u00e4hnchenschenkelgrill von hoher Qualit\u00e4t. Nicht zerbrechlich und \u00e4u\u00dferst dekorativ. Decofood verkauft alle Arten von gef\u00e4lschtem Fleisch.","robots":{"index":"index","follow":"follow","max-snippet":"max-snippet:-1","max-image-preview":"max-image-preview:large","max-video-preview":"max-video-preview:-1"},"canonical":"https:\/\/decofoodshop.nl\/de\/produkt\/gefalschter-hahnchenkeulengrill\/","og_locale":"de_DE","og_type":"article","og_title":"Namaak Kippenpoot Gril","og_description":"Deze mooie namaak kippenpoot gril van hoge kwaliteit. Niet breekbaar en uiterst decoratief. Decofood verkoopt alle soorten nepvlees.","og_url":"https:\/\/decofoodshop.nl\/de\/produkt\/gefalschter-hahnchenkeulengrill\/","og_site_name":"Decofoodshop","article_modified_time":"2026-03-02T12:38:22+00:00","og_image":[{"width":549,"height":551,"url":"https:\/\/decofoodshop.nl\/wp-content\/uploads\/2020\/01\/IMG_8077-kopie.jpg","type":"image\/jpeg"}],"twitter_card":"summary_large_image","twitter_misc":{"Gesch\u00e4tzte Lesezeit":"1\u00a0Minute"},"schema":{"@context":"https:\/\/schema.org","@graph":[{"@type":"WebPage","@id":"https:\/\/decofoodshop.nl\/product\/namaak-kippenpoot-gril\/","url":"https:\/\/decofoodshop.nl\/product\/namaak-kippenpoot-gril\/","name":"Fake Chicken Leg Grill \u2013 erh\u00e4ltlich bei Decofoodshop","isPartOf":{"@id":"https:\/\/decofoodshop.nl\/#website"},"primaryImageOfPage":{"@id":"https:\/\/decofoodshop.nl\/product\/namaak-kippenpoot-gril\/#primaryimage"},"image":{"@id":"https:\/\/decofoodshop.nl\/product\/namaak-kippenpoot-gril\/#primaryimage"},"thumbnailUrl":"https:\/\/decofoodshop.nl\/wp-content\/uploads\/2020\/01\/IMG_8077-kopie.jpg","datePublished":"2020-01-22T10:57:16+00:00","dateModified":"2026-03-02T12:38:22+00:00","description":"Dieser sch\u00f6ne gef\u00e4lschte H\u00e4hnchenschenkelgrill von hoher Qualit\u00e4t. Nicht zerbrechlich und \u00e4u\u00dferst dekorativ. Decofood verkauft alle Arten von gef\u00e4lschtem Fleisch.","breadcrumb":{"@id":"https:\/\/decofoodshop.nl\/product\/namaak-kippenpoot-gril\/#breadcrumb"},"inLanguage":"de","potentialAction":[{"@type":"ReadAction","target":["https:\/\/decofoodshop.nl\/product\/namaak-kippenpoot-gril\/"]}]},{"@type":"ImageObject","inLanguage":"de","@id":"https:\/\/decofoodshop.nl\/product\/namaak-kippenpoot-gril\/#primaryimage","url":"https:\/\/decofoodshop.nl\/wp-content\/uploads\/2020\/01\/IMG_8077-kopie.jpg","contentUrl":"https:\/\/decofoodshop.nl\/wp-content\/uploads\/2020\/01\/IMG_8077-kopie.jpg","width":549,"height":551,"caption":"Namaak Kippenpoot Gril"},{"@type":"BreadcrumbList","@id":"https:\/\/decofoodshop.nl\/product\/namaak-kippenpoot-gril\/#breadcrumb","itemListElement":[{"@type":"ListItem","position":1,"name":"Home","item":"https:\/\/decofoodshop.nl\/"},{"@type":"ListItem","position":2,"name":"Winkel","item":"https:\/\/decofoodshop.nl\/winkel\/"},{"@type":"ListItem","position":3,"name":"Namaak Kippenpoot Gril"}]},{"@type":"WebSite","@id":"https:\/\/decofoodshop.nl\/#website","url":"https:\/\/decofoodshop.nl\/","name":"Dekofoodshop","description":"","potentialAction":[{"@type":"SearchAction","target":{"@type":"EntryPoint","urlTemplate":"https:\/\/decofoodshop.nl\/?s={search_term_string}"},"query-input":{"@type":"PropertyValueSpecification","valueRequired":true,"valueName":"search_term_string"}}],"inLanguage":"de"}]}},"_links":{"self":[{"href":"https:\/\/decofoodshop.nl\/de\/wp-json\/wp\/v2\/product\/2084","targetHints":{"allow":["GET"]}}],"collection":[{"href":"https:\/\/decofoodshop.nl\/de\/wp-json\/wp\/v2\/product"}],"about":[{"href":"https:\/\/decofoodshop.nl\/de\/wp-json\/wp\/v2\/types\/product"}],"wp:featuredmedia":[{"embeddable":true,"href":"https:\/\/decofoodshop.nl\/de\/wp-json\/wp\/v2\/media\/2085"}],"wp:attachment":[{"href":"https:\/\/decofoodshop.nl\/de\/wp-json\/wp\/v2\/media?parent=2084"}],"wp:term":[{"taxonomy":"product_brand","embeddable":true,"href":"https:\/\/decofoodshop.nl\/de\/wp-json\/wp\/v2\/product_brand?post=2084"},{"taxonomy":"product_cat","embeddable":true,"href":"https:\/\/decofoodshop.nl\/de\/wp-json\/wp\/v2\/product_cat?post=2084"},{"taxonomy":"product_tag","embeddable":true,"href":"https:\/\/decofoodshop.nl\/de\/wp-json\/wp\/v2\/product_tag?post=2084"}],"curies":[{"name":"wp","href":"https:\/\/api.w.org\/{rel}","templated":true}]}}