{"id":2088,"date":"2020-01-22T11:10:35","date_gmt":"2020-01-22T11:10:35","guid":{"rendered":"https:\/\/decofoodshop.nl\/?post_type=product&#038;p=2088"},"modified":"2026-03-25T10:33:07","modified_gmt":"2026-03-25T09:33:07","slug":"gefalschte-hahnchenflugel-gebraten","status":"publish","type":"product","link":"https:\/\/decofoodshop.nl\/de\/product\/namaak-kippenvleugel-gefrituurd\/","title":{"rendered":"Gef\u00e4lschte H\u00e4hnchenfl\u00fcgel frittiert"},"content":{"rendered":"<p>Das ist unser wundersch\u00f6ner frittierter H\u00e4hnchenfl\u00fcgel.<\/p>\n<p>Es hat eine knusprige Au\u00dfenschicht und ist unten flach, sodass es leicht abzulegen ist.<\/p>\n<p>Durch das knusprige \u00c4u\u00dfere f\u00fchlt sich der k\u00fcnstliche Chicken Wing auch echt an.<\/p>\n<p>Mit seiner goldgelben Farbe sieht es sehr realistisch aus.<\/p>\n<p>Dieser gef\u00e4lschte H\u00fchnerfl\u00fcgel ist nicht zerbrechlich.<\/p>\n<p>F\u00fcr fertige Pakete klicken<strong><span style=\"color: #008000;\">\u00a0<a style=\"color: #008000;\" href=\"https:\/\/decofoodshop.nl\/de\/produktkategorie-2\/pakete\/\">&#039;Hier&#039;<\/a>.<\/span><\/strong><\/p>","protected":false},"excerpt":{"rendered":"<p>Dit is onze mooie namaak kippenvleugel gefrituurd. Hij heeft een krokante buiten laag en is aan de onderzijde plat zodat hij makkelijk neer te leggen is. Door de krokante buitenkant voelt de kunst kippenvleugel ook echt aan. Met zijn goud gele kleur oogt hij heel realistisch. Deze nep kippenvleugel is niet breekbaar. Voor kant en [&hellip;]<\/p>\n","protected":false},"featured_media":2089,"template":"","meta":{"_acf_changed":false,"_genesis_hide_title":false,"_genesis_hide_breadcrumbs":false,"_genesis_hide_singular_image":false,"_genesis_hide_footer_widgets":false,"_genesis_custom_body_class":"","_genesis_custom_post_class":"","_genesis_layout":""},"product_brand":[],"product_cat":[50],"product_tag":[],"class_list":{"0":"post-2088","1":"product","2":"type-product","3":"status-publish","4":"has-post-thumbnail","6":"product_cat-namaak-vis-en-vlees","7":"entry","8":"wpx-has-gallery","10":"first","11":"instock","12":"taxable","13":"shipping-taxable","14":"purchasable","15":"product-type-simple"},"acf":[],"yoast_head":"<!-- This site is optimized with the Yoast SEO Premium plugin v27.3 (Yoast SEO v27.4) - https:\/\/yoast.com\/product\/yoast-seo-premium-wordpress\/ -->\n<title>Namaak Kippenvleugel Gefrituurd - Decofoodshop<\/title>\n<meta name=\"description\" content=\"Mooie namaak kippenvleugel gefrituurd van hoge kwaliteit. Voelt net echt aan. Decofood verkoopt ook nep kippenpoten en nep bbq vlees.\" \/>\n<meta name=\"robots\" content=\"index, follow, max-snippet:-1, max-image-preview:large, max-video-preview:-1\" \/>\n<link rel=\"canonical\" href=\"https:\/\/decofoodshop.nl\/de\/produkt\/gefalschte-hahnchenflugel-gebraten\/\" \/>\n<meta property=\"og:locale\" content=\"de_DE\" \/>\n<meta property=\"og:type\" content=\"article\" \/>\n<meta property=\"og:title\" content=\"Namaak Kippenvleugel Gefrituurd\" \/>\n<meta property=\"og:description\" content=\"Mooie namaak kippenvleugel gefrituurd van hoge kwaliteit. Voelt net echt aan. Decofood verkoopt ook nep kippenpoten en nep bbq vlees.\" \/>\n<meta property=\"og:url\" content=\"https:\/\/decofoodshop.nl\/de\/produkt\/gefalschte-hahnchenflugel-gebraten\/\" \/>\n<meta property=\"og:site_name\" content=\"Decofoodshop\" \/>\n<meta property=\"article:modified_time\" content=\"2026-03-25T09:33:07+00:00\" \/>\n<meta property=\"og:image\" content=\"https:\/\/decofoodshop.nl\/wp-content\/uploads\/2020\/01\/IMG_8069.jpg\" \/>\n\t<meta property=\"og:image:width\" content=\"918\" \/>\n\t<meta property=\"og:image:height\" content=\"922\" \/>\n\t<meta property=\"og:image:type\" content=\"image\/jpeg\" \/>\n<meta name=\"twitter:card\" content=\"summary_large_image\" \/>\n<meta name=\"twitter:label1\" content=\"Gesch\u00e4tzte Lesezeit\" \/>\n\t<meta name=\"twitter:data1\" content=\"1\u00a0Minute\" \/>\n<script type=\"application\/ld+json\" class=\"yoast-schema-graph\">{\"@context\":\"https:\\\/\\\/schema.org\",\"@graph\":[{\"@type\":\"WebPage\",\"@id\":\"https:\\\/\\\/decofoodshop.nl\\\/product\\\/namaak-kippenvleugel-gefrituurd\\\/\",\"url\":\"https:\\\/\\\/decofoodshop.nl\\\/product\\\/namaak-kippenvleugel-gefrituurd\\\/\",\"name\":\"Namaak Kippenvleugel Gefrituurd - Decofoodshop\",\"isPartOf\":{\"@id\":\"https:\\\/\\\/decofoodshop.nl\\\/#website\"},\"primaryImageOfPage\":{\"@id\":\"https:\\\/\\\/decofoodshop.nl\\\/product\\\/namaak-kippenvleugel-gefrituurd\\\/#primaryimage\"},\"image\":{\"@id\":\"https:\\\/\\\/decofoodshop.nl\\\/product\\\/namaak-kippenvleugel-gefrituurd\\\/#primaryimage\"},\"thumbnailUrl\":\"https:\\\/\\\/decofoodshop.nl\\\/wp-content\\\/uploads\\\/2020\\\/01\\\/IMG_8069.jpg\",\"datePublished\":\"2020-01-22T11:10:35+00:00\",\"dateModified\":\"2026-03-25T09:33:07+00:00\",\"description\":\"Mooie namaak kippenvleugel gefrituurd van hoge kwaliteit. Voelt net echt aan. Decofood verkoopt ook nep kippenpoten en nep bbq vlees.\",\"breadcrumb\":{\"@id\":\"https:\\\/\\\/decofoodshop.nl\\\/product\\\/namaak-kippenvleugel-gefrituurd\\\/#breadcrumb\"},\"inLanguage\":\"de\",\"potentialAction\":[{\"@type\":\"ReadAction\",\"target\":[\"https:\\\/\\\/decofoodshop.nl\\\/product\\\/namaak-kippenvleugel-gefrituurd\\\/\"]}]},{\"@type\":\"ImageObject\",\"inLanguage\":\"de\",\"@id\":\"https:\\\/\\\/decofoodshop.nl\\\/product\\\/namaak-kippenvleugel-gefrituurd\\\/#primaryimage\",\"url\":\"https:\\\/\\\/decofoodshop.nl\\\/wp-content\\\/uploads\\\/2020\\\/01\\\/IMG_8069.jpg\",\"contentUrl\":\"https:\\\/\\\/decofoodshop.nl\\\/wp-content\\\/uploads\\\/2020\\\/01\\\/IMG_8069.jpg\",\"width\":918,\"height\":922,\"caption\":\"Namaak Kippenvleugel Gefrituurd\"},{\"@type\":\"BreadcrumbList\",\"@id\":\"https:\\\/\\\/decofoodshop.nl\\\/product\\\/namaak-kippenvleugel-gefrituurd\\\/#breadcrumb\",\"itemListElement\":[{\"@type\":\"ListItem\",\"position\":1,\"name\":\"Home\",\"item\":\"https:\\\/\\\/decofoodshop.nl\\\/\"},{\"@type\":\"ListItem\",\"position\":2,\"name\":\"Winkel\",\"item\":\"https:\\\/\\\/decofoodshop.nl\\\/winkel\\\/\"},{\"@type\":\"ListItem\",\"position\":3,\"name\":\"Namaak Kippenvleugel Gefrituurd\"}]},{\"@type\":\"WebSite\",\"@id\":\"https:\\\/\\\/decofoodshop.nl\\\/#website\",\"url\":\"https:\\\/\\\/decofoodshop.nl\\\/\",\"name\":\"Decofoodshop\",\"description\":\"\",\"potentialAction\":[{\"@type\":\"SearchAction\",\"target\":{\"@type\":\"EntryPoint\",\"urlTemplate\":\"https:\\\/\\\/decofoodshop.nl\\\/?s={search_term_string}\"},\"query-input\":{\"@type\":\"PropertyValueSpecification\",\"valueRequired\":true,\"valueName\":\"search_term_string\"}}],\"inLanguage\":\"de\"}]}<\/script>\n<!-- \/ Yoast SEO Premium plugin. -->","yoast_head_json":{"title":"Fake Chicken Wing frittiert - Decofoodshop","description":"Mooie namaak kippenvleugel gefrituurd van hoge kwaliteit. Voelt net echt aan. Decofood verkoopt ook nep kippenpoten en nep bbq vlees.","robots":{"index":"index","follow":"follow","max-snippet":"max-snippet:-1","max-image-preview":"max-image-preview:large","max-video-preview":"max-video-preview:-1"},"canonical":"https:\/\/decofoodshop.nl\/de\/produkt\/gefalschte-hahnchenflugel-gebraten\/","og_locale":"de_DE","og_type":"article","og_title":"Namaak Kippenvleugel Gefrituurd","og_description":"Mooie namaak kippenvleugel gefrituurd van hoge kwaliteit. Voelt net echt aan. Decofood verkoopt ook nep kippenpoten en nep bbq vlees.","og_url":"https:\/\/decofoodshop.nl\/de\/produkt\/gefalschte-hahnchenflugel-gebraten\/","og_site_name":"Decofoodshop","article_modified_time":"2026-03-25T09:33:07+00:00","og_image":[{"width":918,"height":922,"url":"https:\/\/decofoodshop.nl\/wp-content\/uploads\/2020\/01\/IMG_8069.jpg","type":"image\/jpeg"}],"twitter_card":"summary_large_image","twitter_misc":{"Gesch\u00e4tzte Lesezeit":"1\u00a0Minute"},"schema":{"@context":"https:\/\/schema.org","@graph":[{"@type":"WebPage","@id":"https:\/\/decofoodshop.nl\/product\/namaak-kippenvleugel-gefrituurd\/","url":"https:\/\/decofoodshop.nl\/product\/namaak-kippenvleugel-gefrituurd\/","name":"Fake Chicken Wing frittiert - Decofoodshop","isPartOf":{"@id":"https:\/\/decofoodshop.nl\/#website"},"primaryImageOfPage":{"@id":"https:\/\/decofoodshop.nl\/product\/namaak-kippenvleugel-gefrituurd\/#primaryimage"},"image":{"@id":"https:\/\/decofoodshop.nl\/product\/namaak-kippenvleugel-gefrituurd\/#primaryimage"},"thumbnailUrl":"https:\/\/decofoodshop.nl\/wp-content\/uploads\/2020\/01\/IMG_8069.jpg","datePublished":"2020-01-22T11:10:35+00:00","dateModified":"2026-03-25T09:33:07+00:00","description":"Mooie namaak kippenvleugel gefrituurd van hoge kwaliteit. Voelt net echt aan. Decofood verkoopt ook nep kippenpoten en nep bbq vlees.","breadcrumb":{"@id":"https:\/\/decofoodshop.nl\/product\/namaak-kippenvleugel-gefrituurd\/#breadcrumb"},"inLanguage":"de","potentialAction":[{"@type":"ReadAction","target":["https:\/\/decofoodshop.nl\/product\/namaak-kippenvleugel-gefrituurd\/"]}]},{"@type":"ImageObject","inLanguage":"de","@id":"https:\/\/decofoodshop.nl\/product\/namaak-kippenvleugel-gefrituurd\/#primaryimage","url":"https:\/\/decofoodshop.nl\/wp-content\/uploads\/2020\/01\/IMG_8069.jpg","contentUrl":"https:\/\/decofoodshop.nl\/wp-content\/uploads\/2020\/01\/IMG_8069.jpg","width":918,"height":922,"caption":"Namaak Kippenvleugel Gefrituurd"},{"@type":"BreadcrumbList","@id":"https:\/\/decofoodshop.nl\/product\/namaak-kippenvleugel-gefrituurd\/#breadcrumb","itemListElement":[{"@type":"ListItem","position":1,"name":"Home","item":"https:\/\/decofoodshop.nl\/"},{"@type":"ListItem","position":2,"name":"Winkel","item":"https:\/\/decofoodshop.nl\/winkel\/"},{"@type":"ListItem","position":3,"name":"Namaak Kippenvleugel Gefrituurd"}]},{"@type":"WebSite","@id":"https:\/\/decofoodshop.nl\/#website","url":"https:\/\/decofoodshop.nl\/","name":"Dekofoodshop","description":"","potentialAction":[{"@type":"SearchAction","target":{"@type":"EntryPoint","urlTemplate":"https:\/\/decofoodshop.nl\/?s={search_term_string}"},"query-input":{"@type":"PropertyValueSpecification","valueRequired":true,"valueName":"search_term_string"}}],"inLanguage":"de"}]}},"_links":{"self":[{"href":"https:\/\/decofoodshop.nl\/de\/wp-json\/wp\/v2\/product\/2088","targetHints":{"allow":["GET"]}}],"collection":[{"href":"https:\/\/decofoodshop.nl\/de\/wp-json\/wp\/v2\/product"}],"about":[{"href":"https:\/\/decofoodshop.nl\/de\/wp-json\/wp\/v2\/types\/product"}],"wp:featuredmedia":[{"embeddable":true,"href":"https:\/\/decofoodshop.nl\/de\/wp-json\/wp\/v2\/media\/2089"}],"wp:attachment":[{"href":"https:\/\/decofoodshop.nl\/de\/wp-json\/wp\/v2\/media?parent=2088"}],"wp:term":[{"taxonomy":"product_brand","embeddable":true,"href":"https:\/\/decofoodshop.nl\/de\/wp-json\/wp\/v2\/product_brand?post=2088"},{"taxonomy":"product_cat","embeddable":true,"href":"https:\/\/decofoodshop.nl\/de\/wp-json\/wp\/v2\/product_cat?post=2088"},{"taxonomy":"product_tag","embeddable":true,"href":"https:\/\/decofoodshop.nl\/de\/wp-json\/wp\/v2\/product_tag?post=2088"}],"curies":[{"name":"wp","href":"https:\/\/api.w.org\/{rel}","templated":true}]}}