{"id":2123,"date":"2020-02-03T13:08:57","date_gmt":"2020-02-03T12:08:57","guid":{"rendered":"https:\/\/decofoodshop.nl\/?post_type=product&#038;p=2123"},"modified":"2026-04-14T22:01:14","modified_gmt":"2026-04-14T20:01:14","slug":"green-fake-chili-pfeffer-schnur","status":"publish","type":"product","link":"https:\/\/decofoodshop.nl\/de\/product\/groene-namaak-spaanse-peper-streng\/","title":{"rendered":"Gr\u00fcner gef\u00e4lschter Chili Spike"},"content":{"rendered":"<p>Nat\u00fcrlicher gr\u00fcner gef\u00e4lschter Chilistrang.<\/p>\n<p>Die k\u00fcnstlichen Paprikaschoten werden mit 6 x 3 pro B\u00fcndel an das Seil gebunden.<\/p>\n<p>Die gef\u00e4lschten Paprikaschoten sind nat\u00fcrlich und nicht zerbrechlich.<\/p>\n<p>Die Farbe ist die gleiche wie bei echten gr\u00fcnen Paprikas.<\/p>\n<p>Die Gesamtl\u00e4nge betr\u00e4gt 50 cm.<\/p>\n<p>Der Deko Pfefferstrang l\u00e4sst sich einfach aufh\u00e4ngen.<\/p>\n<p>Sie k\u00f6nnen sich auch unser Angebot ansehen<strong><span style=\"color: #008000;\">\u00a0 <a style=\"color: #008000;\" href=\"https:\/\/decofoodshop.nl\/de\/produktkategorie-2\/kunstliches-gemuse\/\">\u201eK\u00fcnstliches Gem\u00fcse\u201c<\/a>.<\/span><\/strong><\/p>","protected":false},"excerpt":{"rendered":"<p>Natuurlijke groene namaak Spaanse peper streng. De kunst pepertjes zitten met 6 x 3 per bosje vast geknoopt aan het touw. De namaak pepers zijn natuurgetrouw en niet breekbaar. De kleur is hetzelfde als van echte groene pepers. De totale lengte bedraag 50cm. De decoratie peperstreng is makkelijk op te hangen. U kunt ook even [&hellip;]<\/p>\n","protected":false},"featured_media":2124,"template":"","meta":{"_acf_changed":false,"_genesis_hide_title":false,"_genesis_hide_breadcrumbs":false,"_genesis_hide_singular_image":false,"_genesis_hide_footer_widgets":false,"_genesis_custom_body_class":"","_genesis_custom_post_class":"","_genesis_layout":""},"product_brand":[],"product_cat":[48,51],"product_tag":[],"class_list":{"0":"post-2123","1":"product","2":"type-product","3":"status-publish","4":"has-post-thumbnail","6":"product_cat-kunstgroenten","7":"product_cat-overige","8":"entry","9":"wpx-has-gallery","11":"first","12":"instock","13":"taxable","14":"shipping-taxable","15":"purchasable","16":"product-type-simple"},"acf":[],"yoast_head":"<!-- This site is optimized with the Yoast SEO Premium plugin v27.3 (Yoast SEO v27.4) - https:\/\/yoast.com\/product\/yoast-seo-premium-wordpress\/ -->\n<title>Groene Namaak Spaanse Peper Streng - Verkrijgbaar Bij Decofoodshop<\/title>\n<meta name=\"description\" content=\"Groene namaak spaanse peper streng. Ook verkrijgbaar met rode namaak pepers. Makkelijk op te hangen en uiters decoratief. Bij Decofoodshop.nl\" \/>\n<meta name=\"robots\" content=\"index, follow, max-snippet:-1, max-image-preview:large, max-video-preview:-1\" \/>\n<link rel=\"canonical\" href=\"https:\/\/decofoodshop.nl\/de\/produkt\/green-fake-chili-pfeffer-schnur\/\" \/>\n<meta property=\"og:locale\" content=\"de_DE\" \/>\n<meta property=\"og:type\" content=\"article\" \/>\n<meta property=\"og:title\" content=\"Groene Namaak Spaanse Peper Streng\" \/>\n<meta property=\"og:description\" content=\"Groene namaak spaanse peper streng. Ook verkrijgbaar met rode namaak pepers. Makkelijk op te hangen en uiters decoratief. Bij Decofoodshop.nl\" \/>\n<meta property=\"og:url\" content=\"https:\/\/decofoodshop.nl\/de\/produkt\/green-fake-chili-pfeffer-schnur\/\" \/>\n<meta property=\"og:site_name\" content=\"Decofoodshop\" \/>\n<meta property=\"article:modified_time\" content=\"2026-04-14T20:01:14+00:00\" \/>\n<meta property=\"og:image\" content=\"https:\/\/decofoodshop.nl\/wp-content\/uploads\/2020\/01\/Groene-Namaak-Spaanse-Pepers-50cm.jpg\" \/>\n\t<meta property=\"og:image:width\" content=\"1206\" \/>\n\t<meta property=\"og:image:height\" content=\"1202\" \/>\n\t<meta property=\"og:image:type\" content=\"image\/jpeg\" \/>\n<meta name=\"twitter:card\" content=\"summary_large_image\" \/>\n<meta name=\"twitter:label1\" content=\"Gesch\u00e4tzte Lesezeit\" \/>\n\t<meta name=\"twitter:data1\" content=\"1\u00a0Minute\" \/>\n<script type=\"application\/ld+json\" class=\"yoast-schema-graph\">{\"@context\":\"https:\\\/\\\/schema.org\",\"@graph\":[{\"@type\":\"WebPage\",\"@id\":\"https:\\\/\\\/decofoodshop.nl\\\/product\\\/groene-namaak-spaanse-peper-streng\\\/\",\"url\":\"https:\\\/\\\/decofoodshop.nl\\\/product\\\/groene-namaak-spaanse-peper-streng\\\/\",\"name\":\"Groene Namaak Spaanse Peper Streng - Verkrijgbaar Bij Decofoodshop\",\"isPartOf\":{\"@id\":\"https:\\\/\\\/decofoodshop.nl\\\/#website\"},\"primaryImageOfPage\":{\"@id\":\"https:\\\/\\\/decofoodshop.nl\\\/product\\\/groene-namaak-spaanse-peper-streng\\\/#primaryimage\"},\"image\":{\"@id\":\"https:\\\/\\\/decofoodshop.nl\\\/product\\\/groene-namaak-spaanse-peper-streng\\\/#primaryimage\"},\"thumbnailUrl\":\"https:\\\/\\\/decofoodshop.nl\\\/wp-content\\\/uploads\\\/2020\\\/01\\\/Groene-Namaak-Spaanse-Pepers-50cm.jpg\",\"datePublished\":\"2020-02-03T12:08:57+00:00\",\"dateModified\":\"2026-04-14T20:01:14+00:00\",\"description\":\"Groene namaak spaanse peper streng. Ook verkrijgbaar met rode namaak pepers. Makkelijk op te hangen en uiters decoratief. Bij Decofoodshop.nl\",\"breadcrumb\":{\"@id\":\"https:\\\/\\\/decofoodshop.nl\\\/product\\\/groene-namaak-spaanse-peper-streng\\\/#breadcrumb\"},\"inLanguage\":\"de\",\"potentialAction\":[{\"@type\":\"ReadAction\",\"target\":[\"https:\\\/\\\/decofoodshop.nl\\\/product\\\/groene-namaak-spaanse-peper-streng\\\/\"]}]},{\"@type\":\"ImageObject\",\"inLanguage\":\"de\",\"@id\":\"https:\\\/\\\/decofoodshop.nl\\\/product\\\/groene-namaak-spaanse-peper-streng\\\/#primaryimage\",\"url\":\"https:\\\/\\\/decofoodshop.nl\\\/wp-content\\\/uploads\\\/2020\\\/01\\\/Groene-Namaak-Spaanse-Pepers-50cm.jpg\",\"contentUrl\":\"https:\\\/\\\/decofoodshop.nl\\\/wp-content\\\/uploads\\\/2020\\\/01\\\/Groene-Namaak-Spaanse-Pepers-50cm.jpg\",\"width\":1206,\"height\":1202,\"caption\":\"Groene Namaak Spaanse Pepet Streng\"},{\"@type\":\"BreadcrumbList\",\"@id\":\"https:\\\/\\\/decofoodshop.nl\\\/product\\\/groene-namaak-spaanse-peper-streng\\\/#breadcrumb\",\"itemListElement\":[{\"@type\":\"ListItem\",\"position\":1,\"name\":\"Home\",\"item\":\"https:\\\/\\\/decofoodshop.nl\\\/\"},{\"@type\":\"ListItem\",\"position\":2,\"name\":\"Winkel\",\"item\":\"https:\\\/\\\/decofoodshop.nl\\\/winkel\\\/\"},{\"@type\":\"ListItem\",\"position\":3,\"name\":\"Groene Namaak Spaanse Peper Streng\"}]},{\"@type\":\"WebSite\",\"@id\":\"https:\\\/\\\/decofoodshop.nl\\\/#website\",\"url\":\"https:\\\/\\\/decofoodshop.nl\\\/\",\"name\":\"Decofoodshop\",\"description\":\"\",\"potentialAction\":[{\"@type\":\"SearchAction\",\"target\":{\"@type\":\"EntryPoint\",\"urlTemplate\":\"https:\\\/\\\/decofoodshop.nl\\\/?s={search_term_string}\"},\"query-input\":{\"@type\":\"PropertyValueSpecification\",\"valueRequired\":true,\"valueName\":\"search_term_string\"}}],\"inLanguage\":\"de\"}]}<\/script>\n<!-- \/ Yoast SEO Premium plugin. -->","yoast_head_json":{"title":"Gr\u00fcner gef\u00e4lschter Chili-Pfeffer-Strang - Erh\u00e4ltlich bei Decofoodshop","description":"Gr\u00fcner Chili-Imitat-Strang. Auch mit rotem Paprikaimitat erh\u00e4ltlich. Einfach aufzuh\u00e4ngen und sehr dekorativ. Bei Decofoodshop.nl","robots":{"index":"index","follow":"follow","max-snippet":"max-snippet:-1","max-image-preview":"max-image-preview:large","max-video-preview":"max-video-preview:-1"},"canonical":"https:\/\/decofoodshop.nl\/de\/produkt\/green-fake-chili-pfeffer-schnur\/","og_locale":"de_DE","og_type":"article","og_title":"Groene Namaak Spaanse Peper Streng","og_description":"Groene namaak spaanse peper streng. Ook verkrijgbaar met rode namaak pepers. Makkelijk op te hangen en uiters decoratief. Bij Decofoodshop.nl","og_url":"https:\/\/decofoodshop.nl\/de\/produkt\/green-fake-chili-pfeffer-schnur\/","og_site_name":"Decofoodshop","article_modified_time":"2026-04-14T20:01:14+00:00","og_image":[{"width":1206,"height":1202,"url":"https:\/\/decofoodshop.nl\/wp-content\/uploads\/2020\/01\/Groene-Namaak-Spaanse-Pepers-50cm.jpg","type":"image\/jpeg"}],"twitter_card":"summary_large_image","twitter_misc":{"Gesch\u00e4tzte Lesezeit":"1\u00a0Minute"},"schema":{"@context":"https:\/\/schema.org","@graph":[{"@type":"WebPage","@id":"https:\/\/decofoodshop.nl\/product\/groene-namaak-spaanse-peper-streng\/","url":"https:\/\/decofoodshop.nl\/product\/groene-namaak-spaanse-peper-streng\/","name":"Gr\u00fcner gef\u00e4lschter Chili-Pfeffer-Strang - Erh\u00e4ltlich bei Decofoodshop","isPartOf":{"@id":"https:\/\/decofoodshop.nl\/#website"},"primaryImageOfPage":{"@id":"https:\/\/decofoodshop.nl\/product\/groene-namaak-spaanse-peper-streng\/#primaryimage"},"image":{"@id":"https:\/\/decofoodshop.nl\/product\/groene-namaak-spaanse-peper-streng\/#primaryimage"},"thumbnailUrl":"https:\/\/decofoodshop.nl\/wp-content\/uploads\/2020\/01\/Groene-Namaak-Spaanse-Pepers-50cm.jpg","datePublished":"2020-02-03T12:08:57+00:00","dateModified":"2026-04-14T20:01:14+00:00","description":"Gr\u00fcner Chili-Imitat-Strang. Auch mit rotem Paprikaimitat erh\u00e4ltlich. Einfach aufzuh\u00e4ngen und sehr dekorativ. Bei Decofoodshop.nl","breadcrumb":{"@id":"https:\/\/decofoodshop.nl\/product\/groene-namaak-spaanse-peper-streng\/#breadcrumb"},"inLanguage":"de","potentialAction":[{"@type":"ReadAction","target":["https:\/\/decofoodshop.nl\/product\/groene-namaak-spaanse-peper-streng\/"]}]},{"@type":"ImageObject","inLanguage":"de","@id":"https:\/\/decofoodshop.nl\/product\/groene-namaak-spaanse-peper-streng\/#primaryimage","url":"https:\/\/decofoodshop.nl\/wp-content\/uploads\/2020\/01\/Groene-Namaak-Spaanse-Pepers-50cm.jpg","contentUrl":"https:\/\/decofoodshop.nl\/wp-content\/uploads\/2020\/01\/Groene-Namaak-Spaanse-Pepers-50cm.jpg","width":1206,"height":1202,"caption":"Groene Namaak Spaanse Pepet Streng"},{"@type":"BreadcrumbList","@id":"https:\/\/decofoodshop.nl\/product\/groene-namaak-spaanse-peper-streng\/#breadcrumb","itemListElement":[{"@type":"ListItem","position":1,"name":"Home","item":"https:\/\/decofoodshop.nl\/"},{"@type":"ListItem","position":2,"name":"Winkel","item":"https:\/\/decofoodshop.nl\/winkel\/"},{"@type":"ListItem","position":3,"name":"Groene Namaak Spaanse Peper Streng"}]},{"@type":"WebSite","@id":"https:\/\/decofoodshop.nl\/#website","url":"https:\/\/decofoodshop.nl\/","name":"Dekofoodshop","description":"","potentialAction":[{"@type":"SearchAction","target":{"@type":"EntryPoint","urlTemplate":"https:\/\/decofoodshop.nl\/?s={search_term_string}"},"query-input":{"@type":"PropertyValueSpecification","valueRequired":true,"valueName":"search_term_string"}}],"inLanguage":"de"}]}},"_links":{"self":[{"href":"https:\/\/decofoodshop.nl\/de\/wp-json\/wp\/v2\/product\/2123","targetHints":{"allow":["GET"]}}],"collection":[{"href":"https:\/\/decofoodshop.nl\/de\/wp-json\/wp\/v2\/product"}],"about":[{"href":"https:\/\/decofoodshop.nl\/de\/wp-json\/wp\/v2\/types\/product"}],"wp:featuredmedia":[{"embeddable":true,"href":"https:\/\/decofoodshop.nl\/de\/wp-json\/wp\/v2\/media\/2124"}],"wp:attachment":[{"href":"https:\/\/decofoodshop.nl\/de\/wp-json\/wp\/v2\/media?parent=2123"}],"wp:term":[{"taxonomy":"product_brand","embeddable":true,"href":"https:\/\/decofoodshop.nl\/de\/wp-json\/wp\/v2\/product_brand?post=2123"},{"taxonomy":"product_cat","embeddable":true,"href":"https:\/\/decofoodshop.nl\/de\/wp-json\/wp\/v2\/product_cat?post=2123"},{"taxonomy":"product_tag","embeddable":true,"href":"https:\/\/decofoodshop.nl\/de\/wp-json\/wp\/v2\/product_tag?post=2123"}],"curies":[{"name":"wp","href":"https:\/\/api.w.org\/{rel}","templated":true}]}}