{"id":2138,"date":"2020-02-06T10:58:05","date_gmt":"2020-02-06T10:58:05","guid":{"rendered":"https:\/\/decofoodshop.nl\/?post_type=product&#038;p=2138"},"modified":"2026-04-06T10:06:43","modified_gmt":"2026-04-06T08:06:43","slug":"10er-set-falsche-walnusse","status":"publish","type":"product","link":"https:\/\/decofoodshop.nl\/de\/product\/set-van-10-namaak-walnoten\/","title":{"rendered":"Set mit 10 k\u00fcnstlichen Waln\u00fcssen"},"content":{"rendered":"<p>Dies ist ein sch\u00f6nes Set aus 10 gef\u00e4lschten Waln\u00fcssen.<\/p>\n<p>Die k\u00fcnstlichen Waln\u00fcsse haben eine raue Oberfl\u00e4che mit der Textur einer echten Walnuss.<\/p>\n<p>Sie sind leicht und nicht zerbrechlich.<\/p>\n<p>Auch die Farbe ist nat\u00fcrlich und sehr detailliert mit vielen verschiedenen Braunt\u00f6nen.<\/p>\n<p>Nicht vom Original zu unterscheiden und daher \u00e4u\u00dferst dekorativ.<\/p>\n<p>Sehen Sie sich auch unser Angebot an:<strong><span style=\"color: #008000;\"> <a style=\"color: #008000;\" href=\"https:\/\/decofoodshop.nl\/de\/produktkategorie-2\/brotkuchen\/\">&#039;Brot&amp;Geb\u00e4ck&#039;<\/a>.<\/span><\/strong><\/p>","protected":false},"excerpt":{"rendered":"<p>Dit is een mooie set van 10 namaak walnoten. De kunst walnoten hebben een ruw oppervlak met de textuur van een echte walnoot. Ze zijn licht van gewicht en niet breekbaar. Ook de kleur is natuurlijk en enorm gedetailleerd met veel verschillende kleuren bruin. Niet van echt te onderscheiden en hierdoor uiterst decoratief inzetbaar. U [&hellip;]<\/p>\n","protected":false},"featured_media":2139,"template":"","meta":{"_acf_changed":false,"_genesis_hide_title":false,"_genesis_hide_breadcrumbs":false,"_genesis_hide_singular_image":false,"_genesis_hide_footer_widgets":false,"_genesis_custom_body_class":"","_genesis_custom_post_class":"","_genesis_layout":""},"product_brand":[],"product_cat":[51],"product_tag":[],"class_list":{"0":"post-2138","1":"product","2":"type-product","3":"status-publish","4":"has-post-thumbnail","6":"product_cat-overige","7":"entry","8":"wpx-has-gallery","10":"first","11":"instock","12":"taxable","13":"shipping-taxable","14":"purchasable","15":"product-type-simple"},"acf":[],"yoast_head":"<!-- This site is optimized with the Yoast SEO Premium plugin v27.3 (Yoast SEO v27.3) - https:\/\/yoast.com\/product\/yoast-seo-premium-wordpress\/ -->\n<title>Set Van 10 Namaak Walnoten - Verkrijgbaar Bij Decofoodshop<\/title>\n<meta name=\"description\" content=\"Deze prachtige set van 10 namaak walnoten is \u00e9\u00e9n van de vele mooie noten sets die wij bieden op onze veelzeidige webshop: Decofoodshop.\" \/>\n<meta name=\"robots\" content=\"index, follow, max-snippet:-1, max-image-preview:large, max-video-preview:-1\" \/>\n<link rel=\"canonical\" href=\"https:\/\/decofoodshop.nl\/de\/produkt\/10er-set-falsche-walnusse\/\" \/>\n<meta property=\"og:locale\" content=\"de_DE\" \/>\n<meta property=\"og:type\" content=\"article\" \/>\n<meta property=\"og:title\" content=\"Set Van 10 Namaak Walnoten\" \/>\n<meta property=\"og:description\" content=\"Deze prachtige set van 10 namaak walnoten is \u00e9\u00e9n van de vele mooie noten sets die wij bieden op onze veelzeidige webshop: Decofoodshop.\" \/>\n<meta property=\"og:url\" content=\"https:\/\/decofoodshop.nl\/de\/produkt\/10er-set-falsche-walnusse\/\" \/>\n<meta property=\"og:site_name\" content=\"Decofoodshop\" \/>\n<meta property=\"article:modified_time\" content=\"2026-04-06T08:06:43+00:00\" \/>\n<meta property=\"og:image\" content=\"https:\/\/decofoodshop.nl\/wp-content\/uploads\/2020\/02\/Set-van-10-Namaak-Walnoten-4cm.jpg\" \/>\n\t<meta property=\"og:image:width\" content=\"1656\" \/>\n\t<meta property=\"og:image:height\" content=\"1656\" \/>\n\t<meta property=\"og:image:type\" content=\"image\/jpeg\" \/>\n<meta name=\"twitter:card\" content=\"summary_large_image\" \/>\n<meta name=\"twitter:label1\" content=\"Gesch\u00e4tzte Lesezeit\" \/>\n\t<meta name=\"twitter:data1\" content=\"1\u00a0Minute\" \/>\n<script type=\"application\/ld+json\" class=\"yoast-schema-graph\">{\"@context\":\"https:\\\/\\\/schema.org\",\"@graph\":[{\"@type\":\"WebPage\",\"@id\":\"https:\\\/\\\/decofoodshop.nl\\\/product\\\/set-van-10-namaak-walnoten\\\/\",\"url\":\"https:\\\/\\\/decofoodshop.nl\\\/product\\\/set-van-10-namaak-walnoten\\\/\",\"name\":\"Set Van 10 Namaak Walnoten - Verkrijgbaar Bij Decofoodshop\",\"isPartOf\":{\"@id\":\"https:\\\/\\\/decofoodshop.nl\\\/#website\"},\"primaryImageOfPage\":{\"@id\":\"https:\\\/\\\/decofoodshop.nl\\\/product\\\/set-van-10-namaak-walnoten\\\/#primaryimage\"},\"image\":{\"@id\":\"https:\\\/\\\/decofoodshop.nl\\\/product\\\/set-van-10-namaak-walnoten\\\/#primaryimage\"},\"thumbnailUrl\":\"https:\\\/\\\/decofoodshop.nl\\\/wp-content\\\/uploads\\\/2020\\\/02\\\/Set-van-10-Namaak-Walnoten-4cm.jpg\",\"datePublished\":\"2020-02-06T10:58:05+00:00\",\"dateModified\":\"2026-04-06T08:06:43+00:00\",\"description\":\"Deze prachtige set van 10 namaak walnoten is \u00e9\u00e9n van de vele mooie noten sets die wij bieden op onze veelzeidige webshop: Decofoodshop.\",\"breadcrumb\":{\"@id\":\"https:\\\/\\\/decofoodshop.nl\\\/product\\\/set-van-10-namaak-walnoten\\\/#breadcrumb\"},\"inLanguage\":\"de\",\"potentialAction\":[{\"@type\":\"ReadAction\",\"target\":[\"https:\\\/\\\/decofoodshop.nl\\\/product\\\/set-van-10-namaak-walnoten\\\/\"]}]},{\"@type\":\"ImageObject\",\"inLanguage\":\"de\",\"@id\":\"https:\\\/\\\/decofoodshop.nl\\\/product\\\/set-van-10-namaak-walnoten\\\/#primaryimage\",\"url\":\"https:\\\/\\\/decofoodshop.nl\\\/wp-content\\\/uploads\\\/2020\\\/02\\\/Set-van-10-Namaak-Walnoten-4cm.jpg\",\"contentUrl\":\"https:\\\/\\\/decofoodshop.nl\\\/wp-content\\\/uploads\\\/2020\\\/02\\\/Set-van-10-Namaak-Walnoten-4cm.jpg\",\"width\":1656,\"height\":1656,\"caption\":\"set van 10 namaak walnoten\"},{\"@type\":\"BreadcrumbList\",\"@id\":\"https:\\\/\\\/decofoodshop.nl\\\/product\\\/set-van-10-namaak-walnoten\\\/#breadcrumb\",\"itemListElement\":[{\"@type\":\"ListItem\",\"position\":1,\"name\":\"Home\",\"item\":\"https:\\\/\\\/decofoodshop.nl\\\/\"},{\"@type\":\"ListItem\",\"position\":2,\"name\":\"Winkel\",\"item\":\"https:\\\/\\\/decofoodshop.nl\\\/winkel\\\/\"},{\"@type\":\"ListItem\",\"position\":3,\"name\":\"Set Van 10 Namaak Walnoten\"}]},{\"@type\":\"WebSite\",\"@id\":\"https:\\\/\\\/decofoodshop.nl\\\/#website\",\"url\":\"https:\\\/\\\/decofoodshop.nl\\\/\",\"name\":\"Decofoodshop\",\"description\":\"\",\"potentialAction\":[{\"@type\":\"SearchAction\",\"target\":{\"@type\":\"EntryPoint\",\"urlTemplate\":\"https:\\\/\\\/decofoodshop.nl\\\/?s={search_term_string}\"},\"query-input\":{\"@type\":\"PropertyValueSpecification\",\"valueRequired\":true,\"valueName\":\"search_term_string\"}}],\"inLanguage\":\"de\"}]}<\/script>\n<!-- \/ Yoast SEO Premium plugin. -->","yoast_head_json":{"title":"Set mit 10 gef\u00e4lschten Waln\u00fcssen \u2013 erh\u00e4ltlich bei Decofoodshop","description":"Dieses sch\u00f6ne Set aus 10 gef\u00e4lschten Waln\u00fcssen ist eines der vielen sch\u00f6nen Nusssets, die wir in unserem vielseitigen Webshop anbieten: Decofoodshop.","robots":{"index":"index","follow":"follow","max-snippet":"max-snippet:-1","max-image-preview":"max-image-preview:large","max-video-preview":"max-video-preview:-1"},"canonical":"https:\/\/decofoodshop.nl\/de\/produkt\/10er-set-falsche-walnusse\/","og_locale":"de_DE","og_type":"article","og_title":"Set Van 10 Namaak Walnoten","og_description":"Deze prachtige set van 10 namaak walnoten is \u00e9\u00e9n van de vele mooie noten sets die wij bieden op onze veelzeidige webshop: Decofoodshop.","og_url":"https:\/\/decofoodshop.nl\/de\/produkt\/10er-set-falsche-walnusse\/","og_site_name":"Decofoodshop","article_modified_time":"2026-04-06T08:06:43+00:00","og_image":[{"width":1656,"height":1656,"url":"https:\/\/decofoodshop.nl\/wp-content\/uploads\/2020\/02\/Set-van-10-Namaak-Walnoten-4cm.jpg","type":"image\/jpeg"}],"twitter_card":"summary_large_image","twitter_misc":{"Gesch\u00e4tzte Lesezeit":"1\u00a0Minute"},"schema":{"@context":"https:\/\/schema.org","@graph":[{"@type":"WebPage","@id":"https:\/\/decofoodshop.nl\/product\/set-van-10-namaak-walnoten\/","url":"https:\/\/decofoodshop.nl\/product\/set-van-10-namaak-walnoten\/","name":"Set mit 10 gef\u00e4lschten Waln\u00fcssen \u2013 erh\u00e4ltlich bei Decofoodshop","isPartOf":{"@id":"https:\/\/decofoodshop.nl\/#website"},"primaryImageOfPage":{"@id":"https:\/\/decofoodshop.nl\/product\/set-van-10-namaak-walnoten\/#primaryimage"},"image":{"@id":"https:\/\/decofoodshop.nl\/product\/set-van-10-namaak-walnoten\/#primaryimage"},"thumbnailUrl":"https:\/\/decofoodshop.nl\/wp-content\/uploads\/2020\/02\/Set-van-10-Namaak-Walnoten-4cm.jpg","datePublished":"2020-02-06T10:58:05+00:00","dateModified":"2026-04-06T08:06:43+00:00","description":"Dieses sch\u00f6ne Set aus 10 gef\u00e4lschten Waln\u00fcssen ist eines der vielen sch\u00f6nen Nusssets, die wir in unserem vielseitigen Webshop anbieten: Decofoodshop.","breadcrumb":{"@id":"https:\/\/decofoodshop.nl\/product\/set-van-10-namaak-walnoten\/#breadcrumb"},"inLanguage":"de","potentialAction":[{"@type":"ReadAction","target":["https:\/\/decofoodshop.nl\/product\/set-van-10-namaak-walnoten\/"]}]},{"@type":"ImageObject","inLanguage":"de","@id":"https:\/\/decofoodshop.nl\/product\/set-van-10-namaak-walnoten\/#primaryimage","url":"https:\/\/decofoodshop.nl\/wp-content\/uploads\/2020\/02\/Set-van-10-Namaak-Walnoten-4cm.jpg","contentUrl":"https:\/\/decofoodshop.nl\/wp-content\/uploads\/2020\/02\/Set-van-10-Namaak-Walnoten-4cm.jpg","width":1656,"height":1656,"caption":"set van 10 namaak walnoten"},{"@type":"BreadcrumbList","@id":"https:\/\/decofoodshop.nl\/product\/set-van-10-namaak-walnoten\/#breadcrumb","itemListElement":[{"@type":"ListItem","position":1,"name":"Home","item":"https:\/\/decofoodshop.nl\/"},{"@type":"ListItem","position":2,"name":"Winkel","item":"https:\/\/decofoodshop.nl\/winkel\/"},{"@type":"ListItem","position":3,"name":"Set Van 10 Namaak Walnoten"}]},{"@type":"WebSite","@id":"https:\/\/decofoodshop.nl\/#website","url":"https:\/\/decofoodshop.nl\/","name":"Dekofoodshop","description":"","potentialAction":[{"@type":"SearchAction","target":{"@type":"EntryPoint","urlTemplate":"https:\/\/decofoodshop.nl\/?s={search_term_string}"},"query-input":{"@type":"PropertyValueSpecification","valueRequired":true,"valueName":"search_term_string"}}],"inLanguage":"de"}]}},"_links":{"self":[{"href":"https:\/\/decofoodshop.nl\/de\/wp-json\/wp\/v2\/product\/2138","targetHints":{"allow":["GET"]}}],"collection":[{"href":"https:\/\/decofoodshop.nl\/de\/wp-json\/wp\/v2\/product"}],"about":[{"href":"https:\/\/decofoodshop.nl\/de\/wp-json\/wp\/v2\/types\/product"}],"wp:featuredmedia":[{"embeddable":true,"href":"https:\/\/decofoodshop.nl\/de\/wp-json\/wp\/v2\/media\/2139"}],"wp:attachment":[{"href":"https:\/\/decofoodshop.nl\/de\/wp-json\/wp\/v2\/media?parent=2138"}],"wp:term":[{"taxonomy":"product_brand","embeddable":true,"href":"https:\/\/decofoodshop.nl\/de\/wp-json\/wp\/v2\/product_brand?post=2138"},{"taxonomy":"product_cat","embeddable":true,"href":"https:\/\/decofoodshop.nl\/de\/wp-json\/wp\/v2\/product_cat?post=2138"},{"taxonomy":"product_tag","embeddable":true,"href":"https:\/\/decofoodshop.nl\/de\/wp-json\/wp\/v2\/product_tag?post=2138"}],"curies":[{"name":"wp","href":"https:\/\/api.w.org\/{rel}","templated":true}]}}