{"id":2145,"date":"2020-02-06T11:15:59","date_gmt":"2020-02-06T10:15:59","guid":{"rendered":"https:\/\/decofoodshop.nl\/?post_type=product&#038;p=2145"},"modified":"2026-03-15T23:53:56","modified_gmt":"2026-03-15T22:53:56","slug":"20er-set-gefalschte-erdnusse","status":"publish","type":"product","link":"https:\/\/decofoodshop.nl\/de\/product\/set-van-20-namaak-pindas\/","title":{"rendered":"Set mit 20 gef\u00e4lschten Erdn\u00fcssen"},"content":{"rendered":"<p>Da dieses Set aus 20 gef\u00e4lschten Erdn\u00fcssen nicht zerbrechlich ist, eignen sie sich hervorragend als Dekoration.<\/p>\n<p>Sie haben die Dellen und die pr\u00e4zise Form einer echten Erdnuss.<\/p>\n<p>Die gef\u00e4lschte Erdnuss hat auch eine sehr nat\u00fcrliche Farbe.<\/p>\n<p>Die gef\u00e4lschten Erdn\u00fcsse sind leicht.<\/p>\n<p>Klicken<strong><span style=\"color: #008000;\"> <a style=\"color: #008000;\" href=\"https:\/\/decofoodshop.nl\/de\/produktkategorie-2\/visenvlees\/\">&#039;Hier&#039;<\/a> <\/span><\/strong>f\u00fcr unser Angebot an Fisch &amp; Fleisch.<\/p>","protected":false},"excerpt":{"rendered":"<p>Da dieses Set aus 20 gef\u00e4lschten Erdn\u00fcssen nicht zerbrechlich ist, eignen sie sich hervorragend als Dekoration. Sie haben die Dellen und die pr\u00e4zise Form einer echten Erdnuss. Die gef\u00e4lschte Erdnuss hat auch eine sehr nat\u00fcrliche Farbe. Die gef\u00e4lschten Erdn\u00fcsse sind leicht. Klicken Sie &#039;hier&#039; f\u00fcr unsere Auswahl an Fisch und Fleisch.<\/p>","protected":false},"featured_media":2310,"template":"","meta":{"_acf_changed":false,"_genesis_hide_title":false,"_genesis_hide_breadcrumbs":false,"_genesis_hide_singular_image":false,"_genesis_hide_footer_widgets":false,"_genesis_custom_body_class":"","_genesis_custom_post_class":"","_genesis_layout":""},"product_brand":[],"product_cat":[51],"product_tag":[],"class_list":{"0":"post-2145","1":"product","2":"type-product","3":"status-publish","4":"has-post-thumbnail","6":"product_cat-overige","7":"entry","8":"wpx-has-gallery","10":"first","11":"instock","12":"taxable","13":"shipping-taxable","14":"purchasable","15":"product-type-simple"},"acf":[],"yoast_head":"<!-- This site is optimized with the Yoast SEO Premium plugin v27.3 (Yoast SEO v27.3) - https:\/\/yoast.com\/product\/yoast-seo-premium-wordpress\/ -->\n<title>Set Van 20 Namaak Pinda&#039;s - Verkrijgbaar Bij Decofoodshop<\/title>\n<meta name=\"description\" content=\"Deze mooie set van 20 namaak pinda&#039;s zijn uiterst decoratief inzetbaar. Wij hebben ook walnoten en andere soorten sets op Decofoodshop.\" \/>\n<meta name=\"robots\" content=\"index, follow, max-snippet:-1, max-image-preview:large, max-video-preview:-1\" \/>\n<link rel=\"canonical\" href=\"https:\/\/decofoodshop.nl\/de\/produkt\/20er-set-gefalschte-erdnusse\/\" \/>\n<meta property=\"og:locale\" content=\"de_DE\" \/>\n<meta property=\"og:type\" content=\"article\" \/>\n<meta property=\"og:title\" content=\"Set Van 20 Namaak Pinda&#039;s\" \/>\n<meta property=\"og:description\" content=\"Deze mooie set van 20 namaak pinda&#039;s zijn uiterst decoratief inzetbaar. Wij hebben ook walnoten en andere soorten sets op Decofoodshop.\" \/>\n<meta property=\"og:url\" content=\"https:\/\/decofoodshop.nl\/de\/produkt\/20er-set-gefalschte-erdnusse\/\" \/>\n<meta property=\"og:site_name\" content=\"Decofoodshop\" \/>\n<meta property=\"article:modified_time\" content=\"2026-03-15T22:53:56+00:00\" \/>\n<meta property=\"og:image\" content=\"https:\/\/decofoodshop.nl\/wp-content\/uploads\/2020\/02\/IMG_9099.jpg\" \/>\n\t<meta property=\"og:image:width\" content=\"1200\" \/>\n\t<meta property=\"og:image:height\" content=\"1200\" \/>\n\t<meta property=\"og:image:type\" content=\"image\/jpeg\" \/>\n<meta name=\"twitter:card\" content=\"summary_large_image\" \/>\n<meta name=\"twitter:label1\" content=\"Gesch\u00e4tzte Lesezeit\" \/>\n\t<meta name=\"twitter:data1\" content=\"1\u00a0Minute\" \/>\n<script type=\"application\/ld+json\" class=\"yoast-schema-graph\">{\"@context\":\"https:\\\/\\\/schema.org\",\"@graph\":[{\"@type\":\"WebPage\",\"@id\":\"https:\\\/\\\/decofoodshop.nl\\\/product\\\/set-van-20-namaak-pindas\\\/\",\"url\":\"https:\\\/\\\/decofoodshop.nl\\\/product\\\/set-van-20-namaak-pindas\\\/\",\"name\":\"Set Van 20 Namaak Pinda's - Verkrijgbaar Bij Decofoodshop\",\"isPartOf\":{\"@id\":\"https:\\\/\\\/decofoodshop.nl\\\/#website\"},\"primaryImageOfPage\":{\"@id\":\"https:\\\/\\\/decofoodshop.nl\\\/product\\\/set-van-20-namaak-pindas\\\/#primaryimage\"},\"image\":{\"@id\":\"https:\\\/\\\/decofoodshop.nl\\\/product\\\/set-van-20-namaak-pindas\\\/#primaryimage\"},\"thumbnailUrl\":\"https:\\\/\\\/decofoodshop.nl\\\/wp-content\\\/uploads\\\/2020\\\/02\\\/IMG_9099.jpg\",\"datePublished\":\"2020-02-06T10:15:59+00:00\",\"dateModified\":\"2026-03-15T22:53:56+00:00\",\"description\":\"Deze mooie set van 20 namaak pinda's zijn uiterst decoratief inzetbaar. Wij hebben ook walnoten en andere soorten sets op Decofoodshop.\",\"breadcrumb\":{\"@id\":\"https:\\\/\\\/decofoodshop.nl\\\/product\\\/set-van-20-namaak-pindas\\\/#breadcrumb\"},\"inLanguage\":\"de\",\"potentialAction\":[{\"@type\":\"ReadAction\",\"target\":[\"https:\\\/\\\/decofoodshop.nl\\\/product\\\/set-van-20-namaak-pindas\\\/\"]}]},{\"@type\":\"ImageObject\",\"inLanguage\":\"de\",\"@id\":\"https:\\\/\\\/decofoodshop.nl\\\/product\\\/set-van-20-namaak-pindas\\\/#primaryimage\",\"url\":\"https:\\\/\\\/decofoodshop.nl\\\/wp-content\\\/uploads\\\/2020\\\/02\\\/IMG_9099.jpg\",\"contentUrl\":\"https:\\\/\\\/decofoodshop.nl\\\/wp-content\\\/uploads\\\/2020\\\/02\\\/IMG_9099.jpg\",\"width\":1200,\"height\":1200,\"caption\":\"20 Namaak Pinda's Set\"},{\"@type\":\"BreadcrumbList\",\"@id\":\"https:\\\/\\\/decofoodshop.nl\\\/product\\\/set-van-20-namaak-pindas\\\/#breadcrumb\",\"itemListElement\":[{\"@type\":\"ListItem\",\"position\":1,\"name\":\"Home\",\"item\":\"https:\\\/\\\/decofoodshop.nl\\\/\"},{\"@type\":\"ListItem\",\"position\":2,\"name\":\"Winkel\",\"item\":\"https:\\\/\\\/decofoodshop.nl\\\/winkel\\\/\"},{\"@type\":\"ListItem\",\"position\":3,\"name\":\"Set Van 20 Namaak Pinda&#8217;s\"}]},{\"@type\":\"WebSite\",\"@id\":\"https:\\\/\\\/decofoodshop.nl\\\/#website\",\"url\":\"https:\\\/\\\/decofoodshop.nl\\\/\",\"name\":\"Decofoodshop\",\"description\":\"\",\"potentialAction\":[{\"@type\":\"SearchAction\",\"target\":{\"@type\":\"EntryPoint\",\"urlTemplate\":\"https:\\\/\\\/decofoodshop.nl\\\/?s={search_term_string}\"},\"query-input\":{\"@type\":\"PropertyValueSpecification\",\"valueRequired\":true,\"valueName\":\"search_term_string\"}}],\"inLanguage\":\"de\"}]}<\/script>\n<!-- \/ Yoast SEO Premium plugin. -->","yoast_head_json":{"title":"Set mit 20 gef\u00e4lschten Erdn\u00fcssen - erh\u00e4ltlich bei Decofoodshop","description":"Dieses sch\u00f6ne Set aus 20 gef\u00e4lschten Erdn\u00fcssen kann \u00e4u\u00dferst dekorativ eingesetzt werden. Wir haben auch Waln\u00fcsse und andere Arten von Sets im Decofoodshop.","robots":{"index":"index","follow":"follow","max-snippet":"max-snippet:-1","max-image-preview":"max-image-preview:large","max-video-preview":"max-video-preview:-1"},"canonical":"https:\/\/decofoodshop.nl\/de\/produkt\/20er-set-gefalschte-erdnusse\/","og_locale":"de_DE","og_type":"article","og_title":"Set Van 20 Namaak Pinda's","og_description":"Deze mooie set van 20 namaak pinda's zijn uiterst decoratief inzetbaar. Wij hebben ook walnoten en andere soorten sets op Decofoodshop.","og_url":"https:\/\/decofoodshop.nl\/de\/produkt\/20er-set-gefalschte-erdnusse\/","og_site_name":"Decofoodshop","article_modified_time":"2026-03-15T22:53:56+00:00","og_image":[{"width":1200,"height":1200,"url":"https:\/\/decofoodshop.nl\/wp-content\/uploads\/2020\/02\/IMG_9099.jpg","type":"image\/jpeg"}],"twitter_card":"summary_large_image","twitter_misc":{"Gesch\u00e4tzte Lesezeit":"1\u00a0Minute"},"schema":{"@context":"https:\/\/schema.org","@graph":[{"@type":"WebPage","@id":"https:\/\/decofoodshop.nl\/product\/set-van-20-namaak-pindas\/","url":"https:\/\/decofoodshop.nl\/product\/set-van-20-namaak-pindas\/","name":"Set mit 20 gef\u00e4lschten Erdn\u00fcssen - erh\u00e4ltlich bei Decofoodshop","isPartOf":{"@id":"https:\/\/decofoodshop.nl\/#website"},"primaryImageOfPage":{"@id":"https:\/\/decofoodshop.nl\/product\/set-van-20-namaak-pindas\/#primaryimage"},"image":{"@id":"https:\/\/decofoodshop.nl\/product\/set-van-20-namaak-pindas\/#primaryimage"},"thumbnailUrl":"https:\/\/decofoodshop.nl\/wp-content\/uploads\/2020\/02\/IMG_9099.jpg","datePublished":"2020-02-06T10:15:59+00:00","dateModified":"2026-03-15T22:53:56+00:00","description":"Dieses sch\u00f6ne Set aus 20 gef\u00e4lschten Erdn\u00fcssen kann \u00e4u\u00dferst dekorativ eingesetzt werden. Wir haben auch Waln\u00fcsse und andere Arten von Sets im Decofoodshop.","breadcrumb":{"@id":"https:\/\/decofoodshop.nl\/product\/set-van-20-namaak-pindas\/#breadcrumb"},"inLanguage":"de","potentialAction":[{"@type":"ReadAction","target":["https:\/\/decofoodshop.nl\/product\/set-van-20-namaak-pindas\/"]}]},{"@type":"ImageObject","inLanguage":"de","@id":"https:\/\/decofoodshop.nl\/product\/set-van-20-namaak-pindas\/#primaryimage","url":"https:\/\/decofoodshop.nl\/wp-content\/uploads\/2020\/02\/IMG_9099.jpg","contentUrl":"https:\/\/decofoodshop.nl\/wp-content\/uploads\/2020\/02\/IMG_9099.jpg","width":1200,"height":1200,"caption":"20 Namaak Pinda's Set"},{"@type":"BreadcrumbList","@id":"https:\/\/decofoodshop.nl\/product\/set-van-20-namaak-pindas\/#breadcrumb","itemListElement":[{"@type":"ListItem","position":1,"name":"Home","item":"https:\/\/decofoodshop.nl\/"},{"@type":"ListItem","position":2,"name":"Winkel","item":"https:\/\/decofoodshop.nl\/winkel\/"},{"@type":"ListItem","position":3,"name":"Set Van 20 Namaak Pinda&#8217;s"}]},{"@type":"WebSite","@id":"https:\/\/decofoodshop.nl\/#website","url":"https:\/\/decofoodshop.nl\/","name":"Dekofoodshop","description":"","potentialAction":[{"@type":"SearchAction","target":{"@type":"EntryPoint","urlTemplate":"https:\/\/decofoodshop.nl\/?s={search_term_string}"},"query-input":{"@type":"PropertyValueSpecification","valueRequired":true,"valueName":"search_term_string"}}],"inLanguage":"de"}]}},"_links":{"self":[{"href":"https:\/\/decofoodshop.nl\/de\/wp-json\/wp\/v2\/product\/2145","targetHints":{"allow":["GET"]}}],"collection":[{"href":"https:\/\/decofoodshop.nl\/de\/wp-json\/wp\/v2\/product"}],"about":[{"href":"https:\/\/decofoodshop.nl\/de\/wp-json\/wp\/v2\/types\/product"}],"wp:featuredmedia":[{"embeddable":true,"href":"https:\/\/decofoodshop.nl\/de\/wp-json\/wp\/v2\/media\/2310"}],"wp:attachment":[{"href":"https:\/\/decofoodshop.nl\/de\/wp-json\/wp\/v2\/media?parent=2145"}],"wp:term":[{"taxonomy":"product_brand","embeddable":true,"href":"https:\/\/decofoodshop.nl\/de\/wp-json\/wp\/v2\/product_brand?post=2145"},{"taxonomy":"product_cat","embeddable":true,"href":"https:\/\/decofoodshop.nl\/de\/wp-json\/wp\/v2\/product_cat?post=2145"},{"taxonomy":"product_tag","embeddable":true,"href":"https:\/\/decofoodshop.nl\/de\/wp-json\/wp\/v2\/product_tag?post=2145"}],"curies":[{"name":"wp","href":"https:\/\/api.w.org\/{rel}","templated":true}]}}