{"id":2149,"date":"2020-02-06T11:26:49","date_gmt":"2020-02-06T11:26:49","guid":{"rendered":"https:\/\/decofoodshop.nl\/?post_type=product&#038;p=2149"},"modified":"2026-03-23T12:36:46","modified_gmt":"2026-03-23T11:36:46","slug":"satz-mit-50-gefalschten-oliven","status":"publish","type":"product","link":"https:\/\/decofoodshop.nl\/de\/product\/set-van-50-namaak-olijven\/","title":{"rendered":"Satz von 50 gef\u00e4lschten Oliven"},"content":{"rendered":"<p>Dies ist ein vollst\u00e4ndiger Satz von 50 gef\u00e4lschten Oliven.<\/p>\n<p>Die k\u00fcnstlichen Oliven sind nicht zerbrechlich.<\/p>\n<p>Die gef\u00e4lschten Oliven sind au\u00dferdem glatt und haben die Form einer echten Olive.<\/p>\n<p>Sie f\u00fchlen sich realistisch an und die Farbe ist nat\u00fcrlich mit \u00dcberg\u00e4ngen von Braun zu Gr\u00fcn.<\/p>\n<p>Am Ende der gef\u00e4lschten Olive befindet sich eine Delle, wo der Stiel entfernt wurde, wodurch die Oliven lebensecht erscheinen.<\/p>\n<p>Werfen Sie auch einen Blick auf unser Angebot an vorgefertigten F\u00e4lschungen<strong><span style=\"color: #008000;\"> <a style=\"color: #008000;\" href=\"https:\/\/decofoodshop.nl\/de\/produktkategorie-2\/pakete\/\">&#039;Pakete&#039;<\/a>.<\/span><\/strong><\/p>","protected":false},"excerpt":{"rendered":"<p>Dit is een volle set van 50 namaak olijven. De kunst olijven zijn niet breekbaar. Ook zijn de nep olijven glad en hebben de vorm van een echte olijf. Ze voelen realistisch aan en de kleur is natuurlijk met overgangen van bruin naar groen. Aan het uiteinde van de namaak olijf zit een deukje waar [&hellip;]<\/p>\n","protected":false},"featured_media":2302,"template":"","meta":{"_acf_changed":false,"_genesis_hide_title":false,"_genesis_hide_breadcrumbs":false,"_genesis_hide_singular_image":false,"_genesis_hide_footer_widgets":false,"_genesis_custom_body_class":"","_genesis_custom_post_class":"","_genesis_layout":""},"product_brand":[],"product_cat":[51],"product_tag":[],"class_list":{"0":"post-2149","1":"product","2":"type-product","3":"status-publish","4":"has-post-thumbnail","6":"product_cat-overige","7":"entry","8":"wpx-has-gallery","10":"first","11":"instock","12":"taxable","13":"shipping-taxable","14":"purchasable","15":"product-type-simple"},"acf":[],"yoast_head":"<!-- This site is optimized with the Yoast SEO Premium plugin v27.3 (Yoast SEO v27.3) - https:\/\/yoast.com\/product\/yoast-seo-premium-wordpress\/ -->\n<title>Set Van 50 Namaak Olijven - Verkrijgbaar Bij Decofoodshop<\/title>\n<meta name=\"description\" content=\"Deze complete set van 50 namaak olijven is een echte aanrader. De olijven zijn niet van echt te onderscheiden en hebben een natuurlijke kleur.\" \/>\n<meta name=\"robots\" content=\"index, follow, max-snippet:-1, max-image-preview:large, max-video-preview:-1\" \/>\n<link rel=\"canonical\" href=\"https:\/\/decofoodshop.nl\/de\/produkt\/satz-mit-50-gefalschten-oliven\/\" \/>\n<meta property=\"og:locale\" content=\"de_DE\" \/>\n<meta property=\"og:type\" content=\"article\" \/>\n<meta property=\"og:title\" content=\"Set Van 50 Namaak Olijven\" \/>\n<meta property=\"og:description\" content=\"Deze complete set van 50 namaak olijven is een echte aanrader. De olijven zijn niet van echt te onderscheiden en hebben een natuurlijke kleur.\" \/>\n<meta property=\"og:url\" content=\"https:\/\/decofoodshop.nl\/de\/produkt\/satz-mit-50-gefalschten-oliven\/\" \/>\n<meta property=\"og:site_name\" content=\"Decofoodshop\" \/>\n<meta property=\"article:modified_time\" content=\"2026-03-23T11:36:46+00:00\" \/>\n<meta property=\"og:image\" content=\"https:\/\/decofoodshop.nl\/wp-content\/uploads\/2020\/02\/Set-van-50-Namaak-Olijven-25cm.jpg\" \/>\n\t<meta property=\"og:image:width\" content=\"1200\" \/>\n\t<meta property=\"og:image:height\" content=\"1200\" \/>\n\t<meta property=\"og:image:type\" content=\"image\/jpeg\" \/>\n<meta name=\"twitter:card\" content=\"summary_large_image\" \/>\n<meta name=\"twitter:label1\" content=\"Gesch\u00e4tzte Lesezeit\" \/>\n\t<meta name=\"twitter:data1\" content=\"1\u00a0Minute\" \/>\n<script type=\"application\/ld+json\" class=\"yoast-schema-graph\">{\"@context\":\"https:\\\/\\\/schema.org\",\"@graph\":[{\"@type\":\"WebPage\",\"@id\":\"https:\\\/\\\/decofoodshop.nl\\\/product\\\/set-van-50-namaak-olijven\\\/\",\"url\":\"https:\\\/\\\/decofoodshop.nl\\\/product\\\/set-van-50-namaak-olijven\\\/\",\"name\":\"Set Van 50 Namaak Olijven - Verkrijgbaar Bij Decofoodshop\",\"isPartOf\":{\"@id\":\"https:\\\/\\\/decofoodshop.nl\\\/#website\"},\"primaryImageOfPage\":{\"@id\":\"https:\\\/\\\/decofoodshop.nl\\\/product\\\/set-van-50-namaak-olijven\\\/#primaryimage\"},\"image\":{\"@id\":\"https:\\\/\\\/decofoodshop.nl\\\/product\\\/set-van-50-namaak-olijven\\\/#primaryimage\"},\"thumbnailUrl\":\"https:\\\/\\\/decofoodshop.nl\\\/wp-content\\\/uploads\\\/2020\\\/02\\\/Set-van-50-Namaak-Olijven-25cm.jpg\",\"datePublished\":\"2020-02-06T11:26:49+00:00\",\"dateModified\":\"2026-03-23T11:36:46+00:00\",\"description\":\"Deze complete set van 50 namaak olijven is een echte aanrader. De olijven zijn niet van echt te onderscheiden en hebben een natuurlijke kleur.\",\"breadcrumb\":{\"@id\":\"https:\\\/\\\/decofoodshop.nl\\\/product\\\/set-van-50-namaak-olijven\\\/#breadcrumb\"},\"inLanguage\":\"de\",\"potentialAction\":[{\"@type\":\"ReadAction\",\"target\":[\"https:\\\/\\\/decofoodshop.nl\\\/product\\\/set-van-50-namaak-olijven\\\/\"]}]},{\"@type\":\"ImageObject\",\"inLanguage\":\"de\",\"@id\":\"https:\\\/\\\/decofoodshop.nl\\\/product\\\/set-van-50-namaak-olijven\\\/#primaryimage\",\"url\":\"https:\\\/\\\/decofoodshop.nl\\\/wp-content\\\/uploads\\\/2020\\\/02\\\/Set-van-50-Namaak-Olijven-25cm.jpg\",\"contentUrl\":\"https:\\\/\\\/decofoodshop.nl\\\/wp-content\\\/uploads\\\/2020\\\/02\\\/Set-van-50-Namaak-Olijven-25cm.jpg\",\"width\":1200,\"height\":1200,\"caption\":\"Set Van 50 Namaak Olijven\"},{\"@type\":\"BreadcrumbList\",\"@id\":\"https:\\\/\\\/decofoodshop.nl\\\/product\\\/set-van-50-namaak-olijven\\\/#breadcrumb\",\"itemListElement\":[{\"@type\":\"ListItem\",\"position\":1,\"name\":\"Home\",\"item\":\"https:\\\/\\\/decofoodshop.nl\\\/\"},{\"@type\":\"ListItem\",\"position\":2,\"name\":\"Winkel\",\"item\":\"https:\\\/\\\/decofoodshop.nl\\\/winkel\\\/\"},{\"@type\":\"ListItem\",\"position\":3,\"name\":\"Set Van 50 Namaak Olijven\"}]},{\"@type\":\"WebSite\",\"@id\":\"https:\\\/\\\/decofoodshop.nl\\\/#website\",\"url\":\"https:\\\/\\\/decofoodshop.nl\\\/\",\"name\":\"Decofoodshop\",\"description\":\"\",\"potentialAction\":[{\"@type\":\"SearchAction\",\"target\":{\"@type\":\"EntryPoint\",\"urlTemplate\":\"https:\\\/\\\/decofoodshop.nl\\\/?s={search_term_string}\"},\"query-input\":{\"@type\":\"PropertyValueSpecification\",\"valueRequired\":true,\"valueName\":\"search_term_string\"}}],\"inLanguage\":\"de\"}]}<\/script>\n<!-- \/ Yoast SEO Premium plugin. -->","yoast_head_json":{"title":"Set mit 50 gef\u00e4lschten Oliven \u2013 erh\u00e4ltlich bei Decofoodshop","description":"Dieses komplette Set mit 50 gef\u00e4lschten Oliven ist sehr zu empfehlen. Die Oliven sind von echten Oliven nicht zu unterscheiden und haben eine nat\u00fcrliche Farbe.","robots":{"index":"index","follow":"follow","max-snippet":"max-snippet:-1","max-image-preview":"max-image-preview:large","max-video-preview":"max-video-preview:-1"},"canonical":"https:\/\/decofoodshop.nl\/de\/produkt\/satz-mit-50-gefalschten-oliven\/","og_locale":"de_DE","og_type":"article","og_title":"Set Van 50 Namaak Olijven","og_description":"Deze complete set van 50 namaak olijven is een echte aanrader. De olijven zijn niet van echt te onderscheiden en hebben een natuurlijke kleur.","og_url":"https:\/\/decofoodshop.nl\/de\/produkt\/satz-mit-50-gefalschten-oliven\/","og_site_name":"Decofoodshop","article_modified_time":"2026-03-23T11:36:46+00:00","og_image":[{"width":1200,"height":1200,"url":"https:\/\/decofoodshop.nl\/wp-content\/uploads\/2020\/02\/Set-van-50-Namaak-Olijven-25cm.jpg","type":"image\/jpeg"}],"twitter_card":"summary_large_image","twitter_misc":{"Gesch\u00e4tzte Lesezeit":"1\u00a0Minute"},"schema":{"@context":"https:\/\/schema.org","@graph":[{"@type":"WebPage","@id":"https:\/\/decofoodshop.nl\/product\/set-van-50-namaak-olijven\/","url":"https:\/\/decofoodshop.nl\/product\/set-van-50-namaak-olijven\/","name":"Set mit 50 gef\u00e4lschten Oliven \u2013 erh\u00e4ltlich bei Decofoodshop","isPartOf":{"@id":"https:\/\/decofoodshop.nl\/#website"},"primaryImageOfPage":{"@id":"https:\/\/decofoodshop.nl\/product\/set-van-50-namaak-olijven\/#primaryimage"},"image":{"@id":"https:\/\/decofoodshop.nl\/product\/set-van-50-namaak-olijven\/#primaryimage"},"thumbnailUrl":"https:\/\/decofoodshop.nl\/wp-content\/uploads\/2020\/02\/Set-van-50-Namaak-Olijven-25cm.jpg","datePublished":"2020-02-06T11:26:49+00:00","dateModified":"2026-03-23T11:36:46+00:00","description":"Dieses komplette Set mit 50 gef\u00e4lschten Oliven ist sehr zu empfehlen. Die Oliven sind von echten Oliven nicht zu unterscheiden und haben eine nat\u00fcrliche Farbe.","breadcrumb":{"@id":"https:\/\/decofoodshop.nl\/product\/set-van-50-namaak-olijven\/#breadcrumb"},"inLanguage":"de","potentialAction":[{"@type":"ReadAction","target":["https:\/\/decofoodshop.nl\/product\/set-van-50-namaak-olijven\/"]}]},{"@type":"ImageObject","inLanguage":"de","@id":"https:\/\/decofoodshop.nl\/product\/set-van-50-namaak-olijven\/#primaryimage","url":"https:\/\/decofoodshop.nl\/wp-content\/uploads\/2020\/02\/Set-van-50-Namaak-Olijven-25cm.jpg","contentUrl":"https:\/\/decofoodshop.nl\/wp-content\/uploads\/2020\/02\/Set-van-50-Namaak-Olijven-25cm.jpg","width":1200,"height":1200,"caption":"Set Van 50 Namaak Olijven"},{"@type":"BreadcrumbList","@id":"https:\/\/decofoodshop.nl\/product\/set-van-50-namaak-olijven\/#breadcrumb","itemListElement":[{"@type":"ListItem","position":1,"name":"Home","item":"https:\/\/decofoodshop.nl\/"},{"@type":"ListItem","position":2,"name":"Winkel","item":"https:\/\/decofoodshop.nl\/winkel\/"},{"@type":"ListItem","position":3,"name":"Set Van 50 Namaak Olijven"}]},{"@type":"WebSite","@id":"https:\/\/decofoodshop.nl\/#website","url":"https:\/\/decofoodshop.nl\/","name":"Dekofoodshop","description":"","potentialAction":[{"@type":"SearchAction","target":{"@type":"EntryPoint","urlTemplate":"https:\/\/decofoodshop.nl\/?s={search_term_string}"},"query-input":{"@type":"PropertyValueSpecification","valueRequired":true,"valueName":"search_term_string"}}],"inLanguage":"de"}]}},"_links":{"self":[{"href":"https:\/\/decofoodshop.nl\/de\/wp-json\/wp\/v2\/product\/2149","targetHints":{"allow":["GET"]}}],"collection":[{"href":"https:\/\/decofoodshop.nl\/de\/wp-json\/wp\/v2\/product"}],"about":[{"href":"https:\/\/decofoodshop.nl\/de\/wp-json\/wp\/v2\/types\/product"}],"wp:featuredmedia":[{"embeddable":true,"href":"https:\/\/decofoodshop.nl\/de\/wp-json\/wp\/v2\/media\/2302"}],"wp:attachment":[{"href":"https:\/\/decofoodshop.nl\/de\/wp-json\/wp\/v2\/media?parent=2149"}],"wp:term":[{"taxonomy":"product_brand","embeddable":true,"href":"https:\/\/decofoodshop.nl\/de\/wp-json\/wp\/v2\/product_brand?post=2149"},{"taxonomy":"product_cat","embeddable":true,"href":"https:\/\/decofoodshop.nl\/de\/wp-json\/wp\/v2\/product_cat?post=2149"},{"taxonomy":"product_tag","embeddable":true,"href":"https:\/\/decofoodshop.nl\/de\/wp-json\/wp\/v2\/product_tag?post=2149"}],"curies":[{"name":"wp","href":"https:\/\/api.w.org\/{rel}","templated":true}]}}