{"id":2154,"date":"2020-02-06T11:51:19","date_gmt":"2020-02-06T11:51:19","guid":{"rendered":"https:\/\/decofoodshop.nl\/?post_type=product&#038;p=2154"},"modified":"2026-03-27T11:45:47","modified_gmt":"2026-03-27T10:45:47","slug":"3er-set-zitrusteile","status":"publish","type":"product","link":"https:\/\/decofoodshop.nl\/de\/product\/set-van-3-citrus-partjes\/","title":{"rendered":"Satz von 3 Zitrusscheiben"},"content":{"rendered":"<p>Sch\u00f6nes Set aus 3 Zitrusteilen.<\/p>\n<p>Jeder Satz enth\u00e4lt ein gr\u00fcnes, gelbes und orangefarbenes Segment.<\/p>\n<p>Sie sind aus Kunststoff und daher nicht zerbrechlich.<\/p>\n<p>Die gef\u00e4lschten Zitrussegmente sind mit vielen Details wie der Form des Fruchtfleisches und der Haut der Segmente versehen.<\/p>\n<p>Sie k\u00f6nnen sich auch unser Angebot ansehen<strong><span style=\"color: #008000;\"> <a style=\"color: #008000;\" href=\"https:\/\/decofoodshop.nl\/de\/produktkategorie-2\/andere\/\">&#039;Andere&#039;<\/a> <\/span><\/strong>gef\u00e4lschte Produkte.<\/p>","protected":false},"excerpt":{"rendered":"<p>Mooie set van 3 citrus partjes. In iedere set zit een groen, geel en oranje partje. Ze zijn gemaakt van plastic en daardoor niet breekbaar. De nep citrus partjes zijn voorzien van veel details zoals de vorm van het vruchtvlees en de schil van de partjes. U kunt ook even kijken bij ons aanbod &#8216;Overige&#8217; [&hellip;]<\/p>\n","protected":false},"featured_media":2158,"template":"","meta":{"_acf_changed":false,"_genesis_hide_title":false,"_genesis_hide_breadcrumbs":false,"_genesis_hide_singular_image":false,"_genesis_hide_footer_widgets":false,"_genesis_custom_body_class":"","_genesis_custom_post_class":"","_genesis_layout":""},"product_brand":[],"product_cat":[47,51],"product_tag":[],"class_list":{"0":"post-2154","1":"product","2":"type-product","3":"status-publish","4":"has-post-thumbnail","6":"product_cat-kunstfruit","7":"product_cat-overige","8":"entry","9":"wpx-has-gallery","11":"first","12":"instock","13":"taxable","14":"shipping-taxable","15":"purchasable","16":"product-type-simple"},"acf":[],"yoast_head":"<!-- This site is optimized with the Yoast SEO Premium plugin v27.3 (Yoast SEO v27.3) - https:\/\/yoast.com\/product\/yoast-seo-premium-wordpress\/ -->\n<title>Set Van 3 Citrus Partjes - Verkrijgbaar Bij Decofoodshop<\/title>\n<meta name=\"description\" content=\"Set van 3 citrus partjes ook verkijgbaar als nepcitrus schijfjes. Decofoodshop biedt een groot assortiment kunstfruit aan.\" \/>\n<meta name=\"robots\" content=\"index, follow, max-snippet:-1, max-image-preview:large, max-video-preview:-1\" \/>\n<link rel=\"canonical\" href=\"https:\/\/decofoodshop.nl\/de\/produkt\/3er-set-zitrusteile\/\" \/>\n<meta property=\"og:locale\" content=\"de_DE\" \/>\n<meta property=\"og:type\" content=\"article\" \/>\n<meta property=\"og:title\" content=\"Set Van 3 Citrus Partjes\" \/>\n<meta property=\"og:description\" content=\"Set van 3 citrus partjes ook verkijgbaar als nepcitrus schijfjes. Decofoodshop biedt een groot assortiment kunstfruit aan.\" \/>\n<meta property=\"og:url\" content=\"https:\/\/decofoodshop.nl\/de\/produkt\/3er-set-zitrusteile\/\" \/>\n<meta property=\"og:site_name\" content=\"Decofoodshop\" \/>\n<meta property=\"article:modified_time\" content=\"2026-03-27T10:45:47+00:00\" \/>\n<meta property=\"og:image\" content=\"https:\/\/decofoodshop.nl\/wp-content\/uploads\/2020\/02\/citrus-partjes.jpg\" \/>\n\t<meta property=\"og:image:width\" content=\"1200\" \/>\n\t<meta property=\"og:image:height\" content=\"1200\" \/>\n\t<meta property=\"og:image:type\" content=\"image\/jpeg\" \/>\n<meta name=\"twitter:card\" content=\"summary_large_image\" \/>\n<meta name=\"twitter:label1\" content=\"Gesch\u00e4tzte Lesezeit\" \/>\n\t<meta name=\"twitter:data1\" content=\"1\u00a0Minute\" \/>\n<script type=\"application\/ld+json\" class=\"yoast-schema-graph\">{\"@context\":\"https:\\\/\\\/schema.org\",\"@graph\":[{\"@type\":\"WebPage\",\"@id\":\"https:\\\/\\\/decofoodshop.nl\\\/product\\\/set-van-3-citrus-partjes\\\/\",\"url\":\"https:\\\/\\\/decofoodshop.nl\\\/product\\\/set-van-3-citrus-partjes\\\/\",\"name\":\"Set Van 3 Citrus Partjes - Verkrijgbaar Bij Decofoodshop\",\"isPartOf\":{\"@id\":\"https:\\\/\\\/decofoodshop.nl\\\/#website\"},\"primaryImageOfPage\":{\"@id\":\"https:\\\/\\\/decofoodshop.nl\\\/product\\\/set-van-3-citrus-partjes\\\/#primaryimage\"},\"image\":{\"@id\":\"https:\\\/\\\/decofoodshop.nl\\\/product\\\/set-van-3-citrus-partjes\\\/#primaryimage\"},\"thumbnailUrl\":\"https:\\\/\\\/decofoodshop.nl\\\/wp-content\\\/uploads\\\/2020\\\/02\\\/citrus-partjes.jpg\",\"datePublished\":\"2020-02-06T11:51:19+00:00\",\"dateModified\":\"2026-03-27T10:45:47+00:00\",\"description\":\"Set van 3 citrus partjes ook verkijgbaar als nepcitrus schijfjes. Decofoodshop biedt een groot assortiment kunstfruit aan.\",\"breadcrumb\":{\"@id\":\"https:\\\/\\\/decofoodshop.nl\\\/product\\\/set-van-3-citrus-partjes\\\/#breadcrumb\"},\"inLanguage\":\"de\",\"potentialAction\":[{\"@type\":\"ReadAction\",\"target\":[\"https:\\\/\\\/decofoodshop.nl\\\/product\\\/set-van-3-citrus-partjes\\\/\"]}]},{\"@type\":\"ImageObject\",\"inLanguage\":\"de\",\"@id\":\"https:\\\/\\\/decofoodshop.nl\\\/product\\\/set-van-3-citrus-partjes\\\/#primaryimage\",\"url\":\"https:\\\/\\\/decofoodshop.nl\\\/wp-content\\\/uploads\\\/2020\\\/02\\\/citrus-partjes.jpg\",\"contentUrl\":\"https:\\\/\\\/decofoodshop.nl\\\/wp-content\\\/uploads\\\/2020\\\/02\\\/citrus-partjes.jpg\",\"width\":1200,\"height\":1200,\"caption\":\"Set Van 3 Citrus Partjes\"},{\"@type\":\"BreadcrumbList\",\"@id\":\"https:\\\/\\\/decofoodshop.nl\\\/product\\\/set-van-3-citrus-partjes\\\/#breadcrumb\",\"itemListElement\":[{\"@type\":\"ListItem\",\"position\":1,\"name\":\"Home\",\"item\":\"https:\\\/\\\/decofoodshop.nl\\\/\"},{\"@type\":\"ListItem\",\"position\":2,\"name\":\"Winkel\",\"item\":\"https:\\\/\\\/decofoodshop.nl\\\/winkel\\\/\"},{\"@type\":\"ListItem\",\"position\":3,\"name\":\"Set Van 3 Citrus Partjes\"}]},{\"@type\":\"WebSite\",\"@id\":\"https:\\\/\\\/decofoodshop.nl\\\/#website\",\"url\":\"https:\\\/\\\/decofoodshop.nl\\\/\",\"name\":\"Decofoodshop\",\"description\":\"\",\"potentialAction\":[{\"@type\":\"SearchAction\",\"target\":{\"@type\":\"EntryPoint\",\"urlTemplate\":\"https:\\\/\\\/decofoodshop.nl\\\/?s={search_term_string}\"},\"query-input\":{\"@type\":\"PropertyValueSpecification\",\"valueRequired\":true,\"valueName\":\"search_term_string\"}}],\"inLanguage\":\"de\"}]}<\/script>\n<!-- \/ Yoast SEO Premium plugin. -->","yoast_head_json":{"title":"Set mit 3 Citrus Wedges \u2013 erh\u00e4ltlich bei Decofoodshop","description":"3er-Set Zitrusschnitze auch als Fake-Zitrusschnitze erh\u00e4ltlich. Decofoodshop bietet eine gro\u00dfe Auswahl an k\u00fcnstlichen Fr\u00fcchten.","robots":{"index":"index","follow":"follow","max-snippet":"max-snippet:-1","max-image-preview":"max-image-preview:large","max-video-preview":"max-video-preview:-1"},"canonical":"https:\/\/decofoodshop.nl\/de\/produkt\/3er-set-zitrusteile\/","og_locale":"de_DE","og_type":"article","og_title":"Set Van 3 Citrus Partjes","og_description":"Set van 3 citrus partjes ook verkijgbaar als nepcitrus schijfjes. Decofoodshop biedt een groot assortiment kunstfruit aan.","og_url":"https:\/\/decofoodshop.nl\/de\/produkt\/3er-set-zitrusteile\/","og_site_name":"Decofoodshop","article_modified_time":"2026-03-27T10:45:47+00:00","og_image":[{"width":1200,"height":1200,"url":"https:\/\/decofoodshop.nl\/wp-content\/uploads\/2020\/02\/citrus-partjes.jpg","type":"image\/jpeg"}],"twitter_card":"summary_large_image","twitter_misc":{"Gesch\u00e4tzte Lesezeit":"1\u00a0Minute"},"schema":{"@context":"https:\/\/schema.org","@graph":[{"@type":"WebPage","@id":"https:\/\/decofoodshop.nl\/product\/set-van-3-citrus-partjes\/","url":"https:\/\/decofoodshop.nl\/product\/set-van-3-citrus-partjes\/","name":"Set mit 3 Citrus Wedges \u2013 erh\u00e4ltlich bei Decofoodshop","isPartOf":{"@id":"https:\/\/decofoodshop.nl\/#website"},"primaryImageOfPage":{"@id":"https:\/\/decofoodshop.nl\/product\/set-van-3-citrus-partjes\/#primaryimage"},"image":{"@id":"https:\/\/decofoodshop.nl\/product\/set-van-3-citrus-partjes\/#primaryimage"},"thumbnailUrl":"https:\/\/decofoodshop.nl\/wp-content\/uploads\/2020\/02\/citrus-partjes.jpg","datePublished":"2020-02-06T11:51:19+00:00","dateModified":"2026-03-27T10:45:47+00:00","description":"3er-Set Zitrusschnitze auch als Fake-Zitrusschnitze erh\u00e4ltlich. Decofoodshop bietet eine gro\u00dfe Auswahl an k\u00fcnstlichen Fr\u00fcchten.","breadcrumb":{"@id":"https:\/\/decofoodshop.nl\/product\/set-van-3-citrus-partjes\/#breadcrumb"},"inLanguage":"de","potentialAction":[{"@type":"ReadAction","target":["https:\/\/decofoodshop.nl\/product\/set-van-3-citrus-partjes\/"]}]},{"@type":"ImageObject","inLanguage":"de","@id":"https:\/\/decofoodshop.nl\/product\/set-van-3-citrus-partjes\/#primaryimage","url":"https:\/\/decofoodshop.nl\/wp-content\/uploads\/2020\/02\/citrus-partjes.jpg","contentUrl":"https:\/\/decofoodshop.nl\/wp-content\/uploads\/2020\/02\/citrus-partjes.jpg","width":1200,"height":1200,"caption":"Set Van 3 Citrus Partjes"},{"@type":"BreadcrumbList","@id":"https:\/\/decofoodshop.nl\/product\/set-van-3-citrus-partjes\/#breadcrumb","itemListElement":[{"@type":"ListItem","position":1,"name":"Home","item":"https:\/\/decofoodshop.nl\/"},{"@type":"ListItem","position":2,"name":"Winkel","item":"https:\/\/decofoodshop.nl\/winkel\/"},{"@type":"ListItem","position":3,"name":"Set Van 3 Citrus Partjes"}]},{"@type":"WebSite","@id":"https:\/\/decofoodshop.nl\/#website","url":"https:\/\/decofoodshop.nl\/","name":"Dekofoodshop","description":"","potentialAction":[{"@type":"SearchAction","target":{"@type":"EntryPoint","urlTemplate":"https:\/\/decofoodshop.nl\/?s={search_term_string}"},"query-input":{"@type":"PropertyValueSpecification","valueRequired":true,"valueName":"search_term_string"}}],"inLanguage":"de"}]}},"_links":{"self":[{"href":"https:\/\/decofoodshop.nl\/de\/wp-json\/wp\/v2\/product\/2154","targetHints":{"allow":["GET"]}}],"collection":[{"href":"https:\/\/decofoodshop.nl\/de\/wp-json\/wp\/v2\/product"}],"about":[{"href":"https:\/\/decofoodshop.nl\/de\/wp-json\/wp\/v2\/types\/product"}],"wp:featuredmedia":[{"embeddable":true,"href":"https:\/\/decofoodshop.nl\/de\/wp-json\/wp\/v2\/media\/2158"}],"wp:attachment":[{"href":"https:\/\/decofoodshop.nl\/de\/wp-json\/wp\/v2\/media?parent=2154"}],"wp:term":[{"taxonomy":"product_brand","embeddable":true,"href":"https:\/\/decofoodshop.nl\/de\/wp-json\/wp\/v2\/product_brand?post=2154"},{"taxonomy":"product_cat","embeddable":true,"href":"https:\/\/decofoodshop.nl\/de\/wp-json\/wp\/v2\/product_cat?post=2154"},{"taxonomy":"product_tag","embeddable":true,"href":"https:\/\/decofoodshop.nl\/de\/wp-json\/wp\/v2\/product_tag?post=2154"}],"curies":[{"name":"wp","href":"https:\/\/api.w.org\/{rel}","templated":true}]}}