{"id":2164,"date":"2020-02-10T10:16:00","date_gmt":"2020-02-10T10:16:00","guid":{"rendered":"https:\/\/decofoodshop.nl\/?post_type=product&#038;p=2164"},"modified":"2026-02-28T15:02:52","modified_gmt":"2026-02-28T14:02:52","slug":"gefalschte-durian","status":"publish","type":"product","link":"https:\/\/decofoodshop.nl\/de\/product\/namaak-durian\/","title":{"rendered":"Falscher Durian"},"content":{"rendered":"<p>Diese sch\u00f6ne gef\u00e4lschte Durian ist in voller Gr\u00f6\u00dfe.<\/p>\n<p>Es ist wie eine echte Durian mit Punkten bedeckt.<\/p>\n<p>Die gef\u00e4lschte Durian ist nicht zerbrechlich und hat einen Griff, um sie leicht zu halten.<\/p>\n<p>Seine nat\u00fcrliche gelbe Farbe sorgt f\u00fcr ein realistisches Aussehen.<\/p>\n<p>Sie k\u00f6nnen auch einen Blick auf unsere werfen<strong><span style=\"color: #008000;\"> <a style=\"color: #008000;\" href=\"https:\/\/decofoodshop.nl\/de\/produktkategorie-2\/andere\/\">&#039;Andere&#039;<\/a> <\/span><\/strong>Produkte f\u00fcr alle Arten von zus\u00e4tzlichen gef\u00e4lschten Lebensmitteln.<\/p>","protected":false},"excerpt":{"rendered":"<p>Deze prachtige namaak durian is op ware grootte. Hij is bedekt in punten net als een echte durian. De nep durian is niet breekbaar en heeft een steel om hem makkelijk vast te houden. Zijn natuurlijke gele kleur zorgt voor een realistisch uiterlijk. U kunt ook even kijken bij onze &#8216;Overige&#8217; producten voor allerlei extra [&hellip;]<\/p>\n","protected":false},"featured_media":2171,"template":"","meta":{"_acf_changed":false,"_genesis_hide_title":false,"_genesis_hide_breadcrumbs":false,"_genesis_hide_singular_image":false,"_genesis_hide_footer_widgets":false,"_genesis_custom_body_class":"","_genesis_custom_post_class":"","_genesis_layout":""},"product_brand":[],"product_cat":[47],"product_tag":[],"class_list":{"0":"post-2164","1":"product","2":"type-product","3":"status-publish","4":"has-post-thumbnail","6":"product_cat-kunstfruit","7":"entry","8":"wpx-has-gallery","10":"first","11":"instock","12":"taxable","13":"shipping-taxable","14":"purchasable","15":"product-type-simple"},"acf":[],"yoast_head":"<!-- This site is optimized with the Yoast SEO Premium plugin v27.4 (Yoast SEO v27.4) - https:\/\/yoast.com\/product\/yoast-seo-premium-wordpress\/ -->\n<title>Namaak Durian - Verkrijgbaar Bij Webshop Decofoodshop<\/title>\n<meta name=\"description\" content=\"Realistische namaak durian die er heerlijk rijp uitziet. hij heeft een natuurlijke vorm en kleur en is niet van echt te onderscheiden.\" \/>\n<meta name=\"robots\" content=\"index, follow, max-snippet:-1, max-image-preview:large, max-video-preview:-1\" \/>\n<link rel=\"canonical\" href=\"https:\/\/decofoodshop.nl\/de\/produkt\/gefalschte-durian\/\" \/>\n<meta property=\"og:locale\" content=\"de_DE\" \/>\n<meta property=\"og:type\" content=\"article\" \/>\n<meta property=\"og:title\" content=\"Namaak Durian\" \/>\n<meta property=\"og:description\" content=\"Realistische namaak durian die er heerlijk rijp uitziet. hij heeft een natuurlijke vorm en kleur en is niet van echt te onderscheiden.\" \/>\n<meta property=\"og:url\" content=\"https:\/\/decofoodshop.nl\/de\/produkt\/gefalschte-durian\/\" \/>\n<meta property=\"og:site_name\" content=\"Decofoodshop\" \/>\n<meta property=\"article:modified_time\" content=\"2026-02-28T14:02:52+00:00\" \/>\n<meta property=\"og:image\" content=\"https:\/\/decofoodshop.nl\/wp-content\/uploads\/2020\/02\/Namaak-Durian-25cm-1.jpg\" \/>\n\t<meta property=\"og:image:width\" content=\"1200\" \/>\n\t<meta property=\"og:image:height\" content=\"1200\" \/>\n\t<meta property=\"og:image:type\" content=\"image\/jpeg\" \/>\n<meta name=\"twitter:card\" content=\"summary_large_image\" \/>\n<meta name=\"twitter:label1\" content=\"Gesch\u00e4tzte Lesezeit\" \/>\n\t<meta name=\"twitter:data1\" content=\"1\u00a0Minute\" \/>\n<script type=\"application\/ld+json\" class=\"yoast-schema-graph\">{\"@context\":\"https:\\\/\\\/schema.org\",\"@graph\":[{\"@type\":\"WebPage\",\"@id\":\"https:\\\/\\\/decofoodshop.nl\\\/product\\\/namaak-durian\\\/\",\"url\":\"https:\\\/\\\/decofoodshop.nl\\\/product\\\/namaak-durian\\\/\",\"name\":\"Namaak Durian - Verkrijgbaar Bij Webshop Decofoodshop\",\"isPartOf\":{\"@id\":\"https:\\\/\\\/decofoodshop.nl\\\/#website\"},\"primaryImageOfPage\":{\"@id\":\"https:\\\/\\\/decofoodshop.nl\\\/product\\\/namaak-durian\\\/#primaryimage\"},\"image\":{\"@id\":\"https:\\\/\\\/decofoodshop.nl\\\/product\\\/namaak-durian\\\/#primaryimage\"},\"thumbnailUrl\":\"https:\\\/\\\/decofoodshop.nl\\\/wp-content\\\/uploads\\\/2020\\\/02\\\/Namaak-Durian-25cm-1.jpg\",\"datePublished\":\"2020-02-10T10:16:00+00:00\",\"dateModified\":\"2026-02-28T14:02:52+00:00\",\"description\":\"Realistische namaak durian die er heerlijk rijp uitziet. hij heeft een natuurlijke vorm en kleur en is niet van echt te onderscheiden.\",\"breadcrumb\":{\"@id\":\"https:\\\/\\\/decofoodshop.nl\\\/product\\\/namaak-durian\\\/#breadcrumb\"},\"inLanguage\":\"de\",\"potentialAction\":[{\"@type\":\"ReadAction\",\"target\":[\"https:\\\/\\\/decofoodshop.nl\\\/product\\\/namaak-durian\\\/\"]}]},{\"@type\":\"ImageObject\",\"inLanguage\":\"de\",\"@id\":\"https:\\\/\\\/decofoodshop.nl\\\/product\\\/namaak-durian\\\/#primaryimage\",\"url\":\"https:\\\/\\\/decofoodshop.nl\\\/wp-content\\\/uploads\\\/2020\\\/02\\\/Namaak-Durian-25cm-1.jpg\",\"contentUrl\":\"https:\\\/\\\/decofoodshop.nl\\\/wp-content\\\/uploads\\\/2020\\\/02\\\/Namaak-Durian-25cm-1.jpg\",\"width\":1200,\"height\":1200,\"caption\":\"Namaak Durian\"},{\"@type\":\"BreadcrumbList\",\"@id\":\"https:\\\/\\\/decofoodshop.nl\\\/product\\\/namaak-durian\\\/#breadcrumb\",\"itemListElement\":[{\"@type\":\"ListItem\",\"position\":1,\"name\":\"Home\",\"item\":\"https:\\\/\\\/decofoodshop.nl\\\/\"},{\"@type\":\"ListItem\",\"position\":2,\"name\":\"Winkel\",\"item\":\"https:\\\/\\\/decofoodshop.nl\\\/winkel\\\/\"},{\"@type\":\"ListItem\",\"position\":3,\"name\":\"Namaak Durian\"}]},{\"@type\":\"WebSite\",\"@id\":\"https:\\\/\\\/decofoodshop.nl\\\/#website\",\"url\":\"https:\\\/\\\/decofoodshop.nl\\\/\",\"name\":\"Decofoodshop\",\"description\":\"\",\"potentialAction\":[{\"@type\":\"SearchAction\",\"target\":{\"@type\":\"EntryPoint\",\"urlTemplate\":\"https:\\\/\\\/decofoodshop.nl\\\/?s={search_term_string}\"},\"query-input\":{\"@type\":\"PropertyValueSpecification\",\"valueRequired\":true,\"valueName\":\"search_term_string\"}}],\"inLanguage\":\"de\"}]}<\/script>\n<!-- \/ Yoast SEO Premium plugin. -->","yoast_head_json":{"title":"Fake Durian - Erh\u00e4ltlich im Webshop Decofoodshop","description":"Realistischer gef\u00e4lschter Durian, der k\u00f6stlich reif aussieht. Es hat eine nat\u00fcrliche Form und Farbe und ist von der Realit\u00e4t nicht zu unterscheiden.","robots":{"index":"index","follow":"follow","max-snippet":"max-snippet:-1","max-image-preview":"max-image-preview:large","max-video-preview":"max-video-preview:-1"},"canonical":"https:\/\/decofoodshop.nl\/de\/produkt\/gefalschte-durian\/","og_locale":"de_DE","og_type":"article","og_title":"Namaak Durian","og_description":"Realistische namaak durian die er heerlijk rijp uitziet. hij heeft een natuurlijke vorm en kleur en is niet van echt te onderscheiden.","og_url":"https:\/\/decofoodshop.nl\/de\/produkt\/gefalschte-durian\/","og_site_name":"Decofoodshop","article_modified_time":"2026-02-28T14:02:52+00:00","og_image":[{"width":1200,"height":1200,"url":"https:\/\/decofoodshop.nl\/wp-content\/uploads\/2020\/02\/Namaak-Durian-25cm-1.jpg","type":"image\/jpeg"}],"twitter_card":"summary_large_image","twitter_misc":{"Gesch\u00e4tzte Lesezeit":"1\u00a0Minute"},"schema":{"@context":"https:\/\/schema.org","@graph":[{"@type":"WebPage","@id":"https:\/\/decofoodshop.nl\/product\/namaak-durian\/","url":"https:\/\/decofoodshop.nl\/product\/namaak-durian\/","name":"Fake Durian - Erh\u00e4ltlich im Webshop Decofoodshop","isPartOf":{"@id":"https:\/\/decofoodshop.nl\/#website"},"primaryImageOfPage":{"@id":"https:\/\/decofoodshop.nl\/product\/namaak-durian\/#primaryimage"},"image":{"@id":"https:\/\/decofoodshop.nl\/product\/namaak-durian\/#primaryimage"},"thumbnailUrl":"https:\/\/decofoodshop.nl\/wp-content\/uploads\/2020\/02\/Namaak-Durian-25cm-1.jpg","datePublished":"2020-02-10T10:16:00+00:00","dateModified":"2026-02-28T14:02:52+00:00","description":"Realistischer gef\u00e4lschter Durian, der k\u00f6stlich reif aussieht. Es hat eine nat\u00fcrliche Form und Farbe und ist von der Realit\u00e4t nicht zu unterscheiden.","breadcrumb":{"@id":"https:\/\/decofoodshop.nl\/product\/namaak-durian\/#breadcrumb"},"inLanguage":"de","potentialAction":[{"@type":"ReadAction","target":["https:\/\/decofoodshop.nl\/product\/namaak-durian\/"]}]},{"@type":"ImageObject","inLanguage":"de","@id":"https:\/\/decofoodshop.nl\/product\/namaak-durian\/#primaryimage","url":"https:\/\/decofoodshop.nl\/wp-content\/uploads\/2020\/02\/Namaak-Durian-25cm-1.jpg","contentUrl":"https:\/\/decofoodshop.nl\/wp-content\/uploads\/2020\/02\/Namaak-Durian-25cm-1.jpg","width":1200,"height":1200,"caption":"Namaak Durian"},{"@type":"BreadcrumbList","@id":"https:\/\/decofoodshop.nl\/product\/namaak-durian\/#breadcrumb","itemListElement":[{"@type":"ListItem","position":1,"name":"Home","item":"https:\/\/decofoodshop.nl\/"},{"@type":"ListItem","position":2,"name":"Winkel","item":"https:\/\/decofoodshop.nl\/winkel\/"},{"@type":"ListItem","position":3,"name":"Namaak Durian"}]},{"@type":"WebSite","@id":"https:\/\/decofoodshop.nl\/#website","url":"https:\/\/decofoodshop.nl\/","name":"Dekofoodshop","description":"","potentialAction":[{"@type":"SearchAction","target":{"@type":"EntryPoint","urlTemplate":"https:\/\/decofoodshop.nl\/?s={search_term_string}"},"query-input":{"@type":"PropertyValueSpecification","valueRequired":true,"valueName":"search_term_string"}}],"inLanguage":"de"}]}},"_links":{"self":[{"href":"https:\/\/decofoodshop.nl\/de\/wp-json\/wp\/v2\/product\/2164","targetHints":{"allow":["GET"]}}],"collection":[{"href":"https:\/\/decofoodshop.nl\/de\/wp-json\/wp\/v2\/product"}],"about":[{"href":"https:\/\/decofoodshop.nl\/de\/wp-json\/wp\/v2\/types\/product"}],"wp:featuredmedia":[{"embeddable":true,"href":"https:\/\/decofoodshop.nl\/de\/wp-json\/wp\/v2\/media\/2171"}],"wp:attachment":[{"href":"https:\/\/decofoodshop.nl\/de\/wp-json\/wp\/v2\/media?parent=2164"}],"wp:term":[{"taxonomy":"product_brand","embeddable":true,"href":"https:\/\/decofoodshop.nl\/de\/wp-json\/wp\/v2\/product_brand?post=2164"},{"taxonomy":"product_cat","embeddable":true,"href":"https:\/\/decofoodshop.nl\/de\/wp-json\/wp\/v2\/product_cat?post=2164"},{"taxonomy":"product_tag","embeddable":true,"href":"https:\/\/decofoodshop.nl\/de\/wp-json\/wp\/v2\/product_tag?post=2164"}],"curies":[{"name":"wp","href":"https:\/\/api.w.org\/{rel}","templated":true}]}}