{"id":2184,"date":"2020-02-10T11:01:30","date_gmt":"2020-02-10T10:01:30","guid":{"rendered":"https:\/\/decofoodshop.nl\/?post_type=product&#038;p=2184"},"modified":"2026-03-24T15:45:40","modified_gmt":"2026-03-24T14:45:40","slug":"fruchtzweig-kunstliche-zitronen","status":"publish","type":"product","link":"https:\/\/decofoodshop.nl\/de\/product\/fruittak-kunst-citroenen\/","title":{"rendered":"Frucht-Zweig-Kunst-Zitronen"},"content":{"rendered":"<p>Sch\u00f6ne biegsame Fruchtzweige k\u00fcnstliche Zitronen.<\/p>\n<p>Jeder gef\u00e4lschte Zitronenzweig hat +\/- 10 k\u00fcnstliche Zitronen.<\/p>\n<p>Die gef\u00e4lschten Zitronenzweige haben auch detaillierte gr\u00fcne Bl\u00e4tter.<\/p>\n<p>Die k\u00fcnstlichen Zitronen haben eine frische gelbe Farbe und sind leicht gepresst.<\/p>\n<p>Sie k\u00f6nnen sich auch unser Angebot ansehen<strong><span style=\"color: #008000;\"> <a style=\"color: #008000;\" href=\"https:\/\/decofoodshop.nl\/de\/produktkategorie-2\/kunstliches-gemuse\/\">\u201eK\u00fcnstliches Gem\u00fcse\u201c<\/a>.<\/span><\/strong><\/p>","protected":false},"excerpt":{"rendered":"<p>Wundersch\u00f6ne biegsame Fruchtzweige aus k\u00fcnstlichen Zitronen. Jeder k\u00fcnstliche Zitronenzweig enth\u00e4lt +\/- 10 k\u00fcnstliche Zitronen. Die k\u00fcnstlichen Zitronenzweige weisen au\u00dferdem detaillierte gr\u00fcne Bl\u00e4tter auf. Die k\u00fcnstlichen Zitronen haben eine frische gelbe Farbe und sind leicht deprimierend. Schauen Sie sich auch unser Sortiment \u201eKunstgem\u00fcse\u201c an.<\/p>","protected":false},"featured_media":2193,"template":"","meta":{"_acf_changed":false,"_genesis_hide_title":false,"_genesis_hide_breadcrumbs":false,"_genesis_hide_singular_image":false,"_genesis_hide_footer_widgets":false,"_genesis_custom_body_class":"","_genesis_custom_post_class":"","_genesis_layout":""},"product_brand":[],"product_cat":[47,51],"product_tag":[],"class_list":{"0":"post-2184","1":"product","2":"type-product","3":"status-publish","4":"has-post-thumbnail","6":"product_cat-kunstfruit","7":"product_cat-overige","8":"entry","9":"wpx-has-gallery","11":"first","12":"instock","13":"taxable","14":"shipping-taxable","15":"purchasable","16":"product-type-simple"},"acf":[],"yoast_head":"<!-- This site is optimized with the Yoast SEO Premium plugin v27.4 (Yoast SEO v27.4) - https:\/\/yoast.com\/product\/yoast-seo-premium-wordpress\/ -->\n<title>Fruittak Kunst Citroenen - Verkrijgbaar Bij Decofoodshop<\/title>\n<meta name=\"description\" content=\"Mooie fruittak Kunst Citroenen met +\/- 10 kunst citroenen. Ook limoen takken, appel takken en sinaasappel takken verkrijgbaar bij Decofoodshop.nl\" \/>\n<meta name=\"robots\" content=\"index, follow, max-snippet:-1, max-image-preview:large, max-video-preview:-1\" \/>\n<link rel=\"canonical\" href=\"https:\/\/decofoodshop.nl\/de\/produkt\/fruchtzweig-kunstliche-zitronen\/\" \/>\n<meta property=\"og:locale\" content=\"de_DE\" \/>\n<meta property=\"og:type\" content=\"article\" \/>\n<meta property=\"og:title\" content=\"Fruittak Kunst Citroenen\" \/>\n<meta property=\"og:description\" content=\"Mooie fruittak Kunst Citroenen met +\/- 10 kunst citroenen. Ook limoen takken, appel takken en sinaasappel takken verkrijgbaar bij Decofoodshop.nl\" \/>\n<meta property=\"og:url\" content=\"https:\/\/decofoodshop.nl\/de\/produkt\/fruchtzweig-kunstliche-zitronen\/\" \/>\n<meta property=\"og:site_name\" content=\"Decofoodshop\" \/>\n<meta property=\"article:modified_time\" content=\"2026-03-24T14:45:40+00:00\" \/>\n<meta property=\"og:image\" content=\"https:\/\/decofoodshop.nl\/wp-content\/uploads\/2020\/02\/20190912_161555.jpg\" \/>\n\t<meta property=\"og:image:width\" content=\"1200\" \/>\n\t<meta property=\"og:image:height\" content=\"1200\" \/>\n\t<meta property=\"og:image:type\" content=\"image\/jpeg\" \/>\n<meta name=\"twitter:card\" content=\"summary_large_image\" \/>\n<meta name=\"twitter:label1\" content=\"Gesch\u00e4tzte Lesezeit\" \/>\n\t<meta name=\"twitter:data1\" content=\"1\u00a0Minute\" \/>\n<script type=\"application\/ld+json\" class=\"yoast-schema-graph\">{\"@context\":\"https:\\\/\\\/schema.org\",\"@graph\":[{\"@type\":\"WebPage\",\"@id\":\"https:\\\/\\\/decofoodshop.nl\\\/product\\\/fruittak-kunst-citroenen\\\/\",\"url\":\"https:\\\/\\\/decofoodshop.nl\\\/product\\\/fruittak-kunst-citroenen\\\/\",\"name\":\"Fruittak Kunst Citroenen - Verkrijgbaar Bij Decofoodshop\",\"isPartOf\":{\"@id\":\"https:\\\/\\\/decofoodshop.nl\\\/#website\"},\"primaryImageOfPage\":{\"@id\":\"https:\\\/\\\/decofoodshop.nl\\\/product\\\/fruittak-kunst-citroenen\\\/#primaryimage\"},\"image\":{\"@id\":\"https:\\\/\\\/decofoodshop.nl\\\/product\\\/fruittak-kunst-citroenen\\\/#primaryimage\"},\"thumbnailUrl\":\"https:\\\/\\\/decofoodshop.nl\\\/wp-content\\\/uploads\\\/2020\\\/02\\\/20190912_161555.jpg\",\"datePublished\":\"2020-02-10T10:01:30+00:00\",\"dateModified\":\"2026-03-24T14:45:40+00:00\",\"description\":\"Mooie fruittak Kunst Citroenen met +\\\/- 10 kunst citroenen. Ook limoen takken, appel takken en sinaasappel takken verkrijgbaar bij Decofoodshop.nl\",\"breadcrumb\":{\"@id\":\"https:\\\/\\\/decofoodshop.nl\\\/product\\\/fruittak-kunst-citroenen\\\/#breadcrumb\"},\"inLanguage\":\"de\",\"potentialAction\":[{\"@type\":\"ReadAction\",\"target\":[\"https:\\\/\\\/decofoodshop.nl\\\/product\\\/fruittak-kunst-citroenen\\\/\"]}]},{\"@type\":\"ImageObject\",\"inLanguage\":\"de\",\"@id\":\"https:\\\/\\\/decofoodshop.nl\\\/product\\\/fruittak-kunst-citroenen\\\/#primaryimage\",\"url\":\"https:\\\/\\\/decofoodshop.nl\\\/wp-content\\\/uploads\\\/2020\\\/02\\\/20190912_161555.jpg\",\"contentUrl\":\"https:\\\/\\\/decofoodshop.nl\\\/wp-content\\\/uploads\\\/2020\\\/02\\\/20190912_161555.jpg\",\"width\":1200,\"height\":1200,\"caption\":\"Takken met nepcitroenen kopen bij Decofoodshop.nl\"},{\"@type\":\"BreadcrumbList\",\"@id\":\"https:\\\/\\\/decofoodshop.nl\\\/product\\\/fruittak-kunst-citroenen\\\/#breadcrumb\",\"itemListElement\":[{\"@type\":\"ListItem\",\"position\":1,\"name\":\"Home\",\"item\":\"https:\\\/\\\/decofoodshop.nl\\\/\"},{\"@type\":\"ListItem\",\"position\":2,\"name\":\"Winkel\",\"item\":\"https:\\\/\\\/decofoodshop.nl\\\/winkel\\\/\"},{\"@type\":\"ListItem\",\"position\":3,\"name\":\"Fruittak Kunst Citroenen\"}]},{\"@type\":\"WebSite\",\"@id\":\"https:\\\/\\\/decofoodshop.nl\\\/#website\",\"url\":\"https:\\\/\\\/decofoodshop.nl\\\/\",\"name\":\"Decofoodshop\",\"description\":\"\",\"potentialAction\":[{\"@type\":\"SearchAction\",\"target\":{\"@type\":\"EntryPoint\",\"urlTemplate\":\"https:\\\/\\\/decofoodshop.nl\\\/?s={search_term_string}\"},\"query-input\":{\"@type\":\"PropertyValueSpecification\",\"valueRequired\":true,\"valueName\":\"search_term_string\"}}],\"inLanguage\":\"de\"}]}<\/script>\n<!-- \/ Yoast SEO Premium plugin. -->","yoast_head_json":{"title":"Obstzweig Art Lemons - Erh\u00e4ltlich bei Decofoodshop","description":"Wundersch\u00f6ner Obstzweig K\u00fcnstliche Zitronen mit +\/- 10 k\u00fcnstlichen Zitronen. Limettenzweige, Apfelzweige und Orangenzweige sind auch bei Decofoodshop.nl erh\u00e4ltlich","robots":{"index":"index","follow":"follow","max-snippet":"max-snippet:-1","max-image-preview":"max-image-preview:large","max-video-preview":"max-video-preview:-1"},"canonical":"https:\/\/decofoodshop.nl\/de\/produkt\/fruchtzweig-kunstliche-zitronen\/","og_locale":"de_DE","og_type":"article","og_title":"Fruittak Kunst Citroenen","og_description":"Mooie fruittak Kunst Citroenen met +\/- 10 kunst citroenen. Ook limoen takken, appel takken en sinaasappel takken verkrijgbaar bij Decofoodshop.nl","og_url":"https:\/\/decofoodshop.nl\/de\/produkt\/fruchtzweig-kunstliche-zitronen\/","og_site_name":"Decofoodshop","article_modified_time":"2026-03-24T14:45:40+00:00","og_image":[{"width":1200,"height":1200,"url":"https:\/\/decofoodshop.nl\/wp-content\/uploads\/2020\/02\/20190912_161555.jpg","type":"image\/jpeg"}],"twitter_card":"summary_large_image","twitter_misc":{"Gesch\u00e4tzte Lesezeit":"1\u00a0Minute"},"schema":{"@context":"https:\/\/schema.org","@graph":[{"@type":"WebPage","@id":"https:\/\/decofoodshop.nl\/product\/fruittak-kunst-citroenen\/","url":"https:\/\/decofoodshop.nl\/product\/fruittak-kunst-citroenen\/","name":"Obstzweig Art Lemons - Erh\u00e4ltlich bei Decofoodshop","isPartOf":{"@id":"https:\/\/decofoodshop.nl\/#website"},"primaryImageOfPage":{"@id":"https:\/\/decofoodshop.nl\/product\/fruittak-kunst-citroenen\/#primaryimage"},"image":{"@id":"https:\/\/decofoodshop.nl\/product\/fruittak-kunst-citroenen\/#primaryimage"},"thumbnailUrl":"https:\/\/decofoodshop.nl\/wp-content\/uploads\/2020\/02\/20190912_161555.jpg","datePublished":"2020-02-10T10:01:30+00:00","dateModified":"2026-03-24T14:45:40+00:00","description":"Wundersch\u00f6ner Obstzweig K\u00fcnstliche Zitronen mit +\/- 10 k\u00fcnstlichen Zitronen. Limettenzweige, Apfelzweige und Orangenzweige sind auch bei Decofoodshop.nl erh\u00e4ltlich","breadcrumb":{"@id":"https:\/\/decofoodshop.nl\/product\/fruittak-kunst-citroenen\/#breadcrumb"},"inLanguage":"de","potentialAction":[{"@type":"ReadAction","target":["https:\/\/decofoodshop.nl\/product\/fruittak-kunst-citroenen\/"]}]},{"@type":"ImageObject","inLanguage":"de","@id":"https:\/\/decofoodshop.nl\/product\/fruittak-kunst-citroenen\/#primaryimage","url":"https:\/\/decofoodshop.nl\/wp-content\/uploads\/2020\/02\/20190912_161555.jpg","contentUrl":"https:\/\/decofoodshop.nl\/wp-content\/uploads\/2020\/02\/20190912_161555.jpg","width":1200,"height":1200,"caption":"Takken met nepcitroenen kopen bij Decofoodshop.nl"},{"@type":"BreadcrumbList","@id":"https:\/\/decofoodshop.nl\/product\/fruittak-kunst-citroenen\/#breadcrumb","itemListElement":[{"@type":"ListItem","position":1,"name":"Home","item":"https:\/\/decofoodshop.nl\/"},{"@type":"ListItem","position":2,"name":"Winkel","item":"https:\/\/decofoodshop.nl\/winkel\/"},{"@type":"ListItem","position":3,"name":"Fruittak Kunst Citroenen"}]},{"@type":"WebSite","@id":"https:\/\/decofoodshop.nl\/#website","url":"https:\/\/decofoodshop.nl\/","name":"Dekofoodshop","description":"","potentialAction":[{"@type":"SearchAction","target":{"@type":"EntryPoint","urlTemplate":"https:\/\/decofoodshop.nl\/?s={search_term_string}"},"query-input":{"@type":"PropertyValueSpecification","valueRequired":true,"valueName":"search_term_string"}}],"inLanguage":"de"}]}},"_links":{"self":[{"href":"https:\/\/decofoodshop.nl\/de\/wp-json\/wp\/v2\/product\/2184","targetHints":{"allow":["GET"]}}],"collection":[{"href":"https:\/\/decofoodshop.nl\/de\/wp-json\/wp\/v2\/product"}],"about":[{"href":"https:\/\/decofoodshop.nl\/de\/wp-json\/wp\/v2\/types\/product"}],"wp:featuredmedia":[{"embeddable":true,"href":"https:\/\/decofoodshop.nl\/de\/wp-json\/wp\/v2\/media\/2193"}],"wp:attachment":[{"href":"https:\/\/decofoodshop.nl\/de\/wp-json\/wp\/v2\/media?parent=2184"}],"wp:term":[{"taxonomy":"product_brand","embeddable":true,"href":"https:\/\/decofoodshop.nl\/de\/wp-json\/wp\/v2\/product_brand?post=2184"},{"taxonomy":"product_cat","embeddable":true,"href":"https:\/\/decofoodshop.nl\/de\/wp-json\/wp\/v2\/product_cat?post=2184"},{"taxonomy":"product_tag","embeddable":true,"href":"https:\/\/decofoodshop.nl\/de\/wp-json\/wp\/v2\/product_tag?post=2184"}],"curies":[{"name":"wp","href":"https:\/\/api.w.org\/{rel}","templated":true}]}}