{"id":2194,"date":"2020-02-10T12:16:04","date_gmt":"2020-02-10T12:16:04","guid":{"rendered":"https:\/\/decofoodshop.nl\/?post_type=product&#038;p=2194"},"modified":"2026-02-28T15:02:44","modified_gmt":"2026-02-28T14:02:44","slug":"fruchtzweig-kunstliche-limetten","status":"publish","type":"product","link":"https:\/\/decofoodshop.nl\/de\/product\/fruittak-kunst-limoenen\/","title":{"rendered":"Fruchtzweig Art Limes"},"content":{"rendered":"<p>Sch\u00f6ne Obstzweig-Kunstlimetten mit +\/- 10 k\u00fcnstlichen Limetten pro Zweig.<\/p>\n<p>Sie k\u00f6nnen die \u00c4ste beliebig biegen.<\/p>\n<p>Die k\u00fcnstlichen Lindenzweige haben auch detaillierte gr\u00fcne Bl\u00e4tter.<\/p>\n<p>Jede Kunstlimette hat eine andere Gr\u00f6\u00dfe.<\/p>\n<p>Seine Farbe ist nat\u00fcrlich gr\u00fcn wie eine echte Limette.<\/p>\n<p>Klicken<strong><span style=\"color: #008000;\"> <a style=\"color: #008000;\" href=\"https:\/\/decofoodshop.nl\/de\/produktkategorie-2\/pakete\/\">&#039;Hier&#039;<\/a> <\/span><\/strong>f\u00fcr unser Sortiment an Fertigverpackungen f\u00fcr k\u00fcnstliche Lebensmittel.<\/p>","protected":false},"excerpt":{"rendered":"<p>Wundersch\u00f6ner Fruchtzweig aus k\u00fcnstlichen Limetten mit +\/- 10 k\u00fcnstlichen Limetten pro Zweig. Sie k\u00f6nnen die Zweige nach Belieben biegen. Die k\u00fcnstlichen Lindenzweige weisen au\u00dferdem detaillierte gr\u00fcne Bl\u00e4tter auf. Jeder k\u00fcnstliche Kalk hat eine andere Gr\u00f6\u00dfe. Die Farbe ist nat\u00fcrlich gr\u00fcn, genau wie bei einer echten Limette. Klicken Sie \u201eHier\u201c, um zu unserem Sortiment an vorgefertigten k\u00fcnstlichen Lebensmittelverpackungen zu gelangen.<\/p>","protected":false},"featured_media":2198,"template":"","meta":{"_acf_changed":false,"_genesis_hide_title":false,"_genesis_hide_breadcrumbs":false,"_genesis_hide_singular_image":false,"_genesis_hide_footer_widgets":false,"_genesis_custom_body_class":"","_genesis_custom_post_class":"","_genesis_layout":""},"product_brand":[],"product_cat":[47,51],"product_tag":[],"class_list":{"0":"post-2194","1":"product","2":"type-product","3":"status-publish","4":"has-post-thumbnail","6":"product_cat-kunstfruit","7":"product_cat-overige","8":"entry","9":"wpx-has-gallery","11":"first","12":"instock","13":"taxable","14":"shipping-taxable","15":"purchasable","16":"product-type-simple"},"acf":[],"yoast_head":"<!-- This site is optimized with the Yoast SEO Premium plugin v27.3 (Yoast SEO v27.3) - https:\/\/yoast.com\/product\/yoast-seo-premium-wordpress\/ -->\n<title>Fruittak Kunst Limoenen - Verkrijgbaar Bij Decofoodshop<\/title>\n<meta name=\"description\" content=\"Mooie fruittak met +\/- 10 kunst limoenen per tak. De tak is buigbaar naar uw wens. Ook citroen, appel en sinaasappel kunst takken zijn verkrijgbaar.\" \/>\n<meta name=\"robots\" content=\"index, follow, max-snippet:-1, max-image-preview:large, max-video-preview:-1\" \/>\n<link rel=\"canonical\" href=\"https:\/\/decofoodshop.nl\/de\/produkt\/fruchtzweig-kunstliche-limetten\/\" \/>\n<meta property=\"og:locale\" content=\"de_DE\" \/>\n<meta property=\"og:type\" content=\"article\" \/>\n<meta property=\"og:title\" content=\"Fruittak Kunst Limoenen\" \/>\n<meta property=\"og:description\" content=\"Mooie fruittak met +\/- 10 kunst limoenen per tak. De tak is buigbaar naar uw wens. Ook citroen, appel en sinaasappel kunst takken zijn verkrijgbaar.\" \/>\n<meta property=\"og:url\" content=\"https:\/\/decofoodshop.nl\/de\/produkt\/fruchtzweig-kunstliche-limetten\/\" \/>\n<meta property=\"og:site_name\" content=\"Decofoodshop\" \/>\n<meta property=\"article:modified_time\" content=\"2026-02-28T14:02:44+00:00\" \/>\n<meta property=\"og:image\" content=\"https:\/\/decofoodshop.nl\/wp-content\/uploads\/2020\/02\/Fruittak-Kunst-Limoenen.jpg\" \/>\n\t<meta property=\"og:image:width\" content=\"1200\" \/>\n\t<meta property=\"og:image:height\" content=\"1196\" \/>\n\t<meta property=\"og:image:type\" content=\"image\/jpeg\" \/>\n<meta name=\"twitter:card\" content=\"summary_large_image\" \/>\n<meta name=\"twitter:label1\" content=\"Gesch\u00e4tzte Lesezeit\" \/>\n\t<meta name=\"twitter:data1\" content=\"1\u00a0Minute\" \/>\n<script type=\"application\/ld+json\" class=\"yoast-schema-graph\">{\"@context\":\"https:\\\/\\\/schema.org\",\"@graph\":[{\"@type\":\"WebPage\",\"@id\":\"https:\\\/\\\/decofoodshop.nl\\\/product\\\/fruittak-kunst-limoenen\\\/\",\"url\":\"https:\\\/\\\/decofoodshop.nl\\\/product\\\/fruittak-kunst-limoenen\\\/\",\"name\":\"Fruittak Kunst Limoenen - Verkrijgbaar Bij Decofoodshop\",\"isPartOf\":{\"@id\":\"https:\\\/\\\/decofoodshop.nl\\\/#website\"},\"primaryImageOfPage\":{\"@id\":\"https:\\\/\\\/decofoodshop.nl\\\/product\\\/fruittak-kunst-limoenen\\\/#primaryimage\"},\"image\":{\"@id\":\"https:\\\/\\\/decofoodshop.nl\\\/product\\\/fruittak-kunst-limoenen\\\/#primaryimage\"},\"thumbnailUrl\":\"https:\\\/\\\/decofoodshop.nl\\\/wp-content\\\/uploads\\\/2020\\\/02\\\/Fruittak-Kunst-Limoenen.jpg\",\"datePublished\":\"2020-02-10T12:16:04+00:00\",\"dateModified\":\"2026-02-28T14:02:44+00:00\",\"description\":\"Mooie fruittak met +\\\/- 10 kunst limoenen per tak. De tak is buigbaar naar uw wens. Ook citroen, appel en sinaasappel kunst takken zijn verkrijgbaar.\",\"breadcrumb\":{\"@id\":\"https:\\\/\\\/decofoodshop.nl\\\/product\\\/fruittak-kunst-limoenen\\\/#breadcrumb\"},\"inLanguage\":\"de\",\"potentialAction\":[{\"@type\":\"ReadAction\",\"target\":[\"https:\\\/\\\/decofoodshop.nl\\\/product\\\/fruittak-kunst-limoenen\\\/\"]}]},{\"@type\":\"ImageObject\",\"inLanguage\":\"de\",\"@id\":\"https:\\\/\\\/decofoodshop.nl\\\/product\\\/fruittak-kunst-limoenen\\\/#primaryimage\",\"url\":\"https:\\\/\\\/decofoodshop.nl\\\/wp-content\\\/uploads\\\/2020\\\/02\\\/Fruittak-Kunst-Limoenen.jpg\",\"contentUrl\":\"https:\\\/\\\/decofoodshop.nl\\\/wp-content\\\/uploads\\\/2020\\\/02\\\/Fruittak-Kunst-Limoenen.jpg\",\"width\":1200,\"height\":1196},{\"@type\":\"BreadcrumbList\",\"@id\":\"https:\\\/\\\/decofoodshop.nl\\\/product\\\/fruittak-kunst-limoenen\\\/#breadcrumb\",\"itemListElement\":[{\"@type\":\"ListItem\",\"position\":1,\"name\":\"Home\",\"item\":\"https:\\\/\\\/decofoodshop.nl\\\/\"},{\"@type\":\"ListItem\",\"position\":2,\"name\":\"Winkel\",\"item\":\"https:\\\/\\\/decofoodshop.nl\\\/winkel\\\/\"},{\"@type\":\"ListItem\",\"position\":3,\"name\":\"Fruittak Kunst Limoenen\"}]},{\"@type\":\"WebSite\",\"@id\":\"https:\\\/\\\/decofoodshop.nl\\\/#website\",\"url\":\"https:\\\/\\\/decofoodshop.nl\\\/\",\"name\":\"Decofoodshop\",\"description\":\"\",\"potentialAction\":[{\"@type\":\"SearchAction\",\"target\":{\"@type\":\"EntryPoint\",\"urlTemplate\":\"https:\\\/\\\/decofoodshop.nl\\\/?s={search_term_string}\"},\"query-input\":{\"@type\":\"PropertyValueSpecification\",\"valueRequired\":true,\"valueName\":\"search_term_string\"}}],\"inLanguage\":\"de\"}]}<\/script>\n<!-- \/ Yoast SEO Premium plugin. -->","yoast_head_json":{"title":"K\u00fcnstliche Limetten mit Fruchtzweig - Erh\u00e4ltlich bei Decofoodshop","description":"Sch\u00f6ner Obstzweig mit +\/- 10 k\u00fcnstlichen Limetten pro Zweig. Der Ast ist nach Belieben biegbar. K\u00fcnstliche Zitronen-, Apfel- und Orangenzweige sind ebenfalls erh\u00e4ltlich.","robots":{"index":"index","follow":"follow","max-snippet":"max-snippet:-1","max-image-preview":"max-image-preview:large","max-video-preview":"max-video-preview:-1"},"canonical":"https:\/\/decofoodshop.nl\/de\/produkt\/fruchtzweig-kunstliche-limetten\/","og_locale":"de_DE","og_type":"article","og_title":"Fruittak Kunst Limoenen","og_description":"Mooie fruittak met +\/- 10 kunst limoenen per tak. De tak is buigbaar naar uw wens. Ook citroen, appel en sinaasappel kunst takken zijn verkrijgbaar.","og_url":"https:\/\/decofoodshop.nl\/de\/produkt\/fruchtzweig-kunstliche-limetten\/","og_site_name":"Decofoodshop","article_modified_time":"2026-02-28T14:02:44+00:00","og_image":[{"width":1200,"height":1196,"url":"https:\/\/decofoodshop.nl\/wp-content\/uploads\/2020\/02\/Fruittak-Kunst-Limoenen.jpg","type":"image\/jpeg"}],"twitter_card":"summary_large_image","twitter_misc":{"Gesch\u00e4tzte Lesezeit":"1\u00a0Minute"},"schema":{"@context":"https:\/\/schema.org","@graph":[{"@type":"WebPage","@id":"https:\/\/decofoodshop.nl\/product\/fruittak-kunst-limoenen\/","url":"https:\/\/decofoodshop.nl\/product\/fruittak-kunst-limoenen\/","name":"K\u00fcnstliche Limetten mit Fruchtzweig - Erh\u00e4ltlich bei Decofoodshop","isPartOf":{"@id":"https:\/\/decofoodshop.nl\/#website"},"primaryImageOfPage":{"@id":"https:\/\/decofoodshop.nl\/product\/fruittak-kunst-limoenen\/#primaryimage"},"image":{"@id":"https:\/\/decofoodshop.nl\/product\/fruittak-kunst-limoenen\/#primaryimage"},"thumbnailUrl":"https:\/\/decofoodshop.nl\/wp-content\/uploads\/2020\/02\/Fruittak-Kunst-Limoenen.jpg","datePublished":"2020-02-10T12:16:04+00:00","dateModified":"2026-02-28T14:02:44+00:00","description":"Sch\u00f6ner Obstzweig mit +\/- 10 k\u00fcnstlichen Limetten pro Zweig. Der Ast ist nach Belieben biegbar. K\u00fcnstliche Zitronen-, Apfel- und Orangenzweige sind ebenfalls erh\u00e4ltlich.","breadcrumb":{"@id":"https:\/\/decofoodshop.nl\/product\/fruittak-kunst-limoenen\/#breadcrumb"},"inLanguage":"de","potentialAction":[{"@type":"ReadAction","target":["https:\/\/decofoodshop.nl\/product\/fruittak-kunst-limoenen\/"]}]},{"@type":"ImageObject","inLanguage":"de","@id":"https:\/\/decofoodshop.nl\/product\/fruittak-kunst-limoenen\/#primaryimage","url":"https:\/\/decofoodshop.nl\/wp-content\/uploads\/2020\/02\/Fruittak-Kunst-Limoenen.jpg","contentUrl":"https:\/\/decofoodshop.nl\/wp-content\/uploads\/2020\/02\/Fruittak-Kunst-Limoenen.jpg","width":1200,"height":1196},{"@type":"BreadcrumbList","@id":"https:\/\/decofoodshop.nl\/product\/fruittak-kunst-limoenen\/#breadcrumb","itemListElement":[{"@type":"ListItem","position":1,"name":"Home","item":"https:\/\/decofoodshop.nl\/"},{"@type":"ListItem","position":2,"name":"Winkel","item":"https:\/\/decofoodshop.nl\/winkel\/"},{"@type":"ListItem","position":3,"name":"Fruittak Kunst Limoenen"}]},{"@type":"WebSite","@id":"https:\/\/decofoodshop.nl\/#website","url":"https:\/\/decofoodshop.nl\/","name":"Dekofoodshop","description":"","potentialAction":[{"@type":"SearchAction","target":{"@type":"EntryPoint","urlTemplate":"https:\/\/decofoodshop.nl\/?s={search_term_string}"},"query-input":{"@type":"PropertyValueSpecification","valueRequired":true,"valueName":"search_term_string"}}],"inLanguage":"de"}]}},"_links":{"self":[{"href":"https:\/\/decofoodshop.nl\/de\/wp-json\/wp\/v2\/product\/2194","targetHints":{"allow":["GET"]}}],"collection":[{"href":"https:\/\/decofoodshop.nl\/de\/wp-json\/wp\/v2\/product"}],"about":[{"href":"https:\/\/decofoodshop.nl\/de\/wp-json\/wp\/v2\/types\/product"}],"wp:featuredmedia":[{"embeddable":true,"href":"https:\/\/decofoodshop.nl\/de\/wp-json\/wp\/v2\/media\/2198"}],"wp:attachment":[{"href":"https:\/\/decofoodshop.nl\/de\/wp-json\/wp\/v2\/media?parent=2194"}],"wp:term":[{"taxonomy":"product_brand","embeddable":true,"href":"https:\/\/decofoodshop.nl\/de\/wp-json\/wp\/v2\/product_brand?post=2194"},{"taxonomy":"product_cat","embeddable":true,"href":"https:\/\/decofoodshop.nl\/de\/wp-json\/wp\/v2\/product_cat?post=2194"},{"taxonomy":"product_tag","embeddable":true,"href":"https:\/\/decofoodshop.nl\/de\/wp-json\/wp\/v2\/product_tag?post=2194"}],"curies":[{"name":"wp","href":"https:\/\/api.w.org\/{rel}","templated":true}]}}