{"id":2223,"date":"2020-02-11T10:03:22","date_gmt":"2020-02-11T10:03:22","guid":{"rendered":"https:\/\/decofoodshop.nl\/?post_type=product&#038;p=2223"},"modified":"2026-02-28T15:02:18","modified_gmt":"2026-02-28T14:02:18","slug":"obstzweig-kunstliche-apfel","status":"publish","type":"product","link":"https:\/\/decofoodshop.nl\/de\/product\/fruittak-kunst-appels\/","title":{"rendered":"Obst-Zweig-Kunst-\u00c4pfel"},"content":{"rendered":"<p>Dieser Obstzweig mit k\u00fcnstlichen \u00c4pfeln ist ein \u00e4u\u00dferst dekoratives Produkt.<\/p>\n<p>Jeder k\u00fcnstliche Fruchtzweig enth\u00e4lt +\/- 6 k\u00fcnstliche \u00c4pfel.<\/p>\n<p>Jeder Zweig ist au\u00dferdem mit detaillierten gr\u00fcnen Bl\u00e4ttern versehen.<\/p>\n<p>Die k\u00fcnstlichen Apfelzweige haben eine sch\u00f6ne frische Farbe und sind mit naturgetreuen \u00c4pfeln versehen.<\/p>\n<p>Klicken Sie f\u00fcr mehr k\u00fcnstliche Fr\u00fcchte<strong><span style=\"color: #008000;\"> <a style=\"color: #008000;\" href=\"https:\/\/decofoodshop.nl\/de\/produktkategorie-2\/kunstliche-fruchte\/\">&#039;Hier&#039;<\/a>.<\/span><\/strong><\/p>","protected":false},"excerpt":{"rendered":"<p>Dieser Obstzweig mit k\u00fcnstlichen \u00c4pfeln ist ein \u00e4u\u00dferst dekoratives Produkt. Jeder k\u00fcnstliche Fruchtzweig enth\u00e4lt +\/- 6 k\u00fcnstliche \u00c4pfel. Jeder Zweig hat au\u00dferdem detaillierte gr\u00fcne Bl\u00e4tter. Die k\u00fcnstlichen Apfelzweige haben eine sch\u00f6ne frische Farbe und sind mit naturgetreuen \u00c4pfeln versehen. F\u00fcr weitere k\u00fcnstliche Fr\u00fcchte klicken Sie auf \u201eHier\u201c.<\/p>","protected":false},"featured_media":2224,"template":"","meta":{"_acf_changed":false,"_genesis_hide_title":false,"_genesis_hide_breadcrumbs":false,"_genesis_hide_singular_image":false,"_genesis_hide_footer_widgets":false,"_genesis_custom_body_class":"","_genesis_custom_post_class":"","_genesis_layout":""},"product_brand":[],"product_cat":[47,51],"product_tag":[],"class_list":{"0":"post-2223","1":"product","2":"type-product","3":"status-publish","4":"has-post-thumbnail","6":"product_cat-kunstfruit","7":"product_cat-overige","8":"entry","9":"wpx-has-gallery","11":"first","12":"instock","13":"taxable","14":"shipping-taxable","15":"purchasable","16":"product-type-simple"},"acf":[],"yoast_head":"<!-- This site is optimized with the Yoast SEO Premium plugin v27.3 (Yoast SEO v27.4) - https:\/\/yoast.com\/product\/yoast-seo-premium-wordpress\/ -->\n<title>Fruittak Kunst Appels - Verkrijgbaar Bij Decofoodshop<\/title>\n<meta name=\"description\" content=\"Mooie fruittak met kunst appels, gedetailleerd en niet van echt te onderscheiden. Ook met citroen, limoen en sinaasappels verkrijgbaar.\" \/>\n<meta name=\"robots\" content=\"index, follow, max-snippet:-1, max-image-preview:large, max-video-preview:-1\" \/>\n<link rel=\"canonical\" href=\"https:\/\/decofoodshop.nl\/de\/produkt\/obstzweig-kunstliche-apfel\/\" \/>\n<meta property=\"og:locale\" content=\"de_DE\" \/>\n<meta property=\"og:type\" content=\"article\" \/>\n<meta property=\"og:title\" content=\"Fruittak Kunst Appels\" \/>\n<meta property=\"og:description\" content=\"Mooie fruittak met kunst appels, gedetailleerd en niet van echt te onderscheiden. Ook met citroen, limoen en sinaasappels verkrijgbaar.\" \/>\n<meta property=\"og:url\" content=\"https:\/\/decofoodshop.nl\/de\/produkt\/obstzweig-kunstliche-apfel\/\" \/>\n<meta property=\"og:site_name\" content=\"Decofoodshop\" \/>\n<meta property=\"article:modified_time\" content=\"2026-02-28T14:02:18+00:00\" \/>\n<meta property=\"og:image\" content=\"https:\/\/decofoodshop.nl\/wp-content\/uploads\/2020\/02\/Fruittak-Kunst-Appels.jpg\" \/>\n\t<meta property=\"og:image:width\" content=\"1200\" \/>\n\t<meta property=\"og:image:height\" content=\"1200\" \/>\n\t<meta property=\"og:image:type\" content=\"image\/jpeg\" \/>\n<meta name=\"twitter:card\" content=\"summary_large_image\" \/>\n<meta name=\"twitter:label1\" content=\"Gesch\u00e4tzte Lesezeit\" \/>\n\t<meta name=\"twitter:data1\" content=\"1\u00a0Minute\" \/>\n<script type=\"application\/ld+json\" class=\"yoast-schema-graph\">{\"@context\":\"https:\\\/\\\/schema.org\",\"@graph\":[{\"@type\":\"WebPage\",\"@id\":\"https:\\\/\\\/decofoodshop.nl\\\/product\\\/fruittak-kunst-appels\\\/\",\"url\":\"https:\\\/\\\/decofoodshop.nl\\\/product\\\/fruittak-kunst-appels\\\/\",\"name\":\"Fruittak Kunst Appels - Verkrijgbaar Bij Decofoodshop\",\"isPartOf\":{\"@id\":\"https:\\\/\\\/decofoodshop.nl\\\/#website\"},\"primaryImageOfPage\":{\"@id\":\"https:\\\/\\\/decofoodshop.nl\\\/product\\\/fruittak-kunst-appels\\\/#primaryimage\"},\"image\":{\"@id\":\"https:\\\/\\\/decofoodshop.nl\\\/product\\\/fruittak-kunst-appels\\\/#primaryimage\"},\"thumbnailUrl\":\"https:\\\/\\\/decofoodshop.nl\\\/wp-content\\\/uploads\\\/2020\\\/02\\\/Fruittak-Kunst-Appels.jpg\",\"datePublished\":\"2020-02-11T10:03:22+00:00\",\"dateModified\":\"2026-02-28T14:02:18+00:00\",\"description\":\"Mooie fruittak met kunst appels, gedetailleerd en niet van echt te onderscheiden. Ook met citroen, limoen en sinaasappels verkrijgbaar.\",\"breadcrumb\":{\"@id\":\"https:\\\/\\\/decofoodshop.nl\\\/product\\\/fruittak-kunst-appels\\\/#breadcrumb\"},\"inLanguage\":\"de\",\"potentialAction\":[{\"@type\":\"ReadAction\",\"target\":[\"https:\\\/\\\/decofoodshop.nl\\\/product\\\/fruittak-kunst-appels\\\/\"]}]},{\"@type\":\"ImageObject\",\"inLanguage\":\"de\",\"@id\":\"https:\\\/\\\/decofoodshop.nl\\\/product\\\/fruittak-kunst-appels\\\/#primaryimage\",\"url\":\"https:\\\/\\\/decofoodshop.nl\\\/wp-content\\\/uploads\\\/2020\\\/02\\\/Fruittak-Kunst-Appels.jpg\",\"contentUrl\":\"https:\\\/\\\/decofoodshop.nl\\\/wp-content\\\/uploads\\\/2020\\\/02\\\/Fruittak-Kunst-Appels.jpg\",\"width\":1200,\"height\":1200,\"caption\":\"Fruittak Kunst Appels\"},{\"@type\":\"BreadcrumbList\",\"@id\":\"https:\\\/\\\/decofoodshop.nl\\\/product\\\/fruittak-kunst-appels\\\/#breadcrumb\",\"itemListElement\":[{\"@type\":\"ListItem\",\"position\":1,\"name\":\"Home\",\"item\":\"https:\\\/\\\/decofoodshop.nl\\\/\"},{\"@type\":\"ListItem\",\"position\":2,\"name\":\"Winkel\",\"item\":\"https:\\\/\\\/decofoodshop.nl\\\/winkel\\\/\"},{\"@type\":\"ListItem\",\"position\":3,\"name\":\"Fruittak Kunst Appels\"}]},{\"@type\":\"WebSite\",\"@id\":\"https:\\\/\\\/decofoodshop.nl\\\/#website\",\"url\":\"https:\\\/\\\/decofoodshop.nl\\\/\",\"name\":\"Decofoodshop\",\"description\":\"\",\"potentialAction\":[{\"@type\":\"SearchAction\",\"target\":{\"@type\":\"EntryPoint\",\"urlTemplate\":\"https:\\\/\\\/decofoodshop.nl\\\/?s={search_term_string}\"},\"query-input\":{\"@type\":\"PropertyValueSpecification\",\"valueRequired\":true,\"valueName\":\"search_term_string\"}}],\"inLanguage\":\"de\"}]}<\/script>\n<!-- \/ Yoast SEO Premium plugin. -->","yoast_head_json":{"title":"Obstzweig K\u00fcnstliche \u00c4pfel - Erh\u00e4ltlich bei Decofoodshop","description":"Sch\u00f6ner Obstzweig mit k\u00fcnstlichen \u00c4pfeln, detailreich und nicht vom Original zu unterscheiden. Auch mit Zitrone, Limette und Orange erh\u00e4ltlich.","robots":{"index":"index","follow":"follow","max-snippet":"max-snippet:-1","max-image-preview":"max-image-preview:large","max-video-preview":"max-video-preview:-1"},"canonical":"https:\/\/decofoodshop.nl\/de\/produkt\/obstzweig-kunstliche-apfel\/","og_locale":"de_DE","og_type":"article","og_title":"Fruittak Kunst Appels","og_description":"Mooie fruittak met kunst appels, gedetailleerd en niet van echt te onderscheiden. Ook met citroen, limoen en sinaasappels verkrijgbaar.","og_url":"https:\/\/decofoodshop.nl\/de\/produkt\/obstzweig-kunstliche-apfel\/","og_site_name":"Decofoodshop","article_modified_time":"2026-02-28T14:02:18+00:00","og_image":[{"width":1200,"height":1200,"url":"https:\/\/decofoodshop.nl\/wp-content\/uploads\/2020\/02\/Fruittak-Kunst-Appels.jpg","type":"image\/jpeg"}],"twitter_card":"summary_large_image","twitter_misc":{"Gesch\u00e4tzte Lesezeit":"1\u00a0Minute"},"schema":{"@context":"https:\/\/schema.org","@graph":[{"@type":"WebPage","@id":"https:\/\/decofoodshop.nl\/product\/fruittak-kunst-appels\/","url":"https:\/\/decofoodshop.nl\/product\/fruittak-kunst-appels\/","name":"Obstzweig K\u00fcnstliche \u00c4pfel - Erh\u00e4ltlich bei Decofoodshop","isPartOf":{"@id":"https:\/\/decofoodshop.nl\/#website"},"primaryImageOfPage":{"@id":"https:\/\/decofoodshop.nl\/product\/fruittak-kunst-appels\/#primaryimage"},"image":{"@id":"https:\/\/decofoodshop.nl\/product\/fruittak-kunst-appels\/#primaryimage"},"thumbnailUrl":"https:\/\/decofoodshop.nl\/wp-content\/uploads\/2020\/02\/Fruittak-Kunst-Appels.jpg","datePublished":"2020-02-11T10:03:22+00:00","dateModified":"2026-02-28T14:02:18+00:00","description":"Sch\u00f6ner Obstzweig mit k\u00fcnstlichen \u00c4pfeln, detailreich und nicht vom Original zu unterscheiden. Auch mit Zitrone, Limette und Orange erh\u00e4ltlich.","breadcrumb":{"@id":"https:\/\/decofoodshop.nl\/product\/fruittak-kunst-appels\/#breadcrumb"},"inLanguage":"de","potentialAction":[{"@type":"ReadAction","target":["https:\/\/decofoodshop.nl\/product\/fruittak-kunst-appels\/"]}]},{"@type":"ImageObject","inLanguage":"de","@id":"https:\/\/decofoodshop.nl\/product\/fruittak-kunst-appels\/#primaryimage","url":"https:\/\/decofoodshop.nl\/wp-content\/uploads\/2020\/02\/Fruittak-Kunst-Appels.jpg","contentUrl":"https:\/\/decofoodshop.nl\/wp-content\/uploads\/2020\/02\/Fruittak-Kunst-Appels.jpg","width":1200,"height":1200,"caption":"Fruittak Kunst Appels"},{"@type":"BreadcrumbList","@id":"https:\/\/decofoodshop.nl\/product\/fruittak-kunst-appels\/#breadcrumb","itemListElement":[{"@type":"ListItem","position":1,"name":"Home","item":"https:\/\/decofoodshop.nl\/"},{"@type":"ListItem","position":2,"name":"Winkel","item":"https:\/\/decofoodshop.nl\/winkel\/"},{"@type":"ListItem","position":3,"name":"Fruittak Kunst Appels"}]},{"@type":"WebSite","@id":"https:\/\/decofoodshop.nl\/#website","url":"https:\/\/decofoodshop.nl\/","name":"Dekofoodshop","description":"","potentialAction":[{"@type":"SearchAction","target":{"@type":"EntryPoint","urlTemplate":"https:\/\/decofoodshop.nl\/?s={search_term_string}"},"query-input":{"@type":"PropertyValueSpecification","valueRequired":true,"valueName":"search_term_string"}}],"inLanguage":"de"}]}},"_links":{"self":[{"href":"https:\/\/decofoodshop.nl\/de\/wp-json\/wp\/v2\/product\/2223","targetHints":{"allow":["GET"]}}],"collection":[{"href":"https:\/\/decofoodshop.nl\/de\/wp-json\/wp\/v2\/product"}],"about":[{"href":"https:\/\/decofoodshop.nl\/de\/wp-json\/wp\/v2\/types\/product"}],"wp:featuredmedia":[{"embeddable":true,"href":"https:\/\/decofoodshop.nl\/de\/wp-json\/wp\/v2\/media\/2224"}],"wp:attachment":[{"href":"https:\/\/decofoodshop.nl\/de\/wp-json\/wp\/v2\/media?parent=2223"}],"wp:term":[{"taxonomy":"product_brand","embeddable":true,"href":"https:\/\/decofoodshop.nl\/de\/wp-json\/wp\/v2\/product_brand?post=2223"},{"taxonomy":"product_cat","embeddable":true,"href":"https:\/\/decofoodshop.nl\/de\/wp-json\/wp\/v2\/product_cat?post=2223"},{"taxonomy":"product_tag","embeddable":true,"href":"https:\/\/decofoodshop.nl\/de\/wp-json\/wp\/v2\/product_tag?post=2223"}],"curies":[{"name":"wp","href":"https:\/\/api.w.org\/{rel}","templated":true}]}}