{"id":2230,"date":"2020-02-11T10:14:20","date_gmt":"2020-02-11T10:14:20","guid":{"rendered":"https:\/\/decofoodshop.nl\/?post_type=product&#038;p=2230"},"modified":"2026-02-28T15:02:14","modified_gmt":"2026-02-28T14:02:14","slug":"gefalschte-drachenfrucht","status":"publish","type":"product","link":"https:\/\/decofoodshop.nl\/de\/product\/namaak-drakenfruit\/","title":{"rendered":"Gef\u00e4lschte Drachenfrucht"},"content":{"rendered":"<p>Gef\u00e4lschte Drachenfrucht mit nat\u00fcrlicher Farbe.<\/p>\n<p>Die Form der gef\u00e4lschten Drachenfrucht ist wie echt.<\/p>\n<p>Durch seine unebene Form wirkt es noch realistischer.<\/p>\n<p>Seine Bl\u00e4tter sorgen auch f\u00fcr ein sch\u00f6nes Aussehen.<\/p>\n<p>Die Kunstdrachenfrucht ist nicht zerbrechlich.<\/p>\n<p>Sein exotisches Aussehen macht es \u00e4u\u00dferst dekorativ.<\/p>\n<p>F\u00fcr exotischere k\u00fcnstliche Fr\u00fcchte klicken Sie<strong><span style=\"color: #008000;\"> <a style=\"color: #008000;\" href=\"https:\/\/decofoodshop.nl\/de\/produktkategorie-2\/kunstliche-fruchte\/\">&#039;Hier&#039;<\/a>.<\/span><\/strong><\/p>","protected":false},"excerpt":{"rendered":"<p>Nachgemachte Drachenfrucht mit nat\u00fcrlicher Farbe. Die Form der gef\u00e4lschten Drachenfrucht \u00e4hnelt der einer echten. Seine unebene Form l\u00e4sst es noch realistischer wirken. Auch seine Bl\u00e4tter sorgen f\u00fcr ein sch\u00f6nes Aussehen. Die k\u00fcnstliche Drachenfrucht ist nicht zerbrechlich. Sein exotisches Aussehen macht ihn \u00e4u\u00dferst dekorativ. F\u00fcr weitere exotische Kunstfr\u00fcchte klicken Sie auf \u201eHier\u201c.<\/p>","protected":false},"featured_media":2231,"template":"","meta":{"_acf_changed":false,"_genesis_hide_title":false,"_genesis_hide_breadcrumbs":false,"_genesis_hide_singular_image":false,"_genesis_hide_footer_widgets":false,"_genesis_custom_body_class":"","_genesis_custom_post_class":"","_genesis_layout":""},"product_brand":[],"product_cat":[47],"product_tag":[],"class_list":{"0":"post-2230","1":"product","2":"type-product","3":"status-publish","4":"has-post-thumbnail","6":"product_cat-kunstfruit","7":"entry","8":"wpx-has-gallery","10":"first","11":"instock","12":"taxable","13":"shipping-taxable","14":"purchasable","15":"product-type-simple"},"acf":[],"yoast_head":"<!-- This site is optimized with the Yoast SEO Premium plugin v27.3 (Yoast SEO v27.3) - https:\/\/yoast.com\/product\/yoast-seo-premium-wordpress\/ -->\n<title>Namaak Drakenfruit - Verkrijgbaar Bij Decofoodshop<\/title>\n<meta name=\"description\" content=\"Realistische namaak drakenfruit vrucht. Door zijn natuurlijk en exotsich uiterlijk is deze namaak drakenfruit uiterst decoratief inzetbaar.\" \/>\n<meta name=\"robots\" content=\"index, follow, max-snippet:-1, max-image-preview:large, max-video-preview:-1\" \/>\n<link rel=\"canonical\" href=\"https:\/\/decofoodshop.nl\/de\/produkt\/gefalschte-drachenfrucht\/\" \/>\n<meta property=\"og:locale\" content=\"de_DE\" \/>\n<meta property=\"og:type\" content=\"article\" \/>\n<meta property=\"og:title\" content=\"Namaak Drakenfruit\" \/>\n<meta property=\"og:description\" content=\"Realistische namaak drakenfruit vrucht. Door zijn natuurlijk en exotsich uiterlijk is deze namaak drakenfruit uiterst decoratief inzetbaar.\" \/>\n<meta property=\"og:url\" content=\"https:\/\/decofoodshop.nl\/de\/produkt\/gefalschte-drachenfrucht\/\" \/>\n<meta property=\"og:site_name\" content=\"Decofoodshop\" \/>\n<meta property=\"article:modified_time\" content=\"2026-02-28T14:02:14+00:00\" \/>\n<meta property=\"og:image\" content=\"https:\/\/decofoodshop.nl\/wp-content\/uploads\/2020\/02\/Namaak-Drakenfruit-18cm.jpg\" \/>\n\t<meta property=\"og:image:width\" content=\"1194\" \/>\n\t<meta property=\"og:image:height\" content=\"1200\" \/>\n\t<meta property=\"og:image:type\" content=\"image\/jpeg\" \/>\n<meta name=\"twitter:card\" content=\"summary_large_image\" \/>\n<meta name=\"twitter:label1\" content=\"Gesch\u00e4tzte Lesezeit\" \/>\n\t<meta name=\"twitter:data1\" content=\"1\u00a0Minute\" \/>\n<script type=\"application\/ld+json\" class=\"yoast-schema-graph\">{\"@context\":\"https:\\\/\\\/schema.org\",\"@graph\":[{\"@type\":\"WebPage\",\"@id\":\"https:\\\/\\\/decofoodshop.nl\\\/product\\\/namaak-drakenfruit\\\/\",\"url\":\"https:\\\/\\\/decofoodshop.nl\\\/product\\\/namaak-drakenfruit\\\/\",\"name\":\"Namaak Drakenfruit - Verkrijgbaar Bij Decofoodshop\",\"isPartOf\":{\"@id\":\"https:\\\/\\\/decofoodshop.nl\\\/#website\"},\"primaryImageOfPage\":{\"@id\":\"https:\\\/\\\/decofoodshop.nl\\\/product\\\/namaak-drakenfruit\\\/#primaryimage\"},\"image\":{\"@id\":\"https:\\\/\\\/decofoodshop.nl\\\/product\\\/namaak-drakenfruit\\\/#primaryimage\"},\"thumbnailUrl\":\"https:\\\/\\\/decofoodshop.nl\\\/wp-content\\\/uploads\\\/2020\\\/02\\\/Namaak-Drakenfruit-18cm.jpg\",\"datePublished\":\"2020-02-11T10:14:20+00:00\",\"dateModified\":\"2026-02-28T14:02:14+00:00\",\"description\":\"Realistische namaak drakenfruit vrucht. Door zijn natuurlijk en exotsich uiterlijk is deze namaak drakenfruit uiterst decoratief inzetbaar.\",\"breadcrumb\":{\"@id\":\"https:\\\/\\\/decofoodshop.nl\\\/product\\\/namaak-drakenfruit\\\/#breadcrumb\"},\"inLanguage\":\"de\",\"potentialAction\":[{\"@type\":\"ReadAction\",\"target\":[\"https:\\\/\\\/decofoodshop.nl\\\/product\\\/namaak-drakenfruit\\\/\"]}]},{\"@type\":\"ImageObject\",\"inLanguage\":\"de\",\"@id\":\"https:\\\/\\\/decofoodshop.nl\\\/product\\\/namaak-drakenfruit\\\/#primaryimage\",\"url\":\"https:\\\/\\\/decofoodshop.nl\\\/wp-content\\\/uploads\\\/2020\\\/02\\\/Namaak-Drakenfruit-18cm.jpg\",\"contentUrl\":\"https:\\\/\\\/decofoodshop.nl\\\/wp-content\\\/uploads\\\/2020\\\/02\\\/Namaak-Drakenfruit-18cm.jpg\",\"width\":1194,\"height\":1200,\"caption\":\"Namaak Drakenfruit\"},{\"@type\":\"BreadcrumbList\",\"@id\":\"https:\\\/\\\/decofoodshop.nl\\\/product\\\/namaak-drakenfruit\\\/#breadcrumb\",\"itemListElement\":[{\"@type\":\"ListItem\",\"position\":1,\"name\":\"Home\",\"item\":\"https:\\\/\\\/decofoodshop.nl\\\/\"},{\"@type\":\"ListItem\",\"position\":2,\"name\":\"Winkel\",\"item\":\"https:\\\/\\\/decofoodshop.nl\\\/winkel\\\/\"},{\"@type\":\"ListItem\",\"position\":3,\"name\":\"Namaak Drakenfruit\"}]},{\"@type\":\"WebSite\",\"@id\":\"https:\\\/\\\/decofoodshop.nl\\\/#website\",\"url\":\"https:\\\/\\\/decofoodshop.nl\\\/\",\"name\":\"Decofoodshop\",\"description\":\"\",\"potentialAction\":[{\"@type\":\"SearchAction\",\"target\":{\"@type\":\"EntryPoint\",\"urlTemplate\":\"https:\\\/\\\/decofoodshop.nl\\\/?s={search_term_string}\"},\"query-input\":{\"@type\":\"PropertyValueSpecification\",\"valueRequired\":true,\"valueName\":\"search_term_string\"}}],\"inLanguage\":\"de\"}]}<\/script>\n<!-- \/ Yoast SEO Premium plugin. -->","yoast_head_json":{"title":"Gef\u00e4lschte Drachenfrucht \u2013 erh\u00e4ltlich bei Decofoodshop","description":"Realistische gef\u00e4lschte Drachenfruchtfrucht. Aufgrund ihres nat\u00fcrlichen und exotischen Aussehens ist diese imitierte Drachenfrucht \u00e4u\u00dferst dekorativ.","robots":{"index":"index","follow":"follow","max-snippet":"max-snippet:-1","max-image-preview":"max-image-preview:large","max-video-preview":"max-video-preview:-1"},"canonical":"https:\/\/decofoodshop.nl\/de\/produkt\/gefalschte-drachenfrucht\/","og_locale":"de_DE","og_type":"article","og_title":"Namaak Drakenfruit","og_description":"Realistische namaak drakenfruit vrucht. Door zijn natuurlijk en exotsich uiterlijk is deze namaak drakenfruit uiterst decoratief inzetbaar.","og_url":"https:\/\/decofoodshop.nl\/de\/produkt\/gefalschte-drachenfrucht\/","og_site_name":"Decofoodshop","article_modified_time":"2026-02-28T14:02:14+00:00","og_image":[{"width":1194,"height":1200,"url":"https:\/\/decofoodshop.nl\/wp-content\/uploads\/2020\/02\/Namaak-Drakenfruit-18cm.jpg","type":"image\/jpeg"}],"twitter_card":"summary_large_image","twitter_misc":{"Gesch\u00e4tzte Lesezeit":"1\u00a0Minute"},"schema":{"@context":"https:\/\/schema.org","@graph":[{"@type":"WebPage","@id":"https:\/\/decofoodshop.nl\/product\/namaak-drakenfruit\/","url":"https:\/\/decofoodshop.nl\/product\/namaak-drakenfruit\/","name":"Gef\u00e4lschte Drachenfrucht \u2013 erh\u00e4ltlich bei Decofoodshop","isPartOf":{"@id":"https:\/\/decofoodshop.nl\/#website"},"primaryImageOfPage":{"@id":"https:\/\/decofoodshop.nl\/product\/namaak-drakenfruit\/#primaryimage"},"image":{"@id":"https:\/\/decofoodshop.nl\/product\/namaak-drakenfruit\/#primaryimage"},"thumbnailUrl":"https:\/\/decofoodshop.nl\/wp-content\/uploads\/2020\/02\/Namaak-Drakenfruit-18cm.jpg","datePublished":"2020-02-11T10:14:20+00:00","dateModified":"2026-02-28T14:02:14+00:00","description":"Realistische gef\u00e4lschte Drachenfruchtfrucht. Aufgrund ihres nat\u00fcrlichen und exotischen Aussehens ist diese imitierte Drachenfrucht \u00e4u\u00dferst dekorativ.","breadcrumb":{"@id":"https:\/\/decofoodshop.nl\/product\/namaak-drakenfruit\/#breadcrumb"},"inLanguage":"de","potentialAction":[{"@type":"ReadAction","target":["https:\/\/decofoodshop.nl\/product\/namaak-drakenfruit\/"]}]},{"@type":"ImageObject","inLanguage":"de","@id":"https:\/\/decofoodshop.nl\/product\/namaak-drakenfruit\/#primaryimage","url":"https:\/\/decofoodshop.nl\/wp-content\/uploads\/2020\/02\/Namaak-Drakenfruit-18cm.jpg","contentUrl":"https:\/\/decofoodshop.nl\/wp-content\/uploads\/2020\/02\/Namaak-Drakenfruit-18cm.jpg","width":1194,"height":1200,"caption":"Namaak Drakenfruit"},{"@type":"BreadcrumbList","@id":"https:\/\/decofoodshop.nl\/product\/namaak-drakenfruit\/#breadcrumb","itemListElement":[{"@type":"ListItem","position":1,"name":"Home","item":"https:\/\/decofoodshop.nl\/"},{"@type":"ListItem","position":2,"name":"Winkel","item":"https:\/\/decofoodshop.nl\/winkel\/"},{"@type":"ListItem","position":3,"name":"Namaak Drakenfruit"}]},{"@type":"WebSite","@id":"https:\/\/decofoodshop.nl\/#website","url":"https:\/\/decofoodshop.nl\/","name":"Dekofoodshop","description":"","potentialAction":[{"@type":"SearchAction","target":{"@type":"EntryPoint","urlTemplate":"https:\/\/decofoodshop.nl\/?s={search_term_string}"},"query-input":{"@type":"PropertyValueSpecification","valueRequired":true,"valueName":"search_term_string"}}],"inLanguage":"de"}]}},"_links":{"self":[{"href":"https:\/\/decofoodshop.nl\/de\/wp-json\/wp\/v2\/product\/2230","targetHints":{"allow":["GET"]}}],"collection":[{"href":"https:\/\/decofoodshop.nl\/de\/wp-json\/wp\/v2\/product"}],"about":[{"href":"https:\/\/decofoodshop.nl\/de\/wp-json\/wp\/v2\/types\/product"}],"wp:featuredmedia":[{"embeddable":true,"href":"https:\/\/decofoodshop.nl\/de\/wp-json\/wp\/v2\/media\/2231"}],"wp:attachment":[{"href":"https:\/\/decofoodshop.nl\/de\/wp-json\/wp\/v2\/media?parent=2230"}],"wp:term":[{"taxonomy":"product_brand","embeddable":true,"href":"https:\/\/decofoodshop.nl\/de\/wp-json\/wp\/v2\/product_brand?post=2230"},{"taxonomy":"product_cat","embeddable":true,"href":"https:\/\/decofoodshop.nl\/de\/wp-json\/wp\/v2\/product_cat?post=2230"},{"taxonomy":"product_tag","embeddable":true,"href":"https:\/\/decofoodshop.nl\/de\/wp-json\/wp\/v2\/product_tag?post=2230"}],"curies":[{"name":"wp","href":"https:\/\/api.w.org\/{rel}","templated":true}]}}