{"id":2244,"date":"2020-02-11T10:53:40","date_gmt":"2020-02-11T09:53:40","guid":{"rendered":"https:\/\/decofoodshop.nl\/?post_type=product&#038;p=2244"},"modified":"2026-03-16T16:23:47","modified_gmt":"2026-03-16T15:23:47","slug":"falsche-trauben-traube-rot-gros","status":"publish","type":"product","link":"https:\/\/decofoodshop.nl\/de\/product\/namaak-druiventros-rood-groot\/","title":{"rendered":"Gef\u00e4lschte Weintraube rot gro\u00df"},"content":{"rendered":"<p>Diese falsche Weintraube rot gro\u00df ist sehr detailliert.<\/p>\n<p>Mit ihrer vollen Weintraube l\u00e4sst sich die k\u00fcnstliche Weintraube \u00e4u\u00dferst dekorativ einsetzen.<\/p>\n<p>Ausgestattet mit 2 sch\u00f6nen gr\u00fcnen Bl\u00e4ttern mit hellgr\u00fcner Ader.<\/p>\n<p>Die falschen Weintrauben haben ein Auge auf dem Stiel, damit Sie ihn aufh\u00e4ngen k\u00f6nnen.<\/p>\n<p>Die k\u00fcnstlichen Trauben haben eine nat\u00fcrliche Farbe und jede Traube ist etwas anders.<\/p>\n<p>Wir bieten auch eine gro\u00dfe Auswahl an Fertiggerichten an<strong><span style=\"color: #008000;\"> <a style=\"color: #008000;\" href=\"https:\/\/decofoodshop.nl\/de\/produktkategorie-2\/pakete\/\">&#039;Pakete&#039;<\/a>.<\/span><\/strong><\/p>","protected":false},"excerpt":{"rendered":"<p>Deze namaak druiventros rood groot is erg gedetailleerd. Met zijn volle bos druiven is de kunst druiventros uiterst decoratief inzetbaar. Voorzien van 2 prachtige groene blaadjes met licht groene nerf. De nep druiventrossen zijn voorzien van een oogje aan de steel dat u hem kunt ophangen. De kunst druifjes hebben een natuurlijke kleur en iedere [&hellip;]<\/p>\n","protected":false},"featured_media":2245,"template":"","meta":{"_acf_changed":false,"_genesis_hide_title":false,"_genesis_hide_breadcrumbs":false,"_genesis_hide_singular_image":false,"_genesis_hide_footer_widgets":false,"_genesis_custom_body_class":"","_genesis_custom_post_class":"","_genesis_layout":""},"product_brand":[],"product_cat":[47],"product_tag":[],"class_list":{"0":"post-2244","1":"product","2":"type-product","3":"status-publish","4":"has-post-thumbnail","6":"product_cat-kunstfruit","7":"entry","8":"wpx-has-gallery","10":"first","11":"instock","12":"taxable","13":"shipping-taxable","14":"purchasable","15":"product-type-simple"},"acf":[],"yoast_head":"<!-- This site is optimized with the Yoast SEO Premium plugin v27.3 (Yoast SEO v27.3) - https:\/\/yoast.com\/product\/yoast-seo-premium-wordpress\/ -->\n<title>Namaak Druiventros Rood Groot - Bij Decofoodshop<\/title>\n<meta name=\"description\" content=\"Namaak druiventros rood groot en meer plastic druiventrossen kopen bij Decofoodshop. Alle soorten plastic fruit en namaak fruit op voorraad.\" \/>\n<meta name=\"robots\" content=\"index, follow, max-snippet:-1, max-image-preview:large, max-video-preview:-1\" \/>\n<link rel=\"canonical\" href=\"https:\/\/decofoodshop.nl\/de\/produktkategorie-2\/kunstliche-fruchte\/\" \/>\n<meta property=\"og:locale\" content=\"de_DE\" \/>\n<meta property=\"og:type\" content=\"article\" \/>\n<meta property=\"og:title\" content=\"Namaak Druiventros Rood Groot\" \/>\n<meta property=\"og:description\" content=\"Namaak druiventros rood groot en meer plastic druiventrossen kopen bij Decofoodshop. Alle soorten plastic fruit en namaak fruit op voorraad.\" \/>\n<meta property=\"og:url\" content=\"https:\/\/decofoodshop.nl\/de\/produktkategorie-2\/kunstliche-fruchte\/\" \/>\n<meta property=\"og:site_name\" content=\"Decofoodshop\" \/>\n<meta property=\"article:modified_time\" content=\"2026-03-16T15:23:47+00:00\" \/>\n<meta property=\"og:image\" content=\"https:\/\/decofoodshop.nl\/wp-content\/uploads\/2020\/02\/Namaak-Druiventros-Rood-30cm.jpg\" \/>\n\t<meta property=\"og:image:width\" content=\"1197\" \/>\n\t<meta property=\"og:image:height\" content=\"1200\" \/>\n\t<meta property=\"og:image:type\" content=\"image\/jpeg\" \/>\n<meta name=\"twitter:card\" content=\"summary_large_image\" \/>\n<meta name=\"twitter:label1\" content=\"Gesch\u00e4tzte Lesezeit\" \/>\n\t<meta name=\"twitter:data1\" content=\"1\u00a0Minute\" \/>\n<script type=\"application\/ld+json\" class=\"yoast-schema-graph\">{\"@context\":\"https:\\\/\\\/schema.org\",\"@graph\":[{\"@type\":\"WebPage\",\"@id\":\"https:\\\/\\\/decofoodshop.nl\\\/product\\\/namaak-druiventros-rood-groot\\\/\",\"url\":\"https:\\\/\\\/decofoodshop.nl\\\/product-categorie\\\/kunstfruit\\\/\",\"name\":\"Namaak Druiventros Rood Groot - Bij Decofoodshop\",\"isPartOf\":{\"@id\":\"https:\\\/\\\/decofoodshop.nl\\\/#website\"},\"primaryImageOfPage\":{\"@id\":\"https:\\\/\\\/decofoodshop.nl\\\/product-categorie\\\/kunstfruit\\\/#primaryimage\"},\"image\":{\"@id\":\"https:\\\/\\\/decofoodshop.nl\\\/product-categorie\\\/kunstfruit\\\/#primaryimage\"},\"thumbnailUrl\":\"https:\\\/\\\/decofoodshop.nl\\\/wp-content\\\/uploads\\\/2020\\\/02\\\/Namaak-Druiventros-Rood-30cm.jpg\",\"datePublished\":\"2020-02-11T09:53:40+00:00\",\"dateModified\":\"2026-03-16T15:23:47+00:00\",\"description\":\"Namaak druiventros rood groot en meer plastic druiventrossen kopen bij Decofoodshop. Alle soorten plastic fruit en namaak fruit op voorraad.\",\"breadcrumb\":{\"@id\":\"https:\\\/\\\/decofoodshop.nl\\\/product-categorie\\\/kunstfruit\\\/#breadcrumb\"},\"inLanguage\":\"de\",\"potentialAction\":[{\"@type\":\"ReadAction\",\"target\":[\"https:\\\/\\\/decofoodshop.nl\\\/product-categorie\\\/kunstfruit\\\/\"]}]},{\"@type\":\"ImageObject\",\"inLanguage\":\"de\",\"@id\":\"https:\\\/\\\/decofoodshop.nl\\\/product-categorie\\\/kunstfruit\\\/#primaryimage\",\"url\":\"https:\\\/\\\/decofoodshop.nl\\\/wp-content\\\/uploads\\\/2020\\\/02\\\/Namaak-Druiventros-Rood-30cm.jpg\",\"contentUrl\":\"https:\\\/\\\/decofoodshop.nl\\\/wp-content\\\/uploads\\\/2020\\\/02\\\/Namaak-Druiventros-Rood-30cm.jpg\",\"width\":1197,\"height\":1200,\"caption\":\"Namaak Druiventros Rood Groot\"},{\"@type\":\"BreadcrumbList\",\"@id\":\"https:\\\/\\\/decofoodshop.nl\\\/product-categorie\\\/kunstfruit\\\/#breadcrumb\",\"itemListElement\":[{\"@type\":\"ListItem\",\"position\":1,\"name\":\"Home\",\"item\":\"https:\\\/\\\/decofoodshop.nl\\\/\"},{\"@type\":\"ListItem\",\"position\":2,\"name\":\"Winkel\",\"item\":\"https:\\\/\\\/decofoodshop.nl\\\/winkel\\\/\"},{\"@type\":\"ListItem\",\"position\":3,\"name\":\"Namaak Druiventros Rood Groot\"}]},{\"@type\":\"WebSite\",\"@id\":\"https:\\\/\\\/decofoodshop.nl\\\/#website\",\"url\":\"https:\\\/\\\/decofoodshop.nl\\\/\",\"name\":\"Decofoodshop\",\"description\":\"\",\"potentialAction\":[{\"@type\":\"SearchAction\",\"target\":{\"@type\":\"EntryPoint\",\"urlTemplate\":\"https:\\\/\\\/decofoodshop.nl\\\/?s={search_term_string}\"},\"query-input\":{\"@type\":\"PropertyValueSpecification\",\"valueRequired\":true,\"valueName\":\"search_term_string\"}}],\"inLanguage\":\"de\"}]}<\/script>\n<!-- \/ Yoast SEO Premium plugin. -->","yoast_head_json":{"title":"Gef\u00e4lschte Weintraube Rot Gro\u00df - Bei Decofoodshop","description":"Kaufen Sie gef\u00e4lschte Weintrauben rot gro\u00df und mehr Plastiktrauben bei Decofoodshop. Alle Arten von Plastikobst und gef\u00e4lschten Fr\u00fcchten auf Lager.","robots":{"index":"index","follow":"follow","max-snippet":"max-snippet:-1","max-image-preview":"max-image-preview:large","max-video-preview":"max-video-preview:-1"},"canonical":"https:\/\/decofoodshop.nl\/de\/produktkategorie-2\/kunstliche-fruchte\/","og_locale":"de_DE","og_type":"article","og_title":"Namaak Druiventros Rood Groot","og_description":"Namaak druiventros rood groot en meer plastic druiventrossen kopen bij Decofoodshop. Alle soorten plastic fruit en namaak fruit op voorraad.","og_url":"https:\/\/decofoodshop.nl\/de\/produktkategorie-2\/kunstliche-fruchte\/","og_site_name":"Decofoodshop","article_modified_time":"2026-03-16T15:23:47+00:00","og_image":[{"width":1197,"height":1200,"url":"https:\/\/decofoodshop.nl\/wp-content\/uploads\/2020\/02\/Namaak-Druiventros-Rood-30cm.jpg","type":"image\/jpeg"}],"twitter_card":"summary_large_image","twitter_misc":{"Gesch\u00e4tzte Lesezeit":"1\u00a0Minute"},"schema":{"@context":"https:\/\/schema.org","@graph":[{"@type":"WebPage","@id":"https:\/\/decofoodshop.nl\/product\/namaak-druiventros-rood-groot\/","url":"https:\/\/decofoodshop.nl\/product-categorie\/kunstfruit\/","name":"Gef\u00e4lschte Weintraube Rot Gro\u00df - Bei Decofoodshop","isPartOf":{"@id":"https:\/\/decofoodshop.nl\/#website"},"primaryImageOfPage":{"@id":"https:\/\/decofoodshop.nl\/product-categorie\/kunstfruit\/#primaryimage"},"image":{"@id":"https:\/\/decofoodshop.nl\/product-categorie\/kunstfruit\/#primaryimage"},"thumbnailUrl":"https:\/\/decofoodshop.nl\/wp-content\/uploads\/2020\/02\/Namaak-Druiventros-Rood-30cm.jpg","datePublished":"2020-02-11T09:53:40+00:00","dateModified":"2026-03-16T15:23:47+00:00","description":"Kaufen Sie gef\u00e4lschte Weintrauben rot gro\u00df und mehr Plastiktrauben bei Decofoodshop. Alle Arten von Plastikobst und gef\u00e4lschten Fr\u00fcchten auf Lager.","breadcrumb":{"@id":"https:\/\/decofoodshop.nl\/product-categorie\/kunstfruit\/#breadcrumb"},"inLanguage":"de","potentialAction":[{"@type":"ReadAction","target":["https:\/\/decofoodshop.nl\/product-categorie\/kunstfruit\/"]}]},{"@type":"ImageObject","inLanguage":"de","@id":"https:\/\/decofoodshop.nl\/product-categorie\/kunstfruit\/#primaryimage","url":"https:\/\/decofoodshop.nl\/wp-content\/uploads\/2020\/02\/Namaak-Druiventros-Rood-30cm.jpg","contentUrl":"https:\/\/decofoodshop.nl\/wp-content\/uploads\/2020\/02\/Namaak-Druiventros-Rood-30cm.jpg","width":1197,"height":1200,"caption":"Namaak Druiventros Rood Groot"},{"@type":"BreadcrumbList","@id":"https:\/\/decofoodshop.nl\/product-categorie\/kunstfruit\/#breadcrumb","itemListElement":[{"@type":"ListItem","position":1,"name":"Home","item":"https:\/\/decofoodshop.nl\/"},{"@type":"ListItem","position":2,"name":"Winkel","item":"https:\/\/decofoodshop.nl\/winkel\/"},{"@type":"ListItem","position":3,"name":"Namaak Druiventros Rood Groot"}]},{"@type":"WebSite","@id":"https:\/\/decofoodshop.nl\/#website","url":"https:\/\/decofoodshop.nl\/","name":"Dekofoodshop","description":"","potentialAction":[{"@type":"SearchAction","target":{"@type":"EntryPoint","urlTemplate":"https:\/\/decofoodshop.nl\/?s={search_term_string}"},"query-input":{"@type":"PropertyValueSpecification","valueRequired":true,"valueName":"search_term_string"}}],"inLanguage":"de"}]}},"_links":{"self":[{"href":"https:\/\/decofoodshop.nl\/de\/wp-json\/wp\/v2\/product\/2244","targetHints":{"allow":["GET"]}}],"collection":[{"href":"https:\/\/decofoodshop.nl\/de\/wp-json\/wp\/v2\/product"}],"about":[{"href":"https:\/\/decofoodshop.nl\/de\/wp-json\/wp\/v2\/types\/product"}],"wp:featuredmedia":[{"embeddable":true,"href":"https:\/\/decofoodshop.nl\/de\/wp-json\/wp\/v2\/media\/2245"}],"wp:attachment":[{"href":"https:\/\/decofoodshop.nl\/de\/wp-json\/wp\/v2\/media?parent=2244"}],"wp:term":[{"taxonomy":"product_brand","embeddable":true,"href":"https:\/\/decofoodshop.nl\/de\/wp-json\/wp\/v2\/product_brand?post=2244"},{"taxonomy":"product_cat","embeddable":true,"href":"https:\/\/decofoodshop.nl\/de\/wp-json\/wp\/v2\/product_cat?post=2244"},{"taxonomy":"product_tag","embeddable":true,"href":"https:\/\/decofoodshop.nl\/de\/wp-json\/wp\/v2\/product_tag?post=2244"}],"curies":[{"name":"wp","href":"https:\/\/api.w.org\/{rel}","templated":true}]}}