{"id":2248,"date":"2020-02-11T11:45:46","date_gmt":"2020-02-11T10:45:46","guid":{"rendered":"https:\/\/decofoodshop.nl\/?post_type=product&#038;p=2248"},"modified":"2026-03-11T10:06:01","modified_gmt":"2026-03-11T09:06:01","slug":"falsche-weintraube-weis-gros","status":"publish","type":"product","link":"https:\/\/decofoodshop.nl\/de\/product\/namaak-druiventros-wit-groot\/","title":{"rendered":"Gef\u00e4lschte Weintraube wei\u00df gro\u00df"},"content":{"rendered":"<p>Volle gef\u00e4lschte Traubentraube wei\u00df gro\u00df.<\/p>\n<p>Die k\u00fcnstlichen Weintrauben sind keine brechenden B\u00e4ren.<\/p>\n<p>An der Spitze jedes Stiels befindet sich eine \u00d6se zum einfachen Aufh\u00e4ngen der Weintraube.<\/p>\n<p>Die k\u00fcnstlichen Trauben haben eine gl\u00e4nzend gr\u00fcne Basis und sind an einigen Trauben mit etwas Rot veredelt.<\/p>\n<p>Jede k\u00fcnstliche Weintraube ist zus\u00e4tzlich mit 2 detailreichen Bl\u00e4ttern versehen.<\/p>\n<p>Wir bieten auch die blaue und rote Variante der gro\u00dfen Weintraube an.<\/p>\n<p>Suchen Sie fertige Fruchtpakete? dann klick<strong><span style=\"color: #008000;\"> <a style=\"color: #008000;\" href=\"https:\/\/decofoodshop.nl\/de\/produktkategorie-2\/pakete\/\">&#039;Hier&#039;<\/a>.<\/span><\/strong><\/p>\n<p>&nbsp;<\/p>","protected":false},"excerpt":{"rendered":"<p>Volle namaak druiventros wit groot. De kunst druiventrossen zijn niet breekbeer. Aan de bovenkant van ieder steeltje zit een oog om de druiventros makkelijk op te kunnen hangen. De kunst druiven hebben een glanzende groene basis en zijn afgewerkt met wat rood op een aantal druiven. Ook is elke kunst druiventros voorzien van 2 gedetailleerde [&hellip;]<\/p>\n","protected":false},"featured_media":2249,"template":"","meta":{"_acf_changed":false,"_genesis_hide_title":false,"_genesis_hide_breadcrumbs":false,"_genesis_hide_singular_image":false,"_genesis_hide_footer_widgets":false,"_genesis_custom_body_class":"","_genesis_custom_post_class":"","_genesis_layout":""},"product_brand":[],"product_cat":[47],"product_tag":[],"class_list":{"0":"post-2248","1":"product","2":"type-product","3":"status-publish","4":"has-post-thumbnail","6":"product_cat-kunstfruit","7":"entry","8":"wpx-has-gallery","10":"first","11":"instock","12":"taxable","13":"shipping-taxable","14":"purchasable","15":"product-type-simple"},"acf":[],"yoast_head":"<!-- This site is optimized with the Yoast SEO Premium plugin v27.3 (Yoast SEO v27.3) - https:\/\/yoast.com\/product\/yoast-seo-premium-wordpress\/ -->\n<title>Namaak Druiventros Wit Groot - Bij Decofoodshop<\/title>\n<meta name=\"description\" content=\"Prachitge volle namaak druiventros wit groot. Ook verkrijgbaar in het blauw en rood. Kijk voor meer kunstfruit gerust even rond in onze shop.\" \/>\n<meta name=\"robots\" content=\"index, follow, max-snippet:-1, max-image-preview:large, max-video-preview:-1\" \/>\n<link rel=\"canonical\" href=\"https:\/\/decofoodshop.nl\/de\/produkt\/falsche-weintraube-weis-gros\/\" \/>\n<meta property=\"og:locale\" content=\"de_DE\" \/>\n<meta property=\"og:type\" content=\"article\" \/>\n<meta property=\"og:title\" content=\"Namaak Druiventros Wit Groot\" \/>\n<meta property=\"og:description\" content=\"Prachitge volle namaak druiventros wit groot. Ook verkrijgbaar in het blauw en rood. Kijk voor meer kunstfruit gerust even rond in onze shop.\" \/>\n<meta property=\"og:url\" content=\"https:\/\/decofoodshop.nl\/de\/produkt\/falsche-weintraube-weis-gros\/\" \/>\n<meta property=\"og:site_name\" content=\"Decofoodshop\" \/>\n<meta property=\"article:modified_time\" content=\"2026-03-11T09:06:01+00:00\" \/>\n<meta property=\"og:image\" content=\"https:\/\/decofoodshop.nl\/wp-content\/uploads\/2020\/02\/Namaak-Druiventros-Wit-30cm.jpg\" \/>\n\t<meta property=\"og:image:width\" content=\"1200\" \/>\n\t<meta property=\"og:image:height\" content=\"1200\" \/>\n\t<meta property=\"og:image:type\" content=\"image\/jpeg\" \/>\n<meta name=\"twitter:card\" content=\"summary_large_image\" \/>\n<meta name=\"twitter:label1\" content=\"Gesch\u00e4tzte Lesezeit\" \/>\n\t<meta name=\"twitter:data1\" content=\"1\u00a0Minute\" \/>\n<script type=\"application\/ld+json\" class=\"yoast-schema-graph\">{\"@context\":\"https:\\\/\\\/schema.org\",\"@graph\":[{\"@type\":\"WebPage\",\"@id\":\"https:\\\/\\\/decofoodshop.nl\\\/product\\\/namaak-druiventros-wit-groot\\\/\",\"url\":\"https:\\\/\\\/decofoodshop.nl\\\/product\\\/namaak-druiventros-wit-groot\\\/\",\"name\":\"Namaak Druiventros Wit Groot - Bij Decofoodshop\",\"isPartOf\":{\"@id\":\"https:\\\/\\\/decofoodshop.nl\\\/#website\"},\"primaryImageOfPage\":{\"@id\":\"https:\\\/\\\/decofoodshop.nl\\\/product\\\/namaak-druiventros-wit-groot\\\/#primaryimage\"},\"image\":{\"@id\":\"https:\\\/\\\/decofoodshop.nl\\\/product\\\/namaak-druiventros-wit-groot\\\/#primaryimage\"},\"thumbnailUrl\":\"https:\\\/\\\/decofoodshop.nl\\\/wp-content\\\/uploads\\\/2020\\\/02\\\/Namaak-Druiventros-Wit-30cm.jpg\",\"datePublished\":\"2020-02-11T10:45:46+00:00\",\"dateModified\":\"2026-03-11T09:06:01+00:00\",\"description\":\"Prachitge volle namaak druiventros wit groot. Ook verkrijgbaar in het blauw en rood. Kijk voor meer kunstfruit gerust even rond in onze shop.\",\"breadcrumb\":{\"@id\":\"https:\\\/\\\/decofoodshop.nl\\\/product\\\/namaak-druiventros-wit-groot\\\/#breadcrumb\"},\"inLanguage\":\"de\",\"potentialAction\":[{\"@type\":\"ReadAction\",\"target\":[\"https:\\\/\\\/decofoodshop.nl\\\/product\\\/namaak-druiventros-wit-groot\\\/\"]}]},{\"@type\":\"ImageObject\",\"inLanguage\":\"de\",\"@id\":\"https:\\\/\\\/decofoodshop.nl\\\/product\\\/namaak-druiventros-wit-groot\\\/#primaryimage\",\"url\":\"https:\\\/\\\/decofoodshop.nl\\\/wp-content\\\/uploads\\\/2020\\\/02\\\/Namaak-Druiventros-Wit-30cm.jpg\",\"contentUrl\":\"https:\\\/\\\/decofoodshop.nl\\\/wp-content\\\/uploads\\\/2020\\\/02\\\/Namaak-Druiventros-Wit-30cm.jpg\",\"width\":1200,\"height\":1200,\"caption\":\"Namaak Druiventros Wit Groot\"},{\"@type\":\"BreadcrumbList\",\"@id\":\"https:\\\/\\\/decofoodshop.nl\\\/product\\\/namaak-druiventros-wit-groot\\\/#breadcrumb\",\"itemListElement\":[{\"@type\":\"ListItem\",\"position\":1,\"name\":\"Home\",\"item\":\"https:\\\/\\\/decofoodshop.nl\\\/\"},{\"@type\":\"ListItem\",\"position\":2,\"name\":\"Winkel\",\"item\":\"https:\\\/\\\/decofoodshop.nl\\\/winkel\\\/\"},{\"@type\":\"ListItem\",\"position\":3,\"name\":\"Namaak Druiventros Wit Groot\"}]},{\"@type\":\"WebSite\",\"@id\":\"https:\\\/\\\/decofoodshop.nl\\\/#website\",\"url\":\"https:\\\/\\\/decofoodshop.nl\\\/\",\"name\":\"Decofoodshop\",\"description\":\"\",\"potentialAction\":[{\"@type\":\"SearchAction\",\"target\":{\"@type\":\"EntryPoint\",\"urlTemplate\":\"https:\\\/\\\/decofoodshop.nl\\\/?s={search_term_string}\"},\"query-input\":{\"@type\":\"PropertyValueSpecification\",\"valueRequired\":true,\"valueName\":\"search_term_string\"}}],\"inLanguage\":\"de\"}]}<\/script>\n<!-- \/ Yoast SEO Premium plugin. -->","yoast_head_json":{"title":"Falsche Weintraube Wei\u00df Gro\u00df - Bei Decofoodshop","description":"Sch\u00f6ne volle falsche Traubentraube wei\u00df gro\u00df. Auch in blau und rot erh\u00e4ltlich. F\u00fcr weitere k\u00fcnstliche Fr\u00fcchte schauen Sie sich gerne in unserem Shop um.","robots":{"index":"index","follow":"follow","max-snippet":"max-snippet:-1","max-image-preview":"max-image-preview:large","max-video-preview":"max-video-preview:-1"},"canonical":"https:\/\/decofoodshop.nl\/de\/produkt\/falsche-weintraube-weis-gros\/","og_locale":"de_DE","og_type":"article","og_title":"Namaak Druiventros Wit Groot","og_description":"Prachitge volle namaak druiventros wit groot. Ook verkrijgbaar in het blauw en rood. Kijk voor meer kunstfruit gerust even rond in onze shop.","og_url":"https:\/\/decofoodshop.nl\/de\/produkt\/falsche-weintraube-weis-gros\/","og_site_name":"Decofoodshop","article_modified_time":"2026-03-11T09:06:01+00:00","og_image":[{"width":1200,"height":1200,"url":"https:\/\/decofoodshop.nl\/wp-content\/uploads\/2020\/02\/Namaak-Druiventros-Wit-30cm.jpg","type":"image\/jpeg"}],"twitter_card":"summary_large_image","twitter_misc":{"Gesch\u00e4tzte Lesezeit":"1\u00a0Minute"},"schema":{"@context":"https:\/\/schema.org","@graph":[{"@type":"WebPage","@id":"https:\/\/decofoodshop.nl\/product\/namaak-druiventros-wit-groot\/","url":"https:\/\/decofoodshop.nl\/product\/namaak-druiventros-wit-groot\/","name":"Falsche Weintraube Wei\u00df Gro\u00df - Bei Decofoodshop","isPartOf":{"@id":"https:\/\/decofoodshop.nl\/#website"},"primaryImageOfPage":{"@id":"https:\/\/decofoodshop.nl\/product\/namaak-druiventros-wit-groot\/#primaryimage"},"image":{"@id":"https:\/\/decofoodshop.nl\/product\/namaak-druiventros-wit-groot\/#primaryimage"},"thumbnailUrl":"https:\/\/decofoodshop.nl\/wp-content\/uploads\/2020\/02\/Namaak-Druiventros-Wit-30cm.jpg","datePublished":"2020-02-11T10:45:46+00:00","dateModified":"2026-03-11T09:06:01+00:00","description":"Sch\u00f6ne volle falsche Traubentraube wei\u00df gro\u00df. Auch in blau und rot erh\u00e4ltlich. F\u00fcr weitere k\u00fcnstliche Fr\u00fcchte schauen Sie sich gerne in unserem Shop um.","breadcrumb":{"@id":"https:\/\/decofoodshop.nl\/product\/namaak-druiventros-wit-groot\/#breadcrumb"},"inLanguage":"de","potentialAction":[{"@type":"ReadAction","target":["https:\/\/decofoodshop.nl\/product\/namaak-druiventros-wit-groot\/"]}]},{"@type":"ImageObject","inLanguage":"de","@id":"https:\/\/decofoodshop.nl\/product\/namaak-druiventros-wit-groot\/#primaryimage","url":"https:\/\/decofoodshop.nl\/wp-content\/uploads\/2020\/02\/Namaak-Druiventros-Wit-30cm.jpg","contentUrl":"https:\/\/decofoodshop.nl\/wp-content\/uploads\/2020\/02\/Namaak-Druiventros-Wit-30cm.jpg","width":1200,"height":1200,"caption":"Namaak Druiventros Wit Groot"},{"@type":"BreadcrumbList","@id":"https:\/\/decofoodshop.nl\/product\/namaak-druiventros-wit-groot\/#breadcrumb","itemListElement":[{"@type":"ListItem","position":1,"name":"Home","item":"https:\/\/decofoodshop.nl\/"},{"@type":"ListItem","position":2,"name":"Winkel","item":"https:\/\/decofoodshop.nl\/winkel\/"},{"@type":"ListItem","position":3,"name":"Namaak Druiventros Wit Groot"}]},{"@type":"WebSite","@id":"https:\/\/decofoodshop.nl\/#website","url":"https:\/\/decofoodshop.nl\/","name":"Dekofoodshop","description":"","potentialAction":[{"@type":"SearchAction","target":{"@type":"EntryPoint","urlTemplate":"https:\/\/decofoodshop.nl\/?s={search_term_string}"},"query-input":{"@type":"PropertyValueSpecification","valueRequired":true,"valueName":"search_term_string"}}],"inLanguage":"de"}]}},"_links":{"self":[{"href":"https:\/\/decofoodshop.nl\/de\/wp-json\/wp\/v2\/product\/2248","targetHints":{"allow":["GET"]}}],"collection":[{"href":"https:\/\/decofoodshop.nl\/de\/wp-json\/wp\/v2\/product"}],"about":[{"href":"https:\/\/decofoodshop.nl\/de\/wp-json\/wp\/v2\/types\/product"}],"wp:featuredmedia":[{"embeddable":true,"href":"https:\/\/decofoodshop.nl\/de\/wp-json\/wp\/v2\/media\/2249"}],"wp:attachment":[{"href":"https:\/\/decofoodshop.nl\/de\/wp-json\/wp\/v2\/media?parent=2248"}],"wp:term":[{"taxonomy":"product_brand","embeddable":true,"href":"https:\/\/decofoodshop.nl\/de\/wp-json\/wp\/v2\/product_brand?post=2248"},{"taxonomy":"product_cat","embeddable":true,"href":"https:\/\/decofoodshop.nl\/de\/wp-json\/wp\/v2\/product_cat?post=2248"},{"taxonomy":"product_tag","embeddable":true,"href":"https:\/\/decofoodshop.nl\/de\/wp-json\/wp\/v2\/product_tag?post=2248"}],"curies":[{"name":"wp","href":"https:\/\/api.w.org\/{rel}","templated":true}]}}