{"id":2259,"date":"2020-02-11T12:38:24","date_gmt":"2020-02-11T12:38:24","guid":{"rendered":"https:\/\/decofoodshop.nl\/?post_type=product&#038;p=2259"},"modified":"2026-03-15T23:53:56","modified_gmt":"2026-03-15T22:53:56","slug":"3er-set-scheiben-imitat-apfel","status":"publish","type":"product","link":"https:\/\/decofoodshop.nl\/de\/product\/set-van-3-namaak-appel-schijven\/","title":{"rendered":"Satz von 3 gef\u00e4lschten Apple-Scheiben"},"content":{"rendered":"<p>Dies ist ein Satz von 3 gef\u00e4lschten Apfelscheiben, die \u00e4u\u00dferst dekorativ sind.<\/p>\n<p>Da die k\u00fcnstlichen Apfelscheiben nicht zerbrechlich sind, k\u00f6nnen sie f\u00fcr alles verwendet werden.<\/p>\n<p>Die gef\u00e4lschten Apfelscheiben haben auch einen Stiel und Samen.<\/p>\n<p>Es hat eine sch\u00f6ne nat\u00fcrliche Farbe und einen roten Hautrand auf der Au\u00dfenseite.<\/p>\n<p>Die k\u00fcnstlichen Apfelscheiben haben eine leicht gl\u00e4nzende Oberfl\u00e4che.<\/p>\n<p>Kann man sich anschauen<strong><span style=\"color: #008000;\"> <a style=\"color: #008000;\" href=\"https:\/\/decofoodshop.nl\/de\/produktkategorie-2\/andere\/\">&#039;Andere&#039;<\/a> <\/span><\/strong>f\u00fcr mehr gef\u00e4lschte Fruchtscheiben.<\/p>","protected":false},"excerpt":{"rendered":"<p>Dit is een set van 3 namaak appel schijven die uiterst decoratief zijn. Doordat de kunst appel schijven niet breekbaar zijn is het overal voor te gebruiken. Ook zijn de nep appelschijven voorzien van een steeltje en pitjes. Hij heeft een mooie natuurlijke kleur en buitenom een rode rand schil. De kunst appelschijfjes hebben een [&hellip;]<\/p>\n","protected":false},"featured_media":2260,"template":"","meta":{"_acf_changed":false,"_genesis_hide_title":false,"_genesis_hide_breadcrumbs":false,"_genesis_hide_singular_image":false,"_genesis_hide_footer_widgets":false,"_genesis_custom_body_class":"","_genesis_custom_post_class":"","_genesis_layout":""},"product_brand":[],"product_cat":[47],"product_tag":[],"class_list":{"0":"post-2259","1":"product","2":"type-product","3":"status-publish","4":"has-post-thumbnail","6":"product_cat-kunstfruit","7":"entry","8":"wpx-has-gallery","10":"first","11":"instock","12":"taxable","13":"shipping-taxable","14":"purchasable","15":"product-type-simple"},"acf":[],"yoast_head":"<!-- This site is optimized with the Yoast SEO Premium plugin v27.3 (Yoast SEO v27.3) - https:\/\/yoast.com\/product\/yoast-seo-premium-wordpress\/ -->\n<title>Set Van 3 Namaak Appel Schijven - Decofoodshop<\/title>\n<meta name=\"description\" content=\"Prachtige set van 3 namaak appel schijven. Ook bieden wij ananas schijven en citrus schijven en nog veel meer kunstfruit aan.\" \/>\n<meta name=\"robots\" content=\"index, follow, max-snippet:-1, max-image-preview:large, max-video-preview:-1\" \/>\n<link rel=\"canonical\" href=\"https:\/\/decofoodshop.nl\/de\/produkt\/3er-set-scheiben-imitat-apfel\/\" \/>\n<meta property=\"og:locale\" content=\"de_DE\" \/>\n<meta property=\"og:type\" content=\"article\" \/>\n<meta property=\"og:title\" content=\"Set Van 3 Namaak Appel Schijven\" \/>\n<meta property=\"og:description\" content=\"Prachtige set van 3 namaak appel schijven. Ook bieden wij ananas schijven en citrus schijven en nog veel meer kunstfruit aan.\" \/>\n<meta property=\"og:url\" content=\"https:\/\/decofoodshop.nl\/de\/produkt\/3er-set-scheiben-imitat-apfel\/\" \/>\n<meta property=\"og:site_name\" content=\"Decofoodshop\" \/>\n<meta property=\"article:modified_time\" content=\"2026-03-15T22:53:56+00:00\" \/>\n<meta property=\"og:image\" content=\"https:\/\/decofoodshop.nl\/wp-content\/uploads\/2020\/02\/Set-van-3-Namaak-Appel-Schijven-10cm-.jpg\" \/>\n\t<meta property=\"og:image:width\" content=\"1234\" \/>\n\t<meta property=\"og:image:height\" content=\"1270\" \/>\n\t<meta property=\"og:image:type\" content=\"image\/jpeg\" \/>\n<meta name=\"twitter:card\" content=\"summary_large_image\" \/>\n<meta name=\"twitter:label1\" content=\"Gesch\u00e4tzte Lesezeit\" \/>\n\t<meta name=\"twitter:data1\" content=\"1\u00a0Minute\" \/>\n<script type=\"application\/ld+json\" class=\"yoast-schema-graph\">{\"@context\":\"https:\\\/\\\/schema.org\",\"@graph\":[{\"@type\":\"WebPage\",\"@id\":\"https:\\\/\\\/decofoodshop.nl\\\/product\\\/set-van-3-namaak-appel-schijven\\\/\",\"url\":\"https:\\\/\\\/decofoodshop.nl\\\/product\\\/set-van-3-namaak-appel-schijven\\\/\",\"name\":\"Set Van 3 Namaak Appel Schijven - Decofoodshop\",\"isPartOf\":{\"@id\":\"https:\\\/\\\/decofoodshop.nl\\\/#website\"},\"primaryImageOfPage\":{\"@id\":\"https:\\\/\\\/decofoodshop.nl\\\/product\\\/set-van-3-namaak-appel-schijven\\\/#primaryimage\"},\"image\":{\"@id\":\"https:\\\/\\\/decofoodshop.nl\\\/product\\\/set-van-3-namaak-appel-schijven\\\/#primaryimage\"},\"thumbnailUrl\":\"https:\\\/\\\/decofoodshop.nl\\\/wp-content\\\/uploads\\\/2020\\\/02\\\/Set-van-3-Namaak-Appel-Schijven-10cm-.jpg\",\"datePublished\":\"2020-02-11T12:38:24+00:00\",\"dateModified\":\"2026-03-15T22:53:56+00:00\",\"description\":\"Prachtige set van 3 namaak appel schijven. Ook bieden wij ananas schijven en citrus schijven en nog veel meer kunstfruit aan.\",\"breadcrumb\":{\"@id\":\"https:\\\/\\\/decofoodshop.nl\\\/product\\\/set-van-3-namaak-appel-schijven\\\/#breadcrumb\"},\"inLanguage\":\"de\",\"potentialAction\":[{\"@type\":\"ReadAction\",\"target\":[\"https:\\\/\\\/decofoodshop.nl\\\/product\\\/set-van-3-namaak-appel-schijven\\\/\"]}]},{\"@type\":\"ImageObject\",\"inLanguage\":\"de\",\"@id\":\"https:\\\/\\\/decofoodshop.nl\\\/product\\\/set-van-3-namaak-appel-schijven\\\/#primaryimage\",\"url\":\"https:\\\/\\\/decofoodshop.nl\\\/wp-content\\\/uploads\\\/2020\\\/02\\\/Set-van-3-Namaak-Appel-Schijven-10cm-.jpg\",\"contentUrl\":\"https:\\\/\\\/decofoodshop.nl\\\/wp-content\\\/uploads\\\/2020\\\/02\\\/Set-van-3-Namaak-Appel-Schijven-10cm-.jpg\",\"width\":1234,\"height\":1270,\"caption\":\"Set Van 3 Namaak Appel Schijven\"},{\"@type\":\"BreadcrumbList\",\"@id\":\"https:\\\/\\\/decofoodshop.nl\\\/product\\\/set-van-3-namaak-appel-schijven\\\/#breadcrumb\",\"itemListElement\":[{\"@type\":\"ListItem\",\"position\":1,\"name\":\"Home\",\"item\":\"https:\\\/\\\/decofoodshop.nl\\\/\"},{\"@type\":\"ListItem\",\"position\":2,\"name\":\"Winkel\",\"item\":\"https:\\\/\\\/decofoodshop.nl\\\/winkel\\\/\"},{\"@type\":\"ListItem\",\"position\":3,\"name\":\"Set Van 3 Namaak Appel Schijven\"}]},{\"@type\":\"WebSite\",\"@id\":\"https:\\\/\\\/decofoodshop.nl\\\/#website\",\"url\":\"https:\\\/\\\/decofoodshop.nl\\\/\",\"name\":\"Decofoodshop\",\"description\":\"\",\"potentialAction\":[{\"@type\":\"SearchAction\",\"target\":{\"@type\":\"EntryPoint\",\"urlTemplate\":\"https:\\\/\\\/decofoodshop.nl\\\/?s={search_term_string}\"},\"query-input\":{\"@type\":\"PropertyValueSpecification\",\"valueRequired\":true,\"valueName\":\"search_term_string\"}}],\"inLanguage\":\"de\"}]}<\/script>\n<!-- \/ Yoast SEO Premium plugin. -->","yoast_head_json":{"title":"Set mit 3 gef\u00e4lschten Apfelscheiben - Decofoodshop","description":"Wundersch\u00f6nes Set aus 3 falschen Apfelscheiben. Wir bieten auch Ananasscheiben und Zitrusscheiben und vieles mehr Kunstobst an.","robots":{"index":"index","follow":"follow","max-snippet":"max-snippet:-1","max-image-preview":"max-image-preview:large","max-video-preview":"max-video-preview:-1"},"canonical":"https:\/\/decofoodshop.nl\/de\/produkt\/3er-set-scheiben-imitat-apfel\/","og_locale":"de_DE","og_type":"article","og_title":"Set Van 3 Namaak Appel Schijven","og_description":"Prachtige set van 3 namaak appel schijven. Ook bieden wij ananas schijven en citrus schijven en nog veel meer kunstfruit aan.","og_url":"https:\/\/decofoodshop.nl\/de\/produkt\/3er-set-scheiben-imitat-apfel\/","og_site_name":"Decofoodshop","article_modified_time":"2026-03-15T22:53:56+00:00","og_image":[{"width":1234,"height":1270,"url":"https:\/\/decofoodshop.nl\/wp-content\/uploads\/2020\/02\/Set-van-3-Namaak-Appel-Schijven-10cm-.jpg","type":"image\/jpeg"}],"twitter_card":"summary_large_image","twitter_misc":{"Gesch\u00e4tzte Lesezeit":"1\u00a0Minute"},"schema":{"@context":"https:\/\/schema.org","@graph":[{"@type":"WebPage","@id":"https:\/\/decofoodshop.nl\/product\/set-van-3-namaak-appel-schijven\/","url":"https:\/\/decofoodshop.nl\/product\/set-van-3-namaak-appel-schijven\/","name":"Set mit 3 gef\u00e4lschten Apfelscheiben - Decofoodshop","isPartOf":{"@id":"https:\/\/decofoodshop.nl\/#website"},"primaryImageOfPage":{"@id":"https:\/\/decofoodshop.nl\/product\/set-van-3-namaak-appel-schijven\/#primaryimage"},"image":{"@id":"https:\/\/decofoodshop.nl\/product\/set-van-3-namaak-appel-schijven\/#primaryimage"},"thumbnailUrl":"https:\/\/decofoodshop.nl\/wp-content\/uploads\/2020\/02\/Set-van-3-Namaak-Appel-Schijven-10cm-.jpg","datePublished":"2020-02-11T12:38:24+00:00","dateModified":"2026-03-15T22:53:56+00:00","description":"Wundersch\u00f6nes Set aus 3 falschen Apfelscheiben. Wir bieten auch Ananasscheiben und Zitrusscheiben und vieles mehr Kunstobst an.","breadcrumb":{"@id":"https:\/\/decofoodshop.nl\/product\/set-van-3-namaak-appel-schijven\/#breadcrumb"},"inLanguage":"de","potentialAction":[{"@type":"ReadAction","target":["https:\/\/decofoodshop.nl\/product\/set-van-3-namaak-appel-schijven\/"]}]},{"@type":"ImageObject","inLanguage":"de","@id":"https:\/\/decofoodshop.nl\/product\/set-van-3-namaak-appel-schijven\/#primaryimage","url":"https:\/\/decofoodshop.nl\/wp-content\/uploads\/2020\/02\/Set-van-3-Namaak-Appel-Schijven-10cm-.jpg","contentUrl":"https:\/\/decofoodshop.nl\/wp-content\/uploads\/2020\/02\/Set-van-3-Namaak-Appel-Schijven-10cm-.jpg","width":1234,"height":1270,"caption":"Set Van 3 Namaak Appel Schijven"},{"@type":"BreadcrumbList","@id":"https:\/\/decofoodshop.nl\/product\/set-van-3-namaak-appel-schijven\/#breadcrumb","itemListElement":[{"@type":"ListItem","position":1,"name":"Home","item":"https:\/\/decofoodshop.nl\/"},{"@type":"ListItem","position":2,"name":"Winkel","item":"https:\/\/decofoodshop.nl\/winkel\/"},{"@type":"ListItem","position":3,"name":"Set Van 3 Namaak Appel Schijven"}]},{"@type":"WebSite","@id":"https:\/\/decofoodshop.nl\/#website","url":"https:\/\/decofoodshop.nl\/","name":"Dekofoodshop","description":"","potentialAction":[{"@type":"SearchAction","target":{"@type":"EntryPoint","urlTemplate":"https:\/\/decofoodshop.nl\/?s={search_term_string}"},"query-input":{"@type":"PropertyValueSpecification","valueRequired":true,"valueName":"search_term_string"}}],"inLanguage":"de"}]}},"_links":{"self":[{"href":"https:\/\/decofoodshop.nl\/de\/wp-json\/wp\/v2\/product\/2259","targetHints":{"allow":["GET"]}}],"collection":[{"href":"https:\/\/decofoodshop.nl\/de\/wp-json\/wp\/v2\/product"}],"about":[{"href":"https:\/\/decofoodshop.nl\/de\/wp-json\/wp\/v2\/types\/product"}],"wp:featuredmedia":[{"embeddable":true,"href":"https:\/\/decofoodshop.nl\/de\/wp-json\/wp\/v2\/media\/2260"}],"wp:attachment":[{"href":"https:\/\/decofoodshop.nl\/de\/wp-json\/wp\/v2\/media?parent=2259"}],"wp:term":[{"taxonomy":"product_brand","embeddable":true,"href":"https:\/\/decofoodshop.nl\/de\/wp-json\/wp\/v2\/product_brand?post=2259"},{"taxonomy":"product_cat","embeddable":true,"href":"https:\/\/decofoodshop.nl\/de\/wp-json\/wp\/v2\/product_cat?post=2259"},{"taxonomy":"product_tag","embeddable":true,"href":"https:\/\/decofoodshop.nl\/de\/wp-json\/wp\/v2\/product_tag?post=2259"}],"curies":[{"name":"wp","href":"https:\/\/api.w.org\/{rel}","templated":true}]}}