{"id":2274,"date":"2020-02-12T08:45:49","date_gmt":"2020-02-12T08:45:49","guid":{"rendered":"https:\/\/decofoodshop.nl\/?post_type=product&#038;p=2274"},"modified":"2026-04-14T20:53:03","modified_gmt":"2026-04-14T18:53:03","slug":"gefalschte-ananas-heilmittel","status":"publish","type":"product","link":"https:\/\/decofoodshop.nl\/de\/product\/namaak-ananas-middel\/","title":{"rendered":"Gef\u00e4lschte Ananas-Medium"},"content":{"rendered":"<p>Sch\u00f6nes gef\u00e4lschtes Ananasprodukt mit einem nat\u00fcrlichen Aussehen.<\/p>\n<p>Sein \u00c4u\u00dferes ist rau und dadurch f\u00fchlt es sich echt an.<\/p>\n<p>Die Bl\u00e4tter der k\u00fcnstlichen Ananas sind stachelig wie bei einer echten Ananas.<\/p>\n<p>Die Bl\u00e4tter haben eine nat\u00fcrliche gr\u00fcne Farbe und die unteren Bl\u00e4tter sind etwas braun.<\/p>\n<p>Die Farbe ist wie ein echtes Ananasgelb mit etwas Gr\u00fcn in den Schuppen.<\/p>\n<p>Werfen Sie auch einen Blick auf unsere<span style=\"color: #008000;\"> <a style=\"color: #008000;\" href=\"https:\/\/decofoodshop.nl\/de\/produktkategorie-2\/pakete\/\">&#8216;<strong>Pakete<\/strong>&#8216;<\/a> <\/span>f\u00fcr fertige k\u00fcnstliche Fruchtverpackungen.<\/p>","protected":false},"excerpt":{"rendered":"<p>Mooie namaak ananas middel met een natuurlijk uiterlijk. Zijn buitenkant is ruw en hierdoor voelt hij echt aan. De bladeren van de kunst ananas zijn stekelig zoals een echte ananas. De bladeren hebben een natuurlijke groene kleur en de onderste blaadjes zijn wat bruin. De kleur is net als een echte ananas geel met in [&hellip;]<\/p>\n","protected":false},"featured_media":2275,"template":"","meta":{"_acf_changed":false,"_genesis_hide_title":false,"_genesis_hide_breadcrumbs":false,"_genesis_hide_singular_image":false,"_genesis_hide_footer_widgets":false,"_genesis_custom_body_class":"","_genesis_custom_post_class":"","_genesis_layout":""},"product_brand":[],"product_cat":[47],"product_tag":[],"class_list":{"0":"post-2274","1":"product","2":"type-product","3":"status-publish","4":"has-post-thumbnail","6":"product_cat-kunstfruit","7":"entry","8":"wpx-has-gallery","10":"first","11":"instock","12":"taxable","13":"shipping-taxable","14":"purchasable","15":"product-type-simple"},"acf":[],"yoast_head":"<!-- This site is optimized with the Yoast SEO Premium plugin v27.3 (Yoast SEO v27.4) - https:\/\/yoast.com\/product\/yoast-seo-premium-wordpress\/ -->\n<title>Namaak Ananas Middel - Verkrijgbaar Bij Decofoodshop<\/title>\n<meta name=\"description\" content=\"Natuurlijke namaak ananas middel met een real touch. De namaak ananas is niet breekbaar en verkrijgbaar in 3 verschillende maten.\" \/>\n<meta name=\"robots\" content=\"index, follow, max-snippet:-1, max-image-preview:large, max-video-preview:-1\" \/>\n<link rel=\"canonical\" href=\"https:\/\/decofoodshop.nl\/de\/produkt\/gefalschte-ananas-heilmittel\/\" \/>\n<meta property=\"og:locale\" content=\"de_DE\" \/>\n<meta property=\"og:type\" content=\"article\" \/>\n<meta property=\"og:title\" content=\"Namaak Ananas Middel\" \/>\n<meta property=\"og:description\" content=\"Natuurlijke namaak ananas middel met een real touch. De namaak ananas is niet breekbaar en verkrijgbaar in 3 verschillende maten.\" \/>\n<meta property=\"og:url\" content=\"https:\/\/decofoodshop.nl\/de\/produkt\/gefalschte-ananas-heilmittel\/\" \/>\n<meta property=\"og:site_name\" content=\"Decofoodshop\" \/>\n<meta property=\"article:modified_time\" content=\"2026-04-14T18:53:03+00:00\" \/>\n<meta property=\"og:image\" content=\"https:\/\/decofoodshop.nl\/wp-content\/uploads\/2020\/02\/Kunst-ananas-23cm.jpg\" \/>\n\t<meta property=\"og:image:width\" content=\"1200\" \/>\n\t<meta property=\"og:image:height\" content=\"1197\" \/>\n\t<meta property=\"og:image:type\" content=\"image\/jpeg\" \/>\n<meta name=\"twitter:card\" content=\"summary_large_image\" \/>\n<meta name=\"twitter:label1\" content=\"Gesch\u00e4tzte Lesezeit\" \/>\n\t<meta name=\"twitter:data1\" content=\"1\u00a0Minute\" \/>\n<script type=\"application\/ld+json\" class=\"yoast-schema-graph\">{\"@context\":\"https:\\\/\\\/schema.org\",\"@graph\":[{\"@type\":\"WebPage\",\"@id\":\"https:\\\/\\\/decofoodshop.nl\\\/product\\\/namaak-ananas-middel\\\/\",\"url\":\"https:\\\/\\\/decofoodshop.nl\\\/product\\\/namaak-ananas-middel\\\/\",\"name\":\"Namaak Ananas Middel - Verkrijgbaar Bij Decofoodshop\",\"isPartOf\":{\"@id\":\"https:\\\/\\\/decofoodshop.nl\\\/#website\"},\"primaryImageOfPage\":{\"@id\":\"https:\\\/\\\/decofoodshop.nl\\\/product\\\/namaak-ananas-middel\\\/#primaryimage\"},\"image\":{\"@id\":\"https:\\\/\\\/decofoodshop.nl\\\/product\\\/namaak-ananas-middel\\\/#primaryimage\"},\"thumbnailUrl\":\"https:\\\/\\\/decofoodshop.nl\\\/wp-content\\\/uploads\\\/2020\\\/02\\\/Kunst-ananas-23cm.jpg\",\"datePublished\":\"2020-02-12T08:45:49+00:00\",\"dateModified\":\"2026-04-14T18:53:03+00:00\",\"description\":\"Natuurlijke namaak ananas middel met een real touch. De namaak ananas is niet breekbaar en verkrijgbaar in 3 verschillende maten.\",\"breadcrumb\":{\"@id\":\"https:\\\/\\\/decofoodshop.nl\\\/product\\\/namaak-ananas-middel\\\/#breadcrumb\"},\"inLanguage\":\"de\",\"potentialAction\":[{\"@type\":\"ReadAction\",\"target\":[\"https:\\\/\\\/decofoodshop.nl\\\/product\\\/namaak-ananas-middel\\\/\"]}]},{\"@type\":\"ImageObject\",\"inLanguage\":\"de\",\"@id\":\"https:\\\/\\\/decofoodshop.nl\\\/product\\\/namaak-ananas-middel\\\/#primaryimage\",\"url\":\"https:\\\/\\\/decofoodshop.nl\\\/wp-content\\\/uploads\\\/2020\\\/02\\\/Kunst-ananas-23cm.jpg\",\"contentUrl\":\"https:\\\/\\\/decofoodshop.nl\\\/wp-content\\\/uploads\\\/2020\\\/02\\\/Kunst-ananas-23cm.jpg\",\"width\":1200,\"height\":1197,\"caption\":\"Namaak Ananas Middel\"},{\"@type\":\"BreadcrumbList\",\"@id\":\"https:\\\/\\\/decofoodshop.nl\\\/product\\\/namaak-ananas-middel\\\/#breadcrumb\",\"itemListElement\":[{\"@type\":\"ListItem\",\"position\":1,\"name\":\"Home\",\"item\":\"https:\\\/\\\/decofoodshop.nl\\\/\"},{\"@type\":\"ListItem\",\"position\":2,\"name\":\"Winkel\",\"item\":\"https:\\\/\\\/decofoodshop.nl\\\/winkel\\\/\"},{\"@type\":\"ListItem\",\"position\":3,\"name\":\"Namaak Ananas Middel\"}]},{\"@type\":\"WebSite\",\"@id\":\"https:\\\/\\\/decofoodshop.nl\\\/#website\",\"url\":\"https:\\\/\\\/decofoodshop.nl\\\/\",\"name\":\"Decofoodshop\",\"description\":\"\",\"potentialAction\":[{\"@type\":\"SearchAction\",\"target\":{\"@type\":\"EntryPoint\",\"urlTemplate\":\"https:\\\/\\\/decofoodshop.nl\\\/?s={search_term_string}\"},\"query-input\":{\"@type\":\"PropertyValueSpecification\",\"valueRequired\":true,\"valueName\":\"search_term_string\"}}],\"inLanguage\":\"de\"}]}<\/script>\n<!-- \/ Yoast SEO Premium plugin. -->","yoast_head_json":{"title":"Gef\u00e4lschte Ananas Medium - Erh\u00e4ltlich bei Decofoodshop","description":"Nat\u00fcrliche gef\u00e4lschte Ananas Heilmittel mit einer echten Note. Die gef\u00e4lschte Ananas ist nicht zerbrechlich und in 3 verschiedenen Gr\u00f6\u00dfen erh\u00e4ltlich.","robots":{"index":"index","follow":"follow","max-snippet":"max-snippet:-1","max-image-preview":"max-image-preview:large","max-video-preview":"max-video-preview:-1"},"canonical":"https:\/\/decofoodshop.nl\/de\/produkt\/gefalschte-ananas-heilmittel\/","og_locale":"de_DE","og_type":"article","og_title":"Namaak Ananas Middel","og_description":"Natuurlijke namaak ananas middel met een real touch. De namaak ananas is niet breekbaar en verkrijgbaar in 3 verschillende maten.","og_url":"https:\/\/decofoodshop.nl\/de\/produkt\/gefalschte-ananas-heilmittel\/","og_site_name":"Decofoodshop","article_modified_time":"2026-04-14T18:53:03+00:00","og_image":[{"width":1200,"height":1197,"url":"https:\/\/decofoodshop.nl\/wp-content\/uploads\/2020\/02\/Kunst-ananas-23cm.jpg","type":"image\/jpeg"}],"twitter_card":"summary_large_image","twitter_misc":{"Gesch\u00e4tzte Lesezeit":"1\u00a0Minute"},"schema":{"@context":"https:\/\/schema.org","@graph":[{"@type":"WebPage","@id":"https:\/\/decofoodshop.nl\/product\/namaak-ananas-middel\/","url":"https:\/\/decofoodshop.nl\/product\/namaak-ananas-middel\/","name":"Gef\u00e4lschte Ananas Medium - Erh\u00e4ltlich bei Decofoodshop","isPartOf":{"@id":"https:\/\/decofoodshop.nl\/#website"},"primaryImageOfPage":{"@id":"https:\/\/decofoodshop.nl\/product\/namaak-ananas-middel\/#primaryimage"},"image":{"@id":"https:\/\/decofoodshop.nl\/product\/namaak-ananas-middel\/#primaryimage"},"thumbnailUrl":"https:\/\/decofoodshop.nl\/wp-content\/uploads\/2020\/02\/Kunst-ananas-23cm.jpg","datePublished":"2020-02-12T08:45:49+00:00","dateModified":"2026-04-14T18:53:03+00:00","description":"Nat\u00fcrliche gef\u00e4lschte Ananas Heilmittel mit einer echten Note. Die gef\u00e4lschte Ananas ist nicht zerbrechlich und in 3 verschiedenen Gr\u00f6\u00dfen erh\u00e4ltlich.","breadcrumb":{"@id":"https:\/\/decofoodshop.nl\/product\/namaak-ananas-middel\/#breadcrumb"},"inLanguage":"de","potentialAction":[{"@type":"ReadAction","target":["https:\/\/decofoodshop.nl\/product\/namaak-ananas-middel\/"]}]},{"@type":"ImageObject","inLanguage":"de","@id":"https:\/\/decofoodshop.nl\/product\/namaak-ananas-middel\/#primaryimage","url":"https:\/\/decofoodshop.nl\/wp-content\/uploads\/2020\/02\/Kunst-ananas-23cm.jpg","contentUrl":"https:\/\/decofoodshop.nl\/wp-content\/uploads\/2020\/02\/Kunst-ananas-23cm.jpg","width":1200,"height":1197,"caption":"Namaak Ananas Middel"},{"@type":"BreadcrumbList","@id":"https:\/\/decofoodshop.nl\/product\/namaak-ananas-middel\/#breadcrumb","itemListElement":[{"@type":"ListItem","position":1,"name":"Home","item":"https:\/\/decofoodshop.nl\/"},{"@type":"ListItem","position":2,"name":"Winkel","item":"https:\/\/decofoodshop.nl\/winkel\/"},{"@type":"ListItem","position":3,"name":"Namaak Ananas Middel"}]},{"@type":"WebSite","@id":"https:\/\/decofoodshop.nl\/#website","url":"https:\/\/decofoodshop.nl\/","name":"Dekofoodshop","description":"","potentialAction":[{"@type":"SearchAction","target":{"@type":"EntryPoint","urlTemplate":"https:\/\/decofoodshop.nl\/?s={search_term_string}"},"query-input":{"@type":"PropertyValueSpecification","valueRequired":true,"valueName":"search_term_string"}}],"inLanguage":"de"}]}},"_links":{"self":[{"href":"https:\/\/decofoodshop.nl\/de\/wp-json\/wp\/v2\/product\/2274","targetHints":{"allow":["GET"]}}],"collection":[{"href":"https:\/\/decofoodshop.nl\/de\/wp-json\/wp\/v2\/product"}],"about":[{"href":"https:\/\/decofoodshop.nl\/de\/wp-json\/wp\/v2\/types\/product"}],"wp:featuredmedia":[{"embeddable":true,"href":"https:\/\/decofoodshop.nl\/de\/wp-json\/wp\/v2\/media\/2275"}],"wp:attachment":[{"href":"https:\/\/decofoodshop.nl\/de\/wp-json\/wp\/v2\/media?parent=2274"}],"wp:term":[{"taxonomy":"product_brand","embeddable":true,"href":"https:\/\/decofoodshop.nl\/de\/wp-json\/wp\/v2\/product_brand?post=2274"},{"taxonomy":"product_cat","embeddable":true,"href":"https:\/\/decofoodshop.nl\/de\/wp-json\/wp\/v2\/product_cat?post=2274"},{"taxonomy":"product_tag","embeddable":true,"href":"https:\/\/decofoodshop.nl\/de\/wp-json\/wp\/v2\/product_tag?post=2274"}],"curies":[{"name":"wp","href":"https:\/\/api.w.org\/{rel}","templated":true}]}}