{"id":2278,"date":"2020-02-12T09:01:56","date_gmt":"2020-02-12T09:01:56","guid":{"rendered":"https:\/\/decofoodshop.nl\/?post_type=product&#038;p=2278"},"modified":"2026-04-14T20:53:03","modified_gmt":"2026-04-14T18:53:03","slug":"fake-ananas-gros","status":"publish","type":"product","link":"https:\/\/decofoodshop.nl\/de\/product\/namaak-ananas-groot\/","title":{"rendered":"Gef\u00e4lschte Ananas gro\u00df"},"content":{"rendered":"<p>Sch\u00f6ne k\u00fcnstliche Ananas gro\u00df, die nicht zerbrechlich ist.<\/p>\n<p>Diese k\u00fcnstliche Ananas ist \u00e4u\u00dferst dekorativ.<\/p>\n<p>Die Au\u00dfenseite der gef\u00e4lschten Ananas f\u00fchlt sich echt und rau an.<\/p>\n<p>Die Bl\u00e4tter sind stachelig und haben eine nat\u00fcrliche gr\u00fcne Farbe.<\/p>\n<p>Diese reife k\u00fcnstliche Ananas hat eine gelbe Farbe mit gr\u00fcnen und rotbraunen Akzenten.<\/p>\n<p>Wir bieten dieses Produkt in 3 verschiedenen Gr\u00f6\u00dfen an.<\/p>\n<p>Bevorzugen Sie eine fertige k\u00fcnstliche Fruchtpackung? dann klick<strong><span style=\"color: #008000;\"> <a style=\"color: #008000;\" href=\"https:\/\/decofoodshop.nl\/de\/produktkategorie-2\/pakete\/\">&#039;Hier&#039;<\/a>.<\/span><\/strong><\/p>","protected":false},"excerpt":{"rendered":"<p>Prachtige namaak ananas groot die niet breekbaar is. Deze kunst ananas is uiterst decoratief inzetbaar. De buitenkant van de nep ananas voel echt en ruw aan. De bladeren zijn stekelig en hebben een natuurlijke groene kleur. Deze rijpe kunstananas heeft een gele kleur met groene en roodbruine accenten. Wij bieden dit product in 3 verschillende [&hellip;]<\/p>\n","protected":false},"featured_media":2279,"template":"","meta":{"_acf_changed":false,"_genesis_hide_title":false,"_genesis_hide_breadcrumbs":false,"_genesis_hide_singular_image":false,"_genesis_hide_footer_widgets":false,"_genesis_custom_body_class":"","_genesis_custom_post_class":"","_genesis_layout":""},"product_brand":[],"product_cat":[47],"product_tag":[],"class_list":{"0":"post-2278","1":"product","2":"type-product","3":"status-publish","4":"has-post-thumbnail","6":"product_cat-kunstfruit","7":"entry","8":"wpx-has-gallery","10":"first","11":"instock","12":"taxable","13":"shipping-taxable","14":"purchasable","15":"product-type-simple"},"acf":[],"yoast_head":"<!-- This site is optimized with the Yoast SEO Premium plugin v27.3 (Yoast SEO v27.4) - https:\/\/yoast.com\/product\/yoast-seo-premium-wordpress\/ -->\n<title>Namaak Ananas Groot - Verkrijgbaar Bij Decofoodshop<\/title>\n<meta name=\"description\" content=\"Rijpe Namaak ananas groot met een natuurlijk ruwe buitenkant. Uiterst decoratief inzetbaar. Verkrijgbaar in 3 verschillende maten.\" \/>\n<meta name=\"robots\" content=\"index, follow, max-snippet:-1, max-image-preview:large, max-video-preview:-1\" \/>\n<link rel=\"canonical\" href=\"https:\/\/decofoodshop.nl\/de\/produkt\/fake-ananas-gros\/\" \/>\n<meta property=\"og:locale\" content=\"de_DE\" \/>\n<meta property=\"og:type\" content=\"article\" \/>\n<meta property=\"og:title\" content=\"Namaak Ananas Groot\" \/>\n<meta property=\"og:description\" content=\"Rijpe Namaak ananas groot met een natuurlijk ruwe buitenkant. Uiterst decoratief inzetbaar. Verkrijgbaar in 3 verschillende maten.\" \/>\n<meta property=\"og:url\" content=\"https:\/\/decofoodshop.nl\/de\/produkt\/fake-ananas-gros\/\" \/>\n<meta property=\"og:site_name\" content=\"Decofoodshop\" \/>\n<meta property=\"article:modified_time\" content=\"2026-04-14T18:53:03+00:00\" \/>\n<meta property=\"og:image\" content=\"https:\/\/decofoodshop.nl\/wp-content\/uploads\/2020\/02\/Imitatie-Ananas-XL-27cm.jpg\" \/>\n\t<meta property=\"og:image:width\" content=\"1200\" \/>\n\t<meta property=\"og:image:height\" content=\"1200\" \/>\n\t<meta property=\"og:image:type\" content=\"image\/jpeg\" \/>\n<meta name=\"twitter:card\" content=\"summary_large_image\" \/>\n<meta name=\"twitter:label1\" content=\"Gesch\u00e4tzte Lesezeit\" \/>\n\t<meta name=\"twitter:data1\" content=\"1\u00a0Minute\" \/>\n<script type=\"application\/ld+json\" class=\"yoast-schema-graph\">{\"@context\":\"https:\\\/\\\/schema.org\",\"@graph\":[{\"@type\":\"WebPage\",\"@id\":\"https:\\\/\\\/decofoodshop.nl\\\/product\\\/namaak-ananas-groot\\\/\",\"url\":\"https:\\\/\\\/decofoodshop.nl\\\/product\\\/namaak-ananas-groot\\\/\",\"name\":\"Namaak Ananas Groot - Verkrijgbaar Bij Decofoodshop\",\"isPartOf\":{\"@id\":\"https:\\\/\\\/decofoodshop.nl\\\/#website\"},\"primaryImageOfPage\":{\"@id\":\"https:\\\/\\\/decofoodshop.nl\\\/product\\\/namaak-ananas-groot\\\/#primaryimage\"},\"image\":{\"@id\":\"https:\\\/\\\/decofoodshop.nl\\\/product\\\/namaak-ananas-groot\\\/#primaryimage\"},\"thumbnailUrl\":\"https:\\\/\\\/decofoodshop.nl\\\/wp-content\\\/uploads\\\/2020\\\/02\\\/Imitatie-Ananas-XL-27cm.jpg\",\"datePublished\":\"2020-02-12T09:01:56+00:00\",\"dateModified\":\"2026-04-14T18:53:03+00:00\",\"description\":\"Rijpe Namaak ananas groot met een natuurlijk ruwe buitenkant. Uiterst decoratief inzetbaar. Verkrijgbaar in 3 verschillende maten.\",\"breadcrumb\":{\"@id\":\"https:\\\/\\\/decofoodshop.nl\\\/product\\\/namaak-ananas-groot\\\/#breadcrumb\"},\"inLanguage\":\"de\",\"potentialAction\":[{\"@type\":\"ReadAction\",\"target\":[\"https:\\\/\\\/decofoodshop.nl\\\/product\\\/namaak-ananas-groot\\\/\"]}]},{\"@type\":\"ImageObject\",\"inLanguage\":\"de\",\"@id\":\"https:\\\/\\\/decofoodshop.nl\\\/product\\\/namaak-ananas-groot\\\/#primaryimage\",\"url\":\"https:\\\/\\\/decofoodshop.nl\\\/wp-content\\\/uploads\\\/2020\\\/02\\\/Imitatie-Ananas-XL-27cm.jpg\",\"contentUrl\":\"https:\\\/\\\/decofoodshop.nl\\\/wp-content\\\/uploads\\\/2020\\\/02\\\/Imitatie-Ananas-XL-27cm.jpg\",\"width\":1200,\"height\":1200,\"caption\":\"Namaak Ananas Groot\"},{\"@type\":\"BreadcrumbList\",\"@id\":\"https:\\\/\\\/decofoodshop.nl\\\/product\\\/namaak-ananas-groot\\\/#breadcrumb\",\"itemListElement\":[{\"@type\":\"ListItem\",\"position\":1,\"name\":\"Home\",\"item\":\"https:\\\/\\\/decofoodshop.nl\\\/\"},{\"@type\":\"ListItem\",\"position\":2,\"name\":\"Winkel\",\"item\":\"https:\\\/\\\/decofoodshop.nl\\\/winkel\\\/\"},{\"@type\":\"ListItem\",\"position\":3,\"name\":\"Namaak Ananas Groot\"}]},{\"@type\":\"WebSite\",\"@id\":\"https:\\\/\\\/decofoodshop.nl\\\/#website\",\"url\":\"https:\\\/\\\/decofoodshop.nl\\\/\",\"name\":\"Decofoodshop\",\"description\":\"\",\"potentialAction\":[{\"@type\":\"SearchAction\",\"target\":{\"@type\":\"EntryPoint\",\"urlTemplate\":\"https:\\\/\\\/decofoodshop.nl\\\/?s={search_term_string}\"},\"query-input\":{\"@type\":\"PropertyValueSpecification\",\"valueRequired\":true,\"valueName\":\"search_term_string\"}}],\"inLanguage\":\"de\"}]}<\/script>\n<!-- \/ Yoast SEO Premium plugin. -->","yoast_head_json":{"title":"Gef\u00e4lschte Ananas gro\u00df - Erh\u00e4ltlich bei Decofoodshop","description":"Reife k\u00fcnstliche Ananas gro\u00df mit einem nat\u00fcrlich rauen \u00c4u\u00dferen. \u00c4u\u00dferst dekorativ. Erh\u00e4ltlich in 3 verschiedenen Gr\u00f6\u00dfen.","robots":{"index":"index","follow":"follow","max-snippet":"max-snippet:-1","max-image-preview":"max-image-preview:large","max-video-preview":"max-video-preview:-1"},"canonical":"https:\/\/decofoodshop.nl\/de\/produkt\/fake-ananas-gros\/","og_locale":"de_DE","og_type":"article","og_title":"Namaak Ananas Groot","og_description":"Rijpe Namaak ananas groot met een natuurlijk ruwe buitenkant. Uiterst decoratief inzetbaar. Verkrijgbaar in 3 verschillende maten.","og_url":"https:\/\/decofoodshop.nl\/de\/produkt\/fake-ananas-gros\/","og_site_name":"Decofoodshop","article_modified_time":"2026-04-14T18:53:03+00:00","og_image":[{"width":1200,"height":1200,"url":"https:\/\/decofoodshop.nl\/wp-content\/uploads\/2020\/02\/Imitatie-Ananas-XL-27cm.jpg","type":"image\/jpeg"}],"twitter_card":"summary_large_image","twitter_misc":{"Gesch\u00e4tzte Lesezeit":"1\u00a0Minute"},"schema":{"@context":"https:\/\/schema.org","@graph":[{"@type":"WebPage","@id":"https:\/\/decofoodshop.nl\/product\/namaak-ananas-groot\/","url":"https:\/\/decofoodshop.nl\/product\/namaak-ananas-groot\/","name":"Gef\u00e4lschte Ananas gro\u00df - Erh\u00e4ltlich bei Decofoodshop","isPartOf":{"@id":"https:\/\/decofoodshop.nl\/#website"},"primaryImageOfPage":{"@id":"https:\/\/decofoodshop.nl\/product\/namaak-ananas-groot\/#primaryimage"},"image":{"@id":"https:\/\/decofoodshop.nl\/product\/namaak-ananas-groot\/#primaryimage"},"thumbnailUrl":"https:\/\/decofoodshop.nl\/wp-content\/uploads\/2020\/02\/Imitatie-Ananas-XL-27cm.jpg","datePublished":"2020-02-12T09:01:56+00:00","dateModified":"2026-04-14T18:53:03+00:00","description":"Reife k\u00fcnstliche Ananas gro\u00df mit einem nat\u00fcrlich rauen \u00c4u\u00dferen. \u00c4u\u00dferst dekorativ. Erh\u00e4ltlich in 3 verschiedenen Gr\u00f6\u00dfen.","breadcrumb":{"@id":"https:\/\/decofoodshop.nl\/product\/namaak-ananas-groot\/#breadcrumb"},"inLanguage":"de","potentialAction":[{"@type":"ReadAction","target":["https:\/\/decofoodshop.nl\/product\/namaak-ananas-groot\/"]}]},{"@type":"ImageObject","inLanguage":"de","@id":"https:\/\/decofoodshop.nl\/product\/namaak-ananas-groot\/#primaryimage","url":"https:\/\/decofoodshop.nl\/wp-content\/uploads\/2020\/02\/Imitatie-Ananas-XL-27cm.jpg","contentUrl":"https:\/\/decofoodshop.nl\/wp-content\/uploads\/2020\/02\/Imitatie-Ananas-XL-27cm.jpg","width":1200,"height":1200,"caption":"Namaak Ananas Groot"},{"@type":"BreadcrumbList","@id":"https:\/\/decofoodshop.nl\/product\/namaak-ananas-groot\/#breadcrumb","itemListElement":[{"@type":"ListItem","position":1,"name":"Home","item":"https:\/\/decofoodshop.nl\/"},{"@type":"ListItem","position":2,"name":"Winkel","item":"https:\/\/decofoodshop.nl\/winkel\/"},{"@type":"ListItem","position":3,"name":"Namaak Ananas Groot"}]},{"@type":"WebSite","@id":"https:\/\/decofoodshop.nl\/#website","url":"https:\/\/decofoodshop.nl\/","name":"Dekofoodshop","description":"","potentialAction":[{"@type":"SearchAction","target":{"@type":"EntryPoint","urlTemplate":"https:\/\/decofoodshop.nl\/?s={search_term_string}"},"query-input":{"@type":"PropertyValueSpecification","valueRequired":true,"valueName":"search_term_string"}}],"inLanguage":"de"}]}},"_links":{"self":[{"href":"https:\/\/decofoodshop.nl\/de\/wp-json\/wp\/v2\/product\/2278","targetHints":{"allow":["GET"]}}],"collection":[{"href":"https:\/\/decofoodshop.nl\/de\/wp-json\/wp\/v2\/product"}],"about":[{"href":"https:\/\/decofoodshop.nl\/de\/wp-json\/wp\/v2\/types\/product"}],"wp:featuredmedia":[{"embeddable":true,"href":"https:\/\/decofoodshop.nl\/de\/wp-json\/wp\/v2\/media\/2279"}],"wp:attachment":[{"href":"https:\/\/decofoodshop.nl\/de\/wp-json\/wp\/v2\/media?parent=2278"}],"wp:term":[{"taxonomy":"product_brand","embeddable":true,"href":"https:\/\/decofoodshop.nl\/de\/wp-json\/wp\/v2\/product_brand?post=2278"},{"taxonomy":"product_cat","embeddable":true,"href":"https:\/\/decofoodshop.nl\/de\/wp-json\/wp\/v2\/product_cat?post=2278"},{"taxonomy":"product_tag","embeddable":true,"href":"https:\/\/decofoodshop.nl\/de\/wp-json\/wp\/v2\/product_tag?post=2278"}],"curies":[{"name":"wp","href":"https:\/\/api.w.org\/{rel}","templated":true}]}}