{"id":2292,"date":"2020-02-13T10:45:44","date_gmt":"2020-02-13T10:45:44","guid":{"rendered":"https:\/\/decofoodshop.nl\/?post_type=product&#038;p=2292"},"modified":"2026-03-06T11:09:43","modified_gmt":"2026-03-06T10:09:43","slug":"big-fake-bread-white","status":"publish","type":"product","link":"https:\/\/decofoodshop.nl\/de\/product\/groot-namaak-brood-wit\/","title":{"rendered":"Gro\u00dfes gef\u00e4lschtes Brot wei\u00df"},"content":{"rendered":"<p>Dieses sch\u00f6ne gef\u00e4lschte Brotwei\u00df sieht genauso aus wie das Original.<\/p>\n<p>Die Kunstbrote haben eine sch\u00f6ne goldbraune Farbe.<\/p>\n<p>Diese gef\u00e4lschten Brote haben auch einen Geruch wie echtes Brot.<\/p>\n<p>Sie sind komprimierbar und nicht zerbrechlich.<\/p>\n<p>Auch mit Samen erh\u00e4ltlich.<\/p>\n<p>Schauen Sie sich auch unser fertiges Angebot an<strong><span style=\"color: #008000;\"> <a style=\"color: #008000;\" href=\"https:\/\/decofoodshop.nl\/de\/produktkategorie-2\/pakete\/\">&#039;Pakete&#039;<\/a><\/span><\/strong> f\u00fcr ua Brotpakete.<\/p>","protected":false},"excerpt":{"rendered":"<p>Dit prachtige namaak brood wit lijkt net echt. De kunst broden hebben een mooie goud bruine kleur. Ook hebben deze namaak broden een geur net als een echt brood. Ze zijn indrukbaar en niet breekbaar. Ook verkrijgbaar met zaadjes. Kijkt u ook eens bij ons aanbod kant en klare &#8216;Pakketten&#8217; voor onder andere brood pakketten.<\/p>","protected":false},"featured_media":2293,"template":"","meta":{"_acf_changed":false,"_genesis_hide_title":false,"_genesis_hide_breadcrumbs":false,"_genesis_hide_singular_image":false,"_genesis_hide_footer_widgets":false,"_genesis_custom_body_class":"","_genesis_custom_post_class":"","_genesis_layout":""},"product_brand":[],"product_cat":[46],"product_tag":[],"class_list":{"0":"post-2292","1":"product","2":"type-product","3":"status-publish","4":"has-post-thumbnail","6":"product_cat-broodengebak","7":"entry","8":"wpx-has-gallery","10":"first","11":"instock","12":"taxable","13":"shipping-taxable","14":"purchasable","15":"product-type-simple"},"acf":[],"yoast_head":"<!-- This site is optimized with the Yoast SEO Premium plugin v27.3 (Yoast SEO v27.4) - https:\/\/yoast.com\/product\/yoast-seo-premium-wordpress\/ -->\n<title>Groot Namaak Brood Wit - Verkrijgbaar Bij Decofoodshop<\/title>\n<meta name=\"description\" content=\"Mooi Groot Namaak Brood Wit met natuurlijke goudbruine kleur. Decofoodshop verkoopt een ruim assortiment aan namaak brood en namaak gebak.\" \/>\n<meta name=\"robots\" content=\"index, follow, max-snippet:-1, max-image-preview:large, max-video-preview:-1\" \/>\n<link rel=\"canonical\" href=\"https:\/\/decofoodshop.nl\/de\/produkt\/big-fake-bread-white\/\" \/>\n<meta property=\"og:locale\" content=\"de_DE\" \/>\n<meta property=\"og:type\" content=\"article\" \/>\n<meta property=\"og:title\" content=\"Groot Namaak Brood Wit\" \/>\n<meta property=\"og:description\" content=\"Mooi Groot Namaak Brood Wit met natuurlijke goudbruine kleur. Decofoodshop verkoopt een ruim assortiment aan namaak brood en namaak gebak.\" \/>\n<meta property=\"og:url\" content=\"https:\/\/decofoodshop.nl\/de\/produkt\/big-fake-bread-white\/\" \/>\n<meta property=\"og:site_name\" content=\"Decofoodshop\" \/>\n<meta property=\"article:modified_time\" content=\"2026-03-06T10:09:43+00:00\" \/>\n<meta property=\"og:image\" content=\"https:\/\/decofoodshop.nl\/wp-content\/uploads\/2020\/02\/20200114_163343.jpg\" \/>\n\t<meta property=\"og:image:width\" content=\"1200\" \/>\n\t<meta property=\"og:image:height\" content=\"1200\" \/>\n\t<meta property=\"og:image:type\" content=\"image\/jpeg\" \/>\n<meta name=\"twitter:card\" content=\"summary_large_image\" \/>\n<meta name=\"twitter:label1\" content=\"Gesch\u00e4tzte Lesezeit\" \/>\n\t<meta name=\"twitter:data1\" content=\"1\u00a0Minute\" \/>\n<script type=\"application\/ld+json\" class=\"yoast-schema-graph\">{\"@context\":\"https:\\\/\\\/schema.org\",\"@graph\":[{\"@type\":\"WebPage\",\"@id\":\"https:\\\/\\\/decofoodshop.nl\\\/product\\\/groot-namaak-brood-wit\\\/\",\"url\":\"https:\\\/\\\/decofoodshop.nl\\\/product\\\/groot-namaak-brood-wit\\\/\",\"name\":\"Groot Namaak Brood Wit - Verkrijgbaar Bij Decofoodshop\",\"isPartOf\":{\"@id\":\"https:\\\/\\\/decofoodshop.nl\\\/#website\"},\"primaryImageOfPage\":{\"@id\":\"https:\\\/\\\/decofoodshop.nl\\\/product\\\/groot-namaak-brood-wit\\\/#primaryimage\"},\"image\":{\"@id\":\"https:\\\/\\\/decofoodshop.nl\\\/product\\\/groot-namaak-brood-wit\\\/#primaryimage\"},\"thumbnailUrl\":\"https:\\\/\\\/decofoodshop.nl\\\/wp-content\\\/uploads\\\/2020\\\/02\\\/20200114_163343.jpg\",\"datePublished\":\"2020-02-13T10:45:44+00:00\",\"dateModified\":\"2026-03-06T10:09:43+00:00\",\"description\":\"Mooi Groot Namaak Brood Wit met natuurlijke goudbruine kleur. Decofoodshop verkoopt een ruim assortiment aan namaak brood en namaak gebak.\",\"breadcrumb\":{\"@id\":\"https:\\\/\\\/decofoodshop.nl\\\/product\\\/groot-namaak-brood-wit\\\/#breadcrumb\"},\"inLanguage\":\"de\",\"potentialAction\":[{\"@type\":\"ReadAction\",\"target\":[\"https:\\\/\\\/decofoodshop.nl\\\/product\\\/groot-namaak-brood-wit\\\/\"]}]},{\"@type\":\"ImageObject\",\"inLanguage\":\"de\",\"@id\":\"https:\\\/\\\/decofoodshop.nl\\\/product\\\/groot-namaak-brood-wit\\\/#primaryimage\",\"url\":\"https:\\\/\\\/decofoodshop.nl\\\/wp-content\\\/uploads\\\/2020\\\/02\\\/20200114_163343.jpg\",\"contentUrl\":\"https:\\\/\\\/decofoodshop.nl\\\/wp-content\\\/uploads\\\/2020\\\/02\\\/20200114_163343.jpg\",\"width\":1200,\"height\":1200,\"caption\":\"Wit Namaak Brood\"},{\"@type\":\"BreadcrumbList\",\"@id\":\"https:\\\/\\\/decofoodshop.nl\\\/product\\\/groot-namaak-brood-wit\\\/#breadcrumb\",\"itemListElement\":[{\"@type\":\"ListItem\",\"position\":1,\"name\":\"Home\",\"item\":\"https:\\\/\\\/decofoodshop.nl\\\/\"},{\"@type\":\"ListItem\",\"position\":2,\"name\":\"Winkel\",\"item\":\"https:\\\/\\\/decofoodshop.nl\\\/winkel\\\/\"},{\"@type\":\"ListItem\",\"position\":3,\"name\":\"Groot Namaak Brood Wit\"}]},{\"@type\":\"WebSite\",\"@id\":\"https:\\\/\\\/decofoodshop.nl\\\/#website\",\"url\":\"https:\\\/\\\/decofoodshop.nl\\\/\",\"name\":\"Decofoodshop\",\"description\":\"\",\"potentialAction\":[{\"@type\":\"SearchAction\",\"target\":{\"@type\":\"EntryPoint\",\"urlTemplate\":\"https:\\\/\\\/decofoodshop.nl\\\/?s={search_term_string}\"},\"query-input\":{\"@type\":\"PropertyValueSpecification\",\"valueRequired\":true,\"valueName\":\"search_term_string\"}}],\"inLanguage\":\"de\"}]}<\/script>\n<!-- \/ Yoast SEO Premium plugin. -->","yoast_head_json":{"title":"Gro\u00dfes gef\u00e4lschtes Brot Wei\u00df - Erh\u00e4ltlich bei Decofoodshop","description":"Sch\u00f6nes gro\u00dfes gef\u00e4lschtes Brot Wei\u00df mit nat\u00fcrlicher goldbrauner Farbe. Decofoodshop verkauft eine gro\u00dfe Auswahl an gef\u00e4lschtem Brot und gef\u00e4lschtem Geb\u00e4ck.","robots":{"index":"index","follow":"follow","max-snippet":"max-snippet:-1","max-image-preview":"max-image-preview:large","max-video-preview":"max-video-preview:-1"},"canonical":"https:\/\/decofoodshop.nl\/de\/produkt\/big-fake-bread-white\/","og_locale":"de_DE","og_type":"article","og_title":"Groot Namaak Brood Wit","og_description":"Mooi Groot Namaak Brood Wit met natuurlijke goudbruine kleur. Decofoodshop verkoopt een ruim assortiment aan namaak brood en namaak gebak.","og_url":"https:\/\/decofoodshop.nl\/de\/produkt\/big-fake-bread-white\/","og_site_name":"Decofoodshop","article_modified_time":"2026-03-06T10:09:43+00:00","og_image":[{"width":1200,"height":1200,"url":"https:\/\/decofoodshop.nl\/wp-content\/uploads\/2020\/02\/20200114_163343.jpg","type":"image\/jpeg"}],"twitter_card":"summary_large_image","twitter_misc":{"Gesch\u00e4tzte Lesezeit":"1\u00a0Minute"},"schema":{"@context":"https:\/\/schema.org","@graph":[{"@type":"WebPage","@id":"https:\/\/decofoodshop.nl\/product\/groot-namaak-brood-wit\/","url":"https:\/\/decofoodshop.nl\/product\/groot-namaak-brood-wit\/","name":"Gro\u00dfes gef\u00e4lschtes Brot Wei\u00df - Erh\u00e4ltlich bei Decofoodshop","isPartOf":{"@id":"https:\/\/decofoodshop.nl\/#website"},"primaryImageOfPage":{"@id":"https:\/\/decofoodshop.nl\/product\/groot-namaak-brood-wit\/#primaryimage"},"image":{"@id":"https:\/\/decofoodshop.nl\/product\/groot-namaak-brood-wit\/#primaryimage"},"thumbnailUrl":"https:\/\/decofoodshop.nl\/wp-content\/uploads\/2020\/02\/20200114_163343.jpg","datePublished":"2020-02-13T10:45:44+00:00","dateModified":"2026-03-06T10:09:43+00:00","description":"Sch\u00f6nes gro\u00dfes gef\u00e4lschtes Brot Wei\u00df mit nat\u00fcrlicher goldbrauner Farbe. Decofoodshop verkauft eine gro\u00dfe Auswahl an gef\u00e4lschtem Brot und gef\u00e4lschtem Geb\u00e4ck.","breadcrumb":{"@id":"https:\/\/decofoodshop.nl\/product\/groot-namaak-brood-wit\/#breadcrumb"},"inLanguage":"de","potentialAction":[{"@type":"ReadAction","target":["https:\/\/decofoodshop.nl\/product\/groot-namaak-brood-wit\/"]}]},{"@type":"ImageObject","inLanguage":"de","@id":"https:\/\/decofoodshop.nl\/product\/groot-namaak-brood-wit\/#primaryimage","url":"https:\/\/decofoodshop.nl\/wp-content\/uploads\/2020\/02\/20200114_163343.jpg","contentUrl":"https:\/\/decofoodshop.nl\/wp-content\/uploads\/2020\/02\/20200114_163343.jpg","width":1200,"height":1200,"caption":"Wit Namaak Brood"},{"@type":"BreadcrumbList","@id":"https:\/\/decofoodshop.nl\/product\/groot-namaak-brood-wit\/#breadcrumb","itemListElement":[{"@type":"ListItem","position":1,"name":"Home","item":"https:\/\/decofoodshop.nl\/"},{"@type":"ListItem","position":2,"name":"Winkel","item":"https:\/\/decofoodshop.nl\/winkel\/"},{"@type":"ListItem","position":3,"name":"Groot Namaak Brood Wit"}]},{"@type":"WebSite","@id":"https:\/\/decofoodshop.nl\/#website","url":"https:\/\/decofoodshop.nl\/","name":"Dekofoodshop","description":"","potentialAction":[{"@type":"SearchAction","target":{"@type":"EntryPoint","urlTemplate":"https:\/\/decofoodshop.nl\/?s={search_term_string}"},"query-input":{"@type":"PropertyValueSpecification","valueRequired":true,"valueName":"search_term_string"}}],"inLanguage":"de"}]}},"_links":{"self":[{"href":"https:\/\/decofoodshop.nl\/de\/wp-json\/wp\/v2\/product\/2292","targetHints":{"allow":["GET"]}}],"collection":[{"href":"https:\/\/decofoodshop.nl\/de\/wp-json\/wp\/v2\/product"}],"about":[{"href":"https:\/\/decofoodshop.nl\/de\/wp-json\/wp\/v2\/types\/product"}],"wp:featuredmedia":[{"embeddable":true,"href":"https:\/\/decofoodshop.nl\/de\/wp-json\/wp\/v2\/media\/2293"}],"wp:attachment":[{"href":"https:\/\/decofoodshop.nl\/de\/wp-json\/wp\/v2\/media?parent=2292"}],"wp:term":[{"taxonomy":"product_brand","embeddable":true,"href":"https:\/\/decofoodshop.nl\/de\/wp-json\/wp\/v2\/product_brand?post=2292"},{"taxonomy":"product_cat","embeddable":true,"href":"https:\/\/decofoodshop.nl\/de\/wp-json\/wp\/v2\/product_cat?post=2292"},{"taxonomy":"product_tag","embeddable":true,"href":"https:\/\/decofoodshop.nl\/de\/wp-json\/wp\/v2\/product_tag?post=2292"}],"curies":[{"name":"wp","href":"https:\/\/api.w.org\/{rel}","templated":true}]}}