{"id":2338,"date":"2020-02-17T09:16:52","date_gmt":"2020-02-17T08:16:52","guid":{"rendered":"https:\/\/decofoodshop.nl\/?post_type=product&#038;p=2338"},"modified":"2026-04-09T20:53:13","modified_gmt":"2026-04-09T18:53:13","slug":"fake-knoblauch-strang","status":"publish","type":"product","link":"https:\/\/decofoodshop.nl\/de\/product\/namaak-knoflook-streng\/","title":{"rendered":"Gef\u00e4lschte Knoblauchschnur"},"content":{"rendered":"<p>Mooie namaak knoflook streng met 12 bollen per streng.<\/p>\n<p>Die k\u00fcnstlichen Knoblauchstr\u00e4nge sind leicht.<\/p>\n<p>Die Schlaufe am Ende des geflochtenen Seils erleichtert das Aufh\u00e4ngen des k\u00fcnstlichen Knoblauchstrangs.<\/p>\n<p>Sie sehen genauso aus wie echt und sind dank der nat\u00fcrlichen Form und Textur nicht vom Original zu unterscheiden.<\/p>\n<p>F\u00fcr mehr k\u00fcnstliches Gem\u00fcse klicken Sie auf<strong><span style=\"color: #008000;\"> <a style=\"color: #008000;\" href=\"https:\/\/decofoodshop.nl\/de\/produktkategorie-2\/andere\/\">&#039;Hier&#039;<\/a>.<\/span><\/strong><\/p>","protected":false},"excerpt":{"rendered":"<p>Mooie namaak knoflook streng met 12 bollen per streng. De kunst knoflook strengen zijn licht van gewicht. Door de lus aan het uiteinde van het gevlochten touw is de nep knoflook streng makkelijk op te hangen. Ze lijken net echt en zijn niet van echt te onderscheiden mede dankzij de natuurlijke vorm en textuur. Voor [&hellip;]<\/p>\n","protected":false},"featured_media":2339,"template":"","meta":{"_acf_changed":false,"_genesis_hide_title":false,"_genesis_hide_breadcrumbs":false,"_genesis_hide_singular_image":false,"_genesis_hide_footer_widgets":false,"_genesis_custom_body_class":"","_genesis_custom_post_class":"","_genesis_layout":""},"product_brand":[],"product_cat":[48,51],"product_tag":[],"class_list":{"0":"post-2338","1":"product","2":"type-product","3":"status-publish","4":"has-post-thumbnail","6":"product_cat-kunstgroenten","7":"product_cat-overige","8":"entry","9":"wpx-has-gallery","11":"first","12":"instock","13":"taxable","14":"shipping-taxable","15":"purchasable","16":"product-type-simple"},"acf":[],"yoast_head":"<!-- This site is optimized with the Yoast SEO Premium plugin v27.3 (Yoast SEO v27.3) - https:\/\/yoast.com\/product\/yoast-seo-premium-wordpress\/ -->\n<title>Namaak Knoflook Streng - Verkrijgbaar Bij Decofoodshop<\/title>\n<meta name=\"description\" content=\"Prachtige namaak knoflook streng met natuurlijke knoflook bollen. Makkelijk op te hangen door het stevige gevlochten touw.\" \/>\n<meta name=\"robots\" content=\"index, follow, max-snippet:-1, max-image-preview:large, max-video-preview:-1\" \/>\n<link rel=\"canonical\" href=\"https:\/\/decofoodshop.nl\/de\/produkt\/fake-knoblauch-strang\/\" \/>\n<meta property=\"og:locale\" content=\"de_DE\" \/>\n<meta property=\"og:type\" content=\"article\" \/>\n<meta property=\"og:title\" content=\"Namaak Knoflook Streng\" \/>\n<meta property=\"og:description\" content=\"Prachtige namaak knoflook streng met natuurlijke knoflook bollen. Makkelijk op te hangen door het stevige gevlochten touw.\" \/>\n<meta property=\"og:url\" content=\"https:\/\/decofoodshop.nl\/de\/produkt\/fake-knoblauch-strang\/\" \/>\n<meta property=\"og:site_name\" content=\"Decofoodshop\" \/>\n<meta property=\"article:modified_time\" content=\"2026-04-09T18:53:13+00:00\" \/>\n<meta property=\"og:image\" content=\"https:\/\/decofoodshop.nl\/wp-content\/uploads\/2020\/02\/namaak-knoflook-streng.jpg\" \/>\n\t<meta property=\"og:image:width\" content=\"1200\" \/>\n\t<meta property=\"og:image:height\" content=\"1198\" \/>\n\t<meta property=\"og:image:type\" content=\"image\/jpeg\" \/>\n<meta name=\"twitter:card\" content=\"summary_large_image\" \/>\n<meta name=\"twitter:label1\" content=\"Gesch\u00e4tzte Lesezeit\" \/>\n\t<meta name=\"twitter:data1\" content=\"1\u00a0Minute\" \/>\n<script type=\"application\/ld+json\" class=\"yoast-schema-graph\">{\"@context\":\"https:\\\/\\\/schema.org\",\"@graph\":[{\"@type\":\"WebPage\",\"@id\":\"https:\\\/\\\/decofoodshop.nl\\\/product\\\/namaak-knoflook-streng\\\/\",\"url\":\"https:\\\/\\\/decofoodshop.nl\\\/product\\\/namaak-knoflook-streng\\\/\",\"name\":\"Namaak Knoflook Streng - Verkrijgbaar Bij Decofoodshop\",\"isPartOf\":{\"@id\":\"https:\\\/\\\/decofoodshop.nl\\\/#website\"},\"primaryImageOfPage\":{\"@id\":\"https:\\\/\\\/decofoodshop.nl\\\/product\\\/namaak-knoflook-streng\\\/#primaryimage\"},\"image\":{\"@id\":\"https:\\\/\\\/decofoodshop.nl\\\/product\\\/namaak-knoflook-streng\\\/#primaryimage\"},\"thumbnailUrl\":\"https:\\\/\\\/decofoodshop.nl\\\/wp-content\\\/uploads\\\/2020\\\/02\\\/namaak-knoflook-streng.jpg\",\"datePublished\":\"2020-02-17T08:16:52+00:00\",\"dateModified\":\"2026-04-09T18:53:13+00:00\",\"description\":\"Prachtige namaak knoflook streng met natuurlijke knoflook bollen. Makkelijk op te hangen door het stevige gevlochten touw.\",\"breadcrumb\":{\"@id\":\"https:\\\/\\\/decofoodshop.nl\\\/product\\\/namaak-knoflook-streng\\\/#breadcrumb\"},\"inLanguage\":\"de\",\"potentialAction\":[{\"@type\":\"ReadAction\",\"target\":[\"https:\\\/\\\/decofoodshop.nl\\\/product\\\/namaak-knoflook-streng\\\/\"]}]},{\"@type\":\"ImageObject\",\"inLanguage\":\"de\",\"@id\":\"https:\\\/\\\/decofoodshop.nl\\\/product\\\/namaak-knoflook-streng\\\/#primaryimage\",\"url\":\"https:\\\/\\\/decofoodshop.nl\\\/wp-content\\\/uploads\\\/2020\\\/02\\\/namaak-knoflook-streng.jpg\",\"contentUrl\":\"https:\\\/\\\/decofoodshop.nl\\\/wp-content\\\/uploads\\\/2020\\\/02\\\/namaak-knoflook-streng.jpg\",\"width\":1200,\"height\":1198,\"caption\":\"Namaak Knoflook Streng\"},{\"@type\":\"BreadcrumbList\",\"@id\":\"https:\\\/\\\/decofoodshop.nl\\\/product\\\/namaak-knoflook-streng\\\/#breadcrumb\",\"itemListElement\":[{\"@type\":\"ListItem\",\"position\":1,\"name\":\"Home\",\"item\":\"https:\\\/\\\/decofoodshop.nl\\\/\"},{\"@type\":\"ListItem\",\"position\":2,\"name\":\"Winkel\",\"item\":\"https:\\\/\\\/decofoodshop.nl\\\/winkel\\\/\"},{\"@type\":\"ListItem\",\"position\":3,\"name\":\"Namaak Knoflook Streng\"}]},{\"@type\":\"WebSite\",\"@id\":\"https:\\\/\\\/decofoodshop.nl\\\/#website\",\"url\":\"https:\\\/\\\/decofoodshop.nl\\\/\",\"name\":\"Decofoodshop\",\"description\":\"\",\"potentialAction\":[{\"@type\":\"SearchAction\",\"target\":{\"@type\":\"EntryPoint\",\"urlTemplate\":\"https:\\\/\\\/decofoodshop.nl\\\/?s={search_term_string}\"},\"query-input\":{\"@type\":\"PropertyValueSpecification\",\"valueRequired\":true,\"valueName\":\"search_term_string\"}}],\"inLanguage\":\"de\"}]}<\/script>\n<!-- \/ Yoast SEO Premium plugin. -->","yoast_head_json":{"title":"Gef\u00e4lschte Knoblauchschnur - Erh\u00e4ltlich bei Decofoodshop","description":"Sch\u00f6ner gef\u00e4lschter Knoblauchstrang mit nat\u00fcrlichen Knoblauchzwiebeln. Einfach aufzuh\u00e4ngen mit dem stabilen geflochtenen Seil.","robots":{"index":"index","follow":"follow","max-snippet":"max-snippet:-1","max-image-preview":"max-image-preview:large","max-video-preview":"max-video-preview:-1"},"canonical":"https:\/\/decofoodshop.nl\/de\/produkt\/fake-knoblauch-strang\/","og_locale":"de_DE","og_type":"article","og_title":"Namaak Knoflook Streng","og_description":"Prachtige namaak knoflook streng met natuurlijke knoflook bollen. Makkelijk op te hangen door het stevige gevlochten touw.","og_url":"https:\/\/decofoodshop.nl\/de\/produkt\/fake-knoblauch-strang\/","og_site_name":"Decofoodshop","article_modified_time":"2026-04-09T18:53:13+00:00","og_image":[{"width":1200,"height":1198,"url":"https:\/\/decofoodshop.nl\/wp-content\/uploads\/2020\/02\/namaak-knoflook-streng.jpg","type":"image\/jpeg"}],"twitter_card":"summary_large_image","twitter_misc":{"Gesch\u00e4tzte Lesezeit":"1\u00a0Minute"},"schema":{"@context":"https:\/\/schema.org","@graph":[{"@type":"WebPage","@id":"https:\/\/decofoodshop.nl\/product\/namaak-knoflook-streng\/","url":"https:\/\/decofoodshop.nl\/product\/namaak-knoflook-streng\/","name":"Gef\u00e4lschte Knoblauchschnur - Erh\u00e4ltlich bei Decofoodshop","isPartOf":{"@id":"https:\/\/decofoodshop.nl\/#website"},"primaryImageOfPage":{"@id":"https:\/\/decofoodshop.nl\/product\/namaak-knoflook-streng\/#primaryimage"},"image":{"@id":"https:\/\/decofoodshop.nl\/product\/namaak-knoflook-streng\/#primaryimage"},"thumbnailUrl":"https:\/\/decofoodshop.nl\/wp-content\/uploads\/2020\/02\/namaak-knoflook-streng.jpg","datePublished":"2020-02-17T08:16:52+00:00","dateModified":"2026-04-09T18:53:13+00:00","description":"Sch\u00f6ner gef\u00e4lschter Knoblauchstrang mit nat\u00fcrlichen Knoblauchzwiebeln. Einfach aufzuh\u00e4ngen mit dem stabilen geflochtenen Seil.","breadcrumb":{"@id":"https:\/\/decofoodshop.nl\/product\/namaak-knoflook-streng\/#breadcrumb"},"inLanguage":"de","potentialAction":[{"@type":"ReadAction","target":["https:\/\/decofoodshop.nl\/product\/namaak-knoflook-streng\/"]}]},{"@type":"ImageObject","inLanguage":"de","@id":"https:\/\/decofoodshop.nl\/product\/namaak-knoflook-streng\/#primaryimage","url":"https:\/\/decofoodshop.nl\/wp-content\/uploads\/2020\/02\/namaak-knoflook-streng.jpg","contentUrl":"https:\/\/decofoodshop.nl\/wp-content\/uploads\/2020\/02\/namaak-knoflook-streng.jpg","width":1200,"height":1198,"caption":"Namaak Knoflook Streng"},{"@type":"BreadcrumbList","@id":"https:\/\/decofoodshop.nl\/product\/namaak-knoflook-streng\/#breadcrumb","itemListElement":[{"@type":"ListItem","position":1,"name":"Home","item":"https:\/\/decofoodshop.nl\/"},{"@type":"ListItem","position":2,"name":"Winkel","item":"https:\/\/decofoodshop.nl\/winkel\/"},{"@type":"ListItem","position":3,"name":"Namaak Knoflook Streng"}]},{"@type":"WebSite","@id":"https:\/\/decofoodshop.nl\/#website","url":"https:\/\/decofoodshop.nl\/","name":"Dekofoodshop","description":"","potentialAction":[{"@type":"SearchAction","target":{"@type":"EntryPoint","urlTemplate":"https:\/\/decofoodshop.nl\/?s={search_term_string}"},"query-input":{"@type":"PropertyValueSpecification","valueRequired":true,"valueName":"search_term_string"}}],"inLanguage":"de"}]}},"_links":{"self":[{"href":"https:\/\/decofoodshop.nl\/de\/wp-json\/wp\/v2\/product\/2338","targetHints":{"allow":["GET"]}}],"collection":[{"href":"https:\/\/decofoodshop.nl\/de\/wp-json\/wp\/v2\/product"}],"about":[{"href":"https:\/\/decofoodshop.nl\/de\/wp-json\/wp\/v2\/types\/product"}],"wp:featuredmedia":[{"embeddable":true,"href":"https:\/\/decofoodshop.nl\/de\/wp-json\/wp\/v2\/media\/2339"}],"wp:attachment":[{"href":"https:\/\/decofoodshop.nl\/de\/wp-json\/wp\/v2\/media?parent=2338"}],"wp:term":[{"taxonomy":"product_brand","embeddable":true,"href":"https:\/\/decofoodshop.nl\/de\/wp-json\/wp\/v2\/product_brand?post=2338"},{"taxonomy":"product_cat","embeddable":true,"href":"https:\/\/decofoodshop.nl\/de\/wp-json\/wp\/v2\/product_cat?post=2338"},{"taxonomy":"product_tag","embeddable":true,"href":"https:\/\/decofoodshop.nl\/de\/wp-json\/wp\/v2\/product_tag?post=2338"}],"curies":[{"name":"wp","href":"https:\/\/api.w.org\/{rel}","templated":true}]}}