{"id":2346,"date":"2020-02-17T10:18:59","date_gmt":"2020-02-17T10:18:59","guid":{"rendered":"https:\/\/decofoodshop.nl\/?post_type=product&#038;p=2346"},"modified":"2026-03-20T12:07:30","modified_gmt":"2026-03-20T11:07:30","slug":"gefalschter-pfifferling","status":"publish","type":"product","link":"https:\/\/decofoodshop.nl\/de\/product\/namaak-cantharel\/","title":{"rendered":"Gef\u00e4lschter Pfifferling"},"content":{"rendered":"<p>Realistischer gef\u00e4lschter Pfifferling mit sch\u00f6ner Unterseite.<\/p>\n<p>Der Kunstpfifferling ist komprimierbar und nicht zerbrechlich.<\/p>\n<p>Es hat auch eine sch\u00f6ne nat\u00fcrliche Farbe mit einer braunen Spitze.<\/p>\n<p>Die Form des gef\u00e4lschten Pfifferlings ist auch genau wie das echte Ding.<\/p>\n<p>\u00c4u\u00dferst dekorativ einsetzbar durch detailgetreue Optik.<\/p>\n<p>Sie k\u00f6nnen sich auch unser Angebot ansehen <strong><span style=\"color: #008000;\"><a style=\"color: #008000;\" href=\"https:\/\/decofoodshop.nl\/de\/produktkategorie-2\/kunstliches-gemuse\/\">\u201eK\u00fcnstliches Gem\u00fcse\u201c<\/a>.<\/span><\/strong><\/p>","protected":false},"excerpt":{"rendered":"<p>Realistischer k\u00fcnstlicher Pfifferling mit sch\u00f6ner Unterseite. Der Kunstpfifferling ist komprimierbar und nicht zerbrechlich. Es hat auch eine sch\u00f6ne nat\u00fcrliche Farbe mit einer braunen Oberseite. Auch die Form des k\u00fcnstlichen Pfifferlings entspricht genau dem Original. \u00c4u\u00dferst dekorativer Einsatz aufgrund der detaillierten Optik. Schauen Sie sich auch unser Sortiment \u201eKunstgem\u00fcse\u201c an.<\/p>","protected":false},"featured_media":2347,"template":"","meta":{"_acf_changed":false,"_genesis_hide_title":false,"_genesis_hide_breadcrumbs":false,"_genesis_hide_singular_image":false,"_genesis_hide_footer_widgets":false,"_genesis_custom_body_class":"","_genesis_custom_post_class":"","_genesis_layout":""},"product_brand":[],"product_cat":[51],"product_tag":[],"class_list":{"0":"post-2346","1":"product","2":"type-product","3":"status-publish","4":"has-post-thumbnail","6":"product_cat-overige","7":"entry","8":"wpx-has-gallery","10":"first","11":"instock","12":"taxable","13":"shipping-taxable","14":"purchasable","15":"product-type-simple"},"acf":[],"yoast_head":"<!-- This site is optimized with the Yoast SEO Premium plugin v27.4 (Yoast SEO v27.4) - https:\/\/yoast.com\/product\/yoast-seo-premium-wordpress\/ -->\n<title>Namaak Cantharel - Verkrijgbaar Bij Decofoodshop<\/title>\n<meta name=\"description\" content=\"Niet van echt te onderscheiden namaak cantharel. De gedetailleerde vorm en natuurlijke kleur maken dit product uiterst decoratief.\" \/>\n<meta name=\"robots\" content=\"index, follow, max-snippet:-1, max-image-preview:large, max-video-preview:-1\" \/>\n<link rel=\"canonical\" href=\"https:\/\/decofoodshop.nl\/de\/produkt\/gefalschter-pfifferling\/\" \/>\n<meta property=\"og:locale\" content=\"de_DE\" \/>\n<meta property=\"og:type\" content=\"article\" \/>\n<meta property=\"og:title\" content=\"Namaak Cantharel\" \/>\n<meta property=\"og:description\" content=\"Niet van echt te onderscheiden namaak cantharel. De gedetailleerde vorm en natuurlijke kleur maken dit product uiterst decoratief.\" \/>\n<meta property=\"og:url\" content=\"https:\/\/decofoodshop.nl\/de\/produkt\/gefalschter-pfifferling\/\" \/>\n<meta property=\"og:site_name\" content=\"Decofoodshop\" \/>\n<meta property=\"article:modified_time\" content=\"2026-03-20T11:07:30+00:00\" \/>\n<meta property=\"og:image\" content=\"https:\/\/decofoodshop.nl\/wp-content\/uploads\/2020\/02\/Namaak-Cantharel-11cm.jpg\" \/>\n\t<meta property=\"og:image:width\" content=\"586\" \/>\n\t<meta property=\"og:image:height\" content=\"586\" \/>\n\t<meta property=\"og:image:type\" content=\"image\/jpeg\" \/>\n<meta name=\"twitter:card\" content=\"summary_large_image\" \/>\n<meta name=\"twitter:label1\" content=\"Gesch\u00e4tzte Lesezeit\" \/>\n\t<meta name=\"twitter:data1\" content=\"1\u00a0Minute\" \/>\n<script type=\"application\/ld+json\" class=\"yoast-schema-graph\">{\"@context\":\"https:\\\/\\\/schema.org\",\"@graph\":[{\"@type\":\"WebPage\",\"@id\":\"https:\\\/\\\/decofoodshop.nl\\\/product\\\/namaak-cantharel\\\/\",\"url\":\"https:\\\/\\\/decofoodshop.nl\\\/product\\\/namaak-cantharel\\\/\",\"name\":\"Namaak Cantharel - Verkrijgbaar Bij Decofoodshop\",\"isPartOf\":{\"@id\":\"https:\\\/\\\/decofoodshop.nl\\\/#website\"},\"primaryImageOfPage\":{\"@id\":\"https:\\\/\\\/decofoodshop.nl\\\/product\\\/namaak-cantharel\\\/#primaryimage\"},\"image\":{\"@id\":\"https:\\\/\\\/decofoodshop.nl\\\/product\\\/namaak-cantharel\\\/#primaryimage\"},\"thumbnailUrl\":\"https:\\\/\\\/decofoodshop.nl\\\/wp-content\\\/uploads\\\/2020\\\/02\\\/Namaak-Cantharel-11cm.jpg\",\"datePublished\":\"2020-02-17T10:18:59+00:00\",\"dateModified\":\"2026-03-20T11:07:30+00:00\",\"description\":\"Niet van echt te onderscheiden namaak cantharel. De gedetailleerde vorm en natuurlijke kleur maken dit product uiterst decoratief.\",\"breadcrumb\":{\"@id\":\"https:\\\/\\\/decofoodshop.nl\\\/product\\\/namaak-cantharel\\\/#breadcrumb\"},\"inLanguage\":\"de\",\"potentialAction\":[{\"@type\":\"ReadAction\",\"target\":[\"https:\\\/\\\/decofoodshop.nl\\\/product\\\/namaak-cantharel\\\/\"]}]},{\"@type\":\"ImageObject\",\"inLanguage\":\"de\",\"@id\":\"https:\\\/\\\/decofoodshop.nl\\\/product\\\/namaak-cantharel\\\/#primaryimage\",\"url\":\"https:\\\/\\\/decofoodshop.nl\\\/wp-content\\\/uploads\\\/2020\\\/02\\\/Namaak-Cantharel-11cm.jpg\",\"contentUrl\":\"https:\\\/\\\/decofoodshop.nl\\\/wp-content\\\/uploads\\\/2020\\\/02\\\/Namaak-Cantharel-11cm.jpg\",\"width\":586,\"height\":586,\"caption\":\"Namaak Cantharel\"},{\"@type\":\"BreadcrumbList\",\"@id\":\"https:\\\/\\\/decofoodshop.nl\\\/product\\\/namaak-cantharel\\\/#breadcrumb\",\"itemListElement\":[{\"@type\":\"ListItem\",\"position\":1,\"name\":\"Home\",\"item\":\"https:\\\/\\\/decofoodshop.nl\\\/\"},{\"@type\":\"ListItem\",\"position\":2,\"name\":\"Winkel\",\"item\":\"https:\\\/\\\/decofoodshop.nl\\\/winkel\\\/\"},{\"@type\":\"ListItem\",\"position\":3,\"name\":\"Namaak Cantharel\"}]},{\"@type\":\"WebSite\",\"@id\":\"https:\\\/\\\/decofoodshop.nl\\\/#website\",\"url\":\"https:\\\/\\\/decofoodshop.nl\\\/\",\"name\":\"Decofoodshop\",\"description\":\"\",\"potentialAction\":[{\"@type\":\"SearchAction\",\"target\":{\"@type\":\"EntryPoint\",\"urlTemplate\":\"https:\\\/\\\/decofoodshop.nl\\\/?s={search_term_string}\"},\"query-input\":{\"@type\":\"PropertyValueSpecification\",\"valueRequired\":true,\"valueName\":\"search_term_string\"}}],\"inLanguage\":\"de\"}]}<\/script>\n<!-- \/ Yoast SEO Premium plugin. -->","yoast_head_json":{"title":"Gef\u00e4lschter Pfifferling - Erh\u00e4ltlich bei Decofoodshop","description":"Von echten gef\u00e4lschten Pfifferlingen nicht zu unterscheiden. Die detaillierte Form und die nat\u00fcrliche Farbe machen dieses Produkt \u00e4u\u00dferst dekorativ.","robots":{"index":"index","follow":"follow","max-snippet":"max-snippet:-1","max-image-preview":"max-image-preview:large","max-video-preview":"max-video-preview:-1"},"canonical":"https:\/\/decofoodshop.nl\/de\/produkt\/gefalschter-pfifferling\/","og_locale":"de_DE","og_type":"article","og_title":"Namaak Cantharel","og_description":"Niet van echt te onderscheiden namaak cantharel. De gedetailleerde vorm en natuurlijke kleur maken dit product uiterst decoratief.","og_url":"https:\/\/decofoodshop.nl\/de\/produkt\/gefalschter-pfifferling\/","og_site_name":"Decofoodshop","article_modified_time":"2026-03-20T11:07:30+00:00","og_image":[{"width":586,"height":586,"url":"https:\/\/decofoodshop.nl\/wp-content\/uploads\/2020\/02\/Namaak-Cantharel-11cm.jpg","type":"image\/jpeg"}],"twitter_card":"summary_large_image","twitter_misc":{"Gesch\u00e4tzte Lesezeit":"1\u00a0Minute"},"schema":{"@context":"https:\/\/schema.org","@graph":[{"@type":"WebPage","@id":"https:\/\/decofoodshop.nl\/product\/namaak-cantharel\/","url":"https:\/\/decofoodshop.nl\/product\/namaak-cantharel\/","name":"Gef\u00e4lschter Pfifferling - Erh\u00e4ltlich bei Decofoodshop","isPartOf":{"@id":"https:\/\/decofoodshop.nl\/#website"},"primaryImageOfPage":{"@id":"https:\/\/decofoodshop.nl\/product\/namaak-cantharel\/#primaryimage"},"image":{"@id":"https:\/\/decofoodshop.nl\/product\/namaak-cantharel\/#primaryimage"},"thumbnailUrl":"https:\/\/decofoodshop.nl\/wp-content\/uploads\/2020\/02\/Namaak-Cantharel-11cm.jpg","datePublished":"2020-02-17T10:18:59+00:00","dateModified":"2026-03-20T11:07:30+00:00","description":"Von echten gef\u00e4lschten Pfifferlingen nicht zu unterscheiden. Die detaillierte Form und die nat\u00fcrliche Farbe machen dieses Produkt \u00e4u\u00dferst dekorativ.","breadcrumb":{"@id":"https:\/\/decofoodshop.nl\/product\/namaak-cantharel\/#breadcrumb"},"inLanguage":"de","potentialAction":[{"@type":"ReadAction","target":["https:\/\/decofoodshop.nl\/product\/namaak-cantharel\/"]}]},{"@type":"ImageObject","inLanguage":"de","@id":"https:\/\/decofoodshop.nl\/product\/namaak-cantharel\/#primaryimage","url":"https:\/\/decofoodshop.nl\/wp-content\/uploads\/2020\/02\/Namaak-Cantharel-11cm.jpg","contentUrl":"https:\/\/decofoodshop.nl\/wp-content\/uploads\/2020\/02\/Namaak-Cantharel-11cm.jpg","width":586,"height":586,"caption":"Namaak Cantharel"},{"@type":"BreadcrumbList","@id":"https:\/\/decofoodshop.nl\/product\/namaak-cantharel\/#breadcrumb","itemListElement":[{"@type":"ListItem","position":1,"name":"Home","item":"https:\/\/decofoodshop.nl\/"},{"@type":"ListItem","position":2,"name":"Winkel","item":"https:\/\/decofoodshop.nl\/winkel\/"},{"@type":"ListItem","position":3,"name":"Namaak Cantharel"}]},{"@type":"WebSite","@id":"https:\/\/decofoodshop.nl\/#website","url":"https:\/\/decofoodshop.nl\/","name":"Dekofoodshop","description":"","potentialAction":[{"@type":"SearchAction","target":{"@type":"EntryPoint","urlTemplate":"https:\/\/decofoodshop.nl\/?s={search_term_string}"},"query-input":{"@type":"PropertyValueSpecification","valueRequired":true,"valueName":"search_term_string"}}],"inLanguage":"de"}]}},"_links":{"self":[{"href":"https:\/\/decofoodshop.nl\/de\/wp-json\/wp\/v2\/product\/2346","targetHints":{"allow":["GET"]}}],"collection":[{"href":"https:\/\/decofoodshop.nl\/de\/wp-json\/wp\/v2\/product"}],"about":[{"href":"https:\/\/decofoodshop.nl\/de\/wp-json\/wp\/v2\/types\/product"}],"wp:featuredmedia":[{"embeddable":true,"href":"https:\/\/decofoodshop.nl\/de\/wp-json\/wp\/v2\/media\/2347"}],"wp:attachment":[{"href":"https:\/\/decofoodshop.nl\/de\/wp-json\/wp\/v2\/media?parent=2346"}],"wp:term":[{"taxonomy":"product_brand","embeddable":true,"href":"https:\/\/decofoodshop.nl\/de\/wp-json\/wp\/v2\/product_brand?post=2346"},{"taxonomy":"product_cat","embeddable":true,"href":"https:\/\/decofoodshop.nl\/de\/wp-json\/wp\/v2\/product_cat?post=2346"},{"taxonomy":"product_tag","embeddable":true,"href":"https:\/\/decofoodshop.nl\/de\/wp-json\/wp\/v2\/product_tag?post=2346"}],"curies":[{"name":"wp","href":"https:\/\/api.w.org\/{rel}","templated":true}]}}