{"id":2359,"date":"2020-02-17T10:45:35","date_gmt":"2020-02-17T10:45:35","guid":{"rendered":"https:\/\/decofoodshop.nl\/?post_type=product&#038;p=2359"},"modified":"2026-03-03T18:33:20","modified_gmt":"2026-03-03T17:33:20","slug":"gefalschte-kiebitzeier","status":"publish","type":"product","link":"https:\/\/decofoodshop.nl\/de\/product\/namaak-kievits-eieren\/","title":{"rendered":"Gef\u00e4lschte Kiebitz-Eier"},"content":{"rendered":"<p>Sch\u00f6ne k\u00fcnstliche Kiebitzeier verpackt pro 24 St\u00fcck.<\/p>\n<p>Die k\u00fcnstlichen Eier sind lebensgro\u00df.<\/p>\n<p>Sie sind nicht zerbrechlich und f\u00fchlen sich glatt an.<\/p>\n<p>Die untere Schicht der k\u00fcnstlichen Kiebitze-Eier ist cremefarben und dar\u00fcber befinden sich dunkle Sprenkel und Flecken.<\/p>\n<p>Dieses Produkt ist nicht von der Realit\u00e4t zu unterscheiden!<\/p>\n<p>Sie k\u00f6nnen sich auch unser fertiges Angebot ansehen<strong><span style=\"color: #008000;\"> <a style=\"color: #008000;\" href=\"https:\/\/decofoodshop.nl\/de\/produktkategorie-2\/pakete\/\">&#039;Pakete&#039;<\/a>.<\/span><\/strong><\/p>","protected":false},"excerpt":{"rendered":"<p>Mooie namaak kievits eieren per 24 verpakt. De kunst eitjes zijn op ware grootte. Ze zijn niet breekbaar en voelen glad aan. De onderlaag van de namaak kievit eitjes is gebroken wit en daar overheen zitten donkere spikkels en vlekken. Dit product is niet van echt te onderscheiden! U kunt ook even kijken bij ons [&hellip;]<\/p>\n","protected":false},"featured_media":2360,"template":"","meta":{"_acf_changed":false,"_genesis_hide_title":false,"_genesis_hide_breadcrumbs":false,"_genesis_hide_singular_image":false,"_genesis_hide_footer_widgets":false,"_genesis_custom_body_class":"","_genesis_custom_post_class":"","_genesis_layout":""},"product_brand":[],"product_cat":[51],"product_tag":[],"class_list":{"0":"post-2359","1":"product","2":"type-product","3":"status-publish","4":"has-post-thumbnail","6":"product_cat-overige","7":"entry","8":"wpx-has-gallery","10":"first","11":"instock","12":"taxable","13":"shipping-taxable","14":"purchasable","15":"product-type-simple"},"acf":[],"yoast_head":"<!-- This site is optimized with the Yoast SEO Premium plugin v27.3 (Yoast SEO v27.3) - https:\/\/yoast.com\/product\/yoast-seo-premium-wordpress\/ -->\n<title>Namaak Kievits Eieren - Verkrijgbaar Bij Decofoodshop<\/title>\n<meta name=\"description\" content=\"Prachitge namaak kievits eieren. Door de gedetailleerde kleur en vorm zijn deze namaak kievits eieren niet van echt te onderscheiden.\" \/>\n<meta name=\"robots\" content=\"index, follow, max-snippet:-1, max-image-preview:large, max-video-preview:-1\" \/>\n<link rel=\"canonical\" href=\"https:\/\/decofoodshop.nl\/de\/produkt\/gefalschte-kiebitzeier\/\" \/>\n<meta property=\"og:locale\" content=\"de_DE\" \/>\n<meta property=\"og:type\" content=\"article\" \/>\n<meta property=\"og:title\" content=\"Namaak Kievits Eieren\" \/>\n<meta property=\"og:description\" content=\"Prachitge namaak kievits eieren. Door de gedetailleerde kleur en vorm zijn deze namaak kievits eieren niet van echt te onderscheiden.\" \/>\n<meta property=\"og:url\" content=\"https:\/\/decofoodshop.nl\/de\/produkt\/gefalschte-kiebitzeier\/\" \/>\n<meta property=\"og:site_name\" content=\"Decofoodshop\" \/>\n<meta property=\"article:modified_time\" content=\"2026-03-03T17:33:20+00:00\" \/>\n<meta property=\"og:image\" content=\"https:\/\/decofoodshop.nl\/wp-content\/uploads\/2020\/02\/20200114_164421.jpg\" \/>\n\t<meta property=\"og:image:width\" content=\"1200\" \/>\n\t<meta property=\"og:image:height\" content=\"1200\" \/>\n\t<meta property=\"og:image:type\" content=\"image\/jpeg\" \/>\n<meta name=\"twitter:card\" content=\"summary_large_image\" \/>\n<meta name=\"twitter:label1\" content=\"Gesch\u00e4tzte Lesezeit\" \/>\n\t<meta name=\"twitter:data1\" content=\"1\u00a0Minute\" \/>\n<script type=\"application\/ld+json\" class=\"yoast-schema-graph\">{\"@context\":\"https:\\\/\\\/schema.org\",\"@graph\":[{\"@type\":\"WebPage\",\"@id\":\"https:\\\/\\\/decofoodshop.nl\\\/product\\\/namaak-kievits-eieren\\\/\",\"url\":\"https:\\\/\\\/decofoodshop.nl\\\/product\\\/namaak-kievits-eieren\\\/\",\"name\":\"Namaak Kievits Eieren - Verkrijgbaar Bij Decofoodshop\",\"isPartOf\":{\"@id\":\"https:\\\/\\\/decofoodshop.nl\\\/#website\"},\"primaryImageOfPage\":{\"@id\":\"https:\\\/\\\/decofoodshop.nl\\\/product\\\/namaak-kievits-eieren\\\/#primaryimage\"},\"image\":{\"@id\":\"https:\\\/\\\/decofoodshop.nl\\\/product\\\/namaak-kievits-eieren\\\/#primaryimage\"},\"thumbnailUrl\":\"https:\\\/\\\/decofoodshop.nl\\\/wp-content\\\/uploads\\\/2020\\\/02\\\/20200114_164421.jpg\",\"datePublished\":\"2020-02-17T10:45:35+00:00\",\"dateModified\":\"2026-03-03T17:33:20+00:00\",\"description\":\"Prachitge namaak kievits eieren. Door de gedetailleerde kleur en vorm zijn deze namaak kievits eieren niet van echt te onderscheiden.\",\"breadcrumb\":{\"@id\":\"https:\\\/\\\/decofoodshop.nl\\\/product\\\/namaak-kievits-eieren\\\/#breadcrumb\"},\"inLanguage\":\"de\",\"potentialAction\":[{\"@type\":\"ReadAction\",\"target\":[\"https:\\\/\\\/decofoodshop.nl\\\/product\\\/namaak-kievits-eieren\\\/\"]}]},{\"@type\":\"ImageObject\",\"inLanguage\":\"de\",\"@id\":\"https:\\\/\\\/decofoodshop.nl\\\/product\\\/namaak-kievits-eieren\\\/#primaryimage\",\"url\":\"https:\\\/\\\/decofoodshop.nl\\\/wp-content\\\/uploads\\\/2020\\\/02\\\/20200114_164421.jpg\",\"contentUrl\":\"https:\\\/\\\/decofoodshop.nl\\\/wp-content\\\/uploads\\\/2020\\\/02\\\/20200114_164421.jpg\",\"width\":1200,\"height\":1200,\"caption\":\"Namaak Kwartel Eieren Mandje\"},{\"@type\":\"BreadcrumbList\",\"@id\":\"https:\\\/\\\/decofoodshop.nl\\\/product\\\/namaak-kievits-eieren\\\/#breadcrumb\",\"itemListElement\":[{\"@type\":\"ListItem\",\"position\":1,\"name\":\"Home\",\"item\":\"https:\\\/\\\/decofoodshop.nl\\\/\"},{\"@type\":\"ListItem\",\"position\":2,\"name\":\"Winkel\",\"item\":\"https:\\\/\\\/decofoodshop.nl\\\/winkel\\\/\"},{\"@type\":\"ListItem\",\"position\":3,\"name\":\"Namaak Kievits Eieren\"}]},{\"@type\":\"WebSite\",\"@id\":\"https:\\\/\\\/decofoodshop.nl\\\/#website\",\"url\":\"https:\\\/\\\/decofoodshop.nl\\\/\",\"name\":\"Decofoodshop\",\"description\":\"\",\"potentialAction\":[{\"@type\":\"SearchAction\",\"target\":{\"@type\":\"EntryPoint\",\"urlTemplate\":\"https:\\\/\\\/decofoodshop.nl\\\/?s={search_term_string}\"},\"query-input\":{\"@type\":\"PropertyValueSpecification\",\"valueRequired\":true,\"valueName\":\"search_term_string\"}}],\"inLanguage\":\"de\"}]}<\/script>\n<!-- \/ Yoast SEO Premium plugin. -->","yoast_head_json":{"title":"Gef\u00e4lschte Kievits-Eier - Erh\u00e4ltlich bei Decofoodshop","description":"Sch\u00f6ne gef\u00e4lschte Kiebitzeier. Aufgrund der detaillierten Farbe und Form sind diese gef\u00e4lschten Kiebitzeier nicht von echten zu unterscheiden.","robots":{"index":"index","follow":"follow","max-snippet":"max-snippet:-1","max-image-preview":"max-image-preview:large","max-video-preview":"max-video-preview:-1"},"canonical":"https:\/\/decofoodshop.nl\/de\/produkt\/gefalschte-kiebitzeier\/","og_locale":"de_DE","og_type":"article","og_title":"Namaak Kievits Eieren","og_description":"Prachitge namaak kievits eieren. Door de gedetailleerde kleur en vorm zijn deze namaak kievits eieren niet van echt te onderscheiden.","og_url":"https:\/\/decofoodshop.nl\/de\/produkt\/gefalschte-kiebitzeier\/","og_site_name":"Decofoodshop","article_modified_time":"2026-03-03T17:33:20+00:00","og_image":[{"width":1200,"height":1200,"url":"https:\/\/decofoodshop.nl\/wp-content\/uploads\/2020\/02\/20200114_164421.jpg","type":"image\/jpeg"}],"twitter_card":"summary_large_image","twitter_misc":{"Gesch\u00e4tzte Lesezeit":"1\u00a0Minute"},"schema":{"@context":"https:\/\/schema.org","@graph":[{"@type":"WebPage","@id":"https:\/\/decofoodshop.nl\/product\/namaak-kievits-eieren\/","url":"https:\/\/decofoodshop.nl\/product\/namaak-kievits-eieren\/","name":"Gef\u00e4lschte Kievits-Eier - Erh\u00e4ltlich bei Decofoodshop","isPartOf":{"@id":"https:\/\/decofoodshop.nl\/#website"},"primaryImageOfPage":{"@id":"https:\/\/decofoodshop.nl\/product\/namaak-kievits-eieren\/#primaryimage"},"image":{"@id":"https:\/\/decofoodshop.nl\/product\/namaak-kievits-eieren\/#primaryimage"},"thumbnailUrl":"https:\/\/decofoodshop.nl\/wp-content\/uploads\/2020\/02\/20200114_164421.jpg","datePublished":"2020-02-17T10:45:35+00:00","dateModified":"2026-03-03T17:33:20+00:00","description":"Sch\u00f6ne gef\u00e4lschte Kiebitzeier. Aufgrund der detaillierten Farbe und Form sind diese gef\u00e4lschten Kiebitzeier nicht von echten zu unterscheiden.","breadcrumb":{"@id":"https:\/\/decofoodshop.nl\/product\/namaak-kievits-eieren\/#breadcrumb"},"inLanguage":"de","potentialAction":[{"@type":"ReadAction","target":["https:\/\/decofoodshop.nl\/product\/namaak-kievits-eieren\/"]}]},{"@type":"ImageObject","inLanguage":"de","@id":"https:\/\/decofoodshop.nl\/product\/namaak-kievits-eieren\/#primaryimage","url":"https:\/\/decofoodshop.nl\/wp-content\/uploads\/2020\/02\/20200114_164421.jpg","contentUrl":"https:\/\/decofoodshop.nl\/wp-content\/uploads\/2020\/02\/20200114_164421.jpg","width":1200,"height":1200,"caption":"Namaak Kwartel Eieren Mandje"},{"@type":"BreadcrumbList","@id":"https:\/\/decofoodshop.nl\/product\/namaak-kievits-eieren\/#breadcrumb","itemListElement":[{"@type":"ListItem","position":1,"name":"Home","item":"https:\/\/decofoodshop.nl\/"},{"@type":"ListItem","position":2,"name":"Winkel","item":"https:\/\/decofoodshop.nl\/winkel\/"},{"@type":"ListItem","position":3,"name":"Namaak Kievits Eieren"}]},{"@type":"WebSite","@id":"https:\/\/decofoodshop.nl\/#website","url":"https:\/\/decofoodshop.nl\/","name":"Dekofoodshop","description":"","potentialAction":[{"@type":"SearchAction","target":{"@type":"EntryPoint","urlTemplate":"https:\/\/decofoodshop.nl\/?s={search_term_string}"},"query-input":{"@type":"PropertyValueSpecification","valueRequired":true,"valueName":"search_term_string"}}],"inLanguage":"de"}]}},"_links":{"self":[{"href":"https:\/\/decofoodshop.nl\/de\/wp-json\/wp\/v2\/product\/2359","targetHints":{"allow":["GET"]}}],"collection":[{"href":"https:\/\/decofoodshop.nl\/de\/wp-json\/wp\/v2\/product"}],"about":[{"href":"https:\/\/decofoodshop.nl\/de\/wp-json\/wp\/v2\/types\/product"}],"wp:featuredmedia":[{"embeddable":true,"href":"https:\/\/decofoodshop.nl\/de\/wp-json\/wp\/v2\/media\/2360"}],"wp:attachment":[{"href":"https:\/\/decofoodshop.nl\/de\/wp-json\/wp\/v2\/media?parent=2359"}],"wp:term":[{"taxonomy":"product_brand","embeddable":true,"href":"https:\/\/decofoodshop.nl\/de\/wp-json\/wp\/v2\/product_brand?post=2359"},{"taxonomy":"product_cat","embeddable":true,"href":"https:\/\/decofoodshop.nl\/de\/wp-json\/wp\/v2\/product_cat?post=2359"},{"taxonomy":"product_tag","embeddable":true,"href":"https:\/\/decofoodshop.nl\/de\/wp-json\/wp\/v2\/product_tag?post=2359"}],"curies":[{"name":"wp","href":"https:\/\/api.w.org\/{rel}","templated":true}]}}