{"id":2363,"date":"2020-02-17T11:00:03","date_gmt":"2020-02-17T11:00:03","guid":{"rendered":"https:\/\/decofoodshop.nl\/?post_type=product&#038;p=2363"},"modified":"2026-03-13T15:10:11","modified_gmt":"2026-03-13T14:10:11","slug":"kunstliches-brot-mit-kernen-weiss","status":"publish","type":"product","link":"https:\/\/decofoodshop.nl\/de\/product\/namaak-brood-met-zaden-wit\/","title":{"rendered":"Gef\u00e4lschtes Brot mit Samen wei\u00df"},"content":{"rendered":"<p>Dieses gef\u00e4lschte Brot mit Samen wei\u00df ist sehr einzigartig.<\/p>\n<p>Das Kunstbrot riecht wie ein echtes frisches Brot.<\/p>\n<p>Das Brot ist vollst\u00e4ndig komprimierbar, aber nicht zerbrechlich.<\/p>\n<p>Auch die Farbe dieses Kunstbrotes ist nat\u00fcrlich goldbraun.<\/p>\n<p>Sie k\u00f6nnen sich auch unser Angebot ansehen<span style=\"color: #008000;\"> <a style=\"color: #008000;\" href=\"https:\/\/decofoodshop.nl\/de\/produktkategorie-2\/pakete\/\">&#8216;<strong>Pakete<\/strong>&#8216;<\/a><\/span>.<\/p>","protected":false},"excerpt":{"rendered":"<p>Dieses Kunstbrot mit wei\u00dfen Samen ist etwas ganz Besonderes. Das k\u00fcnstliche Brot riecht wie ein echtes frisches Brot. Das Brot ist vollst\u00e4ndig komprimierbar, aber nicht zerbrechlich. Auch die Farbe dieses Kunstbrotes ist von Natur aus goldbraun. Schauen Sie sich auch unser Angebot \u201ePakete\u201c an.<\/p>","protected":false},"featured_media":2364,"template":"","meta":{"_acf_changed":false,"_genesis_hide_title":false,"_genesis_hide_breadcrumbs":false,"_genesis_hide_singular_image":false,"_genesis_hide_footer_widgets":false,"_genesis_custom_body_class":"","_genesis_custom_post_class":"","_genesis_layout":""},"product_brand":[],"product_cat":[46],"product_tag":[],"class_list":{"0":"post-2363","1":"product","2":"type-product","3":"status-publish","4":"has-post-thumbnail","6":"product_cat-broodengebak","7":"entry","8":"wpx-has-gallery","10":"first","11":"instock","12":"taxable","13":"shipping-taxable","14":"purchasable","15":"product-type-simple"},"acf":[],"yoast_head":"<!-- This site is optimized with the Yoast SEO Premium plugin v27.3 (Yoast SEO v27.3) - https:\/\/yoast.com\/product\/yoast-seo-premium-wordpress\/ -->\n<title>Namaak Brood Met Zaden Wit - Verkrijgbaar Bij Decofoodshop<\/title>\n<meta name=\"description\" content=\"Mooi namaak brood met zaden wit. Ook ruikt dit namaak brood naar een echt vers brood. Het is niet breekbaar en ook verkrijgbaar zonder zaden.\" \/>\n<meta name=\"robots\" content=\"index, follow, max-snippet:-1, max-image-preview:large, max-video-preview:-1\" \/>\n<link rel=\"canonical\" href=\"https:\/\/decofoodshop.nl\/de\/produkt\/kunstliches-brot-mit-kernen-weiss\/\" \/>\n<meta property=\"og:locale\" content=\"de_DE\" \/>\n<meta property=\"og:type\" content=\"article\" \/>\n<meta property=\"og:title\" content=\"Namaak Brood Met Zaden Wit\" \/>\n<meta property=\"og:description\" content=\"Mooi namaak brood met zaden wit. Ook ruikt dit namaak brood naar een echt vers brood. Het is niet breekbaar en ook verkrijgbaar zonder zaden.\" \/>\n<meta property=\"og:url\" content=\"https:\/\/decofoodshop.nl\/de\/produkt\/kunstliches-brot-mit-kernen-weiss\/\" \/>\n<meta property=\"og:site_name\" content=\"Decofoodshop\" \/>\n<meta property=\"article:modified_time\" content=\"2026-03-13T14:10:11+00:00\" \/>\n<meta property=\"og:image\" content=\"https:\/\/decofoodshop.nl\/wp-content\/uploads\/2020\/02\/20200114_163313.jpg\" \/>\n\t<meta property=\"og:image:width\" content=\"1200\" \/>\n\t<meta property=\"og:image:height\" content=\"1200\" \/>\n\t<meta property=\"og:image:type\" content=\"image\/jpeg\" \/>\n<meta name=\"twitter:card\" content=\"summary_large_image\" \/>\n<meta name=\"twitter:label1\" content=\"Gesch\u00e4tzte Lesezeit\" \/>\n\t<meta name=\"twitter:data1\" content=\"1\u00a0Minute\" \/>\n<script type=\"application\/ld+json\" class=\"yoast-schema-graph\">{\"@context\":\"https:\\\/\\\/schema.org\",\"@graph\":[{\"@type\":\"WebPage\",\"@id\":\"https:\\\/\\\/decofoodshop.nl\\\/product\\\/namaak-brood-met-zaden-wit\\\/\",\"url\":\"https:\\\/\\\/decofoodshop.nl\\\/product\\\/namaak-brood-met-zaden-wit\\\/\",\"name\":\"Namaak Brood Met Zaden Wit - Verkrijgbaar Bij Decofoodshop\",\"isPartOf\":{\"@id\":\"https:\\\/\\\/decofoodshop.nl\\\/#website\"},\"primaryImageOfPage\":{\"@id\":\"https:\\\/\\\/decofoodshop.nl\\\/product\\\/namaak-brood-met-zaden-wit\\\/#primaryimage\"},\"image\":{\"@id\":\"https:\\\/\\\/decofoodshop.nl\\\/product\\\/namaak-brood-met-zaden-wit\\\/#primaryimage\"},\"thumbnailUrl\":\"https:\\\/\\\/decofoodshop.nl\\\/wp-content\\\/uploads\\\/2020\\\/02\\\/20200114_163313.jpg\",\"datePublished\":\"2020-02-17T11:00:03+00:00\",\"dateModified\":\"2026-03-13T14:10:11+00:00\",\"description\":\"Mooi namaak brood met zaden wit. Ook ruikt dit namaak brood naar een echt vers brood. Het is niet breekbaar en ook verkrijgbaar zonder zaden.\",\"breadcrumb\":{\"@id\":\"https:\\\/\\\/decofoodshop.nl\\\/product\\\/namaak-brood-met-zaden-wit\\\/#breadcrumb\"},\"inLanguage\":\"de\",\"potentialAction\":[{\"@type\":\"ReadAction\",\"target\":[\"https:\\\/\\\/decofoodshop.nl\\\/product\\\/namaak-brood-met-zaden-wit\\\/\"]}]},{\"@type\":\"ImageObject\",\"inLanguage\":\"de\",\"@id\":\"https:\\\/\\\/decofoodshop.nl\\\/product\\\/namaak-brood-met-zaden-wit\\\/#primaryimage\",\"url\":\"https:\\\/\\\/decofoodshop.nl\\\/wp-content\\\/uploads\\\/2020\\\/02\\\/20200114_163313.jpg\",\"contentUrl\":\"https:\\\/\\\/decofoodshop.nl\\\/wp-content\\\/uploads\\\/2020\\\/02\\\/20200114_163313.jpg\",\"width\":1200,\"height\":1200,\"caption\":\"Namaak Brood Met Zaden Wit\"},{\"@type\":\"BreadcrumbList\",\"@id\":\"https:\\\/\\\/decofoodshop.nl\\\/product\\\/namaak-brood-met-zaden-wit\\\/#breadcrumb\",\"itemListElement\":[{\"@type\":\"ListItem\",\"position\":1,\"name\":\"Home\",\"item\":\"https:\\\/\\\/decofoodshop.nl\\\/\"},{\"@type\":\"ListItem\",\"position\":2,\"name\":\"Winkel\",\"item\":\"https:\\\/\\\/decofoodshop.nl\\\/winkel\\\/\"},{\"@type\":\"ListItem\",\"position\":3,\"name\":\"Namaak Brood Met Zaden Wit\"}]},{\"@type\":\"WebSite\",\"@id\":\"https:\\\/\\\/decofoodshop.nl\\\/#website\",\"url\":\"https:\\\/\\\/decofoodshop.nl\\\/\",\"name\":\"Decofoodshop\",\"description\":\"\",\"potentialAction\":[{\"@type\":\"SearchAction\",\"target\":{\"@type\":\"EntryPoint\",\"urlTemplate\":\"https:\\\/\\\/decofoodshop.nl\\\/?s={search_term_string}\"},\"query-input\":{\"@type\":\"PropertyValueSpecification\",\"valueRequired\":true,\"valueName\":\"search_term_string\"}}],\"inLanguage\":\"de\"}]}<\/script>\n<!-- \/ Yoast SEO Premium plugin. -->","yoast_head_json":{"title":"Gef\u00e4lschtes Brot mit Samen Wei\u00df - Erh\u00e4ltlich bei Decofoodshop","description":"Sch\u00f6nes gef\u00e4lschtes Brot mit Samen wei\u00df. Dieses gef\u00e4lschte Brot riecht auch wie echtes frisches Brot. Es ist nicht zerbrechlich und auch ohne Samen erh\u00e4ltlich.","robots":{"index":"index","follow":"follow","max-snippet":"max-snippet:-1","max-image-preview":"max-image-preview:large","max-video-preview":"max-video-preview:-1"},"canonical":"https:\/\/decofoodshop.nl\/de\/produkt\/kunstliches-brot-mit-kernen-weiss\/","og_locale":"de_DE","og_type":"article","og_title":"Namaak Brood Met Zaden Wit","og_description":"Mooi namaak brood met zaden wit. Ook ruikt dit namaak brood naar een echt vers brood. Het is niet breekbaar en ook verkrijgbaar zonder zaden.","og_url":"https:\/\/decofoodshop.nl\/de\/produkt\/kunstliches-brot-mit-kernen-weiss\/","og_site_name":"Decofoodshop","article_modified_time":"2026-03-13T14:10:11+00:00","og_image":[{"width":1200,"height":1200,"url":"https:\/\/decofoodshop.nl\/wp-content\/uploads\/2020\/02\/20200114_163313.jpg","type":"image\/jpeg"}],"twitter_card":"summary_large_image","twitter_misc":{"Gesch\u00e4tzte Lesezeit":"1\u00a0Minute"},"schema":{"@context":"https:\/\/schema.org","@graph":[{"@type":"WebPage","@id":"https:\/\/decofoodshop.nl\/product\/namaak-brood-met-zaden-wit\/","url":"https:\/\/decofoodshop.nl\/product\/namaak-brood-met-zaden-wit\/","name":"Gef\u00e4lschtes Brot mit Samen Wei\u00df - Erh\u00e4ltlich bei Decofoodshop","isPartOf":{"@id":"https:\/\/decofoodshop.nl\/#website"},"primaryImageOfPage":{"@id":"https:\/\/decofoodshop.nl\/product\/namaak-brood-met-zaden-wit\/#primaryimage"},"image":{"@id":"https:\/\/decofoodshop.nl\/product\/namaak-brood-met-zaden-wit\/#primaryimage"},"thumbnailUrl":"https:\/\/decofoodshop.nl\/wp-content\/uploads\/2020\/02\/20200114_163313.jpg","datePublished":"2020-02-17T11:00:03+00:00","dateModified":"2026-03-13T14:10:11+00:00","description":"Sch\u00f6nes gef\u00e4lschtes Brot mit Samen wei\u00df. Dieses gef\u00e4lschte Brot riecht auch wie echtes frisches Brot. Es ist nicht zerbrechlich und auch ohne Samen erh\u00e4ltlich.","breadcrumb":{"@id":"https:\/\/decofoodshop.nl\/product\/namaak-brood-met-zaden-wit\/#breadcrumb"},"inLanguage":"de","potentialAction":[{"@type":"ReadAction","target":["https:\/\/decofoodshop.nl\/product\/namaak-brood-met-zaden-wit\/"]}]},{"@type":"ImageObject","inLanguage":"de","@id":"https:\/\/decofoodshop.nl\/product\/namaak-brood-met-zaden-wit\/#primaryimage","url":"https:\/\/decofoodshop.nl\/wp-content\/uploads\/2020\/02\/20200114_163313.jpg","contentUrl":"https:\/\/decofoodshop.nl\/wp-content\/uploads\/2020\/02\/20200114_163313.jpg","width":1200,"height":1200,"caption":"Namaak Brood Met Zaden Wit"},{"@type":"BreadcrumbList","@id":"https:\/\/decofoodshop.nl\/product\/namaak-brood-met-zaden-wit\/#breadcrumb","itemListElement":[{"@type":"ListItem","position":1,"name":"Home","item":"https:\/\/decofoodshop.nl\/"},{"@type":"ListItem","position":2,"name":"Winkel","item":"https:\/\/decofoodshop.nl\/winkel\/"},{"@type":"ListItem","position":3,"name":"Namaak Brood Met Zaden Wit"}]},{"@type":"WebSite","@id":"https:\/\/decofoodshop.nl\/#website","url":"https:\/\/decofoodshop.nl\/","name":"Dekofoodshop","description":"","potentialAction":[{"@type":"SearchAction","target":{"@type":"EntryPoint","urlTemplate":"https:\/\/decofoodshop.nl\/?s={search_term_string}"},"query-input":{"@type":"PropertyValueSpecification","valueRequired":true,"valueName":"search_term_string"}}],"inLanguage":"de"}]}},"_links":{"self":[{"href":"https:\/\/decofoodshop.nl\/de\/wp-json\/wp\/v2\/product\/2363","targetHints":{"allow":["GET"]}}],"collection":[{"href":"https:\/\/decofoodshop.nl\/de\/wp-json\/wp\/v2\/product"}],"about":[{"href":"https:\/\/decofoodshop.nl\/de\/wp-json\/wp\/v2\/types\/product"}],"wp:featuredmedia":[{"embeddable":true,"href":"https:\/\/decofoodshop.nl\/de\/wp-json\/wp\/v2\/media\/2364"}],"wp:attachment":[{"href":"https:\/\/decofoodshop.nl\/de\/wp-json\/wp\/v2\/media?parent=2363"}],"wp:term":[{"taxonomy":"product_brand","embeddable":true,"href":"https:\/\/decofoodshop.nl\/de\/wp-json\/wp\/v2\/product_brand?post=2363"},{"taxonomy":"product_cat","embeddable":true,"href":"https:\/\/decofoodshop.nl\/de\/wp-json\/wp\/v2\/product_cat?post=2363"},{"taxonomy":"product_tag","embeddable":true,"href":"https:\/\/decofoodshop.nl\/de\/wp-json\/wp\/v2\/product_tag?post=2363"}],"curies":[{"name":"wp","href":"https:\/\/api.w.org\/{rel}","templated":true}]}}