{"id":2373,"date":"2020-02-17T11:40:13","date_gmt":"2020-02-17T11:40:13","guid":{"rendered":"https:\/\/decofoodshop.nl\/?post_type=product&#038;p=2373"},"modified":"2026-03-03T16:08:50","modified_gmt":"2026-03-03T15:08:50","slug":"groses-falsches-zopfbrot","status":"publish","type":"product","link":"https:\/\/decofoodshop.nl\/de\/product\/groot-namaak-vlechtbrood\/","title":{"rendered":"Gro\u00dfes gef\u00e4lschtes Zopfbrot"},"content":{"rendered":"<p>Dieser sch\u00f6ne gro\u00dfe gef\u00e4lschte Zopf ist \u00e4u\u00dferst detailliert.<\/p>\n<p>Seine Oberseite ist mit Blumen bedeckt, die ein realistisches Bild ergeben.<\/p>\n<p>Das k\u00fcnstliche Brot ist vollst\u00e4ndig komprimierbar.<\/p>\n<p>Aufgrund seines flachen Bodens l\u00e4sst sich dieses Kunstbrot leicht ablegen.<\/p>\n<p>Dieses Brot riecht auch wunderbar s\u00fc\u00df wie ein echtes frisches Brot.<\/p>\n<p>Sie k\u00f6nnen sich auch unser Angebot ansehen<strong><span style=\"color: #008000;\"> <a style=\"color: #008000;\" href=\"https:\/\/decofoodshop.nl\/de\/produktkategorie-2\/pakete\/\">&#039;Pakete&#039;<\/a>.<\/span><\/strong><\/p>","protected":false},"excerpt":{"rendered":"<p>Dit mooie grote namaak vlechtbrood is uiterst gedetailleerd. Zijn bovenkant is bedekt met bloem wat een realistisch beeld geeft. Het kunst brood is volledig indrukbaar. Door zijn platte onderkant is dit nep brood makkelijk neer te leggen. Ook ruikt dit brood heerlijk zoet naar een echt vers brood. U kunt ook even kijken bij ons [&hellip;]<\/p>\n","protected":false},"featured_media":2374,"template":"","meta":{"_acf_changed":false,"_genesis_hide_title":false,"_genesis_hide_breadcrumbs":false,"_genesis_hide_singular_image":false,"_genesis_hide_footer_widgets":false,"_genesis_custom_body_class":"","_genesis_custom_post_class":"","_genesis_layout":""},"product_brand":[],"product_cat":[46],"product_tag":[],"class_list":{"0":"post-2373","1":"product","2":"type-product","3":"status-publish","4":"has-post-thumbnail","6":"product_cat-broodengebak","7":"entry","8":"wpx-has-gallery","10":"first","11":"instock","12":"taxable","13":"shipping-taxable","14":"purchasable","15":"product-type-simple"},"acf":[],"yoast_head":"<!-- This site is optimized with the Yoast SEO Premium plugin v27.3 (Yoast SEO v27.4) - https:\/\/yoast.com\/product\/yoast-seo-premium-wordpress\/ -->\n<title>Groot Namaak Vlechtbrood - Verkrijgbaar Bij Decofoodshop<\/title>\n<meta name=\"description\" content=\"Mooi groot namaak vlechtbrood die ruikt naar een echt vers brood. Gedetailleerde vorm en kleur en hierdoor een zeer decoratief namaak brood.\" \/>\n<meta name=\"robots\" content=\"index, follow, max-snippet:-1, max-image-preview:large, max-video-preview:-1\" \/>\n<link rel=\"canonical\" href=\"https:\/\/decofoodshop.nl\/de\/produkt\/groses-falsches-zopfbrot\/\" \/>\n<meta property=\"og:locale\" content=\"de_DE\" \/>\n<meta property=\"og:type\" content=\"article\" \/>\n<meta property=\"og:title\" content=\"Groot Namaak Vlechtbrood\" \/>\n<meta property=\"og:description\" content=\"Mooi groot namaak vlechtbrood die ruikt naar een echt vers brood. Gedetailleerde vorm en kleur en hierdoor een zeer decoratief namaak brood.\" \/>\n<meta property=\"og:url\" content=\"https:\/\/decofoodshop.nl\/de\/produkt\/groses-falsches-zopfbrot\/\" \/>\n<meta property=\"og:site_name\" content=\"Decofoodshop\" \/>\n<meta property=\"article:modified_time\" content=\"2026-03-03T15:08:50+00:00\" \/>\n<meta property=\"og:image\" content=\"https:\/\/decofoodshop.nl\/wp-content\/uploads\/2020\/02\/20200114_163410.jpg\" \/>\n\t<meta property=\"og:image:width\" content=\"1200\" \/>\n\t<meta property=\"og:image:height\" content=\"1200\" \/>\n\t<meta property=\"og:image:type\" content=\"image\/jpeg\" \/>\n<meta name=\"twitter:card\" content=\"summary_large_image\" \/>\n<meta name=\"twitter:label1\" content=\"Gesch\u00e4tzte Lesezeit\" \/>\n\t<meta name=\"twitter:data1\" content=\"1\u00a0Minute\" \/>\n<script type=\"application\/ld+json\" class=\"yoast-schema-graph\">{\"@context\":\"https:\\\/\\\/schema.org\",\"@graph\":[{\"@type\":\"WebPage\",\"@id\":\"https:\\\/\\\/decofoodshop.nl\\\/product\\\/groot-namaak-vlechtbrood\\\/\",\"url\":\"https:\\\/\\\/decofoodshop.nl\\\/product\\\/groot-namaak-vlechtbrood\\\/\",\"name\":\"Groot Namaak Vlechtbrood - Verkrijgbaar Bij Decofoodshop\",\"isPartOf\":{\"@id\":\"https:\\\/\\\/decofoodshop.nl\\\/#website\"},\"primaryImageOfPage\":{\"@id\":\"https:\\\/\\\/decofoodshop.nl\\\/product\\\/groot-namaak-vlechtbrood\\\/#primaryimage\"},\"image\":{\"@id\":\"https:\\\/\\\/decofoodshop.nl\\\/product\\\/groot-namaak-vlechtbrood\\\/#primaryimage\"},\"thumbnailUrl\":\"https:\\\/\\\/decofoodshop.nl\\\/wp-content\\\/uploads\\\/2020\\\/02\\\/20200114_163410.jpg\",\"datePublished\":\"2020-02-17T11:40:13+00:00\",\"dateModified\":\"2026-03-03T15:08:50+00:00\",\"description\":\"Mooi groot namaak vlechtbrood die ruikt naar een echt vers brood. Gedetailleerde vorm en kleur en hierdoor een zeer decoratief namaak brood.\",\"breadcrumb\":{\"@id\":\"https:\\\/\\\/decofoodshop.nl\\\/product\\\/groot-namaak-vlechtbrood\\\/#breadcrumb\"},\"inLanguage\":\"de\",\"potentialAction\":[{\"@type\":\"ReadAction\",\"target\":[\"https:\\\/\\\/decofoodshop.nl\\\/product\\\/groot-namaak-vlechtbrood\\\/\"]}]},{\"@type\":\"ImageObject\",\"inLanguage\":\"de\",\"@id\":\"https:\\\/\\\/decofoodshop.nl\\\/product\\\/groot-namaak-vlechtbrood\\\/#primaryimage\",\"url\":\"https:\\\/\\\/decofoodshop.nl\\\/wp-content\\\/uploads\\\/2020\\\/02\\\/20200114_163410.jpg\",\"contentUrl\":\"https:\\\/\\\/decofoodshop.nl\\\/wp-content\\\/uploads\\\/2020\\\/02\\\/20200114_163410.jpg\",\"width\":1200,\"height\":1200,\"caption\":\"Groot Namaak Vlechtbrood\"},{\"@type\":\"BreadcrumbList\",\"@id\":\"https:\\\/\\\/decofoodshop.nl\\\/product\\\/groot-namaak-vlechtbrood\\\/#breadcrumb\",\"itemListElement\":[{\"@type\":\"ListItem\",\"position\":1,\"name\":\"Home\",\"item\":\"https:\\\/\\\/decofoodshop.nl\\\/\"},{\"@type\":\"ListItem\",\"position\":2,\"name\":\"Winkel\",\"item\":\"https:\\\/\\\/decofoodshop.nl\\\/winkel\\\/\"},{\"@type\":\"ListItem\",\"position\":3,\"name\":\"Groot Namaak Vlechtbrood\"}]},{\"@type\":\"WebSite\",\"@id\":\"https:\\\/\\\/decofoodshop.nl\\\/#website\",\"url\":\"https:\\\/\\\/decofoodshop.nl\\\/\",\"name\":\"Decofoodshop\",\"description\":\"\",\"potentialAction\":[{\"@type\":\"SearchAction\",\"target\":{\"@type\":\"EntryPoint\",\"urlTemplate\":\"https:\\\/\\\/decofoodshop.nl\\\/?s={search_term_string}\"},\"query-input\":{\"@type\":\"PropertyValueSpecification\",\"valueRequired\":true,\"valueName\":\"search_term_string\"}}],\"inLanguage\":\"de\"}]}<\/script>\n<!-- \/ Yoast SEO Premium plugin. -->","yoast_head_json":{"title":"Gro\u00dfer gef\u00e4lschter Zopf - Erh\u00e4ltlich bei Decofoodshop","description":"Sch\u00f6nes gro\u00dfes falsches Zopfbrot, das nach echtem frischem Brot riecht. Detaillierte Form und Farbe und daher ein sehr dekoratives Brotimitat.","robots":{"index":"index","follow":"follow","max-snippet":"max-snippet:-1","max-image-preview":"max-image-preview:large","max-video-preview":"max-video-preview:-1"},"canonical":"https:\/\/decofoodshop.nl\/de\/produkt\/groses-falsches-zopfbrot\/","og_locale":"de_DE","og_type":"article","og_title":"Groot Namaak Vlechtbrood","og_description":"Mooi groot namaak vlechtbrood die ruikt naar een echt vers brood. Gedetailleerde vorm en kleur en hierdoor een zeer decoratief namaak brood.","og_url":"https:\/\/decofoodshop.nl\/de\/produkt\/groses-falsches-zopfbrot\/","og_site_name":"Decofoodshop","article_modified_time":"2026-03-03T15:08:50+00:00","og_image":[{"width":1200,"height":1200,"url":"https:\/\/decofoodshop.nl\/wp-content\/uploads\/2020\/02\/20200114_163410.jpg","type":"image\/jpeg"}],"twitter_card":"summary_large_image","twitter_misc":{"Gesch\u00e4tzte Lesezeit":"1\u00a0Minute"},"schema":{"@context":"https:\/\/schema.org","@graph":[{"@type":"WebPage","@id":"https:\/\/decofoodshop.nl\/product\/groot-namaak-vlechtbrood\/","url":"https:\/\/decofoodshop.nl\/product\/groot-namaak-vlechtbrood\/","name":"Gro\u00dfer gef\u00e4lschter Zopf - Erh\u00e4ltlich bei Decofoodshop","isPartOf":{"@id":"https:\/\/decofoodshop.nl\/#website"},"primaryImageOfPage":{"@id":"https:\/\/decofoodshop.nl\/product\/groot-namaak-vlechtbrood\/#primaryimage"},"image":{"@id":"https:\/\/decofoodshop.nl\/product\/groot-namaak-vlechtbrood\/#primaryimage"},"thumbnailUrl":"https:\/\/decofoodshop.nl\/wp-content\/uploads\/2020\/02\/20200114_163410.jpg","datePublished":"2020-02-17T11:40:13+00:00","dateModified":"2026-03-03T15:08:50+00:00","description":"Sch\u00f6nes gro\u00dfes falsches Zopfbrot, das nach echtem frischem Brot riecht. Detaillierte Form und Farbe und daher ein sehr dekoratives Brotimitat.","breadcrumb":{"@id":"https:\/\/decofoodshop.nl\/product\/groot-namaak-vlechtbrood\/#breadcrumb"},"inLanguage":"de","potentialAction":[{"@type":"ReadAction","target":["https:\/\/decofoodshop.nl\/product\/groot-namaak-vlechtbrood\/"]}]},{"@type":"ImageObject","inLanguage":"de","@id":"https:\/\/decofoodshop.nl\/product\/groot-namaak-vlechtbrood\/#primaryimage","url":"https:\/\/decofoodshop.nl\/wp-content\/uploads\/2020\/02\/20200114_163410.jpg","contentUrl":"https:\/\/decofoodshop.nl\/wp-content\/uploads\/2020\/02\/20200114_163410.jpg","width":1200,"height":1200,"caption":"Groot Namaak Vlechtbrood"},{"@type":"BreadcrumbList","@id":"https:\/\/decofoodshop.nl\/product\/groot-namaak-vlechtbrood\/#breadcrumb","itemListElement":[{"@type":"ListItem","position":1,"name":"Home","item":"https:\/\/decofoodshop.nl\/"},{"@type":"ListItem","position":2,"name":"Winkel","item":"https:\/\/decofoodshop.nl\/winkel\/"},{"@type":"ListItem","position":3,"name":"Groot Namaak Vlechtbrood"}]},{"@type":"WebSite","@id":"https:\/\/decofoodshop.nl\/#website","url":"https:\/\/decofoodshop.nl\/","name":"Dekofoodshop","description":"","potentialAction":[{"@type":"SearchAction","target":{"@type":"EntryPoint","urlTemplate":"https:\/\/decofoodshop.nl\/?s={search_term_string}"},"query-input":{"@type":"PropertyValueSpecification","valueRequired":true,"valueName":"search_term_string"}}],"inLanguage":"de"}]}},"_links":{"self":[{"href":"https:\/\/decofoodshop.nl\/de\/wp-json\/wp\/v2\/product\/2373","targetHints":{"allow":["GET"]}}],"collection":[{"href":"https:\/\/decofoodshop.nl\/de\/wp-json\/wp\/v2\/product"}],"about":[{"href":"https:\/\/decofoodshop.nl\/de\/wp-json\/wp\/v2\/types\/product"}],"wp:featuredmedia":[{"embeddable":true,"href":"https:\/\/decofoodshop.nl\/de\/wp-json\/wp\/v2\/media\/2374"}],"wp:attachment":[{"href":"https:\/\/decofoodshop.nl\/de\/wp-json\/wp\/v2\/media?parent=2373"}],"wp:term":[{"taxonomy":"product_brand","embeddable":true,"href":"https:\/\/decofoodshop.nl\/de\/wp-json\/wp\/v2\/product_brand?post=2373"},{"taxonomy":"product_cat","embeddable":true,"href":"https:\/\/decofoodshop.nl\/de\/wp-json\/wp\/v2\/product_cat?post=2373"},{"taxonomy":"product_tag","embeddable":true,"href":"https:\/\/decofoodshop.nl\/de\/wp-json\/wp\/v2\/product_tag?post=2373"}],"curies":[{"name":"wp","href":"https:\/\/api.w.org\/{rel}","templated":true}]}}