{"id":2377,"date":"2020-02-17T12:43:15","date_gmt":"2020-02-17T12:43:15","guid":{"rendered":"https:\/\/decofoodshop.nl\/?post_type=product&#038;p=2377"},"modified":"2026-04-25T14:02:45","modified_gmt":"2026-04-25T12:02:45","slug":"falsches-baguette","status":"publish","type":"product","link":"https:\/\/decofoodshop.nl\/de\/product\/namaak-stokbrood\/","title":{"rendered":"Gef\u00e4lschtes Baguette"},"content":{"rendered":"<p>Dieses gef\u00e4lschte Baguette ist hart und nicht zerbrechlich.<\/p>\n<p>Es ist sehr detailliert mit den Formen eines echten Baguettes.<\/p>\n<p>Nat\u00fcrlich ist auch die Farbe dieses Kunstbaguettes.<\/p>\n<p>Dieses gef\u00e4lschte Baguette ist leicht und \u00e4u\u00dferst dekorativ.<\/p>\n<p>Sie k\u00f6nnen sich auch unser Angebot ansehen<span style=\"color: #008000;\"> <a style=\"color: #008000;\" href=\"https:\/\/decofoodshop.nl\/de\/produktkategorie-2\/visenvlees\/\">&#8216;<strong>Fleischfisch<\/strong>&#8216;<\/a>.<\/span><\/p>","protected":false},"excerpt":{"rendered":"<p>Dieses gef\u00e4lschte Baguette ist hart und nicht zerbrechlich. Es ist sehr detailliert mit den Formen eines echten Baguettes. Auch die Farbe dieses k\u00fcnstlichen Baguettes ist nat\u00fcrlich. Dieses gef\u00e4lschte Baguette ist leicht und \u00e4u\u00dferst dekorativ. Schauen Sie sich auch unser Angebot \u201eFleisch &amp; Fisch\u201c an.<\/p>","protected":false},"featured_media":2378,"template":"","meta":{"_acf_changed":false,"_genesis_hide_title":false,"_genesis_hide_breadcrumbs":false,"_genesis_hide_singular_image":false,"_genesis_hide_footer_widgets":false,"_genesis_custom_body_class":"","_genesis_custom_post_class":"","_genesis_layout":""},"product_brand":[],"product_cat":[46],"product_tag":[],"class_list":{"0":"post-2377","1":"product","2":"type-product","3":"status-publish","4":"has-post-thumbnail","6":"product_cat-broodengebak","7":"entry","8":"wpx-has-gallery","10":"first","11":"instock","12":"taxable","13":"shipping-taxable","14":"purchasable","15":"product-type-simple"},"acf":[],"yoast_head":"<!-- This site is optimized with the Yoast SEO Premium plugin v27.6 (Yoast SEO v27.6) - https:\/\/yoast.com\/product\/yoast-seo-premium-wordpress\/ -->\n<title>Namaak Stokbrood - Verkrijgbaar Bij Decofoodshop<\/title>\n<meta name=\"description\" content=\"Bij Decofoodshop verkrijgbaar prachtig namaak stokbrood! Ook vele andere soorten namaak brood en gebak zijn bij ons verkrijgbaar.\" \/>\n<meta name=\"robots\" content=\"index, follow, max-snippet:-1, max-image-preview:large, max-video-preview:-1\" \/>\n<link rel=\"canonical\" href=\"https:\/\/decofoodshop.nl\/de\/produkt\/falsches-baguette\/\" \/>\n<meta property=\"og:locale\" content=\"de_DE\" \/>\n<meta property=\"og:type\" content=\"article\" \/>\n<meta property=\"og:title\" content=\"Namaak Stokbrood\" \/>\n<meta property=\"og:description\" content=\"Bij Decofoodshop verkrijgbaar prachtig namaak stokbrood! Ook vele andere soorten namaak brood en gebak zijn bij ons verkrijgbaar.\" \/>\n<meta property=\"og:url\" content=\"https:\/\/decofoodshop.nl\/de\/produkt\/falsches-baguette\/\" \/>\n<meta property=\"og:site_name\" content=\"Decofoodshop\" \/>\n<meta property=\"article:modified_time\" content=\"2026-04-25T12:02:45+00:00\" \/>\n<meta property=\"og:image\" content=\"https:\/\/decofoodshop.nl\/wp-content\/uploads\/2020\/02\/deze8.jpg\" \/>\n\t<meta property=\"og:image:width\" content=\"1200\" \/>\n\t<meta property=\"og:image:height\" content=\"1201\" \/>\n\t<meta property=\"og:image:type\" content=\"image\/jpeg\" \/>\n<meta name=\"twitter:card\" content=\"summary_large_image\" \/>\n<meta name=\"twitter:label1\" content=\"Gesch\u00e4tzte Lesezeit\" \/>\n\t<meta name=\"twitter:data1\" content=\"1\u00a0Minute\" \/>\n<script type=\"application\/ld+json\" class=\"yoast-schema-graph\">{\"@context\":\"https:\\\/\\\/schema.org\",\"@graph\":[{\"@type\":\"WebPage\",\"@id\":\"https:\\\/\\\/decofoodshop.nl\\\/product\\\/namaak-stokbrood\\\/\",\"url\":\"https:\\\/\\\/decofoodshop.nl\\\/product\\\/namaak-stokbrood\\\/\",\"name\":\"Namaak Stokbrood - Verkrijgbaar Bij Decofoodshop\",\"isPartOf\":{\"@id\":\"https:\\\/\\\/decofoodshop.nl\\\/#website\"},\"primaryImageOfPage\":{\"@id\":\"https:\\\/\\\/decofoodshop.nl\\\/product\\\/namaak-stokbrood\\\/#primaryimage\"},\"image\":{\"@id\":\"https:\\\/\\\/decofoodshop.nl\\\/product\\\/namaak-stokbrood\\\/#primaryimage\"},\"thumbnailUrl\":\"https:\\\/\\\/decofoodshop.nl\\\/wp-content\\\/uploads\\\/2020\\\/02\\\/deze8.jpg\",\"datePublished\":\"2020-02-17T12:43:15+00:00\",\"dateModified\":\"2026-04-25T12:02:45+00:00\",\"description\":\"Bij Decofoodshop verkrijgbaar prachtig namaak stokbrood! Ook vele andere soorten namaak brood en gebak zijn bij ons verkrijgbaar.\",\"breadcrumb\":{\"@id\":\"https:\\\/\\\/decofoodshop.nl\\\/product\\\/namaak-stokbrood\\\/#breadcrumb\"},\"inLanguage\":\"de\",\"potentialAction\":[{\"@type\":\"ReadAction\",\"target\":[\"https:\\\/\\\/decofoodshop.nl\\\/product\\\/namaak-stokbrood\\\/\"]}]},{\"@type\":\"ImageObject\",\"inLanguage\":\"de\",\"@id\":\"https:\\\/\\\/decofoodshop.nl\\\/product\\\/namaak-stokbrood\\\/#primaryimage\",\"url\":\"https:\\\/\\\/decofoodshop.nl\\\/wp-content\\\/uploads\\\/2020\\\/02\\\/deze8.jpg\",\"contentUrl\":\"https:\\\/\\\/decofoodshop.nl\\\/wp-content\\\/uploads\\\/2020\\\/02\\\/deze8.jpg\",\"width\":1200,\"height\":1201,\"caption\":\"Namaak Stokbrood\"},{\"@type\":\"BreadcrumbList\",\"@id\":\"https:\\\/\\\/decofoodshop.nl\\\/product\\\/namaak-stokbrood\\\/#breadcrumb\",\"itemListElement\":[{\"@type\":\"ListItem\",\"position\":1,\"name\":\"Home\",\"item\":\"https:\\\/\\\/decofoodshop.nl\\\/\"},{\"@type\":\"ListItem\",\"position\":2,\"name\":\"Winkel\",\"item\":\"https:\\\/\\\/decofoodshop.nl\\\/winkel\\\/\"},{\"@type\":\"ListItem\",\"position\":3,\"name\":\"Namaak Stokbrood\"}]},{\"@type\":\"WebSite\",\"@id\":\"https:\\\/\\\/decofoodshop.nl\\\/#website\",\"url\":\"https:\\\/\\\/decofoodshop.nl\\\/\",\"name\":\"Decofoodshop\",\"description\":\"\",\"potentialAction\":[{\"@type\":\"SearchAction\",\"target\":{\"@type\":\"EntryPoint\",\"urlTemplate\":\"https:\\\/\\\/decofoodshop.nl\\\/?s={search_term_string}\"},\"query-input\":{\"@type\":\"PropertyValueSpecification\",\"valueRequired\":true,\"valueName\":\"search_term_string\"}}],\"inLanguage\":\"de\"}]}<\/script>\n<!-- \/ Yoast SEO Premium plugin. -->","yoast_head_json":{"title":"Gef\u00e4lschtes Baguette - Erh\u00e4ltlich bei Decofoodshop","description":"Sch\u00f6nes gef\u00e4lschtes Baguette erh\u00e4ltlich bei Decofoodshop! Auch viele andere Arten von gef\u00e4lschtem Brot und Geb\u00e4ck sind bei uns erh\u00e4ltlich.","robots":{"index":"index","follow":"follow","max-snippet":"max-snippet:-1","max-image-preview":"max-image-preview:large","max-video-preview":"max-video-preview:-1"},"canonical":"https:\/\/decofoodshop.nl\/de\/produkt\/falsches-baguette\/","og_locale":"de_DE","og_type":"article","og_title":"Namaak Stokbrood","og_description":"Bij Decofoodshop verkrijgbaar prachtig namaak stokbrood! Ook vele andere soorten namaak brood en gebak zijn bij ons verkrijgbaar.","og_url":"https:\/\/decofoodshop.nl\/de\/produkt\/falsches-baguette\/","og_site_name":"Decofoodshop","article_modified_time":"2026-04-25T12:02:45+00:00","og_image":[{"width":1200,"height":1201,"url":"https:\/\/decofoodshop.nl\/wp-content\/uploads\/2020\/02\/deze8.jpg","type":"image\/jpeg"}],"twitter_card":"summary_large_image","twitter_misc":{"Gesch\u00e4tzte Lesezeit":"1\u00a0Minute"},"schema":{"@context":"https:\/\/schema.org","@graph":[{"@type":"WebPage","@id":"https:\/\/decofoodshop.nl\/product\/namaak-stokbrood\/","url":"https:\/\/decofoodshop.nl\/product\/namaak-stokbrood\/","name":"Gef\u00e4lschtes Baguette - Erh\u00e4ltlich bei Decofoodshop","isPartOf":{"@id":"https:\/\/decofoodshop.nl\/#website"},"primaryImageOfPage":{"@id":"https:\/\/decofoodshop.nl\/product\/namaak-stokbrood\/#primaryimage"},"image":{"@id":"https:\/\/decofoodshop.nl\/product\/namaak-stokbrood\/#primaryimage"},"thumbnailUrl":"https:\/\/decofoodshop.nl\/wp-content\/uploads\/2020\/02\/deze8.jpg","datePublished":"2020-02-17T12:43:15+00:00","dateModified":"2026-04-25T12:02:45+00:00","description":"Sch\u00f6nes gef\u00e4lschtes Baguette erh\u00e4ltlich bei Decofoodshop! Auch viele andere Arten von gef\u00e4lschtem Brot und Geb\u00e4ck sind bei uns erh\u00e4ltlich.","breadcrumb":{"@id":"https:\/\/decofoodshop.nl\/product\/namaak-stokbrood\/#breadcrumb"},"inLanguage":"de","potentialAction":[{"@type":"ReadAction","target":["https:\/\/decofoodshop.nl\/product\/namaak-stokbrood\/"]}]},{"@type":"ImageObject","inLanguage":"de","@id":"https:\/\/decofoodshop.nl\/product\/namaak-stokbrood\/#primaryimage","url":"https:\/\/decofoodshop.nl\/wp-content\/uploads\/2020\/02\/deze8.jpg","contentUrl":"https:\/\/decofoodshop.nl\/wp-content\/uploads\/2020\/02\/deze8.jpg","width":1200,"height":1201,"caption":"Namaak Stokbrood"},{"@type":"BreadcrumbList","@id":"https:\/\/decofoodshop.nl\/product\/namaak-stokbrood\/#breadcrumb","itemListElement":[{"@type":"ListItem","position":1,"name":"Home","item":"https:\/\/decofoodshop.nl\/"},{"@type":"ListItem","position":2,"name":"Winkel","item":"https:\/\/decofoodshop.nl\/winkel\/"},{"@type":"ListItem","position":3,"name":"Namaak Stokbrood"}]},{"@type":"WebSite","@id":"https:\/\/decofoodshop.nl\/#website","url":"https:\/\/decofoodshop.nl\/","name":"Dekofoodshop","description":"","potentialAction":[{"@type":"SearchAction","target":{"@type":"EntryPoint","urlTemplate":"https:\/\/decofoodshop.nl\/?s={search_term_string}"},"query-input":{"@type":"PropertyValueSpecification","valueRequired":true,"valueName":"search_term_string"}}],"inLanguage":"de"}]}},"_links":{"self":[{"href":"https:\/\/decofoodshop.nl\/de\/wp-json\/wp\/v2\/product\/2377","targetHints":{"allow":["GET"]}}],"collection":[{"href":"https:\/\/decofoodshop.nl\/de\/wp-json\/wp\/v2\/product"}],"about":[{"href":"https:\/\/decofoodshop.nl\/de\/wp-json\/wp\/v2\/types\/product"}],"wp:featuredmedia":[{"embeddable":true,"href":"https:\/\/decofoodshop.nl\/de\/wp-json\/wp\/v2\/media\/2378"}],"wp:attachment":[{"href":"https:\/\/decofoodshop.nl\/de\/wp-json\/wp\/v2\/media?parent=2377"}],"wp:term":[{"taxonomy":"product_brand","embeddable":true,"href":"https:\/\/decofoodshop.nl\/de\/wp-json\/wp\/v2\/product_brand?post=2377"},{"taxonomy":"product_cat","embeddable":true,"href":"https:\/\/decofoodshop.nl\/de\/wp-json\/wp\/v2\/product_cat?post=2377"},{"taxonomy":"product_tag","embeddable":true,"href":"https:\/\/decofoodshop.nl\/de\/wp-json\/wp\/v2\/product_tag?post=2377"}],"curies":[{"name":"wp","href":"https:\/\/api.w.org\/{rel}","templated":true}]}}