{"id":2390,"date":"2020-02-19T12:09:06","date_gmt":"2020-02-19T12:09:06","guid":{"rendered":"https:\/\/decofoodshop.nl\/?post_type=product&#038;p=2390"},"modified":"2026-04-18T10:31:43","modified_gmt":"2026-04-18T08:31:43","slug":"gefalschter-brotball","status":"publish","type":"product","link":"https:\/\/decofoodshop.nl\/de\/product\/nepbrood-bolletje\/","title":{"rendered":"Gef\u00e4lschte Brotkugel"},"content":{"rendered":"<p>Diese gef\u00e4lschte Brotkugel sieht genauso aus wie echt.<\/p>\n<p>Sogar der Geruch dieser Kunstkugel riecht, als k\u00e4me sie gerade aus dem Ofen.<\/p>\n<p>Die Deko-Kugel ist zudem komprimierbar.<\/p>\n<p>Die detailgetreue Farbgebung von goldbraun bis hellbraun verleiht dem Ball ein realistisches Aussehen.<\/p>\n<p>F\u00fcr mehr Brot &amp; Geb\u00e4ck klicken <span style=\"color: #008000;\"><a style=\"color: #008000;\" href=\"https:\/\/decofoodshop.nl\/de\/produktkategorie-2\/brotkuchen\/\">&#8216;<strong>Hier<\/strong>&#8216;<\/a>.<\/span><\/p>","protected":false},"excerpt":{"rendered":"<p>Dieses gef\u00e4lschte Brotbr\u00f6tchen sieht genauso aus wie das Original. Sogar der Duft dieser k\u00fcnstlichen Kugel riecht wie frisch aus dem Ofen. Die Deko-Kugel ist zudem niederdr\u00fcckbar. Durch die detailgetreue Farbgebung von goldbraun bis hellbraun wirkt der Ball realistisch. F\u00fcr mehr Brot &amp; Geb\u00e4ck klicken Sie &#039;hier&#039;.<\/p>","protected":false},"featured_media":2391,"template":"","meta":{"_acf_changed":false,"_genesis_hide_title":false,"_genesis_hide_breadcrumbs":false,"_genesis_hide_singular_image":false,"_genesis_hide_footer_widgets":false,"_genesis_custom_body_class":"","_genesis_custom_post_class":"","_genesis_layout":""},"product_brand":[],"product_cat":[46],"product_tag":[],"class_list":{"0":"post-2390","1":"product","2":"type-product","3":"status-publish","4":"has-post-thumbnail","6":"product_cat-broodengebak","7":"entry","8":"wpx-has-gallery","10":"first","11":"instock","12":"taxable","13":"shipping-taxable","14":"purchasable","15":"product-type-simple"},"acf":[],"yoast_head":"<!-- This site is optimized with the Yoast SEO Premium plugin v27.4 (Yoast SEO v27.4) - https:\/\/yoast.com\/product\/yoast-seo-premium-wordpress\/ -->\n<title>Nepbrood Bolletje - Verkrijgbaar Bij Webshop Decofoodshop<\/title>\n<meta name=\"description\" content=\"Dit Nepbrood Bolletje is een van onze namaak broden en gebakjes. Te koop bij Decofoodshop. Kijk in de shop voor meer namaak voedsel.\" \/>\n<meta name=\"robots\" content=\"index, follow, max-snippet:-1, max-image-preview:large, max-video-preview:-1\" \/>\n<link rel=\"canonical\" href=\"https:\/\/decofoodshop.nl\/de\/produkt\/gefalschter-brotball\/\" \/>\n<meta property=\"og:locale\" content=\"de_DE\" \/>\n<meta property=\"og:type\" content=\"article\" \/>\n<meta property=\"og:title\" content=\"Nepbrood Bolletje\" \/>\n<meta property=\"og:description\" content=\"Dit Nepbrood Bolletje is een van onze namaak broden en gebakjes. Te koop bij Decofoodshop. Kijk in de shop voor meer namaak voedsel.\" \/>\n<meta property=\"og:url\" content=\"https:\/\/decofoodshop.nl\/de\/produkt\/gefalschter-brotball\/\" \/>\n<meta property=\"og:site_name\" content=\"Decofoodshop\" \/>\n<meta property=\"article:modified_time\" content=\"2026-04-18T08:31:43+00:00\" \/>\n<meta property=\"og:image\" content=\"https:\/\/decofoodshop.nl\/wp-content\/uploads\/2020\/02\/deze14.jpg\" \/>\n\t<meta property=\"og:image:width\" content=\"1668\" \/>\n\t<meta property=\"og:image:height\" content=\"1664\" \/>\n\t<meta property=\"og:image:type\" content=\"image\/jpeg\" \/>\n<meta name=\"twitter:card\" content=\"summary_large_image\" \/>\n<meta name=\"twitter:label1\" content=\"Gesch\u00e4tzte Lesezeit\" \/>\n\t<meta name=\"twitter:data1\" content=\"1\u00a0Minute\" \/>\n<script type=\"application\/ld+json\" class=\"yoast-schema-graph\">{\"@context\":\"https:\\\/\\\/schema.org\",\"@graph\":[{\"@type\":\"WebPage\",\"@id\":\"https:\\\/\\\/decofoodshop.nl\\\/product\\\/nepbrood-bolletje\\\/\",\"url\":\"https:\\\/\\\/decofoodshop.nl\\\/product\\\/nepbrood-bolletje\\\/\",\"name\":\"Nepbrood Bolletje - Verkrijgbaar Bij Webshop Decofoodshop\",\"isPartOf\":{\"@id\":\"https:\\\/\\\/decofoodshop.nl\\\/#website\"},\"primaryImageOfPage\":{\"@id\":\"https:\\\/\\\/decofoodshop.nl\\\/product\\\/nepbrood-bolletje\\\/#primaryimage\"},\"image\":{\"@id\":\"https:\\\/\\\/decofoodshop.nl\\\/product\\\/nepbrood-bolletje\\\/#primaryimage\"},\"thumbnailUrl\":\"https:\\\/\\\/decofoodshop.nl\\\/wp-content\\\/uploads\\\/2020\\\/02\\\/deze14.jpg\",\"datePublished\":\"2020-02-19T12:09:06+00:00\",\"dateModified\":\"2026-04-18T08:31:43+00:00\",\"description\":\"Dit Nepbrood Bolletje is een van onze namaak broden en gebakjes. Te koop bij Decofoodshop. Kijk in de shop voor meer namaak voedsel.\",\"breadcrumb\":{\"@id\":\"https:\\\/\\\/decofoodshop.nl\\\/product\\\/nepbrood-bolletje\\\/#breadcrumb\"},\"inLanguage\":\"de\",\"potentialAction\":[{\"@type\":\"ReadAction\",\"target\":[\"https:\\\/\\\/decofoodshop.nl\\\/product\\\/nepbrood-bolletje\\\/\"]}]},{\"@type\":\"ImageObject\",\"inLanguage\":\"de\",\"@id\":\"https:\\\/\\\/decofoodshop.nl\\\/product\\\/nepbrood-bolletje\\\/#primaryimage\",\"url\":\"https:\\\/\\\/decofoodshop.nl\\\/wp-content\\\/uploads\\\/2020\\\/02\\\/deze14.jpg\",\"contentUrl\":\"https:\\\/\\\/decofoodshop.nl\\\/wp-content\\\/uploads\\\/2020\\\/02\\\/deze14.jpg\",\"width\":1668,\"height\":1664,\"caption\":\"Nepbrood Bolletje\"},{\"@type\":\"BreadcrumbList\",\"@id\":\"https:\\\/\\\/decofoodshop.nl\\\/product\\\/nepbrood-bolletje\\\/#breadcrumb\",\"itemListElement\":[{\"@type\":\"ListItem\",\"position\":1,\"name\":\"Home\",\"item\":\"https:\\\/\\\/decofoodshop.nl\\\/\"},{\"@type\":\"ListItem\",\"position\":2,\"name\":\"Winkel\",\"item\":\"https:\\\/\\\/decofoodshop.nl\\\/winkel\\\/\"},{\"@type\":\"ListItem\",\"position\":3,\"name\":\"Nepbrood Bolletje\"}]},{\"@type\":\"WebSite\",\"@id\":\"https:\\\/\\\/decofoodshop.nl\\\/#website\",\"url\":\"https:\\\/\\\/decofoodshop.nl\\\/\",\"name\":\"Decofoodshop\",\"description\":\"\",\"potentialAction\":[{\"@type\":\"SearchAction\",\"target\":{\"@type\":\"EntryPoint\",\"urlTemplate\":\"https:\\\/\\\/decofoodshop.nl\\\/?s={search_term_string}\"},\"query-input\":{\"@type\":\"PropertyValueSpecification\",\"valueRequired\":true,\"valueName\":\"search_term_string\"}}],\"inLanguage\":\"de\"}]}<\/script>\n<!-- \/ Yoast SEO Premium plugin. -->","yoast_head_json":{"title":"Gef\u00e4lschtes Brot Bolletje - Erh\u00e4ltlich im Webshop Decofoodshop","description":"Dieses gef\u00e4lschte Brot Bolletje ist eines unserer gef\u00e4lschten Brote und Backwaren. Zu verkaufen bei Decofoodshop. Suchen Sie im Gesch\u00e4ft nach mehr gef\u00e4lschten Lebensmitteln.","robots":{"index":"index","follow":"follow","max-snippet":"max-snippet:-1","max-image-preview":"max-image-preview:large","max-video-preview":"max-video-preview:-1"},"canonical":"https:\/\/decofoodshop.nl\/de\/produkt\/gefalschter-brotball\/","og_locale":"de_DE","og_type":"article","og_title":"Nepbrood Bolletje","og_description":"Dit Nepbrood Bolletje is een van onze namaak broden en gebakjes. Te koop bij Decofoodshop. Kijk in de shop voor meer namaak voedsel.","og_url":"https:\/\/decofoodshop.nl\/de\/produkt\/gefalschter-brotball\/","og_site_name":"Decofoodshop","article_modified_time":"2026-04-18T08:31:43+00:00","og_image":[{"width":1668,"height":1664,"url":"https:\/\/decofoodshop.nl\/wp-content\/uploads\/2020\/02\/deze14.jpg","type":"image\/jpeg"}],"twitter_card":"summary_large_image","twitter_misc":{"Gesch\u00e4tzte Lesezeit":"1\u00a0Minute"},"schema":{"@context":"https:\/\/schema.org","@graph":[{"@type":"WebPage","@id":"https:\/\/decofoodshop.nl\/product\/nepbrood-bolletje\/","url":"https:\/\/decofoodshop.nl\/product\/nepbrood-bolletje\/","name":"Gef\u00e4lschtes Brot Bolletje - Erh\u00e4ltlich im Webshop Decofoodshop","isPartOf":{"@id":"https:\/\/decofoodshop.nl\/#website"},"primaryImageOfPage":{"@id":"https:\/\/decofoodshop.nl\/product\/nepbrood-bolletje\/#primaryimage"},"image":{"@id":"https:\/\/decofoodshop.nl\/product\/nepbrood-bolletje\/#primaryimage"},"thumbnailUrl":"https:\/\/decofoodshop.nl\/wp-content\/uploads\/2020\/02\/deze14.jpg","datePublished":"2020-02-19T12:09:06+00:00","dateModified":"2026-04-18T08:31:43+00:00","description":"Dieses gef\u00e4lschte Brot Bolletje ist eines unserer gef\u00e4lschten Brote und Backwaren. Zu verkaufen bei Decofoodshop. Suchen Sie im Gesch\u00e4ft nach mehr gef\u00e4lschten Lebensmitteln.","breadcrumb":{"@id":"https:\/\/decofoodshop.nl\/product\/nepbrood-bolletje\/#breadcrumb"},"inLanguage":"de","potentialAction":[{"@type":"ReadAction","target":["https:\/\/decofoodshop.nl\/product\/nepbrood-bolletje\/"]}]},{"@type":"ImageObject","inLanguage":"de","@id":"https:\/\/decofoodshop.nl\/product\/nepbrood-bolletje\/#primaryimage","url":"https:\/\/decofoodshop.nl\/wp-content\/uploads\/2020\/02\/deze14.jpg","contentUrl":"https:\/\/decofoodshop.nl\/wp-content\/uploads\/2020\/02\/deze14.jpg","width":1668,"height":1664,"caption":"Nepbrood Bolletje"},{"@type":"BreadcrumbList","@id":"https:\/\/decofoodshop.nl\/product\/nepbrood-bolletje\/#breadcrumb","itemListElement":[{"@type":"ListItem","position":1,"name":"Home","item":"https:\/\/decofoodshop.nl\/"},{"@type":"ListItem","position":2,"name":"Winkel","item":"https:\/\/decofoodshop.nl\/winkel\/"},{"@type":"ListItem","position":3,"name":"Nepbrood Bolletje"}]},{"@type":"WebSite","@id":"https:\/\/decofoodshop.nl\/#website","url":"https:\/\/decofoodshop.nl\/","name":"Dekofoodshop","description":"","potentialAction":[{"@type":"SearchAction","target":{"@type":"EntryPoint","urlTemplate":"https:\/\/decofoodshop.nl\/?s={search_term_string}"},"query-input":{"@type":"PropertyValueSpecification","valueRequired":true,"valueName":"search_term_string"}}],"inLanguage":"de"}]}},"_links":{"self":[{"href":"https:\/\/decofoodshop.nl\/de\/wp-json\/wp\/v2\/product\/2390","targetHints":{"allow":["GET"]}}],"collection":[{"href":"https:\/\/decofoodshop.nl\/de\/wp-json\/wp\/v2\/product"}],"about":[{"href":"https:\/\/decofoodshop.nl\/de\/wp-json\/wp\/v2\/types\/product"}],"wp:featuredmedia":[{"embeddable":true,"href":"https:\/\/decofoodshop.nl\/de\/wp-json\/wp\/v2\/media\/2391"}],"wp:attachment":[{"href":"https:\/\/decofoodshop.nl\/de\/wp-json\/wp\/v2\/media?parent=2390"}],"wp:term":[{"taxonomy":"product_brand","embeddable":true,"href":"https:\/\/decofoodshop.nl\/de\/wp-json\/wp\/v2\/product_brand?post=2390"},{"taxonomy":"product_cat","embeddable":true,"href":"https:\/\/decofoodshop.nl\/de\/wp-json\/wp\/v2\/product_cat?post=2390"},{"taxonomy":"product_tag","embeddable":true,"href":"https:\/\/decofoodshop.nl\/de\/wp-json\/wp\/v2\/product_tag?post=2390"}],"curies":[{"name":"wp","href":"https:\/\/api.w.org\/{rel}","templated":true}]}}