{"id":2403,"date":"2020-02-18T08:27:56","date_gmt":"2020-02-18T08:27:56","guid":{"rendered":"https:\/\/decofoodshop.nl\/?post_type=product&#038;p=2403"},"modified":"2026-03-26T18:38:26","modified_gmt":"2026-03-26T17:38:26","slug":"gefalschte-rote-zwiebelschnur","status":"publish","type":"product","link":"https:\/\/decofoodshop.nl\/de\/product\/namaak-rode-uien-streng\/","title":{"rendered":"Gef\u00e4lschte rote Zwiebeln Streng"},"content":{"rendered":"<p>Dieser gef\u00e4lschte rote Zwiebelstrang enth\u00e4lt 12 Zwiebeln pro Strang.<\/p>\n<p>Sie sind mit einem sch\u00f6nen geflochtenen Seil zusammengebunden.<\/p>\n<p>Am Ende des geflochtenen Seils befindet sich eine \u00d6se zum einfachen Aufh\u00e4ngen des Produkts.<\/p>\n<p>Die k\u00fcnstlichen roten Zwiebeln sehen nat\u00fcrlich aus und f\u00fchlen sich rau an.<\/p>\n<p>Dieser gef\u00e4lschte Zwiebelstrang ist leicht.<\/p>\n<p>Sehen Sie sich auch unser Angebot an:<strong><span style=\"color: #008000;\"> <a style=\"color: #008000;\" href=\"https:\/\/decofoodshop.nl\/de\/produktkategorie-2\/kunstliches-gemuse\/\">\u201eK\u00fcnstliches Gem\u00fcse\u201c<\/a>.<\/span><\/strong><\/p>","protected":false},"excerpt":{"rendered":"<p>Deze namaak rode uien streng bevat 12 uien per streng. Ze zijn aan elkaar gebonden met een mooi gevlochten touw. Aan het uiteinde van het gevlochten touw zit een oog om het product makkelijk te kunnen ophangen. De kunst rode uien zien er natuurlijk uit en voelen ruw aan. Deze nep uien streng is licht [&hellip;]<\/p>\n","protected":false},"featured_media":2404,"template":"","meta":{"_acf_changed":false,"_genesis_hide_title":false,"_genesis_hide_breadcrumbs":false,"_genesis_hide_singular_image":false,"_genesis_hide_footer_widgets":false,"_genesis_custom_body_class":"","_genesis_custom_post_class":"","_genesis_layout":""},"product_brand":[],"product_cat":[48,51],"product_tag":[],"class_list":{"0":"post-2403","1":"product","2":"type-product","3":"status-publish","4":"has-post-thumbnail","6":"product_cat-kunstgroenten","7":"product_cat-overige","8":"entry","9":"wpx-has-gallery","11":"first","12":"instock","13":"taxable","14":"shipping-taxable","15":"purchasable","16":"product-type-simple"},"acf":[],"yoast_head":"<!-- This site is optimized with the Yoast SEO Premium plugin v27.3 (Yoast SEO v27.3) - https:\/\/yoast.com\/product\/yoast-seo-premium-wordpress\/ -->\n<title>Namaak Rode Uien Streng - Verkrijgbaar Bij Decofoodshop<\/title>\n<meta name=\"description\" content=\"Mooi en natuurlijke namaak rode uien streng. Deze uien streng is makkelijk op te hangen aan het gevlochten touw. Uiterst decoratief.\" \/>\n<meta name=\"robots\" content=\"index, follow, max-snippet:-1, max-image-preview:large, max-video-preview:-1\" \/>\n<link rel=\"canonical\" href=\"https:\/\/decofoodshop.nl\/de\/produkt\/gefalschte-rote-zwiebelschnur\/\" \/>\n<meta property=\"og:locale\" content=\"de_DE\" \/>\n<meta property=\"og:type\" content=\"article\" \/>\n<meta property=\"og:title\" content=\"Namaak Rode Uien Streng\" \/>\n<meta property=\"og:description\" content=\"Mooi en natuurlijke namaak rode uien streng. Deze uien streng is makkelijk op te hangen aan het gevlochten touw. Uiterst decoratief.\" \/>\n<meta property=\"og:url\" content=\"https:\/\/decofoodshop.nl\/de\/produkt\/gefalschte-rote-zwiebelschnur\/\" \/>\n<meta property=\"og:site_name\" content=\"Decofoodshop\" \/>\n<meta property=\"article:modified_time\" content=\"2026-03-26T17:38:26+00:00\" \/>\n<meta property=\"og:image\" content=\"https:\/\/decofoodshop.nl\/wp-content\/uploads\/2020\/02\/Namaak-Rode-Uien-Streng-45cm.jpg\" \/>\n\t<meta property=\"og:image:width\" content=\"1200\" \/>\n\t<meta property=\"og:image:height\" content=\"1202\" \/>\n\t<meta property=\"og:image:type\" content=\"image\/jpeg\" \/>\n<meta name=\"twitter:card\" content=\"summary_large_image\" \/>\n<meta name=\"twitter:label1\" content=\"Gesch\u00e4tzte Lesezeit\" \/>\n\t<meta name=\"twitter:data1\" content=\"1\u00a0Minute\" \/>\n<script type=\"application\/ld+json\" class=\"yoast-schema-graph\">{\"@context\":\"https:\\\/\\\/schema.org\",\"@graph\":[{\"@type\":\"WebPage\",\"@id\":\"https:\\\/\\\/decofoodshop.nl\\\/product\\\/namaak-rode-uien-streng\\\/\",\"url\":\"https:\\\/\\\/decofoodshop.nl\\\/product\\\/namaak-rode-uien-streng\\\/\",\"name\":\"Namaak Rode Uien Streng - Verkrijgbaar Bij Decofoodshop\",\"isPartOf\":{\"@id\":\"https:\\\/\\\/decofoodshop.nl\\\/#website\"},\"primaryImageOfPage\":{\"@id\":\"https:\\\/\\\/decofoodshop.nl\\\/product\\\/namaak-rode-uien-streng\\\/#primaryimage\"},\"image\":{\"@id\":\"https:\\\/\\\/decofoodshop.nl\\\/product\\\/namaak-rode-uien-streng\\\/#primaryimage\"},\"thumbnailUrl\":\"https:\\\/\\\/decofoodshop.nl\\\/wp-content\\\/uploads\\\/2020\\\/02\\\/Namaak-Rode-Uien-Streng-45cm.jpg\",\"datePublished\":\"2020-02-18T08:27:56+00:00\",\"dateModified\":\"2026-03-26T17:38:26+00:00\",\"description\":\"Mooi en natuurlijke namaak rode uien streng. Deze uien streng is makkelijk op te hangen aan het gevlochten touw. Uiterst decoratief.\",\"breadcrumb\":{\"@id\":\"https:\\\/\\\/decofoodshop.nl\\\/product\\\/namaak-rode-uien-streng\\\/#breadcrumb\"},\"inLanguage\":\"de\",\"potentialAction\":[{\"@type\":\"ReadAction\",\"target\":[\"https:\\\/\\\/decofoodshop.nl\\\/product\\\/namaak-rode-uien-streng\\\/\"]}]},{\"@type\":\"ImageObject\",\"inLanguage\":\"de\",\"@id\":\"https:\\\/\\\/decofoodshop.nl\\\/product\\\/namaak-rode-uien-streng\\\/#primaryimage\",\"url\":\"https:\\\/\\\/decofoodshop.nl\\\/wp-content\\\/uploads\\\/2020\\\/02\\\/Namaak-Rode-Uien-Streng-45cm.jpg\",\"contentUrl\":\"https:\\\/\\\/decofoodshop.nl\\\/wp-content\\\/uploads\\\/2020\\\/02\\\/Namaak-Rode-Uien-Streng-45cm.jpg\",\"width\":1200,\"height\":1202,\"caption\":\"Namaak Rode Uien Streng\"},{\"@type\":\"BreadcrumbList\",\"@id\":\"https:\\\/\\\/decofoodshop.nl\\\/product\\\/namaak-rode-uien-streng\\\/#breadcrumb\",\"itemListElement\":[{\"@type\":\"ListItem\",\"position\":1,\"name\":\"Home\",\"item\":\"https:\\\/\\\/decofoodshop.nl\\\/\"},{\"@type\":\"ListItem\",\"position\":2,\"name\":\"Winkel\",\"item\":\"https:\\\/\\\/decofoodshop.nl\\\/winkel\\\/\"},{\"@type\":\"ListItem\",\"position\":3,\"name\":\"Namaak Rode Uien Streng\"}]},{\"@type\":\"WebSite\",\"@id\":\"https:\\\/\\\/decofoodshop.nl\\\/#website\",\"url\":\"https:\\\/\\\/decofoodshop.nl\\\/\",\"name\":\"Decofoodshop\",\"description\":\"\",\"potentialAction\":[{\"@type\":\"SearchAction\",\"target\":{\"@type\":\"EntryPoint\",\"urlTemplate\":\"https:\\\/\\\/decofoodshop.nl\\\/?s={search_term_string}\"},\"query-input\":{\"@type\":\"PropertyValueSpecification\",\"valueRequired\":true,\"valueName\":\"search_term_string\"}}],\"inLanguage\":\"de\"}]}<\/script>\n<!-- \/ Yoast SEO Premium plugin. -->","yoast_head_json":{"title":"Gef\u00e4lschte Kn\u00e4uel mit roten Zwiebeln - Erh\u00e4ltlich bei Decofoodshop","description":"Sch\u00f6ner und nat\u00fcrlicher gef\u00e4lschter roter Zwiebelstrang. Dieser Zwiebelstrang l\u00e4sst sich einfach am geflochtenen Seil aufh\u00e4ngen. \u00c4u\u00dferst dekorativ.","robots":{"index":"index","follow":"follow","max-snippet":"max-snippet:-1","max-image-preview":"max-image-preview:large","max-video-preview":"max-video-preview:-1"},"canonical":"https:\/\/decofoodshop.nl\/de\/produkt\/gefalschte-rote-zwiebelschnur\/","og_locale":"de_DE","og_type":"article","og_title":"Namaak Rode Uien Streng","og_description":"Mooi en natuurlijke namaak rode uien streng. Deze uien streng is makkelijk op te hangen aan het gevlochten touw. Uiterst decoratief.","og_url":"https:\/\/decofoodshop.nl\/de\/produkt\/gefalschte-rote-zwiebelschnur\/","og_site_name":"Decofoodshop","article_modified_time":"2026-03-26T17:38:26+00:00","og_image":[{"width":1200,"height":1202,"url":"https:\/\/decofoodshop.nl\/wp-content\/uploads\/2020\/02\/Namaak-Rode-Uien-Streng-45cm.jpg","type":"image\/jpeg"}],"twitter_card":"summary_large_image","twitter_misc":{"Gesch\u00e4tzte Lesezeit":"1\u00a0Minute"},"schema":{"@context":"https:\/\/schema.org","@graph":[{"@type":"WebPage","@id":"https:\/\/decofoodshop.nl\/product\/namaak-rode-uien-streng\/","url":"https:\/\/decofoodshop.nl\/product\/namaak-rode-uien-streng\/","name":"Gef\u00e4lschte Kn\u00e4uel mit roten Zwiebeln - Erh\u00e4ltlich bei Decofoodshop","isPartOf":{"@id":"https:\/\/decofoodshop.nl\/#website"},"primaryImageOfPage":{"@id":"https:\/\/decofoodshop.nl\/product\/namaak-rode-uien-streng\/#primaryimage"},"image":{"@id":"https:\/\/decofoodshop.nl\/product\/namaak-rode-uien-streng\/#primaryimage"},"thumbnailUrl":"https:\/\/decofoodshop.nl\/wp-content\/uploads\/2020\/02\/Namaak-Rode-Uien-Streng-45cm.jpg","datePublished":"2020-02-18T08:27:56+00:00","dateModified":"2026-03-26T17:38:26+00:00","description":"Sch\u00f6ner und nat\u00fcrlicher gef\u00e4lschter roter Zwiebelstrang. Dieser Zwiebelstrang l\u00e4sst sich einfach am geflochtenen Seil aufh\u00e4ngen. \u00c4u\u00dferst dekorativ.","breadcrumb":{"@id":"https:\/\/decofoodshop.nl\/product\/namaak-rode-uien-streng\/#breadcrumb"},"inLanguage":"de","potentialAction":[{"@type":"ReadAction","target":["https:\/\/decofoodshop.nl\/product\/namaak-rode-uien-streng\/"]}]},{"@type":"ImageObject","inLanguage":"de","@id":"https:\/\/decofoodshop.nl\/product\/namaak-rode-uien-streng\/#primaryimage","url":"https:\/\/decofoodshop.nl\/wp-content\/uploads\/2020\/02\/Namaak-Rode-Uien-Streng-45cm.jpg","contentUrl":"https:\/\/decofoodshop.nl\/wp-content\/uploads\/2020\/02\/Namaak-Rode-Uien-Streng-45cm.jpg","width":1200,"height":1202,"caption":"Namaak Rode Uien Streng"},{"@type":"BreadcrumbList","@id":"https:\/\/decofoodshop.nl\/product\/namaak-rode-uien-streng\/#breadcrumb","itemListElement":[{"@type":"ListItem","position":1,"name":"Home","item":"https:\/\/decofoodshop.nl\/"},{"@type":"ListItem","position":2,"name":"Winkel","item":"https:\/\/decofoodshop.nl\/winkel\/"},{"@type":"ListItem","position":3,"name":"Namaak Rode Uien Streng"}]},{"@type":"WebSite","@id":"https:\/\/decofoodshop.nl\/#website","url":"https:\/\/decofoodshop.nl\/","name":"Dekofoodshop","description":"","potentialAction":[{"@type":"SearchAction","target":{"@type":"EntryPoint","urlTemplate":"https:\/\/decofoodshop.nl\/?s={search_term_string}"},"query-input":{"@type":"PropertyValueSpecification","valueRequired":true,"valueName":"search_term_string"}}],"inLanguage":"de"}]}},"_links":{"self":[{"href":"https:\/\/decofoodshop.nl\/de\/wp-json\/wp\/v2\/product\/2403","targetHints":{"allow":["GET"]}}],"collection":[{"href":"https:\/\/decofoodshop.nl\/de\/wp-json\/wp\/v2\/product"}],"about":[{"href":"https:\/\/decofoodshop.nl\/de\/wp-json\/wp\/v2\/types\/product"}],"wp:featuredmedia":[{"embeddable":true,"href":"https:\/\/decofoodshop.nl\/de\/wp-json\/wp\/v2\/media\/2404"}],"wp:attachment":[{"href":"https:\/\/decofoodshop.nl\/de\/wp-json\/wp\/v2\/media?parent=2403"}],"wp:term":[{"taxonomy":"product_brand","embeddable":true,"href":"https:\/\/decofoodshop.nl\/de\/wp-json\/wp\/v2\/product_brand?post=2403"},{"taxonomy":"product_cat","embeddable":true,"href":"https:\/\/decofoodshop.nl\/de\/wp-json\/wp\/v2\/product_cat?post=2403"},{"taxonomy":"product_tag","embeddable":true,"href":"https:\/\/decofoodshop.nl\/de\/wp-json\/wp\/v2\/product_tag?post=2403"}],"curies":[{"name":"wp","href":"https:\/\/api.w.org\/{rel}","templated":true}]}}