{"id":2407,"date":"2020-02-18T08:42:16","date_gmt":"2020-02-18T08:42:16","guid":{"rendered":"https:\/\/decofoodshop.nl\/?post_type=product&#038;p=2407"},"modified":"2026-03-29T12:29:36","modified_gmt":"2026-03-29T10:29:36","slug":"falscher-weiser-zwiebelstrang","status":"publish","type":"product","link":"https:\/\/decofoodshop.nl\/de\/product\/namaak-witte-uien-streng\/","title":{"rendered":"Gef\u00e4lschte wei\u00dfe Zwiebeln Streng"},"content":{"rendered":"<p>Wundersch\u00f6ner wei\u00dfer Zwiebelstrang mit echter Note.<\/p>\n<p>Pro Strang sind 10 Zwiebeln angebracht.<\/p>\n<p>Das geflochtene Seil f\u00fchlt sich rau an und hat eine Schlaufe zum Aufh\u00e4ngen der k\u00fcnstlichen Zwiebeln.<\/p>\n<p>Der k\u00fcnstliche wei\u00dfe Zwiebelstrang ist leicht und \u00e4u\u00dferst dekorativ.<\/p>\n<p>Suchen Sie auch nach gef\u00e4lschten Fr\u00fcchten? dann klick<strong><span style=\"color: #008000;\"> <a style=\"color: #008000;\" href=\"https:\/\/decofoodshop.nl\/de\/produktkategorie-2\/kunstliche-fruchte\/\">&#039;Hier&#039;<\/a> <\/span><\/strong>f\u00fcr Kunstobst.<\/p>","protected":false},"excerpt":{"rendered":"<p>Mooie namaak witte uien streng met een real touch. Er zijn 10 uien per streng bevestigd. Het gevlochten touw voelt ruw aan en is voorzien van een lus om de kunst uien streng aan op te hangen. De nep witte uien streng is licht van gewicht en uiterst decoratief. Zoekt u ook namaak fruit? Klik [&hellip;]<\/p>\n","protected":false},"featured_media":2408,"template":"","meta":{"_acf_changed":false,"_genesis_hide_title":false,"_genesis_hide_breadcrumbs":false,"_genesis_hide_singular_image":false,"_genesis_hide_footer_widgets":false,"_genesis_custom_body_class":"","_genesis_custom_post_class":"","_genesis_layout":""},"product_brand":[],"product_cat":[48,51],"product_tag":[],"class_list":{"0":"post-2407","1":"product","2":"type-product","3":"status-publish","4":"has-post-thumbnail","6":"product_cat-kunstgroenten","7":"product_cat-overige","8":"entry","9":"wpx-has-gallery","11":"first","12":"instock","13":"taxable","14":"shipping-taxable","15":"purchasable","16":"product-type-simple"},"acf":[],"yoast_head":"<!-- This site is optimized with the Yoast SEO Premium plugin v27.3 (Yoast SEO v27.3) - https:\/\/yoast.com\/product\/yoast-seo-premium-wordpress\/ -->\n<title>Namaak Witte Uien Streng - Verkrijgbaar Bij Decofoodshop<\/title>\n<meta name=\"description\" content=\"Deze prachitge, uiterst decoratieve namaak witte uien streng is \u00e9\u00e9n van de vele van hoge kwaliteit kunstgroenten die wij aanbieden op onze website.\" \/>\n<meta name=\"robots\" content=\"index, follow, max-snippet:-1, max-image-preview:large, max-video-preview:-1\" \/>\n<link rel=\"canonical\" href=\"https:\/\/decofoodshop.nl\/de\/produkt\/falscher-weiser-zwiebelstrang\/\" \/>\n<meta property=\"og:locale\" content=\"de_DE\" \/>\n<meta property=\"og:type\" content=\"article\" \/>\n<meta property=\"og:title\" content=\"Namaak Witte Uien Streng\" \/>\n<meta property=\"og:description\" content=\"Deze prachitge, uiterst decoratieve namaak witte uien streng is \u00e9\u00e9n van de vele van hoge kwaliteit kunstgroenten die wij aanbieden op onze website.\" \/>\n<meta property=\"og:url\" content=\"https:\/\/decofoodshop.nl\/de\/produkt\/falscher-weiser-zwiebelstrang\/\" \/>\n<meta property=\"og:site_name\" content=\"Decofoodshop\" \/>\n<meta property=\"article:modified_time\" content=\"2026-03-29T10:29:36+00:00\" \/>\n<meta property=\"og:image\" content=\"https:\/\/decofoodshop.nl\/wp-content\/uploads\/2020\/02\/Namaak-Witte-Uien-Streng-40cm-test-3-kopie.jpg\" \/>\n\t<meta property=\"og:image:width\" content=\"1061\" \/>\n\t<meta property=\"og:image:height\" content=\"1062\" \/>\n\t<meta property=\"og:image:type\" content=\"image\/jpeg\" \/>\n<meta name=\"twitter:card\" content=\"summary_large_image\" \/>\n<meta name=\"twitter:label1\" content=\"Gesch\u00e4tzte Lesezeit\" \/>\n\t<meta name=\"twitter:data1\" content=\"1\u00a0Minute\" \/>\n<script type=\"application\/ld+json\" class=\"yoast-schema-graph\">{\"@context\":\"https:\\\/\\\/schema.org\",\"@graph\":[{\"@type\":\"WebPage\",\"@id\":\"https:\\\/\\\/decofoodshop.nl\\\/product\\\/namaak-witte-uien-streng\\\/\",\"url\":\"https:\\\/\\\/decofoodshop.nl\\\/product\\\/namaak-witte-uien-streng\\\/\",\"name\":\"Namaak Witte Uien Streng - Verkrijgbaar Bij Decofoodshop\",\"isPartOf\":{\"@id\":\"https:\\\/\\\/decofoodshop.nl\\\/#website\"},\"primaryImageOfPage\":{\"@id\":\"https:\\\/\\\/decofoodshop.nl\\\/product\\\/namaak-witte-uien-streng\\\/#primaryimage\"},\"image\":{\"@id\":\"https:\\\/\\\/decofoodshop.nl\\\/product\\\/namaak-witte-uien-streng\\\/#primaryimage\"},\"thumbnailUrl\":\"https:\\\/\\\/decofoodshop.nl\\\/wp-content\\\/uploads\\\/2020\\\/02\\\/Namaak-Witte-Uien-Streng-40cm-test-3-kopie.jpg\",\"datePublished\":\"2020-02-18T08:42:16+00:00\",\"dateModified\":\"2026-03-29T10:29:36+00:00\",\"description\":\"Deze prachitge, uiterst decoratieve namaak witte uien streng is \u00e9\u00e9n van de vele van hoge kwaliteit kunstgroenten die wij aanbieden op onze website.\",\"breadcrumb\":{\"@id\":\"https:\\\/\\\/decofoodshop.nl\\\/product\\\/namaak-witte-uien-streng\\\/#breadcrumb\"},\"inLanguage\":\"de\",\"potentialAction\":[{\"@type\":\"ReadAction\",\"target\":[\"https:\\\/\\\/decofoodshop.nl\\\/product\\\/namaak-witte-uien-streng\\\/\"]}]},{\"@type\":\"ImageObject\",\"inLanguage\":\"de\",\"@id\":\"https:\\\/\\\/decofoodshop.nl\\\/product\\\/namaak-witte-uien-streng\\\/#primaryimage\",\"url\":\"https:\\\/\\\/decofoodshop.nl\\\/wp-content\\\/uploads\\\/2020\\\/02\\\/Namaak-Witte-Uien-Streng-40cm-test-3-kopie.jpg\",\"contentUrl\":\"https:\\\/\\\/decofoodshop.nl\\\/wp-content\\\/uploads\\\/2020\\\/02\\\/Namaak-Witte-Uien-Streng-40cm-test-3-kopie.jpg\",\"width\":1061,\"height\":1062,\"caption\":\"Namaak Witte Uien Streng\"},{\"@type\":\"BreadcrumbList\",\"@id\":\"https:\\\/\\\/decofoodshop.nl\\\/product\\\/namaak-witte-uien-streng\\\/#breadcrumb\",\"itemListElement\":[{\"@type\":\"ListItem\",\"position\":1,\"name\":\"Home\",\"item\":\"https:\\\/\\\/decofoodshop.nl\\\/\"},{\"@type\":\"ListItem\",\"position\":2,\"name\":\"Winkel\",\"item\":\"https:\\\/\\\/decofoodshop.nl\\\/winkel\\\/\"},{\"@type\":\"ListItem\",\"position\":3,\"name\":\"Namaak Witte Uien Streng\"}]},{\"@type\":\"WebSite\",\"@id\":\"https:\\\/\\\/decofoodshop.nl\\\/#website\",\"url\":\"https:\\\/\\\/decofoodshop.nl\\\/\",\"name\":\"Decofoodshop\",\"description\":\"\",\"potentialAction\":[{\"@type\":\"SearchAction\",\"target\":{\"@type\":\"EntryPoint\",\"urlTemplate\":\"https:\\\/\\\/decofoodshop.nl\\\/?s={search_term_string}\"},\"query-input\":{\"@type\":\"PropertyValueSpecification\",\"valueRequired\":true,\"valueName\":\"search_term_string\"}}],\"inLanguage\":\"de\"}]}<\/script>\n<!-- \/ Yoast SEO Premium plugin. -->","yoast_head_json":{"title":"Gef\u00e4lschte wei\u00dfe Zwiebelschnur - Erh\u00e4ltlich bei Decofoodshop","description":"Diese sch\u00f6ne, sehr dekorative k\u00fcnstliche wei\u00dfe Zwiebelschnur ist eines der vielen hochwertigen k\u00fcnstlichen Gem\u00fcsesorten, die wir auf unserer Website anbieten.","robots":{"index":"index","follow":"follow","max-snippet":"max-snippet:-1","max-image-preview":"max-image-preview:large","max-video-preview":"max-video-preview:-1"},"canonical":"https:\/\/decofoodshop.nl\/de\/produkt\/falscher-weiser-zwiebelstrang\/","og_locale":"de_DE","og_type":"article","og_title":"Namaak Witte Uien Streng","og_description":"Deze prachitge, uiterst decoratieve namaak witte uien streng is \u00e9\u00e9n van de vele van hoge kwaliteit kunstgroenten die wij aanbieden op onze website.","og_url":"https:\/\/decofoodshop.nl\/de\/produkt\/falscher-weiser-zwiebelstrang\/","og_site_name":"Decofoodshop","article_modified_time":"2026-03-29T10:29:36+00:00","og_image":[{"width":1061,"height":1062,"url":"https:\/\/decofoodshop.nl\/wp-content\/uploads\/2020\/02\/Namaak-Witte-Uien-Streng-40cm-test-3-kopie.jpg","type":"image\/jpeg"}],"twitter_card":"summary_large_image","twitter_misc":{"Gesch\u00e4tzte Lesezeit":"1\u00a0Minute"},"schema":{"@context":"https:\/\/schema.org","@graph":[{"@type":"WebPage","@id":"https:\/\/decofoodshop.nl\/product\/namaak-witte-uien-streng\/","url":"https:\/\/decofoodshop.nl\/product\/namaak-witte-uien-streng\/","name":"Gef\u00e4lschte wei\u00dfe Zwiebelschnur - Erh\u00e4ltlich bei Decofoodshop","isPartOf":{"@id":"https:\/\/decofoodshop.nl\/#website"},"primaryImageOfPage":{"@id":"https:\/\/decofoodshop.nl\/product\/namaak-witte-uien-streng\/#primaryimage"},"image":{"@id":"https:\/\/decofoodshop.nl\/product\/namaak-witte-uien-streng\/#primaryimage"},"thumbnailUrl":"https:\/\/decofoodshop.nl\/wp-content\/uploads\/2020\/02\/Namaak-Witte-Uien-Streng-40cm-test-3-kopie.jpg","datePublished":"2020-02-18T08:42:16+00:00","dateModified":"2026-03-29T10:29:36+00:00","description":"Diese sch\u00f6ne, sehr dekorative k\u00fcnstliche wei\u00dfe Zwiebelschnur ist eines der vielen hochwertigen k\u00fcnstlichen Gem\u00fcsesorten, die wir auf unserer Website anbieten.","breadcrumb":{"@id":"https:\/\/decofoodshop.nl\/product\/namaak-witte-uien-streng\/#breadcrumb"},"inLanguage":"de","potentialAction":[{"@type":"ReadAction","target":["https:\/\/decofoodshop.nl\/product\/namaak-witte-uien-streng\/"]}]},{"@type":"ImageObject","inLanguage":"de","@id":"https:\/\/decofoodshop.nl\/product\/namaak-witte-uien-streng\/#primaryimage","url":"https:\/\/decofoodshop.nl\/wp-content\/uploads\/2020\/02\/Namaak-Witte-Uien-Streng-40cm-test-3-kopie.jpg","contentUrl":"https:\/\/decofoodshop.nl\/wp-content\/uploads\/2020\/02\/Namaak-Witte-Uien-Streng-40cm-test-3-kopie.jpg","width":1061,"height":1062,"caption":"Namaak Witte Uien Streng"},{"@type":"BreadcrumbList","@id":"https:\/\/decofoodshop.nl\/product\/namaak-witte-uien-streng\/#breadcrumb","itemListElement":[{"@type":"ListItem","position":1,"name":"Home","item":"https:\/\/decofoodshop.nl\/"},{"@type":"ListItem","position":2,"name":"Winkel","item":"https:\/\/decofoodshop.nl\/winkel\/"},{"@type":"ListItem","position":3,"name":"Namaak Witte Uien Streng"}]},{"@type":"WebSite","@id":"https:\/\/decofoodshop.nl\/#website","url":"https:\/\/decofoodshop.nl\/","name":"Dekofoodshop","description":"","potentialAction":[{"@type":"SearchAction","target":{"@type":"EntryPoint","urlTemplate":"https:\/\/decofoodshop.nl\/?s={search_term_string}"},"query-input":{"@type":"PropertyValueSpecification","valueRequired":true,"valueName":"search_term_string"}}],"inLanguage":"de"}]}},"_links":{"self":[{"href":"https:\/\/decofoodshop.nl\/de\/wp-json\/wp\/v2\/product\/2407","targetHints":{"allow":["GET"]}}],"collection":[{"href":"https:\/\/decofoodshop.nl\/de\/wp-json\/wp\/v2\/product"}],"about":[{"href":"https:\/\/decofoodshop.nl\/de\/wp-json\/wp\/v2\/types\/product"}],"wp:featuredmedia":[{"embeddable":true,"href":"https:\/\/decofoodshop.nl\/de\/wp-json\/wp\/v2\/media\/2408"}],"wp:attachment":[{"href":"https:\/\/decofoodshop.nl\/de\/wp-json\/wp\/v2\/media?parent=2407"}],"wp:term":[{"taxonomy":"product_brand","embeddable":true,"href":"https:\/\/decofoodshop.nl\/de\/wp-json\/wp\/v2\/product_brand?post=2407"},{"taxonomy":"product_cat","embeddable":true,"href":"https:\/\/decofoodshop.nl\/de\/wp-json\/wp\/v2\/product_cat?post=2407"},{"taxonomy":"product_tag","embeddable":true,"href":"https:\/\/decofoodshop.nl\/de\/wp-json\/wp\/v2\/product_tag?post=2407"}],"curies":[{"name":"wp","href":"https:\/\/api.w.org\/{rel}","templated":true}]}}