{"id":2415,"date":"2020-02-18T09:47:54","date_gmt":"2020-02-18T09:47:54","guid":{"rendered":"https:\/\/decofoodshop.nl\/?post_type=product&#038;p=2415"},"modified":"2026-03-20T12:08:16","modified_gmt":"2026-03-20T11:08:16","slug":"fake-pilz-set","status":"publish","type":"product","link":"https:\/\/decofoodshop.nl\/de\/product\/namaak-zwammen-set\/","title":{"rendered":"Set gef\u00e4lschter Pilze"},"content":{"rendered":"<p>Sch\u00f6nes k\u00fcnstliches Pilzset mit 3 k\u00fcnstlichen Pilzen pro Set.<\/p>\n<p>Dieses Produkt besteht aus Schaumstoff und ist daher auch komprimierbar.<\/p>\n<p>Die falschen Pilze haben auch einen realistischen Boden.<\/p>\n<p>Sie sind nicht zerbrechlich und haben eine nat\u00fcrliche Farbe und sind daher \u00e4u\u00dferst dekorativ.<\/p>\n<p>Sie k\u00f6nnen sich auch unser Angebot an gef\u00e4lschten Fischen ansehen unter:<span style=\"color: #008000;\"> <a style=\"color: #008000;\" href=\"https:\/\/decofoodshop.nl\/de\/produktkategorie-2\/visenvlees\/\">&#8216;<strong>Vis&amp;Vlees&#8217;<\/strong><\/a><\/span>.<\/p>\n<p>&nbsp;<\/p>","protected":false},"excerpt":{"rendered":"<p>Mooi namaak zwammen set met 3 kunst zwammen per set. Dit product is gemaakt van een foam en hierdoor ook indrukbaar. De nep zwammen hebben ook een realistische onderkant. Ze zijn niet breekbaar en hebben een natuurlijke kleur en zijn hierdoor uiterst decoratief. U kunt ook even kijken bij ons aanbod aan namaak vissen bij: [&hellip;]<\/p>\n","protected":false},"featured_media":2505,"template":"","meta":{"_acf_changed":false,"_genesis_hide_title":false,"_genesis_hide_breadcrumbs":false,"_genesis_hide_singular_image":false,"_genesis_hide_footer_widgets":false,"_genesis_custom_body_class":"","_genesis_custom_post_class":"","_genesis_layout":""},"product_brand":[],"product_cat":[51],"product_tag":[],"class_list":{"0":"post-2415","1":"product","2":"type-product","3":"status-publish","4":"has-post-thumbnail","6":"product_cat-overige","7":"entry","8":"wpx-has-gallery","10":"first","11":"instock","12":"taxable","13":"shipping-taxable","14":"purchasable","15":"product-type-simple"},"acf":[],"yoast_head":"<!-- This site is optimized with the Yoast SEO Premium plugin v27.3 (Yoast SEO v27.3) - https:\/\/yoast.com\/product\/yoast-seo-premium-wordpress\/ -->\n<title>Namaak Zwammen Set - Verkrijgbaar Bij Decofoodshop<\/title>\n<meta name=\"description\" content=\"Mooie namaak zwammen set met 3 per set. Erg gedetailleerd en niet breekbaar. Wij bieden ook namaak paddestoelen en allerlei soorten vis.\" \/>\n<meta name=\"robots\" content=\"index, follow, max-snippet:-1, max-image-preview:large, max-video-preview:-1\" \/>\n<link rel=\"canonical\" href=\"https:\/\/decofoodshop.nl\/de\/produkt\/fake-pilz-set\/\" \/>\n<meta property=\"og:locale\" content=\"de_DE\" \/>\n<meta property=\"og:type\" content=\"article\" \/>\n<meta property=\"og:title\" content=\"Namaak Zwammen Set\" \/>\n<meta property=\"og:description\" content=\"Mooie namaak zwammen set met 3 per set. Erg gedetailleerd en niet breekbaar. Wij bieden ook namaak paddestoelen en allerlei soorten vis.\" \/>\n<meta property=\"og:url\" content=\"https:\/\/decofoodshop.nl\/de\/produkt\/fake-pilz-set\/\" \/>\n<meta property=\"og:site_name\" content=\"Decofoodshop\" \/>\n<meta property=\"article:modified_time\" content=\"2026-03-20T11:08:16+00:00\" \/>\n<meta property=\"og:image\" content=\"https:\/\/decofoodshop.nl\/wp-content\/uploads\/2020\/02\/Namaak-Zwammen-Set-11cm-1.jpg\" \/>\n\t<meta property=\"og:image:width\" content=\"908\" \/>\n\t<meta property=\"og:image:height\" content=\"908\" \/>\n\t<meta property=\"og:image:type\" content=\"image\/jpeg\" \/>\n<meta name=\"twitter:card\" content=\"summary_large_image\" \/>\n<meta name=\"twitter:label1\" content=\"Gesch\u00e4tzte Lesezeit\" \/>\n\t<meta name=\"twitter:data1\" content=\"1\u00a0Minute\" \/>\n<script type=\"application\/ld+json\" class=\"yoast-schema-graph\">{\"@context\":\"https:\\\/\\\/schema.org\",\"@graph\":[{\"@type\":\"WebPage\",\"@id\":\"https:\\\/\\\/decofoodshop.nl\\\/product\\\/namaak-zwammen-set\\\/\",\"url\":\"https:\\\/\\\/decofoodshop.nl\\\/product\\\/namaak-zwammen-set\\\/\",\"name\":\"Namaak Zwammen Set - Verkrijgbaar Bij Decofoodshop\",\"isPartOf\":{\"@id\":\"https:\\\/\\\/decofoodshop.nl\\\/#website\"},\"primaryImageOfPage\":{\"@id\":\"https:\\\/\\\/decofoodshop.nl\\\/product\\\/namaak-zwammen-set\\\/#primaryimage\"},\"image\":{\"@id\":\"https:\\\/\\\/decofoodshop.nl\\\/product\\\/namaak-zwammen-set\\\/#primaryimage\"},\"thumbnailUrl\":\"https:\\\/\\\/decofoodshop.nl\\\/wp-content\\\/uploads\\\/2020\\\/02\\\/Namaak-Zwammen-Set-11cm-1.jpg\",\"datePublished\":\"2020-02-18T09:47:54+00:00\",\"dateModified\":\"2026-03-20T11:08:16+00:00\",\"description\":\"Mooie namaak zwammen set met 3 per set. Erg gedetailleerd en niet breekbaar. Wij bieden ook namaak paddestoelen en allerlei soorten vis.\",\"breadcrumb\":{\"@id\":\"https:\\\/\\\/decofoodshop.nl\\\/product\\\/namaak-zwammen-set\\\/#breadcrumb\"},\"inLanguage\":\"de\",\"potentialAction\":[{\"@type\":\"ReadAction\",\"target\":[\"https:\\\/\\\/decofoodshop.nl\\\/product\\\/namaak-zwammen-set\\\/\"]}]},{\"@type\":\"ImageObject\",\"inLanguage\":\"de\",\"@id\":\"https:\\\/\\\/decofoodshop.nl\\\/product\\\/namaak-zwammen-set\\\/#primaryimage\",\"url\":\"https:\\\/\\\/decofoodshop.nl\\\/wp-content\\\/uploads\\\/2020\\\/02\\\/Namaak-Zwammen-Set-11cm-1.jpg\",\"contentUrl\":\"https:\\\/\\\/decofoodshop.nl\\\/wp-content\\\/uploads\\\/2020\\\/02\\\/Namaak-Zwammen-Set-11cm-1.jpg\",\"width\":908,\"height\":908,\"caption\":\"Namaak Zwammen Set\"},{\"@type\":\"BreadcrumbList\",\"@id\":\"https:\\\/\\\/decofoodshop.nl\\\/product\\\/namaak-zwammen-set\\\/#breadcrumb\",\"itemListElement\":[{\"@type\":\"ListItem\",\"position\":1,\"name\":\"Home\",\"item\":\"https:\\\/\\\/decofoodshop.nl\\\/\"},{\"@type\":\"ListItem\",\"position\":2,\"name\":\"Winkel\",\"item\":\"https:\\\/\\\/decofoodshop.nl\\\/winkel\\\/\"},{\"@type\":\"ListItem\",\"position\":3,\"name\":\"Namaak Zwammen Set\"}]},{\"@type\":\"WebSite\",\"@id\":\"https:\\\/\\\/decofoodshop.nl\\\/#website\",\"url\":\"https:\\\/\\\/decofoodshop.nl\\\/\",\"name\":\"Decofoodshop\",\"description\":\"\",\"potentialAction\":[{\"@type\":\"SearchAction\",\"target\":{\"@type\":\"EntryPoint\",\"urlTemplate\":\"https:\\\/\\\/decofoodshop.nl\\\/?s={search_term_string}\"},\"query-input\":{\"@type\":\"PropertyValueSpecification\",\"valueRequired\":true,\"valueName\":\"search_term_string\"}}],\"inLanguage\":\"de\"}]}<\/script>\n<!-- \/ Yoast SEO Premium plugin. -->","yoast_head_json":{"title":"Fake Fungi Set - Erh\u00e4ltlich bei Decofoodshop","description":"Sch\u00f6nes falsches Pilzset mit 3 St\u00fcck pro Set. Sehr detailliert und nicht zerbrechlich. Wir bieten auch gef\u00e4lschte Pilze und alle Arten von Fisch an.","robots":{"index":"index","follow":"follow","max-snippet":"max-snippet:-1","max-image-preview":"max-image-preview:large","max-video-preview":"max-video-preview:-1"},"canonical":"https:\/\/decofoodshop.nl\/de\/produkt\/fake-pilz-set\/","og_locale":"de_DE","og_type":"article","og_title":"Namaak Zwammen Set","og_description":"Mooie namaak zwammen set met 3 per set. Erg gedetailleerd en niet breekbaar. Wij bieden ook namaak paddestoelen en allerlei soorten vis.","og_url":"https:\/\/decofoodshop.nl\/de\/produkt\/fake-pilz-set\/","og_site_name":"Decofoodshop","article_modified_time":"2026-03-20T11:08:16+00:00","og_image":[{"width":908,"height":908,"url":"https:\/\/decofoodshop.nl\/wp-content\/uploads\/2020\/02\/Namaak-Zwammen-Set-11cm-1.jpg","type":"image\/jpeg"}],"twitter_card":"summary_large_image","twitter_misc":{"Gesch\u00e4tzte Lesezeit":"1\u00a0Minute"},"schema":{"@context":"https:\/\/schema.org","@graph":[{"@type":"WebPage","@id":"https:\/\/decofoodshop.nl\/product\/namaak-zwammen-set\/","url":"https:\/\/decofoodshop.nl\/product\/namaak-zwammen-set\/","name":"Fake Fungi Set - Erh\u00e4ltlich bei Decofoodshop","isPartOf":{"@id":"https:\/\/decofoodshop.nl\/#website"},"primaryImageOfPage":{"@id":"https:\/\/decofoodshop.nl\/product\/namaak-zwammen-set\/#primaryimage"},"image":{"@id":"https:\/\/decofoodshop.nl\/product\/namaak-zwammen-set\/#primaryimage"},"thumbnailUrl":"https:\/\/decofoodshop.nl\/wp-content\/uploads\/2020\/02\/Namaak-Zwammen-Set-11cm-1.jpg","datePublished":"2020-02-18T09:47:54+00:00","dateModified":"2026-03-20T11:08:16+00:00","description":"Sch\u00f6nes falsches Pilzset mit 3 St\u00fcck pro Set. Sehr detailliert und nicht zerbrechlich. Wir bieten auch gef\u00e4lschte Pilze und alle Arten von Fisch an.","breadcrumb":{"@id":"https:\/\/decofoodshop.nl\/product\/namaak-zwammen-set\/#breadcrumb"},"inLanguage":"de","potentialAction":[{"@type":"ReadAction","target":["https:\/\/decofoodshop.nl\/product\/namaak-zwammen-set\/"]}]},{"@type":"ImageObject","inLanguage":"de","@id":"https:\/\/decofoodshop.nl\/product\/namaak-zwammen-set\/#primaryimage","url":"https:\/\/decofoodshop.nl\/wp-content\/uploads\/2020\/02\/Namaak-Zwammen-Set-11cm-1.jpg","contentUrl":"https:\/\/decofoodshop.nl\/wp-content\/uploads\/2020\/02\/Namaak-Zwammen-Set-11cm-1.jpg","width":908,"height":908,"caption":"Namaak Zwammen Set"},{"@type":"BreadcrumbList","@id":"https:\/\/decofoodshop.nl\/product\/namaak-zwammen-set\/#breadcrumb","itemListElement":[{"@type":"ListItem","position":1,"name":"Home","item":"https:\/\/decofoodshop.nl\/"},{"@type":"ListItem","position":2,"name":"Winkel","item":"https:\/\/decofoodshop.nl\/winkel\/"},{"@type":"ListItem","position":3,"name":"Namaak Zwammen Set"}]},{"@type":"WebSite","@id":"https:\/\/decofoodshop.nl\/#website","url":"https:\/\/decofoodshop.nl\/","name":"Dekofoodshop","description":"","potentialAction":[{"@type":"SearchAction","target":{"@type":"EntryPoint","urlTemplate":"https:\/\/decofoodshop.nl\/?s={search_term_string}"},"query-input":{"@type":"PropertyValueSpecification","valueRequired":true,"valueName":"search_term_string"}}],"inLanguage":"de"}]}},"_links":{"self":[{"href":"https:\/\/decofoodshop.nl\/de\/wp-json\/wp\/v2\/product\/2415","targetHints":{"allow":["GET"]}}],"collection":[{"href":"https:\/\/decofoodshop.nl\/de\/wp-json\/wp\/v2\/product"}],"about":[{"href":"https:\/\/decofoodshop.nl\/de\/wp-json\/wp\/v2\/types\/product"}],"wp:featuredmedia":[{"embeddable":true,"href":"https:\/\/decofoodshop.nl\/de\/wp-json\/wp\/v2\/media\/2505"}],"wp:attachment":[{"href":"https:\/\/decofoodshop.nl\/de\/wp-json\/wp\/v2\/media?parent=2415"}],"wp:term":[{"taxonomy":"product_brand","embeddable":true,"href":"https:\/\/decofoodshop.nl\/de\/wp-json\/wp\/v2\/product_brand?post=2415"},{"taxonomy":"product_cat","embeddable":true,"href":"https:\/\/decofoodshop.nl\/de\/wp-json\/wp\/v2\/product_cat?post=2415"},{"taxonomy":"product_tag","embeddable":true,"href":"https:\/\/decofoodshop.nl\/de\/wp-json\/wp\/v2\/product_tag?post=2415"}],"curies":[{"name":"wp","href":"https:\/\/api.w.org\/{rel}","templated":true}]}}