{"id":2428,"date":"2020-02-18T10:19:52","date_gmt":"2020-02-18T10:19:52","guid":{"rendered":"https:\/\/decofoodshop.nl\/?post_type=product&#038;p=2428"},"modified":"2026-03-20T12:06:26","modified_gmt":"2026-03-20T11:06:26","slug":"grunes-gefalschtes-pilzset","status":"publish","type":"product","link":"https:\/\/decofoodshop.nl\/de\/product\/groene-namaak-paddestoel-set\/","title":{"rendered":"Gr\u00fcnes gef\u00e4lschtes Pilz-Set"},"content":{"rendered":"<p>Dieses realistische Set aus gr\u00fcnen falschen Pilzen ist \u00e4u\u00dferst dekorativ.<\/p>\n<p>Sein Hut ist gr\u00fcn und hat schwarze Punkte.<\/p>\n<p>Pro Set sind 3 verschiedene Gr\u00f6\u00dfen von Kunstpilzen zusammen.<\/p>\n<p>Und die gef\u00e4lschten Pilze sind auch zusammengeklebt.<\/p>\n<p>Die falschen Pilze bestehen aus Schaumstoff und k\u00f6nnen daher gepresst werden.<\/p>\n<p>Die Unterseite des Hutes ist mit Rippen f\u00fcr einen nat\u00fcrlichen Look versehen.<\/p>\n<p>Sie k\u00f6nnen auch einen Blick darauf werfen<strong><span style=\"color: #008000;\"> <a style=\"color: #008000;\" href=\"https:\/\/decofoodshop.nl\/de\/produktkategorie-2\/andere\/\">&#039;Andere&#039;<\/a> <\/span><\/strong>f\u00fcr alle Arten von gef\u00e4lschten Lebensmitteln.<\/p>","protected":false},"excerpt":{"rendered":"<p>Deze realistische groene namaak paddenstoel set is uiterst decoratief. Zijn hoedje is groen en heeft zwarte puntjes. Per set zijn er 3 verschillende maten kunst paddenstoelen bij elkaar. En ook zijn de namaak paddenstoelen aan elkaar vast geplakt. De nep paddenstoelen zijn gemaakt van foam en hierdoor indrukbaar. De onderkant van het hoedje is gedetailleerd [&hellip;]<\/p>\n","protected":false},"featured_media":2429,"template":"","meta":{"_acf_changed":false,"_genesis_hide_title":false,"_genesis_hide_breadcrumbs":false,"_genesis_hide_singular_image":false,"_genesis_hide_footer_widgets":false,"_genesis_custom_body_class":"","_genesis_custom_post_class":"","_genesis_layout":""},"product_brand":[],"product_cat":[51],"product_tag":[],"class_list":{"0":"post-2428","1":"product","2":"type-product","3":"status-publish","4":"has-post-thumbnail","6":"product_cat-overige","7":"entry","8":"wpx-has-gallery","10":"first","11":"instock","12":"taxable","13":"shipping-taxable","14":"purchasable","15":"product-type-simple"},"acf":[],"yoast_head":"<!-- This site is optimized with the Yoast SEO Premium plugin v27.3 (Yoast SEO v27.3) - https:\/\/yoast.com\/product\/yoast-seo-premium-wordpress\/ -->\n<title>Groene Namaak Paddestoel Set - Verkrijgbaar Bij Decofoodshop<\/title>\n<meta name=\"description\" content=\"Mooie groene namaak paddestoel set met 3 mooie paddestoelen per set. natuurlijke groene kleur en niet breekbaar! Hierdoor uiterst decoratief.\" \/>\n<meta name=\"robots\" content=\"index, follow, max-snippet:-1, max-image-preview:large, max-video-preview:-1\" \/>\n<link rel=\"canonical\" href=\"https:\/\/decofoodshop.nl\/de\/produkt\/grunes-gefalschtes-pilzset\/\" \/>\n<meta property=\"og:locale\" content=\"de_DE\" \/>\n<meta property=\"og:type\" content=\"article\" \/>\n<meta property=\"og:title\" content=\"Groene Namaak Paddestoel Set\" \/>\n<meta property=\"og:description\" content=\"Mooie groene namaak paddestoel set met 3 mooie paddestoelen per set. natuurlijke groene kleur en niet breekbaar! Hierdoor uiterst decoratief.\" \/>\n<meta property=\"og:url\" content=\"https:\/\/decofoodshop.nl\/de\/produkt\/grunes-gefalschtes-pilzset\/\" \/>\n<meta property=\"og:site_name\" content=\"Decofoodshop\" \/>\n<meta property=\"article:modified_time\" content=\"2026-03-20T11:06:26+00:00\" \/>\n<meta property=\"og:image\" content=\"https:\/\/decofoodshop.nl\/wp-content\/uploads\/2020\/02\/Groene-Namaak-Paddenstoel-Set-15cm.jpg\" \/>\n\t<meta property=\"og:image:width\" content=\"1320\" \/>\n\t<meta property=\"og:image:height\" content=\"1320\" \/>\n\t<meta property=\"og:image:type\" content=\"image\/jpeg\" \/>\n<meta name=\"twitter:card\" content=\"summary_large_image\" \/>\n<meta name=\"twitter:label1\" content=\"Gesch\u00e4tzte Lesezeit\" \/>\n\t<meta name=\"twitter:data1\" content=\"1\u00a0Minute\" \/>\n<script type=\"application\/ld+json\" class=\"yoast-schema-graph\">{\"@context\":\"https:\\\/\\\/schema.org\",\"@graph\":[{\"@type\":\"WebPage\",\"@id\":\"https:\\\/\\\/decofoodshop.nl\\\/product\\\/groene-namaak-paddestoel-set\\\/\",\"url\":\"https:\\\/\\\/decofoodshop.nl\\\/product\\\/groene-namaak-paddestoel-set\\\/\",\"name\":\"Groene Namaak Paddestoel Set - Verkrijgbaar Bij Decofoodshop\",\"isPartOf\":{\"@id\":\"https:\\\/\\\/decofoodshop.nl\\\/#website\"},\"primaryImageOfPage\":{\"@id\":\"https:\\\/\\\/decofoodshop.nl\\\/product\\\/groene-namaak-paddestoel-set\\\/#primaryimage\"},\"image\":{\"@id\":\"https:\\\/\\\/decofoodshop.nl\\\/product\\\/groene-namaak-paddestoel-set\\\/#primaryimage\"},\"thumbnailUrl\":\"https:\\\/\\\/decofoodshop.nl\\\/wp-content\\\/uploads\\\/2020\\\/02\\\/Groene-Namaak-Paddenstoel-Set-15cm.jpg\",\"datePublished\":\"2020-02-18T10:19:52+00:00\",\"dateModified\":\"2026-03-20T11:06:26+00:00\",\"description\":\"Mooie groene namaak paddestoel set met 3 mooie paddestoelen per set. natuurlijke groene kleur en niet breekbaar! Hierdoor uiterst decoratief.\",\"breadcrumb\":{\"@id\":\"https:\\\/\\\/decofoodshop.nl\\\/product\\\/groene-namaak-paddestoel-set\\\/#breadcrumb\"},\"inLanguage\":\"de\",\"potentialAction\":[{\"@type\":\"ReadAction\",\"target\":[\"https:\\\/\\\/decofoodshop.nl\\\/product\\\/groene-namaak-paddestoel-set\\\/\"]}]},{\"@type\":\"ImageObject\",\"inLanguage\":\"de\",\"@id\":\"https:\\\/\\\/decofoodshop.nl\\\/product\\\/groene-namaak-paddestoel-set\\\/#primaryimage\",\"url\":\"https:\\\/\\\/decofoodshop.nl\\\/wp-content\\\/uploads\\\/2020\\\/02\\\/Groene-Namaak-Paddenstoel-Set-15cm.jpg\",\"contentUrl\":\"https:\\\/\\\/decofoodshop.nl\\\/wp-content\\\/uploads\\\/2020\\\/02\\\/Groene-Namaak-Paddenstoel-Set-15cm.jpg\",\"width\":1320,\"height\":1320,\"caption\":\"Groene Namaak Paddestoel Set\"},{\"@type\":\"BreadcrumbList\",\"@id\":\"https:\\\/\\\/decofoodshop.nl\\\/product\\\/groene-namaak-paddestoel-set\\\/#breadcrumb\",\"itemListElement\":[{\"@type\":\"ListItem\",\"position\":1,\"name\":\"Home\",\"item\":\"https:\\\/\\\/decofoodshop.nl\\\/\"},{\"@type\":\"ListItem\",\"position\":2,\"name\":\"Winkel\",\"item\":\"https:\\\/\\\/decofoodshop.nl\\\/winkel\\\/\"},{\"@type\":\"ListItem\",\"position\":3,\"name\":\"Groene Namaak Paddestoel Set\"}]},{\"@type\":\"WebSite\",\"@id\":\"https:\\\/\\\/decofoodshop.nl\\\/#website\",\"url\":\"https:\\\/\\\/decofoodshop.nl\\\/\",\"name\":\"Decofoodshop\",\"description\":\"\",\"potentialAction\":[{\"@type\":\"SearchAction\",\"target\":{\"@type\":\"EntryPoint\",\"urlTemplate\":\"https:\\\/\\\/decofoodshop.nl\\\/?s={search_term_string}\"},\"query-input\":{\"@type\":\"PropertyValueSpecification\",\"valueRequired\":true,\"valueName\":\"search_term_string\"}}],\"inLanguage\":\"de\"}]}<\/script>\n<!-- \/ Yoast SEO Premium plugin. -->","yoast_head_json":{"title":"Gr\u00fcnes falsches Pilzset - Erh\u00e4ltlich bei Decofoodshop","description":"Sch\u00f6nes gr\u00fcnes k\u00fcnstliches Pilzset mit 3 sch\u00f6nen Pilzen pro Set. nat\u00fcrliche gr\u00fcne Farbe und nicht zerbrechlich! Dadurch ist es \u00e4u\u00dferst dekorativ.","robots":{"index":"index","follow":"follow","max-snippet":"max-snippet:-1","max-image-preview":"max-image-preview:large","max-video-preview":"max-video-preview:-1"},"canonical":"https:\/\/decofoodshop.nl\/de\/produkt\/grunes-gefalschtes-pilzset\/","og_locale":"de_DE","og_type":"article","og_title":"Groene Namaak Paddestoel Set","og_description":"Mooie groene namaak paddestoel set met 3 mooie paddestoelen per set. natuurlijke groene kleur en niet breekbaar! Hierdoor uiterst decoratief.","og_url":"https:\/\/decofoodshop.nl\/de\/produkt\/grunes-gefalschtes-pilzset\/","og_site_name":"Decofoodshop","article_modified_time":"2026-03-20T11:06:26+00:00","og_image":[{"width":1320,"height":1320,"url":"https:\/\/decofoodshop.nl\/wp-content\/uploads\/2020\/02\/Groene-Namaak-Paddenstoel-Set-15cm.jpg","type":"image\/jpeg"}],"twitter_card":"summary_large_image","twitter_misc":{"Gesch\u00e4tzte Lesezeit":"1\u00a0Minute"},"schema":{"@context":"https:\/\/schema.org","@graph":[{"@type":"WebPage","@id":"https:\/\/decofoodshop.nl\/product\/groene-namaak-paddestoel-set\/","url":"https:\/\/decofoodshop.nl\/product\/groene-namaak-paddestoel-set\/","name":"Gr\u00fcnes falsches Pilzset - Erh\u00e4ltlich bei Decofoodshop","isPartOf":{"@id":"https:\/\/decofoodshop.nl\/#website"},"primaryImageOfPage":{"@id":"https:\/\/decofoodshop.nl\/product\/groene-namaak-paddestoel-set\/#primaryimage"},"image":{"@id":"https:\/\/decofoodshop.nl\/product\/groene-namaak-paddestoel-set\/#primaryimage"},"thumbnailUrl":"https:\/\/decofoodshop.nl\/wp-content\/uploads\/2020\/02\/Groene-Namaak-Paddenstoel-Set-15cm.jpg","datePublished":"2020-02-18T10:19:52+00:00","dateModified":"2026-03-20T11:06:26+00:00","description":"Sch\u00f6nes gr\u00fcnes k\u00fcnstliches Pilzset mit 3 sch\u00f6nen Pilzen pro Set. nat\u00fcrliche gr\u00fcne Farbe und nicht zerbrechlich! Dadurch ist es \u00e4u\u00dferst dekorativ.","breadcrumb":{"@id":"https:\/\/decofoodshop.nl\/product\/groene-namaak-paddestoel-set\/#breadcrumb"},"inLanguage":"de","potentialAction":[{"@type":"ReadAction","target":["https:\/\/decofoodshop.nl\/product\/groene-namaak-paddestoel-set\/"]}]},{"@type":"ImageObject","inLanguage":"de","@id":"https:\/\/decofoodshop.nl\/product\/groene-namaak-paddestoel-set\/#primaryimage","url":"https:\/\/decofoodshop.nl\/wp-content\/uploads\/2020\/02\/Groene-Namaak-Paddenstoel-Set-15cm.jpg","contentUrl":"https:\/\/decofoodshop.nl\/wp-content\/uploads\/2020\/02\/Groene-Namaak-Paddenstoel-Set-15cm.jpg","width":1320,"height":1320,"caption":"Groene Namaak Paddestoel Set"},{"@type":"BreadcrumbList","@id":"https:\/\/decofoodshop.nl\/product\/groene-namaak-paddestoel-set\/#breadcrumb","itemListElement":[{"@type":"ListItem","position":1,"name":"Home","item":"https:\/\/decofoodshop.nl\/"},{"@type":"ListItem","position":2,"name":"Winkel","item":"https:\/\/decofoodshop.nl\/winkel\/"},{"@type":"ListItem","position":3,"name":"Groene Namaak Paddestoel Set"}]},{"@type":"WebSite","@id":"https:\/\/decofoodshop.nl\/#website","url":"https:\/\/decofoodshop.nl\/","name":"Dekofoodshop","description":"","potentialAction":[{"@type":"SearchAction","target":{"@type":"EntryPoint","urlTemplate":"https:\/\/decofoodshop.nl\/?s={search_term_string}"},"query-input":{"@type":"PropertyValueSpecification","valueRequired":true,"valueName":"search_term_string"}}],"inLanguage":"de"}]}},"_links":{"self":[{"href":"https:\/\/decofoodshop.nl\/de\/wp-json\/wp\/v2\/product\/2428","targetHints":{"allow":["GET"]}}],"collection":[{"href":"https:\/\/decofoodshop.nl\/de\/wp-json\/wp\/v2\/product"}],"about":[{"href":"https:\/\/decofoodshop.nl\/de\/wp-json\/wp\/v2\/types\/product"}],"wp:featuredmedia":[{"embeddable":true,"href":"https:\/\/decofoodshop.nl\/de\/wp-json\/wp\/v2\/media\/2429"}],"wp:attachment":[{"href":"https:\/\/decofoodshop.nl\/de\/wp-json\/wp\/v2\/media?parent=2428"}],"wp:term":[{"taxonomy":"product_brand","embeddable":true,"href":"https:\/\/decofoodshop.nl\/de\/wp-json\/wp\/v2\/product_brand?post=2428"},{"taxonomy":"product_cat","embeddable":true,"href":"https:\/\/decofoodshop.nl\/de\/wp-json\/wp\/v2\/product_cat?post=2428"},{"taxonomy":"product_tag","embeddable":true,"href":"https:\/\/decofoodshop.nl\/de\/wp-json\/wp\/v2\/product_tag?post=2428"}],"curies":[{"name":"wp","href":"https:\/\/api.w.org\/{rel}","templated":true}]}}