{"id":2435,"date":"2020-02-19T09:13:25","date_gmt":"2020-02-19T09:13:25","guid":{"rendered":"https:\/\/decofoodshop.nl\/?post_type=product&#038;p=2435"},"modified":"2026-03-20T12:09:13","modified_gmt":"2026-03-20T11:09:13","slug":"braunes-pilz-imitat-set","status":"publish","type":"product","link":"https:\/\/decofoodshop.nl\/de\/product\/bruine-namaak-paddestoel-set\/","title":{"rendered":"Brauner gef\u00e4lschter Pilz-Satz"},"content":{"rendered":"<p>Sch\u00f6nes braunes falsches Pilzset.<\/p>\n<p>Ein Set besteht aus 3 braunen Kunstpilzen, die aneinander befestigt sind.<\/p>\n<p>Die Farbe des braunen k\u00fcnstlichen Pilzes ist f\u00fcr ein noch realistischeres Aussehen gesprenkelt.<\/p>\n<p>Diese Pilze sind auch komprimierbar und nicht zerbrechlich.<\/p>\n<p>Die Unterseite des Hutes ist realistisch imitiert und sorgt f\u00fcr ein sch\u00f6nes Gesamtprodukt.<\/p>\n<p>Sie k\u00f6nnen sich auch unser Angebot ansehen<strong><span style=\"color: #008000;\"> <a style=\"color: #008000;\" href=\"https:\/\/decofoodshop.nl\/de\/produktkategorie-2\/kunstliches-gemuse\/\">\u201eK\u00fcnstliches Gem\u00fcse\u201c<\/a>.<\/span><\/strong><\/p>","protected":false},"excerpt":{"rendered":"<p>Prachtige bruine namaak paddenstoel set. Een set bestaat uit 3 bruine kunst paddenstoelen die aan elkaar vast zitten. De kleur van de bruine nep paddenstoel is voorzien van spikkels voor een nog realistischer uiterlijk. Ook zijn deze paddenstoelen indrukbaar en niet breekbaar. De onderkant van het hoedje is realistisch nagemaakt en dit zorgt voor een [&hellip;]<\/p>\n","protected":false},"featured_media":2436,"template":"","meta":{"_acf_changed":false,"_genesis_hide_title":false,"_genesis_hide_breadcrumbs":false,"_genesis_hide_singular_image":false,"_genesis_hide_footer_widgets":false,"_genesis_custom_body_class":"","_genesis_custom_post_class":"","_genesis_layout":""},"product_brand":[],"product_cat":[51],"product_tag":[],"class_list":{"0":"post-2435","1":"product","2":"type-product","3":"status-publish","4":"has-post-thumbnail","6":"product_cat-overige","7":"entry","8":"wpx-has-gallery","10":"first","11":"instock","12":"taxable","13":"shipping-taxable","14":"purchasable","15":"product-type-simple"},"acf":[],"yoast_head":"<!-- This site is optimized with the Yoast SEO Premium plugin v27.3 (Yoast SEO v27.4) - https:\/\/yoast.com\/product\/yoast-seo-premium-wordpress\/ -->\n<title>Bruine Namaak Paddestoel Set - Verkrijgbaar Bij Decofoodshop<\/title>\n<meta name=\"description\" content=\"Mooie bruine namaak paddenstoel set met 3 paddestoelen per set. Hij heeft een bruine natuurlijke kleur en is niet breekbaar. Ook verkrijgbaar in het groen.\" \/>\n<meta name=\"robots\" content=\"index, follow, max-snippet:-1, max-image-preview:large, max-video-preview:-1\" \/>\n<link rel=\"canonical\" href=\"https:\/\/decofoodshop.nl\/de\/produkt\/braunes-pilz-imitat-set\/\" \/>\n<meta property=\"og:locale\" content=\"de_DE\" \/>\n<meta property=\"og:type\" content=\"article\" \/>\n<meta property=\"og:title\" content=\"Bruine Namaak Paddestoel Set\" \/>\n<meta property=\"og:description\" content=\"Mooie bruine namaak paddenstoel set met 3 paddestoelen per set. Hij heeft een bruine natuurlijke kleur en is niet breekbaar. Ook verkrijgbaar in het groen.\" \/>\n<meta property=\"og:url\" content=\"https:\/\/decofoodshop.nl\/de\/produkt\/braunes-pilz-imitat-set\/\" \/>\n<meta property=\"og:site_name\" content=\"Decofoodshop\" \/>\n<meta property=\"article:modified_time\" content=\"2026-03-20T11:09:13+00:00\" \/>\n<meta property=\"og:image\" content=\"https:\/\/decofoodshop.nl\/wp-content\/uploads\/2020\/02\/Bruine-Namaak-Paddenstoel-Set-15cm-voor.jpg\" \/>\n\t<meta property=\"og:image:width\" content=\"1648\" \/>\n\t<meta property=\"og:image:height\" content=\"1648\" \/>\n\t<meta property=\"og:image:type\" content=\"image\/jpeg\" \/>\n<meta name=\"twitter:card\" content=\"summary_large_image\" \/>\n<meta name=\"twitter:label1\" content=\"Gesch\u00e4tzte Lesezeit\" \/>\n\t<meta name=\"twitter:data1\" content=\"1\u00a0Minute\" \/>\n<script type=\"application\/ld+json\" class=\"yoast-schema-graph\">{\"@context\":\"https:\\\/\\\/schema.org\",\"@graph\":[{\"@type\":\"WebPage\",\"@id\":\"https:\\\/\\\/decofoodshop.nl\\\/product\\\/bruine-namaak-paddestoel-set\\\/\",\"url\":\"https:\\\/\\\/decofoodshop.nl\\\/product\\\/bruine-namaak-paddestoel-set\\\/\",\"name\":\"Bruine Namaak Paddestoel Set - Verkrijgbaar Bij Decofoodshop\",\"isPartOf\":{\"@id\":\"https:\\\/\\\/decofoodshop.nl\\\/#website\"},\"primaryImageOfPage\":{\"@id\":\"https:\\\/\\\/decofoodshop.nl\\\/product\\\/bruine-namaak-paddestoel-set\\\/#primaryimage\"},\"image\":{\"@id\":\"https:\\\/\\\/decofoodshop.nl\\\/product\\\/bruine-namaak-paddestoel-set\\\/#primaryimage\"},\"thumbnailUrl\":\"https:\\\/\\\/decofoodshop.nl\\\/wp-content\\\/uploads\\\/2020\\\/02\\\/Bruine-Namaak-Paddenstoel-Set-15cm-voor.jpg\",\"datePublished\":\"2020-02-19T09:13:25+00:00\",\"dateModified\":\"2026-03-20T11:09:13+00:00\",\"description\":\"Mooie bruine namaak paddenstoel set met 3 paddestoelen per set. Hij heeft een bruine natuurlijke kleur en is niet breekbaar. Ook verkrijgbaar in het groen.\",\"breadcrumb\":{\"@id\":\"https:\\\/\\\/decofoodshop.nl\\\/product\\\/bruine-namaak-paddestoel-set\\\/#breadcrumb\"},\"inLanguage\":\"de\",\"potentialAction\":[{\"@type\":\"ReadAction\",\"target\":[\"https:\\\/\\\/decofoodshop.nl\\\/product\\\/bruine-namaak-paddestoel-set\\\/\"]}]},{\"@type\":\"ImageObject\",\"inLanguage\":\"de\",\"@id\":\"https:\\\/\\\/decofoodshop.nl\\\/product\\\/bruine-namaak-paddestoel-set\\\/#primaryimage\",\"url\":\"https:\\\/\\\/decofoodshop.nl\\\/wp-content\\\/uploads\\\/2020\\\/02\\\/Bruine-Namaak-Paddenstoel-Set-15cm-voor.jpg\",\"contentUrl\":\"https:\\\/\\\/decofoodshop.nl\\\/wp-content\\\/uploads\\\/2020\\\/02\\\/Bruine-Namaak-Paddenstoel-Set-15cm-voor.jpg\",\"width\":1648,\"height\":1648,\"caption\":\"Bruine Namaak Paddestoel Set\"},{\"@type\":\"BreadcrumbList\",\"@id\":\"https:\\\/\\\/decofoodshop.nl\\\/product\\\/bruine-namaak-paddestoel-set\\\/#breadcrumb\",\"itemListElement\":[{\"@type\":\"ListItem\",\"position\":1,\"name\":\"Home\",\"item\":\"https:\\\/\\\/decofoodshop.nl\\\/\"},{\"@type\":\"ListItem\",\"position\":2,\"name\":\"Winkel\",\"item\":\"https:\\\/\\\/decofoodshop.nl\\\/winkel\\\/\"},{\"@type\":\"ListItem\",\"position\":3,\"name\":\"Bruine Namaak Paddestoel Set\"}]},{\"@type\":\"WebSite\",\"@id\":\"https:\\\/\\\/decofoodshop.nl\\\/#website\",\"url\":\"https:\\\/\\\/decofoodshop.nl\\\/\",\"name\":\"Decofoodshop\",\"description\":\"\",\"potentialAction\":[{\"@type\":\"SearchAction\",\"target\":{\"@type\":\"EntryPoint\",\"urlTemplate\":\"https:\\\/\\\/decofoodshop.nl\\\/?s={search_term_string}\"},\"query-input\":{\"@type\":\"PropertyValueSpecification\",\"valueRequired\":true,\"valueName\":\"search_term_string\"}}],\"inLanguage\":\"de\"}]}<\/script>\n<!-- \/ Yoast SEO Premium plugin. -->","yoast_head_json":{"title":"Braunes k\u00fcnstliches Pilzset - Erh\u00e4ltlich bei Decofoodshop","description":"Sch\u00f6nes braunes falsches Pilzset mit 3 Pilzen pro Set. Es hat eine braune Naturfarbe und ist nicht zerbrechlich. Auch in gr\u00fcn erh\u00e4ltlich.","robots":{"index":"index","follow":"follow","max-snippet":"max-snippet:-1","max-image-preview":"max-image-preview:large","max-video-preview":"max-video-preview:-1"},"canonical":"https:\/\/decofoodshop.nl\/de\/produkt\/braunes-pilz-imitat-set\/","og_locale":"de_DE","og_type":"article","og_title":"Bruine Namaak Paddestoel Set","og_description":"Mooie bruine namaak paddenstoel set met 3 paddestoelen per set. Hij heeft een bruine natuurlijke kleur en is niet breekbaar. Ook verkrijgbaar in het groen.","og_url":"https:\/\/decofoodshop.nl\/de\/produkt\/braunes-pilz-imitat-set\/","og_site_name":"Decofoodshop","article_modified_time":"2026-03-20T11:09:13+00:00","og_image":[{"width":1648,"height":1648,"url":"https:\/\/decofoodshop.nl\/wp-content\/uploads\/2020\/02\/Bruine-Namaak-Paddenstoel-Set-15cm-voor.jpg","type":"image\/jpeg"}],"twitter_card":"summary_large_image","twitter_misc":{"Gesch\u00e4tzte Lesezeit":"1\u00a0Minute"},"schema":{"@context":"https:\/\/schema.org","@graph":[{"@type":"WebPage","@id":"https:\/\/decofoodshop.nl\/product\/bruine-namaak-paddestoel-set\/","url":"https:\/\/decofoodshop.nl\/product\/bruine-namaak-paddestoel-set\/","name":"Braunes k\u00fcnstliches Pilzset - Erh\u00e4ltlich bei Decofoodshop","isPartOf":{"@id":"https:\/\/decofoodshop.nl\/#website"},"primaryImageOfPage":{"@id":"https:\/\/decofoodshop.nl\/product\/bruine-namaak-paddestoel-set\/#primaryimage"},"image":{"@id":"https:\/\/decofoodshop.nl\/product\/bruine-namaak-paddestoel-set\/#primaryimage"},"thumbnailUrl":"https:\/\/decofoodshop.nl\/wp-content\/uploads\/2020\/02\/Bruine-Namaak-Paddenstoel-Set-15cm-voor.jpg","datePublished":"2020-02-19T09:13:25+00:00","dateModified":"2026-03-20T11:09:13+00:00","description":"Sch\u00f6nes braunes falsches Pilzset mit 3 Pilzen pro Set. Es hat eine braune Naturfarbe und ist nicht zerbrechlich. Auch in gr\u00fcn erh\u00e4ltlich.","breadcrumb":{"@id":"https:\/\/decofoodshop.nl\/product\/bruine-namaak-paddestoel-set\/#breadcrumb"},"inLanguage":"de","potentialAction":[{"@type":"ReadAction","target":["https:\/\/decofoodshop.nl\/product\/bruine-namaak-paddestoel-set\/"]}]},{"@type":"ImageObject","inLanguage":"de","@id":"https:\/\/decofoodshop.nl\/product\/bruine-namaak-paddestoel-set\/#primaryimage","url":"https:\/\/decofoodshop.nl\/wp-content\/uploads\/2020\/02\/Bruine-Namaak-Paddenstoel-Set-15cm-voor.jpg","contentUrl":"https:\/\/decofoodshop.nl\/wp-content\/uploads\/2020\/02\/Bruine-Namaak-Paddenstoel-Set-15cm-voor.jpg","width":1648,"height":1648,"caption":"Bruine Namaak Paddestoel Set"},{"@type":"BreadcrumbList","@id":"https:\/\/decofoodshop.nl\/product\/bruine-namaak-paddestoel-set\/#breadcrumb","itemListElement":[{"@type":"ListItem","position":1,"name":"Home","item":"https:\/\/decofoodshop.nl\/"},{"@type":"ListItem","position":2,"name":"Winkel","item":"https:\/\/decofoodshop.nl\/winkel\/"},{"@type":"ListItem","position":3,"name":"Bruine Namaak Paddestoel Set"}]},{"@type":"WebSite","@id":"https:\/\/decofoodshop.nl\/#website","url":"https:\/\/decofoodshop.nl\/","name":"Dekofoodshop","description":"","potentialAction":[{"@type":"SearchAction","target":{"@type":"EntryPoint","urlTemplate":"https:\/\/decofoodshop.nl\/?s={search_term_string}"},"query-input":{"@type":"PropertyValueSpecification","valueRequired":true,"valueName":"search_term_string"}}],"inLanguage":"de"}]}},"_links":{"self":[{"href":"https:\/\/decofoodshop.nl\/de\/wp-json\/wp\/v2\/product\/2435","targetHints":{"allow":["GET"]}}],"collection":[{"href":"https:\/\/decofoodshop.nl\/de\/wp-json\/wp\/v2\/product"}],"about":[{"href":"https:\/\/decofoodshop.nl\/de\/wp-json\/wp\/v2\/types\/product"}],"wp:featuredmedia":[{"embeddable":true,"href":"https:\/\/decofoodshop.nl\/de\/wp-json\/wp\/v2\/media\/2436"}],"wp:attachment":[{"href":"https:\/\/decofoodshop.nl\/de\/wp-json\/wp\/v2\/media?parent=2435"}],"wp:term":[{"taxonomy":"product_brand","embeddable":true,"href":"https:\/\/decofoodshop.nl\/de\/wp-json\/wp\/v2\/product_brand?post=2435"},{"taxonomy":"product_cat","embeddable":true,"href":"https:\/\/decofoodshop.nl\/de\/wp-json\/wp\/v2\/product_cat?post=2435"},{"taxonomy":"product_tag","embeddable":true,"href":"https:\/\/decofoodshop.nl\/de\/wp-json\/wp\/v2\/product_tag?post=2435"}],"curies":[{"name":"wp","href":"https:\/\/api.w.org\/{rel}","templated":true}]}}