{"id":2450,"date":"2020-02-19T09:38:09","date_gmt":"2020-02-19T09:38:09","guid":{"rendered":"https:\/\/decofoodshop.nl\/?post_type=product&#038;p=2450"},"modified":"2026-02-28T15:10:37","modified_gmt":"2026-02-28T14:10:37","slug":"orange-gefalschter-dekorativer-kurbis","status":"publish","type":"product","link":"https:\/\/decofoodshop.nl\/de\/product\/oranje-namaak-sier-kalebas\/","title":{"rendered":"Orangefarbener gef\u00e4lschter Zierk\u00fcrbis"},"content":{"rendered":"<p>Dieser sch\u00f6ne orangefarbene k\u00fcnstliche Zierk\u00fcrbis sieht genauso aus wie ein echter K\u00fcrbis.<\/p>\n<p>Aufgrund seiner sch\u00f6nen Form eignet sich dieser Zierk\u00fcrbis sehr gut f\u00fcr die unterschiedlichsten Zwecke.<\/p>\n<p>Seine Farbe ist ebenfalls orange mit verschiedenen Braun- und Gelbt\u00f6nen f\u00fcr ein nat\u00fcrliches Aussehen.<\/p>\n<p>Der k\u00fcnstliche K\u00fcrbis hat einen Stiel und einen realistischen Boden.<\/p>\n<p>Kurz gesagt, ein \u00e4u\u00dferst dekoratives Produkt.<\/p>\n<p>Unser Angebot an verschiedenen gef\u00e4lschten Artikeln finden Sie unter:<span style=\"color: #008000;\"> <a style=\"color: #008000;\" href=\"https:\/\/decofoodshop.nl\/de\/produktkategorie-2\/andere\/\">&#8216;<strong>Andere<\/strong>&#8216;<\/a>.<\/span><\/p>","protected":false},"excerpt":{"rendered":"<p>Deze prachtige oranje namaak sier kalebas ziet er hetzelfde uit als een echte kalebas. Door zijn mooie vorm is deze sier kalebas heel geschikt voor allerlei verschillende doeleinden. Ook zijn kleur is oranje met diverse kleuren bruin en geel voor een natuurlijk uiterlijk. De kunst kalebas is voorzien van een steeltje en realistische onderkant. Kortom [&hellip;]<\/p>\n","protected":false},"featured_media":2587,"template":"","meta":{"_acf_changed":false,"_genesis_hide_title":false,"_genesis_hide_breadcrumbs":false,"_genesis_hide_singular_image":false,"_genesis_hide_footer_widgets":false,"_genesis_custom_body_class":"","_genesis_custom_post_class":"","_genesis_layout":""},"product_brand":[],"product_cat":[48,51],"product_tag":[],"class_list":{"0":"post-2450","1":"product","2":"type-product","3":"status-publish","4":"has-post-thumbnail","6":"product_cat-kunstgroenten","7":"product_cat-overige","8":"entry","9":"wpx-has-gallery","11":"first","12":"instock","13":"taxable","14":"shipping-taxable","15":"purchasable","16":"product-type-simple"},"acf":[],"yoast_head":"<!-- This site is optimized with the Yoast SEO Premium plugin v27.3 (Yoast SEO v27.3) - https:\/\/yoast.com\/product\/yoast-seo-premium-wordpress\/ -->\n<title>Oranje Namaak Sier Kalebas - Verkrijgbaar Bij Decofoodshop<\/title>\n<meta name=\"description\" content=\"Levensechte oranje namaak sier kalebas. Zijn vorm en kleur zijn net als in de natuur en hierdoor is dit product uiterst geschikt als decotatie.\" \/>\n<meta name=\"robots\" content=\"index, follow, max-snippet:-1, max-image-preview:large, max-video-preview:-1\" \/>\n<link rel=\"canonical\" href=\"https:\/\/decofoodshop.nl\/de\/produkt\/orange-gefalschter-dekorativer-kurbis\/\" \/>\n<meta property=\"og:locale\" content=\"de_DE\" \/>\n<meta property=\"og:type\" content=\"article\" \/>\n<meta property=\"og:title\" content=\"Oranje Namaak Sier Kalebas\" \/>\n<meta property=\"og:description\" content=\"Levensechte oranje namaak sier kalebas. Zijn vorm en kleur zijn net als in de natuur en hierdoor is dit product uiterst geschikt als decotatie.\" \/>\n<meta property=\"og:url\" content=\"https:\/\/decofoodshop.nl\/de\/produkt\/orange-gefalschter-dekorativer-kurbis\/\" \/>\n<meta property=\"og:site_name\" content=\"Decofoodshop\" \/>\n<meta property=\"article:modified_time\" content=\"2026-02-28T14:10:37+00:00\" \/>\n<meta property=\"og:image\" content=\"https:\/\/decofoodshop.nl\/wp-content\/uploads\/2020\/02\/Oranje-Namaak-Sier-Kalebas.jpg\" \/>\n\t<meta property=\"og:image:width\" content=\"1200\" \/>\n\t<meta property=\"og:image:height\" content=\"1200\" \/>\n\t<meta property=\"og:image:type\" content=\"image\/jpeg\" \/>\n<meta name=\"twitter:card\" content=\"summary_large_image\" \/>\n<meta name=\"twitter:label1\" content=\"Gesch\u00e4tzte Lesezeit\" \/>\n\t<meta name=\"twitter:data1\" content=\"1\u00a0Minute\" \/>\n<script type=\"application\/ld+json\" class=\"yoast-schema-graph\">{\"@context\":\"https:\\\/\\\/schema.org\",\"@graph\":[{\"@type\":\"WebPage\",\"@id\":\"https:\\\/\\\/decofoodshop.nl\\\/product\\\/oranje-namaak-sier-kalebas\\\/\",\"url\":\"https:\\\/\\\/decofoodshop.nl\\\/product\\\/oranje-namaak-sier-kalebas\\\/\",\"name\":\"Oranje Namaak Sier Kalebas - Verkrijgbaar Bij Decofoodshop\",\"isPartOf\":{\"@id\":\"https:\\\/\\\/decofoodshop.nl\\\/#website\"},\"primaryImageOfPage\":{\"@id\":\"https:\\\/\\\/decofoodshop.nl\\\/product\\\/oranje-namaak-sier-kalebas\\\/#primaryimage\"},\"image\":{\"@id\":\"https:\\\/\\\/decofoodshop.nl\\\/product\\\/oranje-namaak-sier-kalebas\\\/#primaryimage\"},\"thumbnailUrl\":\"https:\\\/\\\/decofoodshop.nl\\\/wp-content\\\/uploads\\\/2020\\\/02\\\/Oranje-Namaak-Sier-Kalebas.jpg\",\"datePublished\":\"2020-02-19T09:38:09+00:00\",\"dateModified\":\"2026-02-28T14:10:37+00:00\",\"description\":\"Levensechte oranje namaak sier kalebas. Zijn vorm en kleur zijn net als in de natuur en hierdoor is dit product uiterst geschikt als decotatie.\",\"breadcrumb\":{\"@id\":\"https:\\\/\\\/decofoodshop.nl\\\/product\\\/oranje-namaak-sier-kalebas\\\/#breadcrumb\"},\"inLanguage\":\"de\",\"potentialAction\":[{\"@type\":\"ReadAction\",\"target\":[\"https:\\\/\\\/decofoodshop.nl\\\/product\\\/oranje-namaak-sier-kalebas\\\/\"]}]},{\"@type\":\"ImageObject\",\"inLanguage\":\"de\",\"@id\":\"https:\\\/\\\/decofoodshop.nl\\\/product\\\/oranje-namaak-sier-kalebas\\\/#primaryimage\",\"url\":\"https:\\\/\\\/decofoodshop.nl\\\/wp-content\\\/uploads\\\/2020\\\/02\\\/Oranje-Namaak-Sier-Kalebas.jpg\",\"contentUrl\":\"https:\\\/\\\/decofoodshop.nl\\\/wp-content\\\/uploads\\\/2020\\\/02\\\/Oranje-Namaak-Sier-Kalebas.jpg\",\"width\":1200,\"height\":1200,\"caption\":\"Oranje Namaak Sier Kalebas\"},{\"@type\":\"BreadcrumbList\",\"@id\":\"https:\\\/\\\/decofoodshop.nl\\\/product\\\/oranje-namaak-sier-kalebas\\\/#breadcrumb\",\"itemListElement\":[{\"@type\":\"ListItem\",\"position\":1,\"name\":\"Home\",\"item\":\"https:\\\/\\\/decofoodshop.nl\\\/\"},{\"@type\":\"ListItem\",\"position\":2,\"name\":\"Winkel\",\"item\":\"https:\\\/\\\/decofoodshop.nl\\\/winkel\\\/\"},{\"@type\":\"ListItem\",\"position\":3,\"name\":\"Oranje Namaak Sier Kalebas\"}]},{\"@type\":\"WebSite\",\"@id\":\"https:\\\/\\\/decofoodshop.nl\\\/#website\",\"url\":\"https:\\\/\\\/decofoodshop.nl\\\/\",\"name\":\"Decofoodshop\",\"description\":\"\",\"potentialAction\":[{\"@type\":\"SearchAction\",\"target\":{\"@type\":\"EntryPoint\",\"urlTemplate\":\"https:\\\/\\\/decofoodshop.nl\\\/?s={search_term_string}\"},\"query-input\":{\"@type\":\"PropertyValueSpecification\",\"valueRequired\":true,\"valueName\":\"search_term_string\"}}],\"inLanguage\":\"de\"}]}<\/script>\n<!-- \/ Yoast SEO Premium plugin. -->","yoast_head_json":{"title":"Orangefarbener Zierk\u00fcrbis - Erh\u00e4ltlich bei Decofoodshop","description":"Lebensechter orangefarbener Zierk\u00fcrbis. Seine Form und Farbe sind der Natur nachempfunden, wodurch sich dieses Produkt hervorragend als Dekoration eignet.","robots":{"index":"index","follow":"follow","max-snippet":"max-snippet:-1","max-image-preview":"max-image-preview:large","max-video-preview":"max-video-preview:-1"},"canonical":"https:\/\/decofoodshop.nl\/de\/produkt\/orange-gefalschter-dekorativer-kurbis\/","og_locale":"de_DE","og_type":"article","og_title":"Oranje Namaak Sier Kalebas","og_description":"Levensechte oranje namaak sier kalebas. Zijn vorm en kleur zijn net als in de natuur en hierdoor is dit product uiterst geschikt als decotatie.","og_url":"https:\/\/decofoodshop.nl\/de\/produkt\/orange-gefalschter-dekorativer-kurbis\/","og_site_name":"Decofoodshop","article_modified_time":"2026-02-28T14:10:37+00:00","og_image":[{"width":1200,"height":1200,"url":"https:\/\/decofoodshop.nl\/wp-content\/uploads\/2020\/02\/Oranje-Namaak-Sier-Kalebas.jpg","type":"image\/jpeg"}],"twitter_card":"summary_large_image","twitter_misc":{"Gesch\u00e4tzte Lesezeit":"1\u00a0Minute"},"schema":{"@context":"https:\/\/schema.org","@graph":[{"@type":"WebPage","@id":"https:\/\/decofoodshop.nl\/product\/oranje-namaak-sier-kalebas\/","url":"https:\/\/decofoodshop.nl\/product\/oranje-namaak-sier-kalebas\/","name":"Orangefarbener Zierk\u00fcrbis - Erh\u00e4ltlich bei Decofoodshop","isPartOf":{"@id":"https:\/\/decofoodshop.nl\/#website"},"primaryImageOfPage":{"@id":"https:\/\/decofoodshop.nl\/product\/oranje-namaak-sier-kalebas\/#primaryimage"},"image":{"@id":"https:\/\/decofoodshop.nl\/product\/oranje-namaak-sier-kalebas\/#primaryimage"},"thumbnailUrl":"https:\/\/decofoodshop.nl\/wp-content\/uploads\/2020\/02\/Oranje-Namaak-Sier-Kalebas.jpg","datePublished":"2020-02-19T09:38:09+00:00","dateModified":"2026-02-28T14:10:37+00:00","description":"Lebensechter orangefarbener Zierk\u00fcrbis. Seine Form und Farbe sind der Natur nachempfunden, wodurch sich dieses Produkt hervorragend als Dekoration eignet.","breadcrumb":{"@id":"https:\/\/decofoodshop.nl\/product\/oranje-namaak-sier-kalebas\/#breadcrumb"},"inLanguage":"de","potentialAction":[{"@type":"ReadAction","target":["https:\/\/decofoodshop.nl\/product\/oranje-namaak-sier-kalebas\/"]}]},{"@type":"ImageObject","inLanguage":"de","@id":"https:\/\/decofoodshop.nl\/product\/oranje-namaak-sier-kalebas\/#primaryimage","url":"https:\/\/decofoodshop.nl\/wp-content\/uploads\/2020\/02\/Oranje-Namaak-Sier-Kalebas.jpg","contentUrl":"https:\/\/decofoodshop.nl\/wp-content\/uploads\/2020\/02\/Oranje-Namaak-Sier-Kalebas.jpg","width":1200,"height":1200,"caption":"Oranje Namaak Sier Kalebas"},{"@type":"BreadcrumbList","@id":"https:\/\/decofoodshop.nl\/product\/oranje-namaak-sier-kalebas\/#breadcrumb","itemListElement":[{"@type":"ListItem","position":1,"name":"Home","item":"https:\/\/decofoodshop.nl\/"},{"@type":"ListItem","position":2,"name":"Winkel","item":"https:\/\/decofoodshop.nl\/winkel\/"},{"@type":"ListItem","position":3,"name":"Oranje Namaak Sier Kalebas"}]},{"@type":"WebSite","@id":"https:\/\/decofoodshop.nl\/#website","url":"https:\/\/decofoodshop.nl\/","name":"Dekofoodshop","description":"","potentialAction":[{"@type":"SearchAction","target":{"@type":"EntryPoint","urlTemplate":"https:\/\/decofoodshop.nl\/?s={search_term_string}"},"query-input":{"@type":"PropertyValueSpecification","valueRequired":true,"valueName":"search_term_string"}}],"inLanguage":"de"}]}},"_links":{"self":[{"href":"https:\/\/decofoodshop.nl\/de\/wp-json\/wp\/v2\/product\/2450","targetHints":{"allow":["GET"]}}],"collection":[{"href":"https:\/\/decofoodshop.nl\/de\/wp-json\/wp\/v2\/product"}],"about":[{"href":"https:\/\/decofoodshop.nl\/de\/wp-json\/wp\/v2\/types\/product"}],"wp:featuredmedia":[{"embeddable":true,"href":"https:\/\/decofoodshop.nl\/de\/wp-json\/wp\/v2\/media\/2587"}],"wp:attachment":[{"href":"https:\/\/decofoodshop.nl\/de\/wp-json\/wp\/v2\/media?parent=2450"}],"wp:term":[{"taxonomy":"product_brand","embeddable":true,"href":"https:\/\/decofoodshop.nl\/de\/wp-json\/wp\/v2\/product_brand?post=2450"},{"taxonomy":"product_cat","embeddable":true,"href":"https:\/\/decofoodshop.nl\/de\/wp-json\/wp\/v2\/product_cat?post=2450"},{"taxonomy":"product_tag","embeddable":true,"href":"https:\/\/decofoodshop.nl\/de\/wp-json\/wp\/v2\/product_tag?post=2450"}],"curies":[{"name":"wp","href":"https:\/\/api.w.org\/{rel}","templated":true}]}}