{"id":2471,"date":"2020-02-19T10:25:39","date_gmt":"2020-02-19T10:25:39","guid":{"rendered":"https:\/\/decofoodshop.nl\/?post_type=product&#038;p=2471"},"modified":"2026-03-03T10:04:27","modified_gmt":"2026-03-03T09:04:27","slug":"imitierter-roggenstiel","status":"publish","type":"product","link":"https:\/\/decofoodshop.nl\/de\/product\/namaak-rogge-halm\/","title":{"rendered":"Gef\u00e4lschter Roggenhalm"},"content":{"rendered":"<p>Robuste und schwere falsche Roggenhalme.<\/p>\n<p>Sein Stiel ist dunkelgr\u00fcn und verwandelt sich in hellgr\u00fcne, d\u00fcnne und lange Bl\u00e4tter.<\/p>\n<p>Der Zierroggenhalm selbst hat eine gelbe Farbe.<\/p>\n<p>Seine Form ist genau wie das Original und dieses Produkt kann f\u00fcr viele verschiedene Zwecke verwendet werden.<\/p>\n<p>Die k\u00fcnstlichen Roggenhalme sind nicht zerbrechlich und leicht einzuf\u00fchren.<\/p>\n<p>Dieses Produkt ist auch Dinkelst\u00e4ngeln und Haferst\u00e4ngeln sehr \u00e4hnlich.<\/p>\n<p>Klicken Sie hier f\u00fcr unser Sortiment an gef\u00e4lschtem Brot und Geb\u00e4ck <strong><span style=\"color: #008000;\"><a style=\"color: #008000;\" href=\"https:\/\/decofoodshop.nl\/de\/produktkategorie-2\/brotkuchen\/\">&#039;Hier&#039;<\/a>.<\/span><\/strong><\/p>","protected":false},"excerpt":{"rendered":"<p>Stevige en zware namaak rogge halmen. Zijn steel is donker groen en loopt over naar lichter groene dunne en lange blaadjes. De sier rogge halm zelf is geel van kleur. Zijn vorm is net echt en hierdoor is dit product voor veel verschillende doeleinden te gebruiken. De kunst rogge halmen zijn niet breekbaar en makkelijk [&hellip;]<\/p>\n","protected":false},"featured_media":2472,"template":"","meta":{"_acf_changed":false,"_genesis_hide_title":false,"_genesis_hide_breadcrumbs":false,"_genesis_hide_singular_image":false,"_genesis_hide_footer_widgets":false,"_genesis_custom_body_class":"","_genesis_custom_post_class":"","_genesis_layout":""},"product_brand":[],"product_cat":[46,51],"product_tag":[],"class_list":{"0":"post-2471","1":"product","2":"type-product","3":"status-publish","4":"has-post-thumbnail","6":"product_cat-broodengebak","7":"product_cat-overige","8":"entry","9":"wpx-has-gallery","11":"first","12":"instock","13":"taxable","14":"shipping-taxable","15":"purchasable","16":"product-type-simple"},"acf":[],"yoast_head":"<!-- This site is optimized with the Yoast SEO Premium plugin v27.5 (Yoast SEO v27.5) - https:\/\/yoast.com\/product\/yoast-seo-premium-wordpress\/ -->\n<title>Namaak Rogge Halm - Verkrijgbaar Bij Decofoodshop<\/title>\n<meta name=\"description\" content=\"Mooie namaak rogge halm. Uiterst decoratief, stevig en zwaar materiaal. Met zijn natuurlijke vormen is deze niet van echt te onderscheiden.\" \/>\n<meta name=\"robots\" content=\"index, follow, max-snippet:-1, max-image-preview:large, max-video-preview:-1\" \/>\n<link rel=\"canonical\" href=\"https:\/\/decofoodshop.nl\/de\/produkt\/imitierter-roggenstiel\/\" \/>\n<meta property=\"og:locale\" content=\"de_DE\" \/>\n<meta property=\"og:type\" content=\"article\" \/>\n<meta property=\"og:title\" content=\"Namaak Rogge Halm\" \/>\n<meta property=\"og:description\" content=\"Mooie namaak rogge halm. Uiterst decoratief, stevig en zwaar materiaal. Met zijn natuurlijke vormen is deze niet van echt te onderscheiden.\" \/>\n<meta property=\"og:url\" content=\"https:\/\/decofoodshop.nl\/de\/produkt\/imitierter-roggenstiel\/\" \/>\n<meta property=\"og:site_name\" content=\"Decofoodshop\" \/>\n<meta property=\"article:modified_time\" content=\"2026-03-03T09:04:27+00:00\" \/>\n<meta property=\"og:image\" content=\"https:\/\/decofoodshop.nl\/wp-content\/uploads\/2020\/02\/20190516_145352.jpg\" \/>\n\t<meta property=\"og:image:width\" content=\"1200\" \/>\n\t<meta property=\"og:image:height\" content=\"1200\" \/>\n\t<meta property=\"og:image:type\" content=\"image\/jpeg\" \/>\n<meta name=\"twitter:card\" content=\"summary_large_image\" \/>\n<meta name=\"twitter:label1\" content=\"Gesch\u00e4tzte Lesezeit\" \/>\n\t<meta name=\"twitter:data1\" content=\"1\u00a0Minute\" \/>\n<script type=\"application\/ld+json\" class=\"yoast-schema-graph\">{\"@context\":\"https:\\\/\\\/schema.org\",\"@graph\":[{\"@type\":\"WebPage\",\"@id\":\"https:\\\/\\\/decofoodshop.nl\\\/product\\\/namaak-rogge-halm\\\/\",\"url\":\"https:\\\/\\\/decofoodshop.nl\\\/product\\\/namaak-rogge-halm\\\/\",\"name\":\"Namaak Rogge Halm - Verkrijgbaar Bij Decofoodshop\",\"isPartOf\":{\"@id\":\"https:\\\/\\\/decofoodshop.nl\\\/#website\"},\"primaryImageOfPage\":{\"@id\":\"https:\\\/\\\/decofoodshop.nl\\\/product\\\/namaak-rogge-halm\\\/#primaryimage\"},\"image\":{\"@id\":\"https:\\\/\\\/decofoodshop.nl\\\/product\\\/namaak-rogge-halm\\\/#primaryimage\"},\"thumbnailUrl\":\"https:\\\/\\\/decofoodshop.nl\\\/wp-content\\\/uploads\\\/2020\\\/02\\\/20190516_145352.jpg\",\"datePublished\":\"2020-02-19T10:25:39+00:00\",\"dateModified\":\"2026-03-03T09:04:27+00:00\",\"description\":\"Mooie namaak rogge halm. Uiterst decoratief, stevig en zwaar materiaal. Met zijn natuurlijke vormen is deze niet van echt te onderscheiden.\",\"breadcrumb\":{\"@id\":\"https:\\\/\\\/decofoodshop.nl\\\/product\\\/namaak-rogge-halm\\\/#breadcrumb\"},\"inLanguage\":\"de\",\"potentialAction\":[{\"@type\":\"ReadAction\",\"target\":[\"https:\\\/\\\/decofoodshop.nl\\\/product\\\/namaak-rogge-halm\\\/\"]}]},{\"@type\":\"ImageObject\",\"inLanguage\":\"de\",\"@id\":\"https:\\\/\\\/decofoodshop.nl\\\/product\\\/namaak-rogge-halm\\\/#primaryimage\",\"url\":\"https:\\\/\\\/decofoodshop.nl\\\/wp-content\\\/uploads\\\/2020\\\/02\\\/20190516_145352.jpg\",\"contentUrl\":\"https:\\\/\\\/decofoodshop.nl\\\/wp-content\\\/uploads\\\/2020\\\/02\\\/20190516_145352.jpg\",\"width\":1200,\"height\":1200,\"caption\":\"Namaak Rogge Halm\"},{\"@type\":\"BreadcrumbList\",\"@id\":\"https:\\\/\\\/decofoodshop.nl\\\/product\\\/namaak-rogge-halm\\\/#breadcrumb\",\"itemListElement\":[{\"@type\":\"ListItem\",\"position\":1,\"name\":\"Home\",\"item\":\"https:\\\/\\\/decofoodshop.nl\\\/\"},{\"@type\":\"ListItem\",\"position\":2,\"name\":\"Winkel\",\"item\":\"https:\\\/\\\/decofoodshop.nl\\\/winkel\\\/\"},{\"@type\":\"ListItem\",\"position\":3,\"name\":\"Namaak Rogge Halm\"}]},{\"@type\":\"WebSite\",\"@id\":\"https:\\\/\\\/decofoodshop.nl\\\/#website\",\"url\":\"https:\\\/\\\/decofoodshop.nl\\\/\",\"name\":\"Decofoodshop\",\"description\":\"\",\"potentialAction\":[{\"@type\":\"SearchAction\",\"target\":{\"@type\":\"EntryPoint\",\"urlTemplate\":\"https:\\\/\\\/decofoodshop.nl\\\/?s={search_term_string}\"},\"query-input\":{\"@type\":\"PropertyValueSpecification\",\"valueRequired\":true,\"valueName\":\"search_term_string\"}}],\"inLanguage\":\"de\"}]}<\/script>\n<!-- \/ Yoast SEO Premium plugin. -->","yoast_head_json":{"title":"Gef\u00e4lschter Roggenhalm - Erh\u00e4ltlich bei Decofoodshop","description":"Sch\u00f6ner gef\u00e4lschter Roggenhalm. \u00c4u\u00dferst dekoratives, robustes und schweres Material. Mit seinen nat\u00fcrlichen Formen ist es von der Realit\u00e4t nicht zu unterscheiden.","robots":{"index":"index","follow":"follow","max-snippet":"max-snippet:-1","max-image-preview":"max-image-preview:large","max-video-preview":"max-video-preview:-1"},"canonical":"https:\/\/decofoodshop.nl\/de\/produkt\/imitierter-roggenstiel\/","og_locale":"de_DE","og_type":"article","og_title":"Namaak Rogge Halm","og_description":"Mooie namaak rogge halm. Uiterst decoratief, stevig en zwaar materiaal. Met zijn natuurlijke vormen is deze niet van echt te onderscheiden.","og_url":"https:\/\/decofoodshop.nl\/de\/produkt\/imitierter-roggenstiel\/","og_site_name":"Decofoodshop","article_modified_time":"2026-03-03T09:04:27+00:00","og_image":[{"width":1200,"height":1200,"url":"https:\/\/decofoodshop.nl\/wp-content\/uploads\/2020\/02\/20190516_145352.jpg","type":"image\/jpeg"}],"twitter_card":"summary_large_image","twitter_misc":{"Gesch\u00e4tzte Lesezeit":"1\u00a0Minute"},"schema":{"@context":"https:\/\/schema.org","@graph":[{"@type":"WebPage","@id":"https:\/\/decofoodshop.nl\/product\/namaak-rogge-halm\/","url":"https:\/\/decofoodshop.nl\/product\/namaak-rogge-halm\/","name":"Gef\u00e4lschter Roggenhalm - Erh\u00e4ltlich bei Decofoodshop","isPartOf":{"@id":"https:\/\/decofoodshop.nl\/#website"},"primaryImageOfPage":{"@id":"https:\/\/decofoodshop.nl\/product\/namaak-rogge-halm\/#primaryimage"},"image":{"@id":"https:\/\/decofoodshop.nl\/product\/namaak-rogge-halm\/#primaryimage"},"thumbnailUrl":"https:\/\/decofoodshop.nl\/wp-content\/uploads\/2020\/02\/20190516_145352.jpg","datePublished":"2020-02-19T10:25:39+00:00","dateModified":"2026-03-03T09:04:27+00:00","description":"Sch\u00f6ner gef\u00e4lschter Roggenhalm. \u00c4u\u00dferst dekoratives, robustes und schweres Material. Mit seinen nat\u00fcrlichen Formen ist es von der Realit\u00e4t nicht zu unterscheiden.","breadcrumb":{"@id":"https:\/\/decofoodshop.nl\/product\/namaak-rogge-halm\/#breadcrumb"},"inLanguage":"de","potentialAction":[{"@type":"ReadAction","target":["https:\/\/decofoodshop.nl\/product\/namaak-rogge-halm\/"]}]},{"@type":"ImageObject","inLanguage":"de","@id":"https:\/\/decofoodshop.nl\/product\/namaak-rogge-halm\/#primaryimage","url":"https:\/\/decofoodshop.nl\/wp-content\/uploads\/2020\/02\/20190516_145352.jpg","contentUrl":"https:\/\/decofoodshop.nl\/wp-content\/uploads\/2020\/02\/20190516_145352.jpg","width":1200,"height":1200,"caption":"Namaak Rogge Halm"},{"@type":"BreadcrumbList","@id":"https:\/\/decofoodshop.nl\/product\/namaak-rogge-halm\/#breadcrumb","itemListElement":[{"@type":"ListItem","position":1,"name":"Home","item":"https:\/\/decofoodshop.nl\/"},{"@type":"ListItem","position":2,"name":"Winkel","item":"https:\/\/decofoodshop.nl\/winkel\/"},{"@type":"ListItem","position":3,"name":"Namaak Rogge Halm"}]},{"@type":"WebSite","@id":"https:\/\/decofoodshop.nl\/#website","url":"https:\/\/decofoodshop.nl\/","name":"Dekofoodshop","description":"","potentialAction":[{"@type":"SearchAction","target":{"@type":"EntryPoint","urlTemplate":"https:\/\/decofoodshop.nl\/?s={search_term_string}"},"query-input":{"@type":"PropertyValueSpecification","valueRequired":true,"valueName":"search_term_string"}}],"inLanguage":"de"}]}},"_links":{"self":[{"href":"https:\/\/decofoodshop.nl\/de\/wp-json\/wp\/v2\/product\/2471","targetHints":{"allow":["GET"]}}],"collection":[{"href":"https:\/\/decofoodshop.nl\/de\/wp-json\/wp\/v2\/product"}],"about":[{"href":"https:\/\/decofoodshop.nl\/de\/wp-json\/wp\/v2\/types\/product"}],"wp:featuredmedia":[{"embeddable":true,"href":"https:\/\/decofoodshop.nl\/de\/wp-json\/wp\/v2\/media\/2472"}],"wp:attachment":[{"href":"https:\/\/decofoodshop.nl\/de\/wp-json\/wp\/v2\/media?parent=2471"}],"wp:term":[{"taxonomy":"product_brand","embeddable":true,"href":"https:\/\/decofoodshop.nl\/de\/wp-json\/wp\/v2\/product_brand?post=2471"},{"taxonomy":"product_cat","embeddable":true,"href":"https:\/\/decofoodshop.nl\/de\/wp-json\/wp\/v2\/product_cat?post=2471"},{"taxonomy":"product_tag","embeddable":true,"href":"https:\/\/decofoodshop.nl\/de\/wp-json\/wp\/v2\/product_tag?post=2471"}],"curies":[{"name":"wp","href":"https:\/\/api.w.org\/{rel}","templated":true}]}}