{"id":2484,"date":"2020-02-19T10:49:30","date_gmt":"2020-02-19T10:49:30","guid":{"rendered":"https:\/\/decofoodshop.nl\/?post_type=product&#038;p=2484"},"modified":"2026-03-16T20:53:19","modified_gmt":"2026-03-16T19:53:19","slug":"kunstliche-eier-weiss-6-tlg","status":"publish","type":"product","link":"https:\/\/decofoodshop.nl\/de\/product\/namaak-eieren-wit-6-stuks\/","title":{"rendered":"Gef\u00e4lschte Eier Wei\u00df 6 St\u00fcck"},"content":{"rendered":"<p>Harte gef\u00e4lschte Eier wei\u00df mit 6 St\u00fcck pro Set.<\/p>\n<p>Die k\u00fcnstlichen Eier sind nicht zerbrechlich und aus einem harten Material.<\/p>\n<p>Diese Ziereier haben eine wei\u00dfe Farbe.<\/p>\n<p>Sie sind vom Original nicht zu unterscheiden und k\u00f6nnen daher \u00e4u\u00dferst dekorativ eingesetzt werden.<\/p>\n<p>Die k\u00fcnstlichen Eier f\u00fchlen sich auch glatt an.<\/p>\n<p>Klicken Sie f\u00fcr weitere verschiedene Dekorationsprodukte<strong><span style=\"color: #008000;\"> <a style=\"color: #008000;\" href=\"https:\/\/decofoodshop.nl\/de\/produktkategorie-2\/andere\/\">&#039;Hier&#039;<\/a>.<\/span><\/strong><\/p>\n<p>&nbsp;<\/p>","protected":false},"excerpt":{"rendered":"<p>Harte k\u00fcnstliche Eier wei\u00df mit 6 St\u00fcck pro Set. Die k\u00fcnstlichen Eier sind nicht zerbrechlich und aus einem harten Material gefertigt. Diese Ziereier haben eine wei\u00dfe Farbe. Sie sind vom Original nicht zu unterscheiden und daher \u00e4u\u00dferst dekorativ einsetzbar. Auch die k\u00fcnstlichen Eier f\u00fchlen sich glatt an. F\u00fcr weitere verschiedene Zierprodukte klicken Sie auf \u201eHier\u201c. &nbsp;<\/p>","protected":false},"featured_media":2488,"template":"","meta":{"_acf_changed":false,"_genesis_hide_title":false,"_genesis_hide_breadcrumbs":false,"_genesis_hide_singular_image":false,"_genesis_hide_footer_widgets":false,"_genesis_custom_body_class":"","_genesis_custom_post_class":"","_genesis_layout":""},"product_brand":[],"product_cat":[51],"product_tag":[],"class_list":{"0":"post-2484","1":"product","2":"type-product","3":"status-publish","4":"has-post-thumbnail","6":"product_cat-overige","7":"entry","8":"wpx-has-gallery","10":"first","11":"instock","12":"taxable","13":"shipping-taxable","14":"purchasable","15":"product-type-simple"},"acf":[],"yoast_head":"<!-- This site is optimized with the Yoast SEO Premium plugin v27.3 (Yoast SEO v27.3) - https:\/\/yoast.com\/product\/yoast-seo-premium-wordpress\/ -->\n<title>Namaak Eieren Wit 6 Stuks - Verkrijgbaar Bij Decofoodshop<\/title>\n<meta name=\"description\" content=\"Zeer stevige namaak eieren wit. Sets van 6 stuks. Gemaakt van hard materiaal. Voelen zelfs aan als echte eieren. Ook in bruin verkrijgbaar.\" \/>\n<meta name=\"robots\" content=\"index, follow, max-snippet:-1, max-image-preview:large, max-video-preview:-1\" \/>\n<link rel=\"canonical\" href=\"https:\/\/decofoodshop.nl\/de\/produkt\/kunstliche-eier-weiss-6-tlg\/\" \/>\n<meta property=\"og:locale\" content=\"de_DE\" \/>\n<meta property=\"og:type\" content=\"article\" \/>\n<meta property=\"og:title\" content=\"Namaak Eieren Wit 6 Stuks\" \/>\n<meta property=\"og:description\" content=\"Zeer stevige namaak eieren wit. Sets van 6 stuks. Gemaakt van hard materiaal. Voelen zelfs aan als echte eieren. Ook in bruin verkrijgbaar.\" \/>\n<meta property=\"og:url\" content=\"https:\/\/decofoodshop.nl\/de\/produkt\/kunstliche-eier-weiss-6-tlg\/\" \/>\n<meta property=\"og:site_name\" content=\"Decofoodshop\" \/>\n<meta property=\"article:modified_time\" content=\"2026-03-16T19:53:19+00:00\" \/>\n<meta property=\"og:image\" content=\"https:\/\/decofoodshop.nl\/wp-content\/uploads\/2020\/02\/20200114_164740-1.jpg\" \/>\n\t<meta property=\"og:image:width\" content=\"1200\" \/>\n\t<meta property=\"og:image:height\" content=\"1200\" \/>\n\t<meta property=\"og:image:type\" content=\"image\/jpeg\" \/>\n<meta name=\"twitter:card\" content=\"summary_large_image\" \/>\n<meta name=\"twitter:label1\" content=\"Gesch\u00e4tzte Lesezeit\" \/>\n\t<meta name=\"twitter:data1\" content=\"1\u00a0Minute\" \/>\n<script type=\"application\/ld+json\" class=\"yoast-schema-graph\">{\"@context\":\"https:\\\/\\\/schema.org\",\"@graph\":[{\"@type\":\"WebPage\",\"@id\":\"https:\\\/\\\/decofoodshop.nl\\\/product\\\/namaak-eieren-wit-6-stuks\\\/\",\"url\":\"https:\\\/\\\/decofoodshop.nl\\\/product\\\/namaak-eieren-wit-6-stuks\\\/\",\"name\":\"Namaak Eieren Wit 6 Stuks - Verkrijgbaar Bij Decofoodshop\",\"isPartOf\":{\"@id\":\"https:\\\/\\\/decofoodshop.nl\\\/#website\"},\"primaryImageOfPage\":{\"@id\":\"https:\\\/\\\/decofoodshop.nl\\\/product\\\/namaak-eieren-wit-6-stuks\\\/#primaryimage\"},\"image\":{\"@id\":\"https:\\\/\\\/decofoodshop.nl\\\/product\\\/namaak-eieren-wit-6-stuks\\\/#primaryimage\"},\"thumbnailUrl\":\"https:\\\/\\\/decofoodshop.nl\\\/wp-content\\\/uploads\\\/2020\\\/02\\\/20200114_164740-1.jpg\",\"datePublished\":\"2020-02-19T10:49:30+00:00\",\"dateModified\":\"2026-03-16T19:53:19+00:00\",\"description\":\"Zeer stevige namaak eieren wit. Sets van 6 stuks. Gemaakt van hard materiaal. Voelen zelfs aan als echte eieren. Ook in bruin verkrijgbaar.\",\"breadcrumb\":{\"@id\":\"https:\\\/\\\/decofoodshop.nl\\\/product\\\/namaak-eieren-wit-6-stuks\\\/#breadcrumb\"},\"inLanguage\":\"de\",\"potentialAction\":[{\"@type\":\"ReadAction\",\"target\":[\"https:\\\/\\\/decofoodshop.nl\\\/product\\\/namaak-eieren-wit-6-stuks\\\/\"]}]},{\"@type\":\"ImageObject\",\"inLanguage\":\"de\",\"@id\":\"https:\\\/\\\/decofoodshop.nl\\\/product\\\/namaak-eieren-wit-6-stuks\\\/#primaryimage\",\"url\":\"https:\\\/\\\/decofoodshop.nl\\\/wp-content\\\/uploads\\\/2020\\\/02\\\/20200114_164740-1.jpg\",\"contentUrl\":\"https:\\\/\\\/decofoodshop.nl\\\/wp-content\\\/uploads\\\/2020\\\/02\\\/20200114_164740-1.jpg\",\"width\":1200,\"height\":1200,\"caption\":\"Namaak Eieren Wit 6 Stuks\"},{\"@type\":\"BreadcrumbList\",\"@id\":\"https:\\\/\\\/decofoodshop.nl\\\/product\\\/namaak-eieren-wit-6-stuks\\\/#breadcrumb\",\"itemListElement\":[{\"@type\":\"ListItem\",\"position\":1,\"name\":\"Home\",\"item\":\"https:\\\/\\\/decofoodshop.nl\\\/\"},{\"@type\":\"ListItem\",\"position\":2,\"name\":\"Winkel\",\"item\":\"https:\\\/\\\/decofoodshop.nl\\\/winkel\\\/\"},{\"@type\":\"ListItem\",\"position\":3,\"name\":\"Namaak Eieren Wit 6 Stuks\"}]},{\"@type\":\"WebSite\",\"@id\":\"https:\\\/\\\/decofoodshop.nl\\\/#website\",\"url\":\"https:\\\/\\\/decofoodshop.nl\\\/\",\"name\":\"Decofoodshop\",\"description\":\"\",\"potentialAction\":[{\"@type\":\"SearchAction\",\"target\":{\"@type\":\"EntryPoint\",\"urlTemplate\":\"https:\\\/\\\/decofoodshop.nl\\\/?s={search_term_string}\"},\"query-input\":{\"@type\":\"PropertyValueSpecification\",\"valueRequired\":true,\"valueName\":\"search_term_string\"}}],\"inLanguage\":\"de\"}]}<\/script>\n<!-- \/ Yoast SEO Premium plugin. -->","yoast_head_json":{"title":"Fake Eggs White 6 St\u00fcck - Erh\u00e4ltlich bei Decofoodshop","description":"Sehr festes gef\u00e4lschtes Eiweiss. Sets mit 6 St\u00fcck. Aus hartem Material. F\u00fchlen Sie sich sogar wie echte Eier. Auch in braun erh\u00e4ltlich.","robots":{"index":"index","follow":"follow","max-snippet":"max-snippet:-1","max-image-preview":"max-image-preview:large","max-video-preview":"max-video-preview:-1"},"canonical":"https:\/\/decofoodshop.nl\/de\/produkt\/kunstliche-eier-weiss-6-tlg\/","og_locale":"de_DE","og_type":"article","og_title":"Namaak Eieren Wit 6 Stuks","og_description":"Zeer stevige namaak eieren wit. Sets van 6 stuks. Gemaakt van hard materiaal. Voelen zelfs aan als echte eieren. Ook in bruin verkrijgbaar.","og_url":"https:\/\/decofoodshop.nl\/de\/produkt\/kunstliche-eier-weiss-6-tlg\/","og_site_name":"Decofoodshop","article_modified_time":"2026-03-16T19:53:19+00:00","og_image":[{"width":1200,"height":1200,"url":"https:\/\/decofoodshop.nl\/wp-content\/uploads\/2020\/02\/20200114_164740-1.jpg","type":"image\/jpeg"}],"twitter_card":"summary_large_image","twitter_misc":{"Gesch\u00e4tzte Lesezeit":"1\u00a0Minute"},"schema":{"@context":"https:\/\/schema.org","@graph":[{"@type":"WebPage","@id":"https:\/\/decofoodshop.nl\/product\/namaak-eieren-wit-6-stuks\/","url":"https:\/\/decofoodshop.nl\/product\/namaak-eieren-wit-6-stuks\/","name":"Fake Eggs White 6 St\u00fcck - Erh\u00e4ltlich bei Decofoodshop","isPartOf":{"@id":"https:\/\/decofoodshop.nl\/#website"},"primaryImageOfPage":{"@id":"https:\/\/decofoodshop.nl\/product\/namaak-eieren-wit-6-stuks\/#primaryimage"},"image":{"@id":"https:\/\/decofoodshop.nl\/product\/namaak-eieren-wit-6-stuks\/#primaryimage"},"thumbnailUrl":"https:\/\/decofoodshop.nl\/wp-content\/uploads\/2020\/02\/20200114_164740-1.jpg","datePublished":"2020-02-19T10:49:30+00:00","dateModified":"2026-03-16T19:53:19+00:00","description":"Sehr festes gef\u00e4lschtes Eiweiss. Sets mit 6 St\u00fcck. Aus hartem Material. F\u00fchlen Sie sich sogar wie echte Eier. Auch in braun erh\u00e4ltlich.","breadcrumb":{"@id":"https:\/\/decofoodshop.nl\/product\/namaak-eieren-wit-6-stuks\/#breadcrumb"},"inLanguage":"de","potentialAction":[{"@type":"ReadAction","target":["https:\/\/decofoodshop.nl\/product\/namaak-eieren-wit-6-stuks\/"]}]},{"@type":"ImageObject","inLanguage":"de","@id":"https:\/\/decofoodshop.nl\/product\/namaak-eieren-wit-6-stuks\/#primaryimage","url":"https:\/\/decofoodshop.nl\/wp-content\/uploads\/2020\/02\/20200114_164740-1.jpg","contentUrl":"https:\/\/decofoodshop.nl\/wp-content\/uploads\/2020\/02\/20200114_164740-1.jpg","width":1200,"height":1200,"caption":"Namaak Eieren Wit 6 Stuks"},{"@type":"BreadcrumbList","@id":"https:\/\/decofoodshop.nl\/product\/namaak-eieren-wit-6-stuks\/#breadcrumb","itemListElement":[{"@type":"ListItem","position":1,"name":"Home","item":"https:\/\/decofoodshop.nl\/"},{"@type":"ListItem","position":2,"name":"Winkel","item":"https:\/\/decofoodshop.nl\/winkel\/"},{"@type":"ListItem","position":3,"name":"Namaak Eieren Wit 6 Stuks"}]},{"@type":"WebSite","@id":"https:\/\/decofoodshop.nl\/#website","url":"https:\/\/decofoodshop.nl\/","name":"Dekofoodshop","description":"","potentialAction":[{"@type":"SearchAction","target":{"@type":"EntryPoint","urlTemplate":"https:\/\/decofoodshop.nl\/?s={search_term_string}"},"query-input":{"@type":"PropertyValueSpecification","valueRequired":true,"valueName":"search_term_string"}}],"inLanguage":"de"}]}},"_links":{"self":[{"href":"https:\/\/decofoodshop.nl\/de\/wp-json\/wp\/v2\/product\/2484","targetHints":{"allow":["GET"]}}],"collection":[{"href":"https:\/\/decofoodshop.nl\/de\/wp-json\/wp\/v2\/product"}],"about":[{"href":"https:\/\/decofoodshop.nl\/de\/wp-json\/wp\/v2\/types\/product"}],"wp:featuredmedia":[{"embeddable":true,"href":"https:\/\/decofoodshop.nl\/de\/wp-json\/wp\/v2\/media\/2488"}],"wp:attachment":[{"href":"https:\/\/decofoodshop.nl\/de\/wp-json\/wp\/v2\/media?parent=2484"}],"wp:term":[{"taxonomy":"product_brand","embeddable":true,"href":"https:\/\/decofoodshop.nl\/de\/wp-json\/wp\/v2\/product_brand?post=2484"},{"taxonomy":"product_cat","embeddable":true,"href":"https:\/\/decofoodshop.nl\/de\/wp-json\/wp\/v2\/product_cat?post=2484"},{"taxonomy":"product_tag","embeddable":true,"href":"https:\/\/decofoodshop.nl\/de\/wp-json\/wp\/v2\/product_tag?post=2484"}],"curies":[{"name":"wp","href":"https:\/\/api.w.org\/{rel}","templated":true}]}}