{"id":2491,"date":"2020-02-19T11:01:01","date_gmt":"2020-02-19T11:01:01","guid":{"rendered":"https:\/\/decofoodshop.nl\/?post_type=product&#038;p=2491"},"modified":"2026-02-28T15:34:18","modified_gmt":"2026-02-28T14:34:18","slug":"kunstliche-eier-braun-6-tlg","status":"publish","type":"product","link":"https:\/\/decofoodshop.nl\/de\/product\/nep-eieren-bruin-6-stuks\/","title":{"rendered":"Gef\u00e4lschte Eier Braun 6 St\u00fcck"},"content":{"rendered":"<p>Diese sehr stabilen k\u00fcnstlichen Eier braun mit 6 St\u00fcck pro Set sind sehr dekorativ.<\/p>\n<p>Die braunen Fake-Eier sind aus hartem Material und daher nicht zerbrechlich.<\/p>\n<p>Auch diese Ziereier sind von echten nicht zu unterscheiden.<\/p>\n<p>Sie haben eine glatte Au\u00dfenseite und liegen angenehm in der Hand.<\/p>\n<p>Wir bieten diese gef\u00e4lschten Eier auch in Wei\u00df an.<\/p>\n<p>Wenn Sie nach weiteren gef\u00e4lschten Artikeln suchen, klicken Sie hier<strong> <span style=\"color: #008000;\"><a style=\"color: #008000;\" href=\"https:\/\/decofoodshop.nl\/de\/produktkategorie-2\/andere\/\">&#039;Hier&#039;<\/a>.<\/span><\/strong><\/p>","protected":false},"excerpt":{"rendered":"<p>Deze zeer stevige nep eieren bruin met 6 stuks per set zijn zeer decoratief. De bruine namaak eieren zijn van hard materiaal en hierdoor niet breekbaar. Ook zijn deze sier eieren niet van echt te onderscheiden. Ze hebben een gladde buitenkant en liggen fijn in de hand. Ook bieden wij deze namaak eieren in het [&hellip;]<\/p>\n","protected":false},"featured_media":2492,"template":"","meta":{"_acf_changed":false,"_genesis_hide_title":false,"_genesis_hide_breadcrumbs":false,"_genesis_hide_singular_image":false,"_genesis_hide_footer_widgets":false,"_genesis_custom_body_class":"","_genesis_custom_post_class":"","_genesis_layout":""},"product_brand":[],"product_cat":[51],"product_tag":[],"class_list":{"0":"post-2491","1":"product","2":"type-product","3":"status-publish","4":"has-post-thumbnail","6":"product_cat-overige","7":"entry","8":"wpx-has-gallery","10":"first","11":"instock","12":"taxable","13":"shipping-taxable","14":"purchasable","15":"product-type-simple"},"acf":[],"yoast_head":"<!-- This site is optimized with the Yoast SEO Premium plugin v27.3 (Yoast SEO v27.3) - https:\/\/yoast.com\/product\/yoast-seo-premium-wordpress\/ -->\n<title>Nep Eieren Bruin 6 Stuks - Verkrijgbaar Bij Decofoodshop<\/title>\n<meta name=\"description\" content=\"Net echte nep eieren bruin met 6 stuks per set. Ze zijn zeer stevig en voelen aan als een echt ei. Ook verkrijgbaar in het wit.\" \/>\n<meta name=\"robots\" content=\"index, follow, max-snippet:-1, max-image-preview:large, max-video-preview:-1\" \/>\n<link rel=\"canonical\" href=\"https:\/\/decofoodshop.nl\/de\/produkt\/kunstliche-eier-braun-6-tlg\/\" \/>\n<meta property=\"og:locale\" content=\"de_DE\" \/>\n<meta property=\"og:type\" content=\"article\" \/>\n<meta property=\"og:title\" content=\"Nep Eieren Bruin 6 Stuks\" \/>\n<meta property=\"og:description\" content=\"Net echte nep eieren bruin met 6 stuks per set. Ze zijn zeer stevig en voelen aan als een echt ei. Ook verkrijgbaar in het wit.\" \/>\n<meta property=\"og:url\" content=\"https:\/\/decofoodshop.nl\/de\/produkt\/kunstliche-eier-braun-6-tlg\/\" \/>\n<meta property=\"og:site_name\" content=\"Decofoodshop\" \/>\n<meta property=\"article:modified_time\" content=\"2026-02-28T14:34:18+00:00\" \/>\n<meta property=\"og:image\" content=\"https:\/\/decofoodshop.nl\/wp-content\/uploads\/2020\/02\/20200114_165102.jpg\" \/>\n\t<meta property=\"og:image:width\" content=\"1200\" \/>\n\t<meta property=\"og:image:height\" content=\"1200\" \/>\n\t<meta property=\"og:image:type\" content=\"image\/jpeg\" \/>\n<meta name=\"twitter:card\" content=\"summary_large_image\" \/>\n<meta name=\"twitter:label1\" content=\"Gesch\u00e4tzte Lesezeit\" \/>\n\t<meta name=\"twitter:data1\" content=\"1\u00a0Minute\" \/>\n<script type=\"application\/ld+json\" class=\"yoast-schema-graph\">{\"@context\":\"https:\\\/\\\/schema.org\",\"@graph\":[{\"@type\":\"WebPage\",\"@id\":\"https:\\\/\\\/decofoodshop.nl\\\/product\\\/nep-eieren-bruin-6-stuks\\\/\",\"url\":\"https:\\\/\\\/decofoodshop.nl\\\/product\\\/nep-eieren-bruin-6-stuks\\\/\",\"name\":\"Nep Eieren Bruin 6 Stuks - Verkrijgbaar Bij Decofoodshop\",\"isPartOf\":{\"@id\":\"https:\\\/\\\/decofoodshop.nl\\\/#website\"},\"primaryImageOfPage\":{\"@id\":\"https:\\\/\\\/decofoodshop.nl\\\/product\\\/nep-eieren-bruin-6-stuks\\\/#primaryimage\"},\"image\":{\"@id\":\"https:\\\/\\\/decofoodshop.nl\\\/product\\\/nep-eieren-bruin-6-stuks\\\/#primaryimage\"},\"thumbnailUrl\":\"https:\\\/\\\/decofoodshop.nl\\\/wp-content\\\/uploads\\\/2020\\\/02\\\/20200114_165102.jpg\",\"datePublished\":\"2020-02-19T11:01:01+00:00\",\"dateModified\":\"2026-02-28T14:34:18+00:00\",\"description\":\"Net echte nep eieren bruin met 6 stuks per set. Ze zijn zeer stevig en voelen aan als een echt ei. Ook verkrijgbaar in het wit.\",\"breadcrumb\":{\"@id\":\"https:\\\/\\\/decofoodshop.nl\\\/product\\\/nep-eieren-bruin-6-stuks\\\/#breadcrumb\"},\"inLanguage\":\"de\",\"potentialAction\":[{\"@type\":\"ReadAction\",\"target\":[\"https:\\\/\\\/decofoodshop.nl\\\/product\\\/nep-eieren-bruin-6-stuks\\\/\"]}]},{\"@type\":\"ImageObject\",\"inLanguage\":\"de\",\"@id\":\"https:\\\/\\\/decofoodshop.nl\\\/product\\\/nep-eieren-bruin-6-stuks\\\/#primaryimage\",\"url\":\"https:\\\/\\\/decofoodshop.nl\\\/wp-content\\\/uploads\\\/2020\\\/02\\\/20200114_165102.jpg\",\"contentUrl\":\"https:\\\/\\\/decofoodshop.nl\\\/wp-content\\\/uploads\\\/2020\\\/02\\\/20200114_165102.jpg\",\"width\":1200,\"height\":1200,\"caption\":\"Nep Eieren Bruin 6 Stuks Mandje\"},{\"@type\":\"BreadcrumbList\",\"@id\":\"https:\\\/\\\/decofoodshop.nl\\\/product\\\/nep-eieren-bruin-6-stuks\\\/#breadcrumb\",\"itemListElement\":[{\"@type\":\"ListItem\",\"position\":1,\"name\":\"Home\",\"item\":\"https:\\\/\\\/decofoodshop.nl\\\/\"},{\"@type\":\"ListItem\",\"position\":2,\"name\":\"Winkel\",\"item\":\"https:\\\/\\\/decofoodshop.nl\\\/winkel\\\/\"},{\"@type\":\"ListItem\",\"position\":3,\"name\":\"Nep Eieren Bruin 6 Stuks\"}]},{\"@type\":\"WebSite\",\"@id\":\"https:\\\/\\\/decofoodshop.nl\\\/#website\",\"url\":\"https:\\\/\\\/decofoodshop.nl\\\/\",\"name\":\"Decofoodshop\",\"description\":\"\",\"potentialAction\":[{\"@type\":\"SearchAction\",\"target\":{\"@type\":\"EntryPoint\",\"urlTemplate\":\"https:\\\/\\\/decofoodshop.nl\\\/?s={search_term_string}\"},\"query-input\":{\"@type\":\"PropertyValueSpecification\",\"valueRequired\":true,\"valueName\":\"search_term_string\"}}],\"inLanguage\":\"de\"}]}<\/script>\n<!-- \/ Yoast SEO Premium plugin. -->","yoast_head_json":{"title":"K\u00fcnstliche Eier Braun 6 St\u00fcck - Erh\u00e4ltlich bei Decofoodshop","description":"Genau wie echte k\u00fcnstliche Eier braun mit 6 St\u00fcck pro Set. Sie sind sehr fest und f\u00fchlen sich an wie ein echtes Ei. Auch in wei\u00df erh\u00e4ltlich.","robots":{"index":"index","follow":"follow","max-snippet":"max-snippet:-1","max-image-preview":"max-image-preview:large","max-video-preview":"max-video-preview:-1"},"canonical":"https:\/\/decofoodshop.nl\/de\/produkt\/kunstliche-eier-braun-6-tlg\/","og_locale":"de_DE","og_type":"article","og_title":"Nep Eieren Bruin 6 Stuks","og_description":"Net echte nep eieren bruin met 6 stuks per set. Ze zijn zeer stevig en voelen aan als een echt ei. Ook verkrijgbaar in het wit.","og_url":"https:\/\/decofoodshop.nl\/de\/produkt\/kunstliche-eier-braun-6-tlg\/","og_site_name":"Decofoodshop","article_modified_time":"2026-02-28T14:34:18+00:00","og_image":[{"width":1200,"height":1200,"url":"https:\/\/decofoodshop.nl\/wp-content\/uploads\/2020\/02\/20200114_165102.jpg","type":"image\/jpeg"}],"twitter_card":"summary_large_image","twitter_misc":{"Gesch\u00e4tzte Lesezeit":"1\u00a0Minute"},"schema":{"@context":"https:\/\/schema.org","@graph":[{"@type":"WebPage","@id":"https:\/\/decofoodshop.nl\/product\/nep-eieren-bruin-6-stuks\/","url":"https:\/\/decofoodshop.nl\/product\/nep-eieren-bruin-6-stuks\/","name":"K\u00fcnstliche Eier Braun 6 St\u00fcck - Erh\u00e4ltlich bei Decofoodshop","isPartOf":{"@id":"https:\/\/decofoodshop.nl\/#website"},"primaryImageOfPage":{"@id":"https:\/\/decofoodshop.nl\/product\/nep-eieren-bruin-6-stuks\/#primaryimage"},"image":{"@id":"https:\/\/decofoodshop.nl\/product\/nep-eieren-bruin-6-stuks\/#primaryimage"},"thumbnailUrl":"https:\/\/decofoodshop.nl\/wp-content\/uploads\/2020\/02\/20200114_165102.jpg","datePublished":"2020-02-19T11:01:01+00:00","dateModified":"2026-02-28T14:34:18+00:00","description":"Genau wie echte k\u00fcnstliche Eier braun mit 6 St\u00fcck pro Set. Sie sind sehr fest und f\u00fchlen sich an wie ein echtes Ei. Auch in wei\u00df erh\u00e4ltlich.","breadcrumb":{"@id":"https:\/\/decofoodshop.nl\/product\/nep-eieren-bruin-6-stuks\/#breadcrumb"},"inLanguage":"de","potentialAction":[{"@type":"ReadAction","target":["https:\/\/decofoodshop.nl\/product\/nep-eieren-bruin-6-stuks\/"]}]},{"@type":"ImageObject","inLanguage":"de","@id":"https:\/\/decofoodshop.nl\/product\/nep-eieren-bruin-6-stuks\/#primaryimage","url":"https:\/\/decofoodshop.nl\/wp-content\/uploads\/2020\/02\/20200114_165102.jpg","contentUrl":"https:\/\/decofoodshop.nl\/wp-content\/uploads\/2020\/02\/20200114_165102.jpg","width":1200,"height":1200,"caption":"Nep Eieren Bruin 6 Stuks Mandje"},{"@type":"BreadcrumbList","@id":"https:\/\/decofoodshop.nl\/product\/nep-eieren-bruin-6-stuks\/#breadcrumb","itemListElement":[{"@type":"ListItem","position":1,"name":"Home","item":"https:\/\/decofoodshop.nl\/"},{"@type":"ListItem","position":2,"name":"Winkel","item":"https:\/\/decofoodshop.nl\/winkel\/"},{"@type":"ListItem","position":3,"name":"Nep Eieren Bruin 6 Stuks"}]},{"@type":"WebSite","@id":"https:\/\/decofoodshop.nl\/#website","url":"https:\/\/decofoodshop.nl\/","name":"Dekofoodshop","description":"","potentialAction":[{"@type":"SearchAction","target":{"@type":"EntryPoint","urlTemplate":"https:\/\/decofoodshop.nl\/?s={search_term_string}"},"query-input":{"@type":"PropertyValueSpecification","valueRequired":true,"valueName":"search_term_string"}}],"inLanguage":"de"}]}},"_links":{"self":[{"href":"https:\/\/decofoodshop.nl\/de\/wp-json\/wp\/v2\/product\/2491","targetHints":{"allow":["GET"]}}],"collection":[{"href":"https:\/\/decofoodshop.nl\/de\/wp-json\/wp\/v2\/product"}],"about":[{"href":"https:\/\/decofoodshop.nl\/de\/wp-json\/wp\/v2\/types\/product"}],"wp:featuredmedia":[{"embeddable":true,"href":"https:\/\/decofoodshop.nl\/de\/wp-json\/wp\/v2\/media\/2492"}],"wp:attachment":[{"href":"https:\/\/decofoodshop.nl\/de\/wp-json\/wp\/v2\/media?parent=2491"}],"wp:term":[{"taxonomy":"product_brand","embeddable":true,"href":"https:\/\/decofoodshop.nl\/de\/wp-json\/wp\/v2\/product_brand?post=2491"},{"taxonomy":"product_cat","embeddable":true,"href":"https:\/\/decofoodshop.nl\/de\/wp-json\/wp\/v2\/product_cat?post=2491"},{"taxonomy":"product_tag","embeddable":true,"href":"https:\/\/decofoodshop.nl\/de\/wp-json\/wp\/v2\/product_tag?post=2491"}],"curies":[{"name":"wp","href":"https:\/\/api.w.org\/{rel}","templated":true}]}}