{"id":2501,"date":"2020-02-19T11:27:16","date_gmt":"2020-02-19T11:27:16","guid":{"rendered":"https:\/\/decofoodshop.nl\/?post_type=product&#038;p=2501"},"modified":"2026-04-08T17:39:22","modified_gmt":"2026-04-08T15:39:22","slug":"gefalschtes-spiegelei","status":"publish","type":"product","link":"https:\/\/decofoodshop.nl\/de\/product\/namaak-gebakken-ei\/","title":{"rendered":"Gef\u00e4lschtes Spiegelei"},"content":{"rendered":"<p>&nbsp;<\/p>\n<p>Sehr dekoratives und \u00fcberraschend echtes Fake Spiegelei.<\/p>\n<p>Das orangefarbene Eigelb ist leicht gl\u00e4nzend und rund.<\/p>\n<p>Das Eiwei\u00df ist klumpig und es gibt ein paar braune R\u00e4nder an den R\u00e4ndern.<\/p>\n<p>Die Oberfl\u00e4che ist nicht glatt f\u00fcr ein nat\u00fcrliches Aussehen.<\/p>\n<p>Der Boden ist flach, was das Ablegen erleichtert.<\/p>\n<p>Super dekoratives Fake-Spiegelei, das im Schaufenster oder Dekor platziert werden kann.<\/p>\n<p>Aus robustem und leicht flexiblem Material.<\/p>\n<p>Schwere und professionelle Qualit\u00e4t.<\/p>\n<p>Au\u00dferdem bieten wir ein breites Sortiment an:<span style=\"color: #008000;\"> <a style=\"color: #008000;\" href=\"https:\/\/decofoodshop.nl\/de\/produktkategorie-2\/visenvlees\/\">&#8216;<strong>Fisch Fleisch<\/strong>&#8216;<\/a>.<\/span><\/p>","protected":false},"excerpt":{"rendered":"<p>&nbsp; Zeer decoratief en verrassend echt Namaak Gebakken Ei. De oranjekleurige dooier is licht glanzend en rond. Het eiwit is bobbelig en aan de randjes zijn een paar bruine randjes. Het oppervlak is niet glad voor een natuurlijk uiterlijk. De onderkant is plat en hierdoor is het makkelijk neer te leggen. Super decoratief nep gebakkenei [&hellip;]<\/p>\n","protected":false},"featured_media":2502,"template":"","meta":{"_acf_changed":false,"_genesis_hide_title":false,"_genesis_hide_breadcrumbs":false,"_genesis_hide_singular_image":false,"_genesis_hide_footer_widgets":false,"_genesis_custom_body_class":"","_genesis_custom_post_class":"","_genesis_layout":""},"product_brand":[],"product_cat":[51],"product_tag":[],"class_list":{"0":"post-2501","1":"product","2":"type-product","3":"status-publish","4":"has-post-thumbnail","6":"product_cat-overige","7":"entry","9":"first","10":"instock","11":"taxable","12":"shipping-taxable","13":"purchasable","14":"product-type-simple"},"acf":[],"yoast_head":"<!-- This site is optimized with the Yoast SEO Premium plugin v27.3 (Yoast SEO v27.4) - https:\/\/yoast.com\/product\/yoast-seo-premium-wordpress\/ -->\n<title>Namaak Gebakken Ei - Verkrijgbaar bij Decofoodshop<\/title>\n<meta name=\"description\" content=\"Namaak gebakken ei met mooie oranje dooier. Het lijkt alsof het eitje net uit de pan komt. Het namaak ei is net echt en uiterst decoratief.\" \/>\n<meta name=\"robots\" content=\"index, follow, max-snippet:-1, max-image-preview:large, max-video-preview:-1\" \/>\n<link rel=\"canonical\" href=\"https:\/\/decofoodshop.nl\/de\/produkt\/gefalschtes-spiegelei\/\" \/>\n<meta property=\"og:locale\" content=\"de_DE\" \/>\n<meta property=\"og:type\" content=\"article\" \/>\n<meta property=\"og:title\" content=\"Namaak Gebakken Ei\" \/>\n<meta property=\"og:description\" content=\"Namaak gebakken ei met mooie oranje dooier. Het lijkt alsof het eitje net uit de pan komt. Het namaak ei is net echt en uiterst decoratief.\" \/>\n<meta property=\"og:url\" content=\"https:\/\/decofoodshop.nl\/de\/produkt\/gefalschtes-spiegelei\/\" \/>\n<meta property=\"og:site_name\" content=\"Decofoodshop\" \/>\n<meta property=\"article:modified_time\" content=\"2026-04-08T15:39:22+00:00\" \/>\n<meta property=\"og:image\" content=\"https:\/\/decofoodshop.nl\/wp-content\/uploads\/2020\/02\/20200114_170241.jpg\" \/>\n\t<meta property=\"og:image:width\" content=\"1200\" \/>\n\t<meta property=\"og:image:height\" content=\"1203\" \/>\n\t<meta property=\"og:image:type\" content=\"image\/jpeg\" \/>\n<meta name=\"twitter:card\" content=\"summary_large_image\" \/>\n<meta name=\"twitter:label1\" content=\"Gesch\u00e4tzte Lesezeit\" \/>\n\t<meta name=\"twitter:data1\" content=\"1\u00a0Minute\" \/>\n<script type=\"application\/ld+json\" class=\"yoast-schema-graph\">{\"@context\":\"https:\\\/\\\/schema.org\",\"@graph\":[{\"@type\":\"WebPage\",\"@id\":\"https:\\\/\\\/decofoodshop.nl\\\/product\\\/namaak-gebakken-ei\\\/\",\"url\":\"https:\\\/\\\/decofoodshop.nl\\\/product\\\/namaak-gebakken-ei\\\/\",\"name\":\"Namaak Gebakken Ei - Verkrijgbaar bij Decofoodshop\",\"isPartOf\":{\"@id\":\"https:\\\/\\\/decofoodshop.nl\\\/#website\"},\"primaryImageOfPage\":{\"@id\":\"https:\\\/\\\/decofoodshop.nl\\\/product\\\/namaak-gebakken-ei\\\/#primaryimage\"},\"image\":{\"@id\":\"https:\\\/\\\/decofoodshop.nl\\\/product\\\/namaak-gebakken-ei\\\/#primaryimage\"},\"thumbnailUrl\":\"https:\\\/\\\/decofoodshop.nl\\\/wp-content\\\/uploads\\\/2020\\\/02\\\/20200114_170241.jpg\",\"datePublished\":\"2020-02-19T11:27:16+00:00\",\"dateModified\":\"2026-04-08T15:39:22+00:00\",\"description\":\"Namaak gebakken ei met mooie oranje dooier. Het lijkt alsof het eitje net uit de pan komt. Het namaak ei is net echt en uiterst decoratief.\",\"breadcrumb\":{\"@id\":\"https:\\\/\\\/decofoodshop.nl\\\/product\\\/namaak-gebakken-ei\\\/#breadcrumb\"},\"inLanguage\":\"de\",\"potentialAction\":[{\"@type\":\"ReadAction\",\"target\":[\"https:\\\/\\\/decofoodshop.nl\\\/product\\\/namaak-gebakken-ei\\\/\"]}]},{\"@type\":\"ImageObject\",\"inLanguage\":\"de\",\"@id\":\"https:\\\/\\\/decofoodshop.nl\\\/product\\\/namaak-gebakken-ei\\\/#primaryimage\",\"url\":\"https:\\\/\\\/decofoodshop.nl\\\/wp-content\\\/uploads\\\/2020\\\/02\\\/20200114_170241.jpg\",\"contentUrl\":\"https:\\\/\\\/decofoodshop.nl\\\/wp-content\\\/uploads\\\/2020\\\/02\\\/20200114_170241.jpg\",\"width\":1200,\"height\":1203,\"caption\":\"Namaak Gebakken Ei\"},{\"@type\":\"BreadcrumbList\",\"@id\":\"https:\\\/\\\/decofoodshop.nl\\\/product\\\/namaak-gebakken-ei\\\/#breadcrumb\",\"itemListElement\":[{\"@type\":\"ListItem\",\"position\":1,\"name\":\"Home\",\"item\":\"https:\\\/\\\/decofoodshop.nl\\\/\"},{\"@type\":\"ListItem\",\"position\":2,\"name\":\"Winkel\",\"item\":\"https:\\\/\\\/decofoodshop.nl\\\/winkel\\\/\"},{\"@type\":\"ListItem\",\"position\":3,\"name\":\"Namaak Gebakken Ei\"}]},{\"@type\":\"WebSite\",\"@id\":\"https:\\\/\\\/decofoodshop.nl\\\/#website\",\"url\":\"https:\\\/\\\/decofoodshop.nl\\\/\",\"name\":\"Decofoodshop\",\"description\":\"\",\"potentialAction\":[{\"@type\":\"SearchAction\",\"target\":{\"@type\":\"EntryPoint\",\"urlTemplate\":\"https:\\\/\\\/decofoodshop.nl\\\/?s={search_term_string}\"},\"query-input\":{\"@type\":\"PropertyValueSpecification\",\"valueRequired\":true,\"valueName\":\"search_term_string\"}}],\"inLanguage\":\"de\"}]}<\/script>\n<!-- \/ Yoast SEO Premium plugin. -->","yoast_head_json":{"title":"Gef\u00e4lschtes Spiegelei - Erh\u00e4ltlich bei Decofoodshop","description":"Gef\u00e4lschtes Spiegelei mit sch\u00f6nem Orangen-Eigelb. Es sieht aus, als w\u00e4re das Ei gerade aus der Pfanne gekommen. Das Fake-Ei ist wie echt und \u00e4u\u00dferst dekorativ.","robots":{"index":"index","follow":"follow","max-snippet":"max-snippet:-1","max-image-preview":"max-image-preview:large","max-video-preview":"max-video-preview:-1"},"canonical":"https:\/\/decofoodshop.nl\/de\/produkt\/gefalschtes-spiegelei\/","og_locale":"de_DE","og_type":"article","og_title":"Namaak Gebakken Ei","og_description":"Namaak gebakken ei met mooie oranje dooier. Het lijkt alsof het eitje net uit de pan komt. Het namaak ei is net echt en uiterst decoratief.","og_url":"https:\/\/decofoodshop.nl\/de\/produkt\/gefalschtes-spiegelei\/","og_site_name":"Decofoodshop","article_modified_time":"2026-04-08T15:39:22+00:00","og_image":[{"width":1200,"height":1203,"url":"https:\/\/decofoodshop.nl\/wp-content\/uploads\/2020\/02\/20200114_170241.jpg","type":"image\/jpeg"}],"twitter_card":"summary_large_image","twitter_misc":{"Gesch\u00e4tzte Lesezeit":"1\u00a0Minute"},"schema":{"@context":"https:\/\/schema.org","@graph":[{"@type":"WebPage","@id":"https:\/\/decofoodshop.nl\/product\/namaak-gebakken-ei\/","url":"https:\/\/decofoodshop.nl\/product\/namaak-gebakken-ei\/","name":"Gef\u00e4lschtes Spiegelei - Erh\u00e4ltlich bei Decofoodshop","isPartOf":{"@id":"https:\/\/decofoodshop.nl\/#website"},"primaryImageOfPage":{"@id":"https:\/\/decofoodshop.nl\/product\/namaak-gebakken-ei\/#primaryimage"},"image":{"@id":"https:\/\/decofoodshop.nl\/product\/namaak-gebakken-ei\/#primaryimage"},"thumbnailUrl":"https:\/\/decofoodshop.nl\/wp-content\/uploads\/2020\/02\/20200114_170241.jpg","datePublished":"2020-02-19T11:27:16+00:00","dateModified":"2026-04-08T15:39:22+00:00","description":"Gef\u00e4lschtes Spiegelei mit sch\u00f6nem Orangen-Eigelb. Es sieht aus, als w\u00e4re das Ei gerade aus der Pfanne gekommen. Das Fake-Ei ist wie echt und \u00e4u\u00dferst dekorativ.","breadcrumb":{"@id":"https:\/\/decofoodshop.nl\/product\/namaak-gebakken-ei\/#breadcrumb"},"inLanguage":"de","potentialAction":[{"@type":"ReadAction","target":["https:\/\/decofoodshop.nl\/product\/namaak-gebakken-ei\/"]}]},{"@type":"ImageObject","inLanguage":"de","@id":"https:\/\/decofoodshop.nl\/product\/namaak-gebakken-ei\/#primaryimage","url":"https:\/\/decofoodshop.nl\/wp-content\/uploads\/2020\/02\/20200114_170241.jpg","contentUrl":"https:\/\/decofoodshop.nl\/wp-content\/uploads\/2020\/02\/20200114_170241.jpg","width":1200,"height":1203,"caption":"Namaak Gebakken Ei"},{"@type":"BreadcrumbList","@id":"https:\/\/decofoodshop.nl\/product\/namaak-gebakken-ei\/#breadcrumb","itemListElement":[{"@type":"ListItem","position":1,"name":"Home","item":"https:\/\/decofoodshop.nl\/"},{"@type":"ListItem","position":2,"name":"Winkel","item":"https:\/\/decofoodshop.nl\/winkel\/"},{"@type":"ListItem","position":3,"name":"Namaak Gebakken Ei"}]},{"@type":"WebSite","@id":"https:\/\/decofoodshop.nl\/#website","url":"https:\/\/decofoodshop.nl\/","name":"Dekofoodshop","description":"","potentialAction":[{"@type":"SearchAction","target":{"@type":"EntryPoint","urlTemplate":"https:\/\/decofoodshop.nl\/?s={search_term_string}"},"query-input":{"@type":"PropertyValueSpecification","valueRequired":true,"valueName":"search_term_string"}}],"inLanguage":"de"}]}},"_links":{"self":[{"href":"https:\/\/decofoodshop.nl\/de\/wp-json\/wp\/v2\/product\/2501","targetHints":{"allow":["GET"]}}],"collection":[{"href":"https:\/\/decofoodshop.nl\/de\/wp-json\/wp\/v2\/product"}],"about":[{"href":"https:\/\/decofoodshop.nl\/de\/wp-json\/wp\/v2\/types\/product"}],"wp:featuredmedia":[{"embeddable":true,"href":"https:\/\/decofoodshop.nl\/de\/wp-json\/wp\/v2\/media\/2502"}],"wp:attachment":[{"href":"https:\/\/decofoodshop.nl\/de\/wp-json\/wp\/v2\/media?parent=2501"}],"wp:term":[{"taxonomy":"product_brand","embeddable":true,"href":"https:\/\/decofoodshop.nl\/de\/wp-json\/wp\/v2\/product_brand?post=2501"},{"taxonomy":"product_cat","embeddable":true,"href":"https:\/\/decofoodshop.nl\/de\/wp-json\/wp\/v2\/product_cat?post=2501"},{"taxonomy":"product_tag","embeddable":true,"href":"https:\/\/decofoodshop.nl\/de\/wp-json\/wp\/v2\/product_tag?post=2501"}],"curies":[{"name":"wp","href":"https:\/\/api.w.org\/{rel}","templated":true}]}}