{"id":2605,"date":"2020-03-04T08:24:31","date_gmt":"2020-03-04T08:24:31","guid":{"rendered":"https:\/\/decofoodshop.nl\/?post_type=product&#038;p=2605"},"modified":"2026-03-03T16:08:50","modified_gmt":"2026-03-03T15:08:50","slug":"gefalschtes-baguette-klein","status":"publish","type":"product","link":"https:\/\/decofoodshop.nl\/de\/product\/nep-stokbrood-klein\/","title":{"rendered":"Gef\u00e4lschtes Baguette klein"},"content":{"rendered":"<p>Dieses gef\u00e4lschte Baguette klein ist von hoher Qualit\u00e4t.<\/p>\n<p>Das gef\u00e4lschte Baguette hat eine goldbraune Farbe mit einem helleren \u00dcbergang zu Wei\u00df auf der Oberseite.<\/p>\n<p>Seine Form ist wie ein echtes Baguette, nur etwas kleiner.<\/p>\n<p>Es gibt auch eine detaillierte Oberseite, die leicht aufzuspringen scheint, sodass das Kunstbaguette gerade aus dem Ofen kommt.<\/p>\n<p>Wij bieden ook een groot kunst stokbrood.<\/p>\n<p>Klicken<span style=\"color: #008000;\"> <a style=\"color: #008000;\" href=\"https:\/\/decofoodshop.nl\/de\/produktkategorie-2\/brotkuchen\/\">&#8216;<strong>Hier<\/strong>&#8216;<\/a> <\/span>f\u00fcr noch mehr Auswahl an Brot und Geb\u00e4ck.<\/p>","protected":false},"excerpt":{"rendered":"<p>Dit nep stokbrood klein is van hoge kwaliteit. Het namaak stokbrood heeft een goud bruine kleur met bovenop een lichtere overgang naar wit. Zijn vorm is net als een echt stokbrood maar dan iets kleiner. Ook is er een gedetailleerde bovenkant die licht lijkt open te barsten zodat het lijkt of het kunst stokbroodje net [&hellip;]<\/p>\n","protected":false},"featured_media":2606,"template":"","meta":{"_acf_changed":false,"_genesis_hide_title":false,"_genesis_hide_breadcrumbs":false,"_genesis_hide_singular_image":false,"_genesis_hide_footer_widgets":false,"_genesis_custom_body_class":"","_genesis_custom_post_class":"","_genesis_layout":""},"product_brand":[],"product_cat":[46],"product_tag":[],"class_list":{"0":"post-2605","1":"product","2":"type-product","3":"status-publish","4":"has-post-thumbnail","6":"product_cat-broodengebak","7":"entry","8":"wpx-has-gallery","10":"first","11":"instock","12":"taxable","13":"shipping-taxable","14":"purchasable","15":"product-type-simple"},"acf":[],"yoast_head":"<!-- This site is optimized with the Yoast SEO Premium plugin v27.3 (Yoast SEO v27.4) - https:\/\/yoast.com\/product\/yoast-seo-premium-wordpress\/ -->\n<title>Nep Stokbrood Klein - Verkrijgbaar Bij Decofoodshop<\/title>\n<meta name=\"description\" content=\"Mooi nep stokbrood klein met de geur van een echt stokbrood. Niet breekbaar en van hoge kwaliteit. Decofoodshop voor alle nepvoedsel.\" \/>\n<meta name=\"robots\" content=\"index, follow, max-snippet:-1, max-image-preview:large, max-video-preview:-1\" \/>\n<link rel=\"canonical\" href=\"https:\/\/decofoodshop.nl\/de\/produkt\/gefalschtes-baguette-klein\/\" \/>\n<meta property=\"og:locale\" content=\"de_DE\" \/>\n<meta property=\"og:type\" content=\"article\" \/>\n<meta property=\"og:title\" content=\"Nep Stokbrood Klein\" \/>\n<meta property=\"og:description\" content=\"Mooi nep stokbrood klein met de geur van een echt stokbrood. Niet breekbaar en van hoge kwaliteit. Decofoodshop voor alle nepvoedsel.\" \/>\n<meta property=\"og:url\" content=\"https:\/\/decofoodshop.nl\/de\/produkt\/gefalschtes-baguette-klein\/\" \/>\n<meta property=\"og:site_name\" content=\"Decofoodshop\" \/>\n<meta property=\"article:modified_time\" content=\"2026-03-03T15:08:50+00:00\" \/>\n<meta property=\"og:image\" content=\"https:\/\/decofoodshop.nl\/wp-content\/uploads\/2020\/03\/deze4.jpg\" \/>\n\t<meta property=\"og:image:width\" content=\"1200\" \/>\n\t<meta property=\"og:image:height\" content=\"1200\" \/>\n\t<meta property=\"og:image:type\" content=\"image\/jpeg\" \/>\n<meta name=\"twitter:card\" content=\"summary_large_image\" \/>\n<meta name=\"twitter:label1\" content=\"Gesch\u00e4tzte Lesezeit\" \/>\n\t<meta name=\"twitter:data1\" content=\"1\u00a0Minute\" \/>\n<script type=\"application\/ld+json\" class=\"yoast-schema-graph\">{\"@context\":\"https:\\\/\\\/schema.org\",\"@graph\":[{\"@type\":\"WebPage\",\"@id\":\"https:\\\/\\\/decofoodshop.nl\\\/product\\\/nep-stokbrood-klein\\\/\",\"url\":\"https:\\\/\\\/decofoodshop.nl\\\/product\\\/nep-stokbrood-klein\\\/\",\"name\":\"Nep Stokbrood Klein - Verkrijgbaar Bij Decofoodshop\",\"isPartOf\":{\"@id\":\"https:\\\/\\\/decofoodshop.nl\\\/#website\"},\"primaryImageOfPage\":{\"@id\":\"https:\\\/\\\/decofoodshop.nl\\\/product\\\/nep-stokbrood-klein\\\/#primaryimage\"},\"image\":{\"@id\":\"https:\\\/\\\/decofoodshop.nl\\\/product\\\/nep-stokbrood-klein\\\/#primaryimage\"},\"thumbnailUrl\":\"https:\\\/\\\/decofoodshop.nl\\\/wp-content\\\/uploads\\\/2020\\\/03\\\/deze4.jpg\",\"datePublished\":\"2020-03-04T08:24:31+00:00\",\"dateModified\":\"2026-03-03T15:08:50+00:00\",\"description\":\"Mooi nep stokbrood klein met de geur van een echt stokbrood. Niet breekbaar en van hoge kwaliteit. Decofoodshop voor alle nepvoedsel.\",\"breadcrumb\":{\"@id\":\"https:\\\/\\\/decofoodshop.nl\\\/product\\\/nep-stokbrood-klein\\\/#breadcrumb\"},\"inLanguage\":\"de\",\"potentialAction\":[{\"@type\":\"ReadAction\",\"target\":[\"https:\\\/\\\/decofoodshop.nl\\\/product\\\/nep-stokbrood-klein\\\/\"]}]},{\"@type\":\"ImageObject\",\"inLanguage\":\"de\",\"@id\":\"https:\\\/\\\/decofoodshop.nl\\\/product\\\/nep-stokbrood-klein\\\/#primaryimage\",\"url\":\"https:\\\/\\\/decofoodshop.nl\\\/wp-content\\\/uploads\\\/2020\\\/03\\\/deze4.jpg\",\"contentUrl\":\"https:\\\/\\\/decofoodshop.nl\\\/wp-content\\\/uploads\\\/2020\\\/03\\\/deze4.jpg\",\"width\":1200,\"height\":1200,\"caption\":\"Nep Stokbrood Klein\"},{\"@type\":\"BreadcrumbList\",\"@id\":\"https:\\\/\\\/decofoodshop.nl\\\/product\\\/nep-stokbrood-klein\\\/#breadcrumb\",\"itemListElement\":[{\"@type\":\"ListItem\",\"position\":1,\"name\":\"Home\",\"item\":\"https:\\\/\\\/decofoodshop.nl\\\/\"},{\"@type\":\"ListItem\",\"position\":2,\"name\":\"Winkel\",\"item\":\"https:\\\/\\\/decofoodshop.nl\\\/winkel\\\/\"},{\"@type\":\"ListItem\",\"position\":3,\"name\":\"Nep Stokbrood Klein\"}]},{\"@type\":\"WebSite\",\"@id\":\"https:\\\/\\\/decofoodshop.nl\\\/#website\",\"url\":\"https:\\\/\\\/decofoodshop.nl\\\/\",\"name\":\"Decofoodshop\",\"description\":\"\",\"potentialAction\":[{\"@type\":\"SearchAction\",\"target\":{\"@type\":\"EntryPoint\",\"urlTemplate\":\"https:\\\/\\\/decofoodshop.nl\\\/?s={search_term_string}\"},\"query-input\":{\"@type\":\"PropertyValueSpecification\",\"valueRequired\":true,\"valueName\":\"search_term_string\"}}],\"inLanguage\":\"de\"}]}<\/script>\n<!-- \/ Yoast SEO Premium plugin. -->","yoast_head_json":{"title":"Gef\u00e4lschtes Baguette Small - Erh\u00e4ltlich bei Decofoodshop","description":"Sch\u00f6nes falsches Baguette klein mit dem Geruch eines echten Baguettes. Nicht zerbrechlich und hochwertig. Decofoodshop f\u00fcr alle gef\u00e4lschten Lebensmittel.","robots":{"index":"index","follow":"follow","max-snippet":"max-snippet:-1","max-image-preview":"max-image-preview:large","max-video-preview":"max-video-preview:-1"},"canonical":"https:\/\/decofoodshop.nl\/de\/produkt\/gefalschtes-baguette-klein\/","og_locale":"de_DE","og_type":"article","og_title":"Nep Stokbrood Klein","og_description":"Mooi nep stokbrood klein met de geur van een echt stokbrood. Niet breekbaar en van hoge kwaliteit. Decofoodshop voor alle nepvoedsel.","og_url":"https:\/\/decofoodshop.nl\/de\/produkt\/gefalschtes-baguette-klein\/","og_site_name":"Decofoodshop","article_modified_time":"2026-03-03T15:08:50+00:00","og_image":[{"width":1200,"height":1200,"url":"https:\/\/decofoodshop.nl\/wp-content\/uploads\/2020\/03\/deze4.jpg","type":"image\/jpeg"}],"twitter_card":"summary_large_image","twitter_misc":{"Gesch\u00e4tzte Lesezeit":"1\u00a0Minute"},"schema":{"@context":"https:\/\/schema.org","@graph":[{"@type":"WebPage","@id":"https:\/\/decofoodshop.nl\/product\/nep-stokbrood-klein\/","url":"https:\/\/decofoodshop.nl\/product\/nep-stokbrood-klein\/","name":"Gef\u00e4lschtes Baguette Small - Erh\u00e4ltlich bei Decofoodshop","isPartOf":{"@id":"https:\/\/decofoodshop.nl\/#website"},"primaryImageOfPage":{"@id":"https:\/\/decofoodshop.nl\/product\/nep-stokbrood-klein\/#primaryimage"},"image":{"@id":"https:\/\/decofoodshop.nl\/product\/nep-stokbrood-klein\/#primaryimage"},"thumbnailUrl":"https:\/\/decofoodshop.nl\/wp-content\/uploads\/2020\/03\/deze4.jpg","datePublished":"2020-03-04T08:24:31+00:00","dateModified":"2026-03-03T15:08:50+00:00","description":"Sch\u00f6nes falsches Baguette klein mit dem Geruch eines echten Baguettes. Nicht zerbrechlich und hochwertig. Decofoodshop f\u00fcr alle gef\u00e4lschten Lebensmittel.","breadcrumb":{"@id":"https:\/\/decofoodshop.nl\/product\/nep-stokbrood-klein\/#breadcrumb"},"inLanguage":"de","potentialAction":[{"@type":"ReadAction","target":["https:\/\/decofoodshop.nl\/product\/nep-stokbrood-klein\/"]}]},{"@type":"ImageObject","inLanguage":"de","@id":"https:\/\/decofoodshop.nl\/product\/nep-stokbrood-klein\/#primaryimage","url":"https:\/\/decofoodshop.nl\/wp-content\/uploads\/2020\/03\/deze4.jpg","contentUrl":"https:\/\/decofoodshop.nl\/wp-content\/uploads\/2020\/03\/deze4.jpg","width":1200,"height":1200,"caption":"Nep Stokbrood Klein"},{"@type":"BreadcrumbList","@id":"https:\/\/decofoodshop.nl\/product\/nep-stokbrood-klein\/#breadcrumb","itemListElement":[{"@type":"ListItem","position":1,"name":"Home","item":"https:\/\/decofoodshop.nl\/"},{"@type":"ListItem","position":2,"name":"Winkel","item":"https:\/\/decofoodshop.nl\/winkel\/"},{"@type":"ListItem","position":3,"name":"Nep Stokbrood Klein"}]},{"@type":"WebSite","@id":"https:\/\/decofoodshop.nl\/#website","url":"https:\/\/decofoodshop.nl\/","name":"Dekofoodshop","description":"","potentialAction":[{"@type":"SearchAction","target":{"@type":"EntryPoint","urlTemplate":"https:\/\/decofoodshop.nl\/?s={search_term_string}"},"query-input":{"@type":"PropertyValueSpecification","valueRequired":true,"valueName":"search_term_string"}}],"inLanguage":"de"}]}},"_links":{"self":[{"href":"https:\/\/decofoodshop.nl\/de\/wp-json\/wp\/v2\/product\/2605","targetHints":{"allow":["GET"]}}],"collection":[{"href":"https:\/\/decofoodshop.nl\/de\/wp-json\/wp\/v2\/product"}],"about":[{"href":"https:\/\/decofoodshop.nl\/de\/wp-json\/wp\/v2\/types\/product"}],"wp:featuredmedia":[{"embeddable":true,"href":"https:\/\/decofoodshop.nl\/de\/wp-json\/wp\/v2\/media\/2606"}],"wp:attachment":[{"href":"https:\/\/decofoodshop.nl\/de\/wp-json\/wp\/v2\/media?parent=2605"}],"wp:term":[{"taxonomy":"product_brand","embeddable":true,"href":"https:\/\/decofoodshop.nl\/de\/wp-json\/wp\/v2\/product_brand?post=2605"},{"taxonomy":"product_cat","embeddable":true,"href":"https:\/\/decofoodshop.nl\/de\/wp-json\/wp\/v2\/product_cat?post=2605"},{"taxonomy":"product_tag","embeddable":true,"href":"https:\/\/decofoodshop.nl\/de\/wp-json\/wp\/v2\/product_tag?post=2605"}],"curies":[{"name":"wp","href":"https:\/\/api.w.org\/{rel}","templated":true}]}}