{"id":2618,"date":"2020-03-04T09:29:18","date_gmt":"2020-03-04T09:29:18","guid":{"rendered":"https:\/\/decofoodshop.nl\/?post_type=product&#038;p=2618"},"modified":"2026-04-25T14:02:45","modified_gmt":"2026-04-25T12:02:45","slug":"falsches-croissant","status":"publish","type":"product","link":"https:\/\/decofoodshop.nl\/de\/product\/namaak-croissant\/","title":{"rendered":"Falsches Croissant"},"content":{"rendered":"<p>Dieses sch\u00f6ne und hochwertige gef\u00e4lschte Croissant ist \u00e4u\u00dferst dekorativ.<\/p>\n<p>Aufgrund seines realistischen Aussehens und seiner nat\u00fcrlichen Form sieht es genauso aus wie das Original.<\/p>\n<p>Seine Farbe ist hellbraun mit goldbraunen Reflexen.<\/p>\n<p>Dieses Kunstcroissant ist auch komprimierbar.<\/p>\n<p>Das Ziercroissant riecht sogar nach frisch gebackenem Croissant!<\/p>\n<p>Sehen Sie sich auch unser Angebot an:<span style=\"color: #008000;\"> <a style=\"color: #008000;\" href=\"https:\/\/decofoodshop.nl\/de\/produktkategorie-2\/pakete\/\">&#8216;<strong>Pakete<\/strong>&#8216;<\/a>,<\/span> f\u00fcr Fertigbrotpakete.<\/p>","protected":false},"excerpt":{"rendered":"<p>Deze mooie en hoge kwaliteit namaak croissant is uiterst decoratief. Door zijn realistische uiterlijk en zijn natuurlijke vorm oogt hij net echt. Zijn kleur is licht gebruind met goudbruine accenten. Ook is deze kunst croissant indrukbaar. De sier croissant ruikt zelfs naar een vers gebakken croissant! U kunt ook even kijken bij ons aanbod: &#8216;Pakketten&#8216;, [&hellip;]<\/p>\n","protected":false},"featured_media":2619,"template":"","meta":{"_acf_changed":false,"_genesis_hide_title":false,"_genesis_hide_breadcrumbs":false,"_genesis_hide_singular_image":false,"_genesis_hide_footer_widgets":false,"_genesis_custom_body_class":"","_genesis_custom_post_class":"","_genesis_layout":""},"product_brand":[],"product_cat":[46],"product_tag":[],"class_list":{"0":"post-2618","1":"product","2":"type-product","3":"status-publish","4":"has-post-thumbnail","6":"product_cat-broodengebak","7":"entry","8":"wpx-has-gallery","10":"first","11":"instock","12":"taxable","13":"shipping-taxable","14":"purchasable","15":"product-type-simple"},"acf":[],"yoast_head":"<!-- This site is optimized with the Yoast SEO Premium plugin v27.4 (Yoast SEO v27.4) - https:\/\/yoast.com\/product\/yoast-seo-premium-wordpress\/ -->\n<title>Namaak Croissant - Verkrijgbaar Bij Decofoodshop<\/title>\n<meta name=\"description\" content=\"Buigbare namaak croissant van hoge kwaliteit. Mooie goudbruine kleur en niet breekbaar. Super geschikt als decoratie voor in uw winkel.\" \/>\n<meta name=\"robots\" content=\"index, follow, max-snippet:-1, max-image-preview:large, max-video-preview:-1\" \/>\n<link rel=\"canonical\" href=\"https:\/\/decofoodshop.nl\/de\/produkt\/falsches-croissant\/\" \/>\n<meta property=\"og:locale\" content=\"de_DE\" \/>\n<meta property=\"og:type\" content=\"article\" \/>\n<meta property=\"og:title\" content=\"Namaak Croissant\" \/>\n<meta property=\"og:description\" content=\"Buigbare namaak croissant van hoge kwaliteit. Mooie goudbruine kleur en niet breekbaar. Super geschikt als decoratie voor in uw winkel.\" \/>\n<meta property=\"og:url\" content=\"https:\/\/decofoodshop.nl\/de\/produkt\/falsches-croissant\/\" \/>\n<meta property=\"og:site_name\" content=\"Decofoodshop\" \/>\n<meta property=\"article:modified_time\" content=\"2026-04-25T12:02:45+00:00\" \/>\n<meta property=\"og:image\" content=\"https:\/\/decofoodshop.nl\/wp-content\/uploads\/2020\/03\/deze5.jpg\" \/>\n\t<meta property=\"og:image:width\" content=\"1492\" \/>\n\t<meta property=\"og:image:height\" content=\"1496\" \/>\n\t<meta property=\"og:image:type\" content=\"image\/jpeg\" \/>\n<meta name=\"twitter:card\" content=\"summary_large_image\" \/>\n<meta name=\"twitter:label1\" content=\"Gesch\u00e4tzte Lesezeit\" \/>\n\t<meta name=\"twitter:data1\" content=\"1\u00a0Minute\" \/>\n<script type=\"application\/ld+json\" class=\"yoast-schema-graph\">{\"@context\":\"https:\\\/\\\/schema.org\",\"@graph\":[{\"@type\":\"WebPage\",\"@id\":\"https:\\\/\\\/decofoodshop.nl\\\/product\\\/namaak-croissant\\\/\",\"url\":\"https:\\\/\\\/decofoodshop.nl\\\/product\\\/namaak-croissant\\\/\",\"name\":\"Namaak Croissant - Verkrijgbaar Bij Decofoodshop\",\"isPartOf\":{\"@id\":\"https:\\\/\\\/decofoodshop.nl\\\/#website\"},\"primaryImageOfPage\":{\"@id\":\"https:\\\/\\\/decofoodshop.nl\\\/product\\\/namaak-croissant\\\/#primaryimage\"},\"image\":{\"@id\":\"https:\\\/\\\/decofoodshop.nl\\\/product\\\/namaak-croissant\\\/#primaryimage\"},\"thumbnailUrl\":\"https:\\\/\\\/decofoodshop.nl\\\/wp-content\\\/uploads\\\/2020\\\/03\\\/deze5.jpg\",\"datePublished\":\"2020-03-04T09:29:18+00:00\",\"dateModified\":\"2026-04-25T12:02:45+00:00\",\"description\":\"Buigbare namaak croissant van hoge kwaliteit. Mooie goudbruine kleur en niet breekbaar. Super geschikt als decoratie voor in uw winkel.\",\"breadcrumb\":{\"@id\":\"https:\\\/\\\/decofoodshop.nl\\\/product\\\/namaak-croissant\\\/#breadcrumb\"},\"inLanguage\":\"de\",\"potentialAction\":[{\"@type\":\"ReadAction\",\"target\":[\"https:\\\/\\\/decofoodshop.nl\\\/product\\\/namaak-croissant\\\/\"]}]},{\"@type\":\"ImageObject\",\"inLanguage\":\"de\",\"@id\":\"https:\\\/\\\/decofoodshop.nl\\\/product\\\/namaak-croissant\\\/#primaryimage\",\"url\":\"https:\\\/\\\/decofoodshop.nl\\\/wp-content\\\/uploads\\\/2020\\\/03\\\/deze5.jpg\",\"contentUrl\":\"https:\\\/\\\/decofoodshop.nl\\\/wp-content\\\/uploads\\\/2020\\\/03\\\/deze5.jpg\",\"width\":1492,\"height\":1496,\"caption\":\"Namaak Croissant\"},{\"@type\":\"BreadcrumbList\",\"@id\":\"https:\\\/\\\/decofoodshop.nl\\\/product\\\/namaak-croissant\\\/#breadcrumb\",\"itemListElement\":[{\"@type\":\"ListItem\",\"position\":1,\"name\":\"Home\",\"item\":\"https:\\\/\\\/decofoodshop.nl\\\/\"},{\"@type\":\"ListItem\",\"position\":2,\"name\":\"Winkel\",\"item\":\"https:\\\/\\\/decofoodshop.nl\\\/winkel\\\/\"},{\"@type\":\"ListItem\",\"position\":3,\"name\":\"Namaak Croissant\"}]},{\"@type\":\"WebSite\",\"@id\":\"https:\\\/\\\/decofoodshop.nl\\\/#website\",\"url\":\"https:\\\/\\\/decofoodshop.nl\\\/\",\"name\":\"Decofoodshop\",\"description\":\"\",\"potentialAction\":[{\"@type\":\"SearchAction\",\"target\":{\"@type\":\"EntryPoint\",\"urlTemplate\":\"https:\\\/\\\/decofoodshop.nl\\\/?s={search_term_string}\"},\"query-input\":{\"@type\":\"PropertyValueSpecification\",\"valueRequired\":true,\"valueName\":\"search_term_string\"}}],\"inLanguage\":\"de\"}]}<\/script>\n<!-- \/ Yoast SEO Premium plugin. -->","yoast_head_json":{"title":"Gef\u00e4lschtes Croissant - Erh\u00e4ltlich bei Decofoodshop","description":"Hochwertiges biegbares gef\u00e4lschtes Croissant. Sch\u00f6ne goldbraune Farbe und nicht zerbrechlich. Super geeignet als Dekoration f\u00fcr Ihr Gesch\u00e4ft.","robots":{"index":"index","follow":"follow","max-snippet":"max-snippet:-1","max-image-preview":"max-image-preview:large","max-video-preview":"max-video-preview:-1"},"canonical":"https:\/\/decofoodshop.nl\/de\/produkt\/falsches-croissant\/","og_locale":"de_DE","og_type":"article","og_title":"Namaak Croissant","og_description":"Buigbare namaak croissant van hoge kwaliteit. Mooie goudbruine kleur en niet breekbaar. Super geschikt als decoratie voor in uw winkel.","og_url":"https:\/\/decofoodshop.nl\/de\/produkt\/falsches-croissant\/","og_site_name":"Decofoodshop","article_modified_time":"2026-04-25T12:02:45+00:00","og_image":[{"width":1492,"height":1496,"url":"https:\/\/decofoodshop.nl\/wp-content\/uploads\/2020\/03\/deze5.jpg","type":"image\/jpeg"}],"twitter_card":"summary_large_image","twitter_misc":{"Gesch\u00e4tzte Lesezeit":"1\u00a0Minute"},"schema":{"@context":"https:\/\/schema.org","@graph":[{"@type":"WebPage","@id":"https:\/\/decofoodshop.nl\/product\/namaak-croissant\/","url":"https:\/\/decofoodshop.nl\/product\/namaak-croissant\/","name":"Gef\u00e4lschtes Croissant - Erh\u00e4ltlich bei Decofoodshop","isPartOf":{"@id":"https:\/\/decofoodshop.nl\/#website"},"primaryImageOfPage":{"@id":"https:\/\/decofoodshop.nl\/product\/namaak-croissant\/#primaryimage"},"image":{"@id":"https:\/\/decofoodshop.nl\/product\/namaak-croissant\/#primaryimage"},"thumbnailUrl":"https:\/\/decofoodshop.nl\/wp-content\/uploads\/2020\/03\/deze5.jpg","datePublished":"2020-03-04T09:29:18+00:00","dateModified":"2026-04-25T12:02:45+00:00","description":"Hochwertiges biegbares gef\u00e4lschtes Croissant. Sch\u00f6ne goldbraune Farbe und nicht zerbrechlich. Super geeignet als Dekoration f\u00fcr Ihr Gesch\u00e4ft.","breadcrumb":{"@id":"https:\/\/decofoodshop.nl\/product\/namaak-croissant\/#breadcrumb"},"inLanguage":"de","potentialAction":[{"@type":"ReadAction","target":["https:\/\/decofoodshop.nl\/product\/namaak-croissant\/"]}]},{"@type":"ImageObject","inLanguage":"de","@id":"https:\/\/decofoodshop.nl\/product\/namaak-croissant\/#primaryimage","url":"https:\/\/decofoodshop.nl\/wp-content\/uploads\/2020\/03\/deze5.jpg","contentUrl":"https:\/\/decofoodshop.nl\/wp-content\/uploads\/2020\/03\/deze5.jpg","width":1492,"height":1496,"caption":"Namaak Croissant"},{"@type":"BreadcrumbList","@id":"https:\/\/decofoodshop.nl\/product\/namaak-croissant\/#breadcrumb","itemListElement":[{"@type":"ListItem","position":1,"name":"Home","item":"https:\/\/decofoodshop.nl\/"},{"@type":"ListItem","position":2,"name":"Winkel","item":"https:\/\/decofoodshop.nl\/winkel\/"},{"@type":"ListItem","position":3,"name":"Namaak Croissant"}]},{"@type":"WebSite","@id":"https:\/\/decofoodshop.nl\/#website","url":"https:\/\/decofoodshop.nl\/","name":"Dekofoodshop","description":"","potentialAction":[{"@type":"SearchAction","target":{"@type":"EntryPoint","urlTemplate":"https:\/\/decofoodshop.nl\/?s={search_term_string}"},"query-input":{"@type":"PropertyValueSpecification","valueRequired":true,"valueName":"search_term_string"}}],"inLanguage":"de"}]}},"_links":{"self":[{"href":"https:\/\/decofoodshop.nl\/de\/wp-json\/wp\/v2\/product\/2618","targetHints":{"allow":["GET"]}}],"collection":[{"href":"https:\/\/decofoodshop.nl\/de\/wp-json\/wp\/v2\/product"}],"about":[{"href":"https:\/\/decofoodshop.nl\/de\/wp-json\/wp\/v2\/types\/product"}],"wp:featuredmedia":[{"embeddable":true,"href":"https:\/\/decofoodshop.nl\/de\/wp-json\/wp\/v2\/media\/2619"}],"wp:attachment":[{"href":"https:\/\/decofoodshop.nl\/de\/wp-json\/wp\/v2\/media?parent=2618"}],"wp:term":[{"taxonomy":"product_brand","embeddable":true,"href":"https:\/\/decofoodshop.nl\/de\/wp-json\/wp\/v2\/product_brand?post=2618"},{"taxonomy":"product_cat","embeddable":true,"href":"https:\/\/decofoodshop.nl\/de\/wp-json\/wp\/v2\/product_cat?post=2618"},{"taxonomy":"product_tag","embeddable":true,"href":"https:\/\/decofoodshop.nl\/de\/wp-json\/wp\/v2\/product_tag?post=2618"}],"curies":[{"name":"wp","href":"https:\/\/api.w.org\/{rel}","templated":true}]}}