{"id":2677,"date":"2020-03-09T08:35:08","date_gmt":"2020-03-09T08:35:08","guid":{"rendered":"https:\/\/decofoodshop.nl\/?post_type=product&#038;p=2677"},"modified":"2026-03-16T16:23:46","modified_gmt":"2026-03-16T15:23:46","slug":"gefalschter-brokkoli","status":"publish","type":"product","link":"https:\/\/decofoodshop.nl\/de\/product\/namaak-broccoli\/","title":{"rendered":"Gef\u00e4lschter Brokkoli"},"content":{"rendered":"<p>Dies ist ein wundersch\u00f6ner, naturgetreuer, gef\u00e4lschter Brokkoli.<\/p>\n<p>Der gef\u00e4lschte Brokkoli hat eine dunkelgr\u00fcne Farbe.<\/p>\n<p>Der k\u00fcnstliche Brokkoli hat au\u00dferdem drei hellgr\u00fcne Bl\u00e4tter.<\/p>\n<p>Ausgestattet mit einem geschnittenen Stiel an der Unterseite.<\/p>\n<p>Die Oberseite ist uneben und wie ein echter Brokkoli geformt.<\/p>\n<p>Dieser gef\u00e4lschte Brokkoli ist quetschbar und nicht zerbrechlich.<\/p>\n<p>Weitere Produkte wie gef\u00e4lschter Blumenkohl finden Sie unter:<span style=\"color: #008000;\"> <a style=\"color: #008000;\" href=\"https:\/\/decofoodshop.nl\/de\/produktkategorie-2\/kunstliches-gemuse\/\">\u201eK\u00fcnstliches Gem\u00fcse\u201c<\/a>.<\/span><\/p>","protected":false},"excerpt":{"rendered":"<p>Dit is een prachtige op ware grote namaak broccoli. De nep broccoli heeft een donker groene kleur. Ook heeft de kunst broccoli drie lichter groene bladeren. Voorzien van afgesneden steel aan de onderkant. De bovenkant is bobbelig en gevormd net als een echte broccoli. Deze namaak broccoli is indrukbaar en niet breekbaar. Kijk voor meer [&hellip;]<\/p>\n","protected":false},"featured_media":2684,"template":"","meta":{"_acf_changed":false,"_genesis_hide_title":false,"_genesis_hide_breadcrumbs":false,"_genesis_hide_singular_image":false,"_genesis_hide_footer_widgets":false,"_genesis_custom_body_class":"","_genesis_custom_post_class":"","_genesis_layout":""},"product_brand":[],"product_cat":[48],"product_tag":[],"class_list":{"0":"post-2677","1":"product","2":"type-product","3":"status-publish","4":"has-post-thumbnail","6":"product_cat-kunstgroenten","7":"entry","8":"wpx-has-gallery","10":"first","11":"instock","12":"taxable","13":"shipping-taxable","14":"purchasable","15":"product-type-simple"},"acf":[],"yoast_head":"<!-- This site is optimized with the Yoast SEO Premium plugin v27.3 (Yoast SEO v27.4) - https:\/\/yoast.com\/product\/yoast-seo-premium-wordpress\/ -->\n<title>Namaak Broccoli en andere Kunstgroenten - Bij Decofoodshop<\/title>\n<meta name=\"description\" content=\"Prachtige namaak broccoli. Ook verkrijgbaar namaak bloemkool en namaak ijsbergsla en nog vele andere realistische kunst groente artikelen.\" \/>\n<meta name=\"robots\" content=\"index, follow, max-snippet:-1, max-image-preview:large, max-video-preview:-1\" \/>\n<link rel=\"canonical\" href=\"https:\/\/decofoodshop.nl\/de\/produkt\/gefalschter-brokkoli\/\" \/>\n<meta property=\"og:locale\" content=\"de_DE\" \/>\n<meta property=\"og:type\" content=\"article\" \/>\n<meta property=\"og:title\" content=\"Namaak Broccoli\" \/>\n<meta property=\"og:description\" content=\"Prachtige namaak broccoli. Ook verkrijgbaar namaak bloemkool en namaak ijsbergsla en nog vele andere realistische kunst groente artikelen.\" \/>\n<meta property=\"og:url\" content=\"https:\/\/decofoodshop.nl\/de\/produkt\/gefalschter-brokkoli\/\" \/>\n<meta property=\"og:site_name\" content=\"Decofoodshop\" \/>\n<meta property=\"article:modified_time\" content=\"2026-03-16T15:23:46+00:00\" \/>\n<meta property=\"og:image\" content=\"https:\/\/decofoodshop.nl\/wp-content\/uploads\/2020\/03\/IMG_9481-1.jpg\" \/>\n\t<meta property=\"og:image:width\" content=\"1152\" \/>\n\t<meta property=\"og:image:height\" content=\"1152\" \/>\n\t<meta property=\"og:image:type\" content=\"image\/jpeg\" \/>\n<meta name=\"twitter:card\" content=\"summary_large_image\" \/>\n<meta name=\"twitter:label1\" content=\"Gesch\u00e4tzte Lesezeit\" \/>\n\t<meta name=\"twitter:data1\" content=\"1\u00a0Minute\" \/>\n<script type=\"application\/ld+json\" class=\"yoast-schema-graph\">{\"@context\":\"https:\\\/\\\/schema.org\",\"@graph\":[{\"@type\":\"WebPage\",\"@id\":\"https:\\\/\\\/decofoodshop.nl\\\/product\\\/namaak-broccoli\\\/\",\"url\":\"https:\\\/\\\/decofoodshop.nl\\\/product\\\/namaak-broccoli\\\/\",\"name\":\"Namaak Broccoli en andere Kunstgroenten - Bij Decofoodshop\",\"isPartOf\":{\"@id\":\"https:\\\/\\\/decofoodshop.nl\\\/#website\"},\"primaryImageOfPage\":{\"@id\":\"https:\\\/\\\/decofoodshop.nl\\\/product\\\/namaak-broccoli\\\/#primaryimage\"},\"image\":{\"@id\":\"https:\\\/\\\/decofoodshop.nl\\\/product\\\/namaak-broccoli\\\/#primaryimage\"},\"thumbnailUrl\":\"https:\\\/\\\/decofoodshop.nl\\\/wp-content\\\/uploads\\\/2020\\\/03\\\/IMG_9481-1.jpg\",\"datePublished\":\"2020-03-09T08:35:08+00:00\",\"dateModified\":\"2026-03-16T15:23:46+00:00\",\"description\":\"Prachtige namaak broccoli. Ook verkrijgbaar namaak bloemkool en namaak ijsbergsla en nog vele andere realistische kunst groente artikelen.\",\"breadcrumb\":{\"@id\":\"https:\\\/\\\/decofoodshop.nl\\\/product\\\/namaak-broccoli\\\/#breadcrumb\"},\"inLanguage\":\"de\",\"potentialAction\":[{\"@type\":\"ReadAction\",\"target\":[\"https:\\\/\\\/decofoodshop.nl\\\/product\\\/namaak-broccoli\\\/\"]}]},{\"@type\":\"ImageObject\",\"inLanguage\":\"de\",\"@id\":\"https:\\\/\\\/decofoodshop.nl\\\/product\\\/namaak-broccoli\\\/#primaryimage\",\"url\":\"https:\\\/\\\/decofoodshop.nl\\\/wp-content\\\/uploads\\\/2020\\\/03\\\/IMG_9481-1.jpg\",\"contentUrl\":\"https:\\\/\\\/decofoodshop.nl\\\/wp-content\\\/uploads\\\/2020\\\/03\\\/IMG_9481-1.jpg\",\"width\":1152,\"height\":1152,\"caption\":\"Namaak Broccoli\"},{\"@type\":\"BreadcrumbList\",\"@id\":\"https:\\\/\\\/decofoodshop.nl\\\/product\\\/namaak-broccoli\\\/#breadcrumb\",\"itemListElement\":[{\"@type\":\"ListItem\",\"position\":1,\"name\":\"Home\",\"item\":\"https:\\\/\\\/decofoodshop.nl\\\/\"},{\"@type\":\"ListItem\",\"position\":2,\"name\":\"Winkel\",\"item\":\"https:\\\/\\\/decofoodshop.nl\\\/winkel\\\/\"},{\"@type\":\"ListItem\",\"position\":3,\"name\":\"Namaak Broccoli\"}]},{\"@type\":\"WebSite\",\"@id\":\"https:\\\/\\\/decofoodshop.nl\\\/#website\",\"url\":\"https:\\\/\\\/decofoodshop.nl\\\/\",\"name\":\"Decofoodshop\",\"description\":\"\",\"potentialAction\":[{\"@type\":\"SearchAction\",\"target\":{\"@type\":\"EntryPoint\",\"urlTemplate\":\"https:\\\/\\\/decofoodshop.nl\\\/?s={search_term_string}\"},\"query-input\":{\"@type\":\"PropertyValueSpecification\",\"valueRequired\":true,\"valueName\":\"search_term_string\"}}],\"inLanguage\":\"de\"}]}<\/script>\n<!-- \/ Yoast SEO Premium plugin. -->","yoast_head_json":{"title":"Gef\u00e4lschter Brokkoli und anderes k\u00fcnstliches Gem\u00fcse - Bei Decofoodshop","description":"Sch\u00f6ner k\u00fcnstlicher Brokkoli. Auch erh\u00e4ltlich: gef\u00e4lschter Blumenkohl und gef\u00e4lschter Eisbergsalat und viele andere realistische Kunstgem\u00fcseartikel.","robots":{"index":"index","follow":"follow","max-snippet":"max-snippet:-1","max-image-preview":"max-image-preview:large","max-video-preview":"max-video-preview:-1"},"canonical":"https:\/\/decofoodshop.nl\/de\/produkt\/gefalschter-brokkoli\/","og_locale":"de_DE","og_type":"article","og_title":"Namaak Broccoli","og_description":"Prachtige namaak broccoli. Ook verkrijgbaar namaak bloemkool en namaak ijsbergsla en nog vele andere realistische kunst groente artikelen.","og_url":"https:\/\/decofoodshop.nl\/de\/produkt\/gefalschter-brokkoli\/","og_site_name":"Decofoodshop","article_modified_time":"2026-03-16T15:23:46+00:00","og_image":[{"width":1152,"height":1152,"url":"https:\/\/decofoodshop.nl\/wp-content\/uploads\/2020\/03\/IMG_9481-1.jpg","type":"image\/jpeg"}],"twitter_card":"summary_large_image","twitter_misc":{"Gesch\u00e4tzte Lesezeit":"1\u00a0Minute"},"schema":{"@context":"https:\/\/schema.org","@graph":[{"@type":"WebPage","@id":"https:\/\/decofoodshop.nl\/product\/namaak-broccoli\/","url":"https:\/\/decofoodshop.nl\/product\/namaak-broccoli\/","name":"Gef\u00e4lschter Brokkoli und anderes k\u00fcnstliches Gem\u00fcse - Bei Decofoodshop","isPartOf":{"@id":"https:\/\/decofoodshop.nl\/#website"},"primaryImageOfPage":{"@id":"https:\/\/decofoodshop.nl\/product\/namaak-broccoli\/#primaryimage"},"image":{"@id":"https:\/\/decofoodshop.nl\/product\/namaak-broccoli\/#primaryimage"},"thumbnailUrl":"https:\/\/decofoodshop.nl\/wp-content\/uploads\/2020\/03\/IMG_9481-1.jpg","datePublished":"2020-03-09T08:35:08+00:00","dateModified":"2026-03-16T15:23:46+00:00","description":"Sch\u00f6ner k\u00fcnstlicher Brokkoli. Auch erh\u00e4ltlich: gef\u00e4lschter Blumenkohl und gef\u00e4lschter Eisbergsalat und viele andere realistische Kunstgem\u00fcseartikel.","breadcrumb":{"@id":"https:\/\/decofoodshop.nl\/product\/namaak-broccoli\/#breadcrumb"},"inLanguage":"de","potentialAction":[{"@type":"ReadAction","target":["https:\/\/decofoodshop.nl\/product\/namaak-broccoli\/"]}]},{"@type":"ImageObject","inLanguage":"de","@id":"https:\/\/decofoodshop.nl\/product\/namaak-broccoli\/#primaryimage","url":"https:\/\/decofoodshop.nl\/wp-content\/uploads\/2020\/03\/IMG_9481-1.jpg","contentUrl":"https:\/\/decofoodshop.nl\/wp-content\/uploads\/2020\/03\/IMG_9481-1.jpg","width":1152,"height":1152,"caption":"Namaak Broccoli"},{"@type":"BreadcrumbList","@id":"https:\/\/decofoodshop.nl\/product\/namaak-broccoli\/#breadcrumb","itemListElement":[{"@type":"ListItem","position":1,"name":"Home","item":"https:\/\/decofoodshop.nl\/"},{"@type":"ListItem","position":2,"name":"Winkel","item":"https:\/\/decofoodshop.nl\/winkel\/"},{"@type":"ListItem","position":3,"name":"Namaak Broccoli"}]},{"@type":"WebSite","@id":"https:\/\/decofoodshop.nl\/#website","url":"https:\/\/decofoodshop.nl\/","name":"Dekofoodshop","description":"","potentialAction":[{"@type":"SearchAction","target":{"@type":"EntryPoint","urlTemplate":"https:\/\/decofoodshop.nl\/?s={search_term_string}"},"query-input":{"@type":"PropertyValueSpecification","valueRequired":true,"valueName":"search_term_string"}}],"inLanguage":"de"}]}},"_links":{"self":[{"href":"https:\/\/decofoodshop.nl\/de\/wp-json\/wp\/v2\/product\/2677","targetHints":{"allow":["GET"]}}],"collection":[{"href":"https:\/\/decofoodshop.nl\/de\/wp-json\/wp\/v2\/product"}],"about":[{"href":"https:\/\/decofoodshop.nl\/de\/wp-json\/wp\/v2\/types\/product"}],"wp:featuredmedia":[{"embeddable":true,"href":"https:\/\/decofoodshop.nl\/de\/wp-json\/wp\/v2\/media\/2684"}],"wp:attachment":[{"href":"https:\/\/decofoodshop.nl\/de\/wp-json\/wp\/v2\/media?parent=2677"}],"wp:term":[{"taxonomy":"product_brand","embeddable":true,"href":"https:\/\/decofoodshop.nl\/de\/wp-json\/wp\/v2\/product_brand?post=2677"},{"taxonomy":"product_cat","embeddable":true,"href":"https:\/\/decofoodshop.nl\/de\/wp-json\/wp\/v2\/product_cat?post=2677"},{"taxonomy":"product_tag","embeddable":true,"href":"https:\/\/decofoodshop.nl\/de\/wp-json\/wp\/v2\/product_tag?post=2677"}],"curies":[{"name":"wp","href":"https:\/\/api.w.org\/{rel}","templated":true}]}}