{"id":2687,"date":"2020-03-09T08:52:13","date_gmt":"2020-03-09T08:52:13","guid":{"rendered":"https:\/\/decofoodshop.nl\/?post_type=product&#038;p=2687"},"modified":"2026-03-26T09:49:09","modified_gmt":"2026-03-26T08:49:09","slug":"set-fake-spargel","status":"publish","type":"product","link":"https:\/\/decofoodshop.nl\/de\/product\/set-namaak-asperges\/","title":{"rendered":"Stellen Sie falschen Spargel ein"},"content":{"rendered":"<p>Dieses Set aus k\u00fcnstlichem Spargel sieht genauso aus wie das Original.<\/p>\n<p>Sie werden als Sets mit 5 k\u00fcnstlichen Spargeln pro Set verkauft.<\/p>\n<p>Sie haben eine detaillierte Farbe, die in verschiedene Gr\u00fcnt\u00f6ne \u00fcbergeht.<\/p>\n<p>Akzente und Verdickungen gibt es auch mit Braun, genau wie mit echtem gr\u00fcnen Spargel.<\/p>\n<p>Der Zierspargel ist vom echten Spargel nicht zu unterscheiden.<\/p>\n<p>Alles in allem ein \u00e4u\u00dferst dekoratives Produkt.<\/p>\n<p>Sie k\u00f6nnen sich auch unser Angebot ansehen <span style=\"color: #008000;\"><a style=\"color: #008000;\" href=\"https:\/\/decofoodshop.nl\/de\/produktkategorie-2\/pakete\/\">&#039;Pakete&#039;<\/a> <\/span>f\u00fcr fertige Gem\u00fcsepackungen.<\/p>","protected":false},"excerpt":{"rendered":"<p>Deze set namaak asperges lijken net echt. Ze worden verkocht als sets met 5 kunst asperges per set. Ze hebben een gedetailleerde kleur die overloopt in verschillende kleuren groen. Ook zijn er accenten en verdikkingen met bruin net als bij echte groene asperges. De sier asperges zijn niet van echt te onderscheiden. Al met al, [&hellip;]<\/p>\n","protected":false},"featured_media":2688,"template":"","meta":{"_acf_changed":false,"_genesis_hide_title":false,"_genesis_hide_breadcrumbs":false,"_genesis_hide_singular_image":false,"_genesis_hide_footer_widgets":false,"_genesis_custom_body_class":"","_genesis_custom_post_class":"","_genesis_layout":""},"product_brand":[],"product_cat":[48],"product_tag":[],"class_list":{"0":"post-2687","1":"product","2":"type-product","3":"status-publish","4":"has-post-thumbnail","6":"product_cat-kunstgroenten","7":"entry","8":"wpx-has-gallery","10":"first","11":"instock","12":"taxable","13":"shipping-taxable","14":"purchasable","15":"product-type-simple"},"acf":[],"yoast_head":"<!-- This site is optimized with the Yoast SEO Premium plugin v27.4 (Yoast SEO v27.4) - https:\/\/yoast.com\/product\/yoast-seo-premium-wordpress\/ -->\n<title>Set Namaak Asperges - Verkrijgbaar Bij Decofoodshop<\/title>\n<meta name=\"description\" content=\"Set namaak asperges lijkt net echt. Wij bieden een groot aanbod van namaak voedsel aan van hoge kwaliteit en heel realistisch.\" \/>\n<meta name=\"robots\" content=\"index, follow, max-snippet:-1, max-image-preview:large, max-video-preview:-1\" \/>\n<link rel=\"canonical\" href=\"https:\/\/decofoodshop.nl\/de\/produkt\/set-fake-spargel\/\" \/>\n<meta property=\"og:locale\" content=\"de_DE\" \/>\n<meta property=\"og:type\" content=\"article\" \/>\n<meta property=\"og:title\" content=\"Set Namaak Asperges\" \/>\n<meta property=\"og:description\" content=\"Set namaak asperges lijkt net echt. Wij bieden een groot aanbod van namaak voedsel aan van hoge kwaliteit en heel realistisch.\" \/>\n<meta property=\"og:url\" content=\"https:\/\/decofoodshop.nl\/de\/produkt\/set-fake-spargel\/\" \/>\n<meta property=\"og:site_name\" content=\"Decofoodshop\" \/>\n<meta property=\"article:modified_time\" content=\"2026-03-26T08:49:09+00:00\" \/>\n<meta property=\"og:image\" content=\"https:\/\/decofoodshop.nl\/wp-content\/uploads\/2020\/03\/IMG_9496.jpg\" \/>\n\t<meta property=\"og:image:width\" content=\"1200\" \/>\n\t<meta property=\"og:image:height\" content=\"1200\" \/>\n\t<meta property=\"og:image:type\" content=\"image\/jpeg\" \/>\n<meta name=\"twitter:card\" content=\"summary_large_image\" \/>\n<meta name=\"twitter:label1\" content=\"Gesch\u00e4tzte Lesezeit\" \/>\n\t<meta name=\"twitter:data1\" content=\"1\u00a0Minute\" \/>\n<script type=\"application\/ld+json\" class=\"yoast-schema-graph\">{\"@context\":\"https:\\\/\\\/schema.org\",\"@graph\":[{\"@type\":\"WebPage\",\"@id\":\"https:\\\/\\\/decofoodshop.nl\\\/product\\\/set-namaak-asperges\\\/\",\"url\":\"https:\\\/\\\/decofoodshop.nl\\\/product\\\/set-namaak-asperges\\\/\",\"name\":\"Set Namaak Asperges - Verkrijgbaar Bij Decofoodshop\",\"isPartOf\":{\"@id\":\"https:\\\/\\\/decofoodshop.nl\\\/#website\"},\"primaryImageOfPage\":{\"@id\":\"https:\\\/\\\/decofoodshop.nl\\\/product\\\/set-namaak-asperges\\\/#primaryimage\"},\"image\":{\"@id\":\"https:\\\/\\\/decofoodshop.nl\\\/product\\\/set-namaak-asperges\\\/#primaryimage\"},\"thumbnailUrl\":\"https:\\\/\\\/decofoodshop.nl\\\/wp-content\\\/uploads\\\/2020\\\/03\\\/IMG_9496.jpg\",\"datePublished\":\"2020-03-09T08:52:13+00:00\",\"dateModified\":\"2026-03-26T08:49:09+00:00\",\"description\":\"Set namaak asperges lijkt net echt. Wij bieden een groot aanbod van namaak voedsel aan van hoge kwaliteit en heel realistisch.\",\"breadcrumb\":{\"@id\":\"https:\\\/\\\/decofoodshop.nl\\\/product\\\/set-namaak-asperges\\\/#breadcrumb\"},\"inLanguage\":\"de\",\"potentialAction\":[{\"@type\":\"ReadAction\",\"target\":[\"https:\\\/\\\/decofoodshop.nl\\\/product\\\/set-namaak-asperges\\\/\"]}]},{\"@type\":\"ImageObject\",\"inLanguage\":\"de\",\"@id\":\"https:\\\/\\\/decofoodshop.nl\\\/product\\\/set-namaak-asperges\\\/#primaryimage\",\"url\":\"https:\\\/\\\/decofoodshop.nl\\\/wp-content\\\/uploads\\\/2020\\\/03\\\/IMG_9496.jpg\",\"contentUrl\":\"https:\\\/\\\/decofoodshop.nl\\\/wp-content\\\/uploads\\\/2020\\\/03\\\/IMG_9496.jpg\",\"width\":1200,\"height\":1200,\"caption\":\"Set Namaak Asperges\"},{\"@type\":\"BreadcrumbList\",\"@id\":\"https:\\\/\\\/decofoodshop.nl\\\/product\\\/set-namaak-asperges\\\/#breadcrumb\",\"itemListElement\":[{\"@type\":\"ListItem\",\"position\":1,\"name\":\"Home\",\"item\":\"https:\\\/\\\/decofoodshop.nl\\\/\"},{\"@type\":\"ListItem\",\"position\":2,\"name\":\"Winkel\",\"item\":\"https:\\\/\\\/decofoodshop.nl\\\/winkel\\\/\"},{\"@type\":\"ListItem\",\"position\":3,\"name\":\"Set Namaak Asperges\"}]},{\"@type\":\"WebSite\",\"@id\":\"https:\\\/\\\/decofoodshop.nl\\\/#website\",\"url\":\"https:\\\/\\\/decofoodshop.nl\\\/\",\"name\":\"Decofoodshop\",\"description\":\"\",\"potentialAction\":[{\"@type\":\"SearchAction\",\"target\":{\"@type\":\"EntryPoint\",\"urlTemplate\":\"https:\\\/\\\/decofoodshop.nl\\\/?s={search_term_string}\"},\"query-input\":{\"@type\":\"PropertyValueSpecification\",\"valueRequired\":true,\"valueName\":\"search_term_string\"}}],\"inLanguage\":\"de\"}]}<\/script>\n<!-- \/ Yoast SEO Premium plugin. -->","yoast_head_json":{"title":"Set Kunstspargel - Erh\u00e4ltlich bei Decofoodshop","description":"Ein Satz gef\u00e4lschter Spargel sieht genauso aus wie das Original. Wir bieten eine gro\u00dfe Auswahl an gef\u00e4lschten Lebensmitteln von hoher Qualit\u00e4t und sehr realistisch.","robots":{"index":"index","follow":"follow","max-snippet":"max-snippet:-1","max-image-preview":"max-image-preview:large","max-video-preview":"max-video-preview:-1"},"canonical":"https:\/\/decofoodshop.nl\/de\/produkt\/set-fake-spargel\/","og_locale":"de_DE","og_type":"article","og_title":"Set Namaak Asperges","og_description":"Set namaak asperges lijkt net echt. Wij bieden een groot aanbod van namaak voedsel aan van hoge kwaliteit en heel realistisch.","og_url":"https:\/\/decofoodshop.nl\/de\/produkt\/set-fake-spargel\/","og_site_name":"Decofoodshop","article_modified_time":"2026-03-26T08:49:09+00:00","og_image":[{"width":1200,"height":1200,"url":"https:\/\/decofoodshop.nl\/wp-content\/uploads\/2020\/03\/IMG_9496.jpg","type":"image\/jpeg"}],"twitter_card":"summary_large_image","twitter_misc":{"Gesch\u00e4tzte Lesezeit":"1\u00a0Minute"},"schema":{"@context":"https:\/\/schema.org","@graph":[{"@type":"WebPage","@id":"https:\/\/decofoodshop.nl\/product\/set-namaak-asperges\/","url":"https:\/\/decofoodshop.nl\/product\/set-namaak-asperges\/","name":"Set Kunstspargel - Erh\u00e4ltlich bei Decofoodshop","isPartOf":{"@id":"https:\/\/decofoodshop.nl\/#website"},"primaryImageOfPage":{"@id":"https:\/\/decofoodshop.nl\/product\/set-namaak-asperges\/#primaryimage"},"image":{"@id":"https:\/\/decofoodshop.nl\/product\/set-namaak-asperges\/#primaryimage"},"thumbnailUrl":"https:\/\/decofoodshop.nl\/wp-content\/uploads\/2020\/03\/IMG_9496.jpg","datePublished":"2020-03-09T08:52:13+00:00","dateModified":"2026-03-26T08:49:09+00:00","description":"Ein Satz gef\u00e4lschter Spargel sieht genauso aus wie das Original. Wir bieten eine gro\u00dfe Auswahl an gef\u00e4lschten Lebensmitteln von hoher Qualit\u00e4t und sehr realistisch.","breadcrumb":{"@id":"https:\/\/decofoodshop.nl\/product\/set-namaak-asperges\/#breadcrumb"},"inLanguage":"de","potentialAction":[{"@type":"ReadAction","target":["https:\/\/decofoodshop.nl\/product\/set-namaak-asperges\/"]}]},{"@type":"ImageObject","inLanguage":"de","@id":"https:\/\/decofoodshop.nl\/product\/set-namaak-asperges\/#primaryimage","url":"https:\/\/decofoodshop.nl\/wp-content\/uploads\/2020\/03\/IMG_9496.jpg","contentUrl":"https:\/\/decofoodshop.nl\/wp-content\/uploads\/2020\/03\/IMG_9496.jpg","width":1200,"height":1200,"caption":"Set Namaak Asperges"},{"@type":"BreadcrumbList","@id":"https:\/\/decofoodshop.nl\/product\/set-namaak-asperges\/#breadcrumb","itemListElement":[{"@type":"ListItem","position":1,"name":"Home","item":"https:\/\/decofoodshop.nl\/"},{"@type":"ListItem","position":2,"name":"Winkel","item":"https:\/\/decofoodshop.nl\/winkel\/"},{"@type":"ListItem","position":3,"name":"Set Namaak Asperges"}]},{"@type":"WebSite","@id":"https:\/\/decofoodshop.nl\/#website","url":"https:\/\/decofoodshop.nl\/","name":"Dekofoodshop","description":"","potentialAction":[{"@type":"SearchAction","target":{"@type":"EntryPoint","urlTemplate":"https:\/\/decofoodshop.nl\/?s={search_term_string}"},"query-input":{"@type":"PropertyValueSpecification","valueRequired":true,"valueName":"search_term_string"}}],"inLanguage":"de"}]}},"_links":{"self":[{"href":"https:\/\/decofoodshop.nl\/de\/wp-json\/wp\/v2\/product\/2687","targetHints":{"allow":["GET"]}}],"collection":[{"href":"https:\/\/decofoodshop.nl\/de\/wp-json\/wp\/v2\/product"}],"about":[{"href":"https:\/\/decofoodshop.nl\/de\/wp-json\/wp\/v2\/types\/product"}],"wp:featuredmedia":[{"embeddable":true,"href":"https:\/\/decofoodshop.nl\/de\/wp-json\/wp\/v2\/media\/2688"}],"wp:attachment":[{"href":"https:\/\/decofoodshop.nl\/de\/wp-json\/wp\/v2\/media?parent=2687"}],"wp:term":[{"taxonomy":"product_brand","embeddable":true,"href":"https:\/\/decofoodshop.nl\/de\/wp-json\/wp\/v2\/product_brand?post=2687"},{"taxonomy":"product_cat","embeddable":true,"href":"https:\/\/decofoodshop.nl\/de\/wp-json\/wp\/v2\/product_cat?post=2687"},{"taxonomy":"product_tag","embeddable":true,"href":"https:\/\/decofoodshop.nl\/de\/wp-json\/wp\/v2\/product_tag?post=2687"}],"curies":[{"name":"wp","href":"https:\/\/api.w.org\/{rel}","templated":true}]}}