{"id":2697,"date":"2020-03-10T11:03:38","date_gmt":"2020-03-10T11:03:38","guid":{"rendered":"https:\/\/decofoodshop.nl\/?post_type=product&#038;p=2697"},"modified":"2026-04-08T11:42:29","modified_gmt":"2026-04-08T09:42:29","slug":"art-crab-xl","status":"publish","type":"product","link":"https:\/\/decofoodshop.nl\/de\/product\/kunst-krab-xl\/","title":{"rendered":"Kunstkrabbe XL"},"content":{"rendered":"<p>Sehr sch\u00f6ne gro\u00dfe k\u00fcnstliche Krabbe XL.<\/p>\n<p>Sch\u00f6nes leuchtend rotes Oberteil und die Beine sind teilweise gelb gef\u00e4rbt.<\/p>\n<p>Die Unterseite der gef\u00e4lschten Krabbe ist wei\u00df.<\/p>\n<p>Ausgestattet mit sch\u00f6nen schwarzen kleinen Knopfaugen.<\/p>\n<p>Wir bieten diese Krabbe auch in einer kleinen Version an.<\/p>\n<p>Lust auf mehr Fisch und Fleisch?<\/p>\n<p>Biene <span style=\"color: #008000;\"><a style=\"color: #008000;\" href=\"https:\/\/decofoodshop.nl\/de\/produktkategorie-2\/pakete\/\"><strong>&#039;Pakete&#039;<\/strong><\/a> <\/span>Wir bieten alle Arten von vorgefertigten Paketen an.<\/p>","protected":false},"excerpt":{"rendered":"<p>Zeer fraaie groot formaat namaak krab XL. Mooie felrode bovenkant en de poten zijn deels geel van kleur. De onderkant van de nep krab is wit. Voorzien van prachtige zwarte kleine kraaloogjes. Wij bieden deze krab ook in een kleine variant. Zoekt u meer vis en vlees? Bij &#8216;Pakketten&#8217; bieden wij allerlei kant en klare [&hellip;]<\/p>\n","protected":false},"featured_media":2698,"template":"","meta":{"_acf_changed":false,"_genesis_hide_title":false,"_genesis_hide_breadcrumbs":false,"_genesis_hide_singular_image":false,"_genesis_hide_footer_widgets":false,"_genesis_custom_body_class":"","_genesis_custom_post_class":"","_genesis_layout":""},"product_brand":[],"product_cat":[50],"product_tag":[],"class_list":{"0":"post-2697","1":"product","2":"type-product","3":"status-publish","4":"has-post-thumbnail","6":"product_cat-namaak-vis-en-vlees","7":"entry","8":"wpx-has-gallery","10":"first","11":"instock","12":"taxable","13":"shipping-taxable","14":"purchasable","15":"product-type-simple"},"acf":[],"yoast_head":"<!-- This site is optimized with the Yoast SEO Premium plugin v27.3 (Yoast SEO v27.3) - https:\/\/yoast.com\/product\/yoast-seo-premium-wordpress\/ -->\n<title>Kunst Krab XL - Alleen verkrijgbaar bij Decofoodshop<\/title>\n<meta name=\"description\" content=\"Mooie kunst krab xl die uiterst decoratief is. Ook een kleinere variant van de krab is verkrijgbaar op onze veelzeidige webshop.\" \/>\n<meta name=\"robots\" content=\"index, follow, max-snippet:-1, max-image-preview:large, max-video-preview:-1\" \/>\n<link rel=\"canonical\" href=\"https:\/\/decofoodshop.nl\/de\/produkt\/art-crab-xl\/\" \/>\n<meta property=\"og:locale\" content=\"de_DE\" \/>\n<meta property=\"og:type\" content=\"article\" \/>\n<meta property=\"og:title\" content=\"Kunst Krab XL\" \/>\n<meta property=\"og:description\" content=\"Mooie kunst krab xl die uiterst decoratief is. Ook een kleinere variant van de krab is verkrijgbaar op onze veelzeidige webshop.\" \/>\n<meta property=\"og:url\" content=\"https:\/\/decofoodshop.nl\/de\/produkt\/art-crab-xl\/\" \/>\n<meta property=\"og:site_name\" content=\"Decofoodshop\" \/>\n<meta property=\"article:modified_time\" content=\"2026-04-08T09:42:29+00:00\" \/>\n<meta property=\"og:image\" content=\"https:\/\/decofoodshop.nl\/wp-content\/uploads\/2020\/03\/IMG_9472.jpg\" \/>\n\t<meta property=\"og:image:width\" content=\"1200\" \/>\n\t<meta property=\"og:image:height\" content=\"1200\" \/>\n\t<meta property=\"og:image:type\" content=\"image\/jpeg\" \/>\n<meta name=\"twitter:card\" content=\"summary_large_image\" \/>\n<meta name=\"twitter:label1\" content=\"Gesch\u00e4tzte Lesezeit\" \/>\n\t<meta name=\"twitter:data1\" content=\"1\u00a0Minute\" \/>\n<script type=\"application\/ld+json\" class=\"yoast-schema-graph\">{\"@context\":\"https:\\\/\\\/schema.org\",\"@graph\":[{\"@type\":\"WebPage\",\"@id\":\"https:\\\/\\\/decofoodshop.nl\\\/product\\\/kunst-krab-xl\\\/\",\"url\":\"https:\\\/\\\/decofoodshop.nl\\\/product\\\/kunst-krab-xl\\\/\",\"name\":\"Kunst Krab XL - Alleen verkrijgbaar bij Decofoodshop\",\"isPartOf\":{\"@id\":\"https:\\\/\\\/decofoodshop.nl\\\/#website\"},\"primaryImageOfPage\":{\"@id\":\"https:\\\/\\\/decofoodshop.nl\\\/product\\\/kunst-krab-xl\\\/#primaryimage\"},\"image\":{\"@id\":\"https:\\\/\\\/decofoodshop.nl\\\/product\\\/kunst-krab-xl\\\/#primaryimage\"},\"thumbnailUrl\":\"https:\\\/\\\/decofoodshop.nl\\\/wp-content\\\/uploads\\\/2020\\\/03\\\/IMG_9472.jpg\",\"datePublished\":\"2020-03-10T11:03:38+00:00\",\"dateModified\":\"2026-04-08T09:42:29+00:00\",\"description\":\"Mooie kunst krab xl die uiterst decoratief is. Ook een kleinere variant van de krab is verkrijgbaar op onze veelzeidige webshop.\",\"breadcrumb\":{\"@id\":\"https:\\\/\\\/decofoodshop.nl\\\/product\\\/kunst-krab-xl\\\/#breadcrumb\"},\"inLanguage\":\"de\",\"potentialAction\":[{\"@type\":\"ReadAction\",\"target\":[\"https:\\\/\\\/decofoodshop.nl\\\/product\\\/kunst-krab-xl\\\/\"]}]},{\"@type\":\"ImageObject\",\"inLanguage\":\"de\",\"@id\":\"https:\\\/\\\/decofoodshop.nl\\\/product\\\/kunst-krab-xl\\\/#primaryimage\",\"url\":\"https:\\\/\\\/decofoodshop.nl\\\/wp-content\\\/uploads\\\/2020\\\/03\\\/IMG_9472.jpg\",\"contentUrl\":\"https:\\\/\\\/decofoodshop.nl\\\/wp-content\\\/uploads\\\/2020\\\/03\\\/IMG_9472.jpg\",\"width\":1200,\"height\":1200,\"caption\":\"Kunst Krab XL\"},{\"@type\":\"BreadcrumbList\",\"@id\":\"https:\\\/\\\/decofoodshop.nl\\\/product\\\/kunst-krab-xl\\\/#breadcrumb\",\"itemListElement\":[{\"@type\":\"ListItem\",\"position\":1,\"name\":\"Home\",\"item\":\"https:\\\/\\\/decofoodshop.nl\\\/\"},{\"@type\":\"ListItem\",\"position\":2,\"name\":\"Winkel\",\"item\":\"https:\\\/\\\/decofoodshop.nl\\\/winkel\\\/\"},{\"@type\":\"ListItem\",\"position\":3,\"name\":\"Kunst Krab XL\"}]},{\"@type\":\"WebSite\",\"@id\":\"https:\\\/\\\/decofoodshop.nl\\\/#website\",\"url\":\"https:\\\/\\\/decofoodshop.nl\\\/\",\"name\":\"Decofoodshop\",\"description\":\"\",\"potentialAction\":[{\"@type\":\"SearchAction\",\"target\":{\"@type\":\"EntryPoint\",\"urlTemplate\":\"https:\\\/\\\/decofoodshop.nl\\\/?s={search_term_string}\"},\"query-input\":{\"@type\":\"PropertyValueSpecification\",\"valueRequired\":true,\"valueName\":\"search_term_string\"}}],\"inLanguage\":\"de\"}]}<\/script>\n<!-- \/ Yoast SEO Premium plugin. -->","yoast_head_json":{"title":"Art Crab XL - Nur bei Decofoodshop erh\u00e4ltlich","description":"Sch\u00f6ne Kunstkrabbe XL, die \u00e4u\u00dferst dekorativ ist. Eine kleinere Version der Krabbe ist auch in unserem vielseitigen Webshop erh\u00e4ltlich.","robots":{"index":"index","follow":"follow","max-snippet":"max-snippet:-1","max-image-preview":"max-image-preview:large","max-video-preview":"max-video-preview:-1"},"canonical":"https:\/\/decofoodshop.nl\/de\/produkt\/art-crab-xl\/","og_locale":"de_DE","og_type":"article","og_title":"Kunst Krab XL","og_description":"Mooie kunst krab xl die uiterst decoratief is. Ook een kleinere variant van de krab is verkrijgbaar op onze veelzeidige webshop.","og_url":"https:\/\/decofoodshop.nl\/de\/produkt\/art-crab-xl\/","og_site_name":"Decofoodshop","article_modified_time":"2026-04-08T09:42:29+00:00","og_image":[{"width":1200,"height":1200,"url":"https:\/\/decofoodshop.nl\/wp-content\/uploads\/2020\/03\/IMG_9472.jpg","type":"image\/jpeg"}],"twitter_card":"summary_large_image","twitter_misc":{"Gesch\u00e4tzte Lesezeit":"1\u00a0Minute"},"schema":{"@context":"https:\/\/schema.org","@graph":[{"@type":"WebPage","@id":"https:\/\/decofoodshop.nl\/product\/kunst-krab-xl\/","url":"https:\/\/decofoodshop.nl\/product\/kunst-krab-xl\/","name":"Art Crab XL - Nur bei Decofoodshop erh\u00e4ltlich","isPartOf":{"@id":"https:\/\/decofoodshop.nl\/#website"},"primaryImageOfPage":{"@id":"https:\/\/decofoodshop.nl\/product\/kunst-krab-xl\/#primaryimage"},"image":{"@id":"https:\/\/decofoodshop.nl\/product\/kunst-krab-xl\/#primaryimage"},"thumbnailUrl":"https:\/\/decofoodshop.nl\/wp-content\/uploads\/2020\/03\/IMG_9472.jpg","datePublished":"2020-03-10T11:03:38+00:00","dateModified":"2026-04-08T09:42:29+00:00","description":"Sch\u00f6ne Kunstkrabbe XL, die \u00e4u\u00dferst dekorativ ist. Eine kleinere Version der Krabbe ist auch in unserem vielseitigen Webshop erh\u00e4ltlich.","breadcrumb":{"@id":"https:\/\/decofoodshop.nl\/product\/kunst-krab-xl\/#breadcrumb"},"inLanguage":"de","potentialAction":[{"@type":"ReadAction","target":["https:\/\/decofoodshop.nl\/product\/kunst-krab-xl\/"]}]},{"@type":"ImageObject","inLanguage":"de","@id":"https:\/\/decofoodshop.nl\/product\/kunst-krab-xl\/#primaryimage","url":"https:\/\/decofoodshop.nl\/wp-content\/uploads\/2020\/03\/IMG_9472.jpg","contentUrl":"https:\/\/decofoodshop.nl\/wp-content\/uploads\/2020\/03\/IMG_9472.jpg","width":1200,"height":1200,"caption":"Kunst Krab XL"},{"@type":"BreadcrumbList","@id":"https:\/\/decofoodshop.nl\/product\/kunst-krab-xl\/#breadcrumb","itemListElement":[{"@type":"ListItem","position":1,"name":"Home","item":"https:\/\/decofoodshop.nl\/"},{"@type":"ListItem","position":2,"name":"Winkel","item":"https:\/\/decofoodshop.nl\/winkel\/"},{"@type":"ListItem","position":3,"name":"Kunst Krab XL"}]},{"@type":"WebSite","@id":"https:\/\/decofoodshop.nl\/#website","url":"https:\/\/decofoodshop.nl\/","name":"Dekofoodshop","description":"","potentialAction":[{"@type":"SearchAction","target":{"@type":"EntryPoint","urlTemplate":"https:\/\/decofoodshop.nl\/?s={search_term_string}"},"query-input":{"@type":"PropertyValueSpecification","valueRequired":true,"valueName":"search_term_string"}}],"inLanguage":"de"}]}},"_links":{"self":[{"href":"https:\/\/decofoodshop.nl\/de\/wp-json\/wp\/v2\/product\/2697","targetHints":{"allow":["GET"]}}],"collection":[{"href":"https:\/\/decofoodshop.nl\/de\/wp-json\/wp\/v2\/product"}],"about":[{"href":"https:\/\/decofoodshop.nl\/de\/wp-json\/wp\/v2\/types\/product"}],"wp:featuredmedia":[{"embeddable":true,"href":"https:\/\/decofoodshop.nl\/de\/wp-json\/wp\/v2\/media\/2698"}],"wp:attachment":[{"href":"https:\/\/decofoodshop.nl\/de\/wp-json\/wp\/v2\/media?parent=2697"}],"wp:term":[{"taxonomy":"product_brand","embeddable":true,"href":"https:\/\/decofoodshop.nl\/de\/wp-json\/wp\/v2\/product_brand?post=2697"},{"taxonomy":"product_cat","embeddable":true,"href":"https:\/\/decofoodshop.nl\/de\/wp-json\/wp\/v2\/product_cat?post=2697"},{"taxonomy":"product_tag","embeddable":true,"href":"https:\/\/decofoodshop.nl\/de\/wp-json\/wp\/v2\/product_tag?post=2697"}],"curies":[{"name":"wp","href":"https:\/\/api.w.org\/{rel}","templated":true}]}}