{"id":2704,"date":"2020-03-10T11:31:21","date_gmt":"2020-03-10T11:31:21","guid":{"rendered":"https:\/\/decofoodshop.nl\/?post_type=product&#038;p=2704"},"modified":"2026-03-02T13:08:17","modified_gmt":"2026-03-02T12:08:17","slug":"gefalschte-krabbe","status":"publish","type":"product","link":"https:\/\/decofoodshop.nl\/de\/product\/namaak-krab\/","title":{"rendered":"Gef\u00e4lschte Krabbe"},"content":{"rendered":"<p>Diese k\u00fcnstliche Krabbe ist \u00e4u\u00dferst dekorativ.<\/p>\n<p>Er hat die nat\u00fcrliche Form einer Krabbe.<\/p>\n<p>Auch die Farben der Kunstkrabbe sind wie echt.<\/p>\n<p>Ausgestattet mit zwei kleinen schwarzen Knopfaugen.<\/p>\n<p>Auch die Krallen und Beine der k\u00fcnstlichen Krabbe sind sehr realistisch.<\/p>\n<p>Wir bieten auch die XL-Version dieser gef\u00e4lschten Krabbe an.<\/p>\n<p>Klicken<span style=\"color: #008000;\"> <a style=\"color: #008000;\" href=\"https:\/\/decofoodshop.nl\/de\/produktkategorie-2\/visenvlees\/\">&#8216;<strong>Hier<\/strong>&#8216;<\/a> <\/span>f\u00fcr mehr Fisch und Fleisch.<\/p>","protected":false},"excerpt":{"rendered":"<p>Deze namaak krab is uiterst decoratief. Hij heeft de natuurlijke vorm van een krab. Ook zijn\u00a0 de kleuren van de kunst krab net echt. Voorzien van twee klein zwarte kraaloogjes. De scharen en poten van de nep krab zijn ook erg realistisch. Wij bieden ook de XL variant van deze namaak krab. Klik &#8216;Hier&#8216; voor [&hellip;]<\/p>\n","protected":false},"featured_media":2706,"template":"","meta":{"_acf_changed":false,"_genesis_hide_title":false,"_genesis_hide_breadcrumbs":false,"_genesis_hide_singular_image":false,"_genesis_hide_footer_widgets":false,"_genesis_custom_body_class":"","_genesis_custom_post_class":"","_genesis_layout":""},"product_brand":[],"product_cat":[50],"product_tag":[],"class_list":{"0":"post-2704","1":"product","2":"type-product","3":"status-publish","4":"has-post-thumbnail","6":"product_cat-namaak-vis-en-vlees","7":"entry","8":"wpx-has-gallery","10":"first","11":"instock","12":"taxable","13":"shipping-taxable","14":"purchasable","15":"product-type-simple"},"acf":[],"yoast_head":"<!-- This site is optimized with the Yoast SEO Premium plugin v27.3 (Yoast SEO v27.3) - https:\/\/yoast.com\/product\/yoast-seo-premium-wordpress\/ -->\n<title>Namaak Krab - Nu ook verkrijgbaar bij Decofoodshop<\/title>\n<meta name=\"description\" content=\"Namaak krab met mooie scharen. Uiterst decoratief inzetbaar en ook een XL variant verkrijgbaar op onze veelzijdige webshop.\" \/>\n<meta name=\"robots\" content=\"index, follow, max-snippet:-1, max-image-preview:large, max-video-preview:-1\" \/>\n<link rel=\"canonical\" href=\"https:\/\/decofoodshop.nl\/de\/produkt\/gefalschte-krabbe\/\" \/>\n<meta property=\"og:locale\" content=\"de_DE\" \/>\n<meta property=\"og:type\" content=\"article\" \/>\n<meta property=\"og:title\" content=\"Namaak Krab\" \/>\n<meta property=\"og:description\" content=\"Namaak krab met mooie scharen. Uiterst decoratief inzetbaar en ook een XL variant verkrijgbaar op onze veelzijdige webshop.\" \/>\n<meta property=\"og:url\" content=\"https:\/\/decofoodshop.nl\/de\/produkt\/gefalschte-krabbe\/\" \/>\n<meta property=\"og:site_name\" content=\"Decofoodshop\" \/>\n<meta property=\"article:modified_time\" content=\"2026-03-02T12:08:17+00:00\" \/>\n<meta property=\"og:image\" content=\"https:\/\/decofoodshop.nl\/wp-content\/uploads\/2020\/03\/IMG_9464.jpg\" \/>\n\t<meta property=\"og:image:width\" content=\"1200\" \/>\n\t<meta property=\"og:image:height\" content=\"1200\" \/>\n\t<meta property=\"og:image:type\" content=\"image\/jpeg\" \/>\n<meta name=\"twitter:card\" content=\"summary_large_image\" \/>\n<meta name=\"twitter:label1\" content=\"Gesch\u00e4tzte Lesezeit\" \/>\n\t<meta name=\"twitter:data1\" content=\"1\u00a0Minute\" \/>\n<script type=\"application\/ld+json\" class=\"yoast-schema-graph\">{\"@context\":\"https:\\\/\\\/schema.org\",\"@graph\":[{\"@type\":\"WebPage\",\"@id\":\"https:\\\/\\\/decofoodshop.nl\\\/product\\\/namaak-krab\\\/\",\"url\":\"https:\\\/\\\/decofoodshop.nl\\\/product\\\/namaak-krab\\\/\",\"name\":\"Namaak Krab - Nu ook verkrijgbaar bij Decofoodshop\",\"isPartOf\":{\"@id\":\"https:\\\/\\\/decofoodshop.nl\\\/#website\"},\"primaryImageOfPage\":{\"@id\":\"https:\\\/\\\/decofoodshop.nl\\\/product\\\/namaak-krab\\\/#primaryimage\"},\"image\":{\"@id\":\"https:\\\/\\\/decofoodshop.nl\\\/product\\\/namaak-krab\\\/#primaryimage\"},\"thumbnailUrl\":\"https:\\\/\\\/decofoodshop.nl\\\/wp-content\\\/uploads\\\/2020\\\/03\\\/IMG_9464.jpg\",\"datePublished\":\"2020-03-10T11:31:21+00:00\",\"dateModified\":\"2026-03-02T12:08:17+00:00\",\"description\":\"Namaak krab met mooie scharen. Uiterst decoratief inzetbaar en ook een XL variant verkrijgbaar op onze veelzijdige webshop.\",\"breadcrumb\":{\"@id\":\"https:\\\/\\\/decofoodshop.nl\\\/product\\\/namaak-krab\\\/#breadcrumb\"},\"inLanguage\":\"de\",\"potentialAction\":[{\"@type\":\"ReadAction\",\"target\":[\"https:\\\/\\\/decofoodshop.nl\\\/product\\\/namaak-krab\\\/\"]}]},{\"@type\":\"ImageObject\",\"inLanguage\":\"de\",\"@id\":\"https:\\\/\\\/decofoodshop.nl\\\/product\\\/namaak-krab\\\/#primaryimage\",\"url\":\"https:\\\/\\\/decofoodshop.nl\\\/wp-content\\\/uploads\\\/2020\\\/03\\\/IMG_9464.jpg\",\"contentUrl\":\"https:\\\/\\\/decofoodshop.nl\\\/wp-content\\\/uploads\\\/2020\\\/03\\\/IMG_9464.jpg\",\"width\":1200,\"height\":1200,\"caption\":\"Namaak Krab Decofoodshop\"},{\"@type\":\"BreadcrumbList\",\"@id\":\"https:\\\/\\\/decofoodshop.nl\\\/product\\\/namaak-krab\\\/#breadcrumb\",\"itemListElement\":[{\"@type\":\"ListItem\",\"position\":1,\"name\":\"Home\",\"item\":\"https:\\\/\\\/decofoodshop.nl\\\/\"},{\"@type\":\"ListItem\",\"position\":2,\"name\":\"Winkel\",\"item\":\"https:\\\/\\\/decofoodshop.nl\\\/winkel\\\/\"},{\"@type\":\"ListItem\",\"position\":3,\"name\":\"Namaak Krab\"}]},{\"@type\":\"WebSite\",\"@id\":\"https:\\\/\\\/decofoodshop.nl\\\/#website\",\"url\":\"https:\\\/\\\/decofoodshop.nl\\\/\",\"name\":\"Decofoodshop\",\"description\":\"\",\"potentialAction\":[{\"@type\":\"SearchAction\",\"target\":{\"@type\":\"EntryPoint\",\"urlTemplate\":\"https:\\\/\\\/decofoodshop.nl\\\/?s={search_term_string}\"},\"query-input\":{\"@type\":\"PropertyValueSpecification\",\"valueRequired\":true,\"valueName\":\"search_term_string\"}}],\"inLanguage\":\"de\"}]}<\/script>\n<!-- \/ Yoast SEO Premium plugin. -->","yoast_head_json":{"title":"Fake Crab - Jetzt auch bei Decofoodshop erh\u00e4ltlich","description":"Gef\u00e4lschte Krabbe mit sch\u00f6nen Krallen. \u00c4u\u00dferst dekorativ und auch in einer XL-Variante in unserem vielseitigen Webshop erh\u00e4ltlich.","robots":{"index":"index","follow":"follow","max-snippet":"max-snippet:-1","max-image-preview":"max-image-preview:large","max-video-preview":"max-video-preview:-1"},"canonical":"https:\/\/decofoodshop.nl\/de\/produkt\/gefalschte-krabbe\/","og_locale":"de_DE","og_type":"article","og_title":"Namaak Krab","og_description":"Namaak krab met mooie scharen. Uiterst decoratief inzetbaar en ook een XL variant verkrijgbaar op onze veelzijdige webshop.","og_url":"https:\/\/decofoodshop.nl\/de\/produkt\/gefalschte-krabbe\/","og_site_name":"Decofoodshop","article_modified_time":"2026-03-02T12:08:17+00:00","og_image":[{"width":1200,"height":1200,"url":"https:\/\/decofoodshop.nl\/wp-content\/uploads\/2020\/03\/IMG_9464.jpg","type":"image\/jpeg"}],"twitter_card":"summary_large_image","twitter_misc":{"Gesch\u00e4tzte Lesezeit":"1\u00a0Minute"},"schema":{"@context":"https:\/\/schema.org","@graph":[{"@type":"WebPage","@id":"https:\/\/decofoodshop.nl\/product\/namaak-krab\/","url":"https:\/\/decofoodshop.nl\/product\/namaak-krab\/","name":"Fake Crab - Jetzt auch bei Decofoodshop erh\u00e4ltlich","isPartOf":{"@id":"https:\/\/decofoodshop.nl\/#website"},"primaryImageOfPage":{"@id":"https:\/\/decofoodshop.nl\/product\/namaak-krab\/#primaryimage"},"image":{"@id":"https:\/\/decofoodshop.nl\/product\/namaak-krab\/#primaryimage"},"thumbnailUrl":"https:\/\/decofoodshop.nl\/wp-content\/uploads\/2020\/03\/IMG_9464.jpg","datePublished":"2020-03-10T11:31:21+00:00","dateModified":"2026-03-02T12:08:17+00:00","description":"Gef\u00e4lschte Krabbe mit sch\u00f6nen Krallen. \u00c4u\u00dferst dekorativ und auch in einer XL-Variante in unserem vielseitigen Webshop erh\u00e4ltlich.","breadcrumb":{"@id":"https:\/\/decofoodshop.nl\/product\/namaak-krab\/#breadcrumb"},"inLanguage":"de","potentialAction":[{"@type":"ReadAction","target":["https:\/\/decofoodshop.nl\/product\/namaak-krab\/"]}]},{"@type":"ImageObject","inLanguage":"de","@id":"https:\/\/decofoodshop.nl\/product\/namaak-krab\/#primaryimage","url":"https:\/\/decofoodshop.nl\/wp-content\/uploads\/2020\/03\/IMG_9464.jpg","contentUrl":"https:\/\/decofoodshop.nl\/wp-content\/uploads\/2020\/03\/IMG_9464.jpg","width":1200,"height":1200,"caption":"Namaak Krab Decofoodshop"},{"@type":"BreadcrumbList","@id":"https:\/\/decofoodshop.nl\/product\/namaak-krab\/#breadcrumb","itemListElement":[{"@type":"ListItem","position":1,"name":"Home","item":"https:\/\/decofoodshop.nl\/"},{"@type":"ListItem","position":2,"name":"Winkel","item":"https:\/\/decofoodshop.nl\/winkel\/"},{"@type":"ListItem","position":3,"name":"Namaak Krab"}]},{"@type":"WebSite","@id":"https:\/\/decofoodshop.nl\/#website","url":"https:\/\/decofoodshop.nl\/","name":"Dekofoodshop","description":"","potentialAction":[{"@type":"SearchAction","target":{"@type":"EntryPoint","urlTemplate":"https:\/\/decofoodshop.nl\/?s={search_term_string}"},"query-input":{"@type":"PropertyValueSpecification","valueRequired":true,"valueName":"search_term_string"}}],"inLanguage":"de"}]}},"_links":{"self":[{"href":"https:\/\/decofoodshop.nl\/de\/wp-json\/wp\/v2\/product\/2704","targetHints":{"allow":["GET"]}}],"collection":[{"href":"https:\/\/decofoodshop.nl\/de\/wp-json\/wp\/v2\/product"}],"about":[{"href":"https:\/\/decofoodshop.nl\/de\/wp-json\/wp\/v2\/types\/product"}],"wp:featuredmedia":[{"embeddable":true,"href":"https:\/\/decofoodshop.nl\/de\/wp-json\/wp\/v2\/media\/2706"}],"wp:attachment":[{"href":"https:\/\/decofoodshop.nl\/de\/wp-json\/wp\/v2\/media?parent=2704"}],"wp:term":[{"taxonomy":"product_brand","embeddable":true,"href":"https:\/\/decofoodshop.nl\/de\/wp-json\/wp\/v2\/product_brand?post=2704"},{"taxonomy":"product_cat","embeddable":true,"href":"https:\/\/decofoodshop.nl\/de\/wp-json\/wp\/v2\/product_cat?post=2704"},{"taxonomy":"product_tag","embeddable":true,"href":"https:\/\/decofoodshop.nl\/de\/wp-json\/wp\/v2\/product_tag?post=2704"}],"curies":[{"name":"wp","href":"https:\/\/api.w.org\/{rel}","templated":true}]}}