{"id":2724,"date":"2020-03-11T09:19:14","date_gmt":"2020-03-11T09:19:14","guid":{"rendered":"https:\/\/decofoodshop.nl\/?post_type=product&#038;p=2724"},"modified":"2026-03-18T12:09:22","modified_gmt":"2026-03-18T11:09:22","slug":"fake-geback-set-6-tlg","status":"publish","type":"product","link":"https:\/\/decofoodshop.nl\/de\/product\/namaak-gebakjes-set-6-stuks\/","title":{"rendered":"Fake-Geb\u00e4ck-Set 6-teilig"},"content":{"rendered":"<p>Dieses wundersch\u00f6ne 6-teilige Geb\u00e4ckimitat-Set ist sehr detailliert.<\/p>\n<p>Die Kunstgeb\u00e4cke sind alle mit sch\u00f6nen Bel\u00e4gen dekoriert.<\/p>\n<p>Auch die Deko-Geb\u00e4ckst\u00fccke haben jeweils eine andere Farbe.<\/p>\n<p>Alles in allem ein sehr komplettes Set an gef\u00e4lschtem Geb\u00e4ck, das \u00e4u\u00dferst dekorativ verwendet werden kann.<\/p>\n<p>Sie sind leicht komprimierbar und nicht zerbrechlich.<\/p>\n<p>F\u00fcr mehr Brot und Geb\u00e4ck klicken<strong><span style=\"color: #008000;\"> <a style=\"color: #008000;\" href=\"https:\/\/decofoodshop.nl\/de\/produktkategorie-2\/brotkuchen\/\">&#039;Hier&#039;<\/a>.<\/span><\/strong><\/p>","protected":false},"excerpt":{"rendered":"<p>Deze mooie namaak gebakjes set 6 stuks zijn erg gedetailleerd. De kunst gebakjes zijn allemaal versierd met prachtige toppings. Ook hebben de sier gebakjes elk een andere kleur. Al met al een hele complete set nep gebakjes die uiterst decoratief inzetbaar zijn. Ze zijn licht indrukbaar en niet breekbaar. Voor meer brood en gebak klik [&hellip;]<\/p>\n","protected":false},"featured_media":2725,"template":"","meta":{"_acf_changed":false,"_genesis_hide_title":false,"_genesis_hide_breadcrumbs":false,"_genesis_hide_singular_image":false,"_genesis_hide_footer_widgets":false,"_genesis_custom_body_class":"","_genesis_custom_post_class":"","_genesis_layout":""},"product_brand":[],"product_cat":[46],"product_tag":[],"class_list":{"0":"post-2724","1":"product","2":"type-product","3":"status-publish","4":"has-post-thumbnail","6":"product_cat-broodengebak","7":"entry","8":"wpx-has-gallery","10":"first","11":"instock","12":"taxable","13":"shipping-taxable","14":"purchasable","15":"product-type-simple"},"acf":[],"yoast_head":"<!-- This site is optimized with the Yoast SEO Premium plugin v27.4 (Yoast SEO v27.4) - https:\/\/yoast.com\/product\/yoast-seo-premium-wordpress\/ -->\n<title>Namaak Gebakjes Set 6 Stuks - Bij Decofoodshop<\/title>\n<meta name=\"description\" content=\"Prachtige namaak gebakjes set van 6 stuks. Natuurgebrouw nepgebak. Decofoodshop.nl verkoopt een breed aanbod namaak brood en namaak gebak.\" \/>\n<meta name=\"robots\" content=\"index, follow, max-snippet:-1, max-image-preview:large, max-video-preview:-1\" \/>\n<link rel=\"canonical\" href=\"https:\/\/decofoodshop.nl\/de\/produkt\/fake-geback-set-6-tlg\/\" \/>\n<meta property=\"og:locale\" content=\"de_DE\" \/>\n<meta property=\"og:type\" content=\"article\" \/>\n<meta property=\"og:title\" content=\"Namaak Gebakjes Set 6 Stuks\" \/>\n<meta property=\"og:description\" content=\"Prachtige namaak gebakjes set van 6 stuks. Natuurgebrouw nepgebak. Decofoodshop.nl verkoopt een breed aanbod namaak brood en namaak gebak.\" \/>\n<meta property=\"og:url\" content=\"https:\/\/decofoodshop.nl\/de\/produkt\/fake-geback-set-6-tlg\/\" \/>\n<meta property=\"og:site_name\" content=\"Decofoodshop\" \/>\n<meta property=\"article:modified_time\" content=\"2026-03-18T11:09:22+00:00\" \/>\n<meta property=\"og:image\" content=\"https:\/\/decofoodshop.nl\/wp-content\/uploads\/2020\/03\/vierkante-cakejes-product-foto-1.jpg\" \/>\n\t<meta property=\"og:image:width\" content=\"1200\" \/>\n\t<meta property=\"og:image:height\" content=\"1200\" \/>\n\t<meta property=\"og:image:type\" content=\"image\/jpeg\" \/>\n<meta name=\"twitter:card\" content=\"summary_large_image\" \/>\n<meta name=\"twitter:label1\" content=\"Gesch\u00e4tzte Lesezeit\" \/>\n\t<meta name=\"twitter:data1\" content=\"1\u00a0Minute\" \/>\n<script type=\"application\/ld+json\" class=\"yoast-schema-graph\">{\"@context\":\"https:\\\/\\\/schema.org\",\"@graph\":[{\"@type\":\"WebPage\",\"@id\":\"https:\\\/\\\/decofoodshop.nl\\\/product\\\/namaak-gebakjes-set-6-stuks\\\/\",\"url\":\"https:\\\/\\\/decofoodshop.nl\\\/product\\\/namaak-gebakjes-set-6-stuks\\\/\",\"name\":\"Namaak Gebakjes Set 6 Stuks - Bij Decofoodshop\",\"isPartOf\":{\"@id\":\"https:\\\/\\\/decofoodshop.nl\\\/#website\"},\"primaryImageOfPage\":{\"@id\":\"https:\\\/\\\/decofoodshop.nl\\\/product\\\/namaak-gebakjes-set-6-stuks\\\/#primaryimage\"},\"image\":{\"@id\":\"https:\\\/\\\/decofoodshop.nl\\\/product\\\/namaak-gebakjes-set-6-stuks\\\/#primaryimage\"},\"thumbnailUrl\":\"https:\\\/\\\/decofoodshop.nl\\\/wp-content\\\/uploads\\\/2020\\\/03\\\/vierkante-cakejes-product-foto-1.jpg\",\"datePublished\":\"2020-03-11T09:19:14+00:00\",\"dateModified\":\"2026-03-18T11:09:22+00:00\",\"description\":\"Prachtige namaak gebakjes set van 6 stuks. Natuurgebrouw nepgebak. Decofoodshop.nl verkoopt een breed aanbod namaak brood en namaak gebak.\",\"breadcrumb\":{\"@id\":\"https:\\\/\\\/decofoodshop.nl\\\/product\\\/namaak-gebakjes-set-6-stuks\\\/#breadcrumb\"},\"inLanguage\":\"de\",\"potentialAction\":[{\"@type\":\"ReadAction\",\"target\":[\"https:\\\/\\\/decofoodshop.nl\\\/product\\\/namaak-gebakjes-set-6-stuks\\\/\"]}]},{\"@type\":\"ImageObject\",\"inLanguage\":\"de\",\"@id\":\"https:\\\/\\\/decofoodshop.nl\\\/product\\\/namaak-gebakjes-set-6-stuks\\\/#primaryimage\",\"url\":\"https:\\\/\\\/decofoodshop.nl\\\/wp-content\\\/uploads\\\/2020\\\/03\\\/vierkante-cakejes-product-foto-1.jpg\",\"contentUrl\":\"https:\\\/\\\/decofoodshop.nl\\\/wp-content\\\/uploads\\\/2020\\\/03\\\/vierkante-cakejes-product-foto-1.jpg\",\"width\":1200,\"height\":1200,\"caption\":\"Namaak Gebakjes Set 6 Stuks\"},{\"@type\":\"BreadcrumbList\",\"@id\":\"https:\\\/\\\/decofoodshop.nl\\\/product\\\/namaak-gebakjes-set-6-stuks\\\/#breadcrumb\",\"itemListElement\":[{\"@type\":\"ListItem\",\"position\":1,\"name\":\"Home\",\"item\":\"https:\\\/\\\/decofoodshop.nl\\\/\"},{\"@type\":\"ListItem\",\"position\":2,\"name\":\"Winkel\",\"item\":\"https:\\\/\\\/decofoodshop.nl\\\/winkel\\\/\"},{\"@type\":\"ListItem\",\"position\":3,\"name\":\"Namaak Gebakjes Set 6 Stuks\"}]},{\"@type\":\"WebSite\",\"@id\":\"https:\\\/\\\/decofoodshop.nl\\\/#website\",\"url\":\"https:\\\/\\\/decofoodshop.nl\\\/\",\"name\":\"Decofoodshop\",\"description\":\"\",\"potentialAction\":[{\"@type\":\"SearchAction\",\"target\":{\"@type\":\"EntryPoint\",\"urlTemplate\":\"https:\\\/\\\/decofoodshop.nl\\\/?s={search_term_string}\"},\"query-input\":{\"@type\":\"PropertyValueSpecification\",\"valueRequired\":true,\"valueName\":\"search_term_string\"}}],\"inLanguage\":\"de\"}]}<\/script>\n<!-- \/ Yoast SEO Premium plugin. -->","yoast_head_json":{"title":"Fake Pastries Set 6 St\u00fcck - Bei Decofoodshop","description":"Sch\u00f6nes gef\u00e4lschtes Geb\u00e4ckset mit 6 St\u00fcck. Nat\u00fcrlich gebraute gef\u00e4lschte Kuchen. Decofoodshop.nl verkauft eine gro\u00dfe Auswahl an gef\u00e4lschtem Brot und gef\u00e4lschtem Geb\u00e4ck.","robots":{"index":"index","follow":"follow","max-snippet":"max-snippet:-1","max-image-preview":"max-image-preview:large","max-video-preview":"max-video-preview:-1"},"canonical":"https:\/\/decofoodshop.nl\/de\/produkt\/fake-geback-set-6-tlg\/","og_locale":"de_DE","og_type":"article","og_title":"Namaak Gebakjes Set 6 Stuks","og_description":"Prachtige namaak gebakjes set van 6 stuks. Natuurgebrouw nepgebak. Decofoodshop.nl verkoopt een breed aanbod namaak brood en namaak gebak.","og_url":"https:\/\/decofoodshop.nl\/de\/produkt\/fake-geback-set-6-tlg\/","og_site_name":"Decofoodshop","article_modified_time":"2026-03-18T11:09:22+00:00","og_image":[{"width":1200,"height":1200,"url":"https:\/\/decofoodshop.nl\/wp-content\/uploads\/2020\/03\/vierkante-cakejes-product-foto-1.jpg","type":"image\/jpeg"}],"twitter_card":"summary_large_image","twitter_misc":{"Gesch\u00e4tzte Lesezeit":"1\u00a0Minute"},"schema":{"@context":"https:\/\/schema.org","@graph":[{"@type":"WebPage","@id":"https:\/\/decofoodshop.nl\/product\/namaak-gebakjes-set-6-stuks\/","url":"https:\/\/decofoodshop.nl\/product\/namaak-gebakjes-set-6-stuks\/","name":"Fake Pastries Set 6 St\u00fcck - Bei Decofoodshop","isPartOf":{"@id":"https:\/\/decofoodshop.nl\/#website"},"primaryImageOfPage":{"@id":"https:\/\/decofoodshop.nl\/product\/namaak-gebakjes-set-6-stuks\/#primaryimage"},"image":{"@id":"https:\/\/decofoodshop.nl\/product\/namaak-gebakjes-set-6-stuks\/#primaryimage"},"thumbnailUrl":"https:\/\/decofoodshop.nl\/wp-content\/uploads\/2020\/03\/vierkante-cakejes-product-foto-1.jpg","datePublished":"2020-03-11T09:19:14+00:00","dateModified":"2026-03-18T11:09:22+00:00","description":"Sch\u00f6nes gef\u00e4lschtes Geb\u00e4ckset mit 6 St\u00fcck. Nat\u00fcrlich gebraute gef\u00e4lschte Kuchen. Decofoodshop.nl verkauft eine gro\u00dfe Auswahl an gef\u00e4lschtem Brot und gef\u00e4lschtem Geb\u00e4ck.","breadcrumb":{"@id":"https:\/\/decofoodshop.nl\/product\/namaak-gebakjes-set-6-stuks\/#breadcrumb"},"inLanguage":"de","potentialAction":[{"@type":"ReadAction","target":["https:\/\/decofoodshop.nl\/product\/namaak-gebakjes-set-6-stuks\/"]}]},{"@type":"ImageObject","inLanguage":"de","@id":"https:\/\/decofoodshop.nl\/product\/namaak-gebakjes-set-6-stuks\/#primaryimage","url":"https:\/\/decofoodshop.nl\/wp-content\/uploads\/2020\/03\/vierkante-cakejes-product-foto-1.jpg","contentUrl":"https:\/\/decofoodshop.nl\/wp-content\/uploads\/2020\/03\/vierkante-cakejes-product-foto-1.jpg","width":1200,"height":1200,"caption":"Namaak Gebakjes Set 6 Stuks"},{"@type":"BreadcrumbList","@id":"https:\/\/decofoodshop.nl\/product\/namaak-gebakjes-set-6-stuks\/#breadcrumb","itemListElement":[{"@type":"ListItem","position":1,"name":"Home","item":"https:\/\/decofoodshop.nl\/"},{"@type":"ListItem","position":2,"name":"Winkel","item":"https:\/\/decofoodshop.nl\/winkel\/"},{"@type":"ListItem","position":3,"name":"Namaak Gebakjes Set 6 Stuks"}]},{"@type":"WebSite","@id":"https:\/\/decofoodshop.nl\/#website","url":"https:\/\/decofoodshop.nl\/","name":"Dekofoodshop","description":"","potentialAction":[{"@type":"SearchAction","target":{"@type":"EntryPoint","urlTemplate":"https:\/\/decofoodshop.nl\/?s={search_term_string}"},"query-input":{"@type":"PropertyValueSpecification","valueRequired":true,"valueName":"search_term_string"}}],"inLanguage":"de"}]}},"_links":{"self":[{"href":"https:\/\/decofoodshop.nl\/de\/wp-json\/wp\/v2\/product\/2724","targetHints":{"allow":["GET"]}}],"collection":[{"href":"https:\/\/decofoodshop.nl\/de\/wp-json\/wp\/v2\/product"}],"about":[{"href":"https:\/\/decofoodshop.nl\/de\/wp-json\/wp\/v2\/types\/product"}],"wp:featuredmedia":[{"embeddable":true,"href":"https:\/\/decofoodshop.nl\/de\/wp-json\/wp\/v2\/media\/2725"}],"wp:attachment":[{"href":"https:\/\/decofoodshop.nl\/de\/wp-json\/wp\/v2\/media?parent=2724"}],"wp:term":[{"taxonomy":"product_brand","embeddable":true,"href":"https:\/\/decofoodshop.nl\/de\/wp-json\/wp\/v2\/product_brand?post=2724"},{"taxonomy":"product_cat","embeddable":true,"href":"https:\/\/decofoodshop.nl\/de\/wp-json\/wp\/v2\/product_cat?post=2724"},{"taxonomy":"product_tag","embeddable":true,"href":"https:\/\/decofoodshop.nl\/de\/wp-json\/wp\/v2\/product_tag?post=2724"}],"curies":[{"name":"wp","href":"https:\/\/api.w.org\/{rel}","templated":true}]}}