{"id":2731,"date":"2020-03-11T09:48:43","date_gmt":"2020-03-11T08:48:43","guid":{"rendered":"https:\/\/decofoodshop.nl\/?post_type=product&#038;p=2731"},"modified":"2026-03-02T13:05:08","modified_gmt":"2026-03-02T12:05:08","slug":"kunstliches-geback-herz-set-6-tlg","status":"publish","type":"product","link":"https:\/\/decofoodshop.nl\/de\/product\/nep-gebak-hartjes-set-6-stuks\/","title":{"rendered":"Gef\u00e4lschte Geb\u00e4ckherzen Set 6 St\u00fcck"},"content":{"rendered":"<p>Wundersch\u00f6nes k\u00fcnstliches Geb\u00e4ckherzen-Set 6-teilig.<\/p>\n<p>Die Oberseiten der Ziergeb\u00e4cke sind mit allerlei unterschiedlichen Bel\u00e4gen versehen.<\/p>\n<p>Die Toppings sind: Fruchtschnitten oder N\u00fcsse oder Schokoladendekore.<\/p>\n<p>Es wurde gro\u00dfe Sorgfalt darauf verwendet, das gef\u00e4lschte Geb\u00e4ck so echt wie m\u00f6glich erscheinen zu lassen.<\/p>\n<p>Sie sind nicht zerbrechlich und leicht komprimierbar.<\/p>\n<p>F\u00fcr mehr Brot &amp; Geb\u00e4ck klicken<strong> <span style=\"color: #008000;\"><a style=\"color: #008000;\" href=\"https:\/\/decofoodshop.nl\/de\/produktkategorie-2\/brotkuchen\/\">&#039;Hier&#039;<\/a>.<\/span><\/strong><\/p>","protected":false},"excerpt":{"rendered":"<p>Mooie nep gebak hartjes set 6 stuks. De bovenkant van de sier gebakjes zijn voorzien van allerlei verschillende toppings. De toppings zijn: fruit schijfjes of noten of chocolade versieringen. Er is veel aandacht besteed om de namaak gebakjes zo echt mogelijk te laten lijken. Ze zijn niet breekbaar en licht indrukbaar. Voor meer brood &amp; [&hellip;]<\/p>\n","protected":false},"featured_media":2732,"template":"","meta":{"_acf_changed":false,"_genesis_hide_title":false,"_genesis_hide_breadcrumbs":false,"_genesis_hide_singular_image":false,"_genesis_hide_footer_widgets":false,"_genesis_custom_body_class":"","_genesis_custom_post_class":"","_genesis_layout":""},"product_brand":[],"product_cat":[46],"product_tag":[],"class_list":{"0":"post-2731","1":"product","2":"type-product","3":"status-publish","4":"has-post-thumbnail","6":"product_cat-broodengebak","7":"entry","8":"wpx-has-gallery","10":"first","11":"instock","12":"taxable","13":"shipping-taxable","14":"purchasable","15":"product-type-simple"},"acf":[],"yoast_head":"<!-- This site is optimized with the Yoast SEO Premium plugin v27.3 (Yoast SEO v27.4) - https:\/\/yoast.com\/product\/yoast-seo-premium-wordpress\/ -->\n<title>Nep Gebak Hartjes Set 6 Stuks - Bij Decofoodshop<\/title>\n<meta name=\"description\" content=\"Prachtige nep gebak hartjes set 6 stuks. Niet breekbaar en uiterst decoratief. Ze zijn bijna niet van echt te onderscheiden.\" \/>\n<meta name=\"robots\" content=\"index, follow, max-snippet:-1, max-image-preview:large, max-video-preview:-1\" \/>\n<link rel=\"canonical\" href=\"https:\/\/decofoodshop.nl\/de\/produkt\/kunstliches-geback-herz-set-6-tlg\/\" \/>\n<meta property=\"og:locale\" content=\"de_DE\" \/>\n<meta property=\"og:type\" content=\"article\" \/>\n<meta property=\"og:title\" content=\"Nep Gebak Hartjes Set 6 Stuks\" \/>\n<meta property=\"og:description\" content=\"Prachtige nep gebak hartjes set 6 stuks. Niet breekbaar en uiterst decoratief. Ze zijn bijna niet van echt te onderscheiden.\" \/>\n<meta property=\"og:url\" content=\"https:\/\/decofoodshop.nl\/de\/produkt\/kunstliches-geback-herz-set-6-tlg\/\" \/>\n<meta property=\"og:site_name\" content=\"Decofoodshop\" \/>\n<meta property=\"article:modified_time\" content=\"2026-03-02T12:05:08+00:00\" \/>\n<meta property=\"og:image\" content=\"https:\/\/decofoodshop.nl\/wp-content\/uploads\/2020\/03\/hartjes-cakejes.jpg\" \/>\n\t<meta property=\"og:image:width\" content=\"1200\" \/>\n\t<meta property=\"og:image:height\" content=\"1197\" \/>\n\t<meta property=\"og:image:type\" content=\"image\/jpeg\" \/>\n<meta name=\"twitter:card\" content=\"summary_large_image\" \/>\n<meta name=\"twitter:label1\" content=\"Gesch\u00e4tzte Lesezeit\" \/>\n\t<meta name=\"twitter:data1\" content=\"1\u00a0Minute\" \/>\n<script type=\"application\/ld+json\" class=\"yoast-schema-graph\">{\"@context\":\"https:\\\/\\\/schema.org\",\"@graph\":[{\"@type\":\"WebPage\",\"@id\":\"https:\\\/\\\/decofoodshop.nl\\\/product\\\/nep-gebak-hartjes-set-6-stuks\\\/\",\"url\":\"https:\\\/\\\/decofoodshop.nl\\\/product\\\/nep-gebak-hartjes-set-6-stuks\\\/\",\"name\":\"Nep Gebak Hartjes Set 6 Stuks - Bij Decofoodshop\",\"isPartOf\":{\"@id\":\"https:\\\/\\\/decofoodshop.nl\\\/#website\"},\"primaryImageOfPage\":{\"@id\":\"https:\\\/\\\/decofoodshop.nl\\\/product\\\/nep-gebak-hartjes-set-6-stuks\\\/#primaryimage\"},\"image\":{\"@id\":\"https:\\\/\\\/decofoodshop.nl\\\/product\\\/nep-gebak-hartjes-set-6-stuks\\\/#primaryimage\"},\"thumbnailUrl\":\"https:\\\/\\\/decofoodshop.nl\\\/wp-content\\\/uploads\\\/2020\\\/03\\\/hartjes-cakejes.jpg\",\"datePublished\":\"2020-03-11T08:48:43+00:00\",\"dateModified\":\"2026-03-02T12:05:08+00:00\",\"description\":\"Prachtige nep gebak hartjes set 6 stuks. Niet breekbaar en uiterst decoratief. Ze zijn bijna niet van echt te onderscheiden.\",\"breadcrumb\":{\"@id\":\"https:\\\/\\\/decofoodshop.nl\\\/product\\\/nep-gebak-hartjes-set-6-stuks\\\/#breadcrumb\"},\"inLanguage\":\"de\",\"potentialAction\":[{\"@type\":\"ReadAction\",\"target\":[\"https:\\\/\\\/decofoodshop.nl\\\/product\\\/nep-gebak-hartjes-set-6-stuks\\\/\"]}]},{\"@type\":\"ImageObject\",\"inLanguage\":\"de\",\"@id\":\"https:\\\/\\\/decofoodshop.nl\\\/product\\\/nep-gebak-hartjes-set-6-stuks\\\/#primaryimage\",\"url\":\"https:\\\/\\\/decofoodshop.nl\\\/wp-content\\\/uploads\\\/2020\\\/03\\\/hartjes-cakejes.jpg\",\"contentUrl\":\"https:\\\/\\\/decofoodshop.nl\\\/wp-content\\\/uploads\\\/2020\\\/03\\\/hartjes-cakejes.jpg\",\"width\":1200,\"height\":1197,\"caption\":\"Nep Gebak Hartjes Set 6 Stuks\"},{\"@type\":\"BreadcrumbList\",\"@id\":\"https:\\\/\\\/decofoodshop.nl\\\/product\\\/nep-gebak-hartjes-set-6-stuks\\\/#breadcrumb\",\"itemListElement\":[{\"@type\":\"ListItem\",\"position\":1,\"name\":\"Home\",\"item\":\"https:\\\/\\\/decofoodshop.nl\\\/\"},{\"@type\":\"ListItem\",\"position\":2,\"name\":\"Winkel\",\"item\":\"https:\\\/\\\/decofoodshop.nl\\\/winkel\\\/\"},{\"@type\":\"ListItem\",\"position\":3,\"name\":\"Nep Gebak Hartjes Set 6 Stuks\"}]},{\"@type\":\"WebSite\",\"@id\":\"https:\\\/\\\/decofoodshop.nl\\\/#website\",\"url\":\"https:\\\/\\\/decofoodshop.nl\\\/\",\"name\":\"Decofoodshop\",\"description\":\"\",\"potentialAction\":[{\"@type\":\"SearchAction\",\"target\":{\"@type\":\"EntryPoint\",\"urlTemplate\":\"https:\\\/\\\/decofoodshop.nl\\\/?s={search_term_string}\"},\"query-input\":{\"@type\":\"PropertyValueSpecification\",\"valueRequired\":true,\"valueName\":\"search_term_string\"}}],\"inLanguage\":\"de\"}]}<\/script>\n<!-- \/ Yoast SEO Premium plugin. -->","yoast_head_json":{"title":"K\u00fcnstliche Geb\u00e4ckherzen Set 6 St\u00fcck - Bei Decofoodshop","description":"Wundersch\u00f6nes k\u00fcnstliches Geb\u00e4ckherzen-Set 6-teilig. Nicht zerbrechlich und \u00e4u\u00dferst dekorativ. Sie sind von der Realit\u00e4t kaum zu unterscheiden.","robots":{"index":"index","follow":"follow","max-snippet":"max-snippet:-1","max-image-preview":"max-image-preview:large","max-video-preview":"max-video-preview:-1"},"canonical":"https:\/\/decofoodshop.nl\/de\/produkt\/kunstliches-geback-herz-set-6-tlg\/","og_locale":"de_DE","og_type":"article","og_title":"Nep Gebak Hartjes Set 6 Stuks","og_description":"Prachtige nep gebak hartjes set 6 stuks. Niet breekbaar en uiterst decoratief. Ze zijn bijna niet van echt te onderscheiden.","og_url":"https:\/\/decofoodshop.nl\/de\/produkt\/kunstliches-geback-herz-set-6-tlg\/","og_site_name":"Decofoodshop","article_modified_time":"2026-03-02T12:05:08+00:00","og_image":[{"width":1200,"height":1197,"url":"https:\/\/decofoodshop.nl\/wp-content\/uploads\/2020\/03\/hartjes-cakejes.jpg","type":"image\/jpeg"}],"twitter_card":"summary_large_image","twitter_misc":{"Gesch\u00e4tzte Lesezeit":"1\u00a0Minute"},"schema":{"@context":"https:\/\/schema.org","@graph":[{"@type":"WebPage","@id":"https:\/\/decofoodshop.nl\/product\/nep-gebak-hartjes-set-6-stuks\/","url":"https:\/\/decofoodshop.nl\/product\/nep-gebak-hartjes-set-6-stuks\/","name":"K\u00fcnstliche Geb\u00e4ckherzen Set 6 St\u00fcck - Bei Decofoodshop","isPartOf":{"@id":"https:\/\/decofoodshop.nl\/#website"},"primaryImageOfPage":{"@id":"https:\/\/decofoodshop.nl\/product\/nep-gebak-hartjes-set-6-stuks\/#primaryimage"},"image":{"@id":"https:\/\/decofoodshop.nl\/product\/nep-gebak-hartjes-set-6-stuks\/#primaryimage"},"thumbnailUrl":"https:\/\/decofoodshop.nl\/wp-content\/uploads\/2020\/03\/hartjes-cakejes.jpg","datePublished":"2020-03-11T08:48:43+00:00","dateModified":"2026-03-02T12:05:08+00:00","description":"Wundersch\u00f6nes k\u00fcnstliches Geb\u00e4ckherzen-Set 6-teilig. Nicht zerbrechlich und \u00e4u\u00dferst dekorativ. Sie sind von der Realit\u00e4t kaum zu unterscheiden.","breadcrumb":{"@id":"https:\/\/decofoodshop.nl\/product\/nep-gebak-hartjes-set-6-stuks\/#breadcrumb"},"inLanguage":"de","potentialAction":[{"@type":"ReadAction","target":["https:\/\/decofoodshop.nl\/product\/nep-gebak-hartjes-set-6-stuks\/"]}]},{"@type":"ImageObject","inLanguage":"de","@id":"https:\/\/decofoodshop.nl\/product\/nep-gebak-hartjes-set-6-stuks\/#primaryimage","url":"https:\/\/decofoodshop.nl\/wp-content\/uploads\/2020\/03\/hartjes-cakejes.jpg","contentUrl":"https:\/\/decofoodshop.nl\/wp-content\/uploads\/2020\/03\/hartjes-cakejes.jpg","width":1200,"height":1197,"caption":"Nep Gebak Hartjes Set 6 Stuks"},{"@type":"BreadcrumbList","@id":"https:\/\/decofoodshop.nl\/product\/nep-gebak-hartjes-set-6-stuks\/#breadcrumb","itemListElement":[{"@type":"ListItem","position":1,"name":"Home","item":"https:\/\/decofoodshop.nl\/"},{"@type":"ListItem","position":2,"name":"Winkel","item":"https:\/\/decofoodshop.nl\/winkel\/"},{"@type":"ListItem","position":3,"name":"Nep Gebak Hartjes Set 6 Stuks"}]},{"@type":"WebSite","@id":"https:\/\/decofoodshop.nl\/#website","url":"https:\/\/decofoodshop.nl\/","name":"Dekofoodshop","description":"","potentialAction":[{"@type":"SearchAction","target":{"@type":"EntryPoint","urlTemplate":"https:\/\/decofoodshop.nl\/?s={search_term_string}"},"query-input":{"@type":"PropertyValueSpecification","valueRequired":true,"valueName":"search_term_string"}}],"inLanguage":"de"}]}},"_links":{"self":[{"href":"https:\/\/decofoodshop.nl\/de\/wp-json\/wp\/v2\/product\/2731","targetHints":{"allow":["GET"]}}],"collection":[{"href":"https:\/\/decofoodshop.nl\/de\/wp-json\/wp\/v2\/product"}],"about":[{"href":"https:\/\/decofoodshop.nl\/de\/wp-json\/wp\/v2\/types\/product"}],"wp:featuredmedia":[{"embeddable":true,"href":"https:\/\/decofoodshop.nl\/de\/wp-json\/wp\/v2\/media\/2732"}],"wp:attachment":[{"href":"https:\/\/decofoodshop.nl\/de\/wp-json\/wp\/v2\/media?parent=2731"}],"wp:term":[{"taxonomy":"product_brand","embeddable":true,"href":"https:\/\/decofoodshop.nl\/de\/wp-json\/wp\/v2\/product_brand?post=2731"},{"taxonomy":"product_cat","embeddable":true,"href":"https:\/\/decofoodshop.nl\/de\/wp-json\/wp\/v2\/product_cat?post=2731"},{"taxonomy":"product_tag","embeddable":true,"href":"https:\/\/decofoodshop.nl\/de\/wp-json\/wp\/v2\/product_tag?post=2731"}],"curies":[{"name":"wp","href":"https:\/\/api.w.org\/{rel}","templated":true}]}}