{"id":2748,"date":"2020-03-11T12:07:45","date_gmt":"2020-03-11T12:07:45","guid":{"rendered":"https:\/\/decofoodshop.nl\/?post_type=product&#038;p=2748"},"modified":"2026-04-02T21:42:28","modified_gmt":"2026-04-02T19:42:28","slug":"kunstwaffel","status":"publish","type":"product","link":"https:\/\/decofoodshop.nl\/de\/product\/kunst-wafel\/","title":{"rendered":"Art Waffel"},"content":{"rendered":"<p>Diese sch\u00f6ne Kunstwaffel ist sehr robust.<\/p>\n<p>Die Farbe entspricht der einer echten Waffel.<\/p>\n<p>Die Form der gef\u00e4lschten Waffel ist auch sehr realistisch.<\/p>\n<p>Es ist ziemlich dick, was auch beim einfachen Platzieren der falschen Waffel hilft.<\/p>\n<p>\u00c4u\u00dferst dekorativ und vielseitig einsetzbar.<\/p>\n<p>Klicken<span style=\"color: #008000;\"> <a style=\"color: #008000;\" href=\"https:\/\/decofoodshop.nl\/de\/produktkategorie-2\/andere\/\">&#8216;<strong>Hier&#039;<\/strong><\/a> <\/span>f\u00fcr unser Sortiment an anderen Lebensmittelprodukten.<\/p>","protected":false},"excerpt":{"rendered":"<p>Deze mooie kunst wafel is erg stevig. De kleur is hetzelfde als die van een echte wafel. Ook de vorm van de namaak wafel is heel realistisch. Hij is vrij dik wat ook helpt in het makkelijk plaatsen van de nep wafel. Uiterst decoratief inzetbaar voor verschillende doeleinden. Klik &#8216;Hier&#8217; voor ons aanbod overige voedsel [&hellip;]<\/p>\n","protected":false},"featured_media":2749,"template":"","meta":{"_acf_changed":false,"_genesis_hide_title":false,"_genesis_hide_breadcrumbs":false,"_genesis_hide_singular_image":false,"_genesis_hide_footer_widgets":false,"_genesis_custom_body_class":"","_genesis_custom_post_class":"","_genesis_layout":""},"product_brand":[],"product_cat":[46],"product_tag":[],"class_list":{"0":"post-2748","1":"product","2":"type-product","3":"status-publish","4":"has-post-thumbnail","6":"product_cat-broodengebak","7":"entry","8":"wpx-has-gallery","10":"first","11":"instock","12":"taxable","13":"shipping-taxable","14":"purchasable","15":"product-type-simple"},"acf":[],"yoast_head":"<!-- This site is optimized with the Yoast SEO Premium plugin v27.3 (Yoast SEO v27.3) - https:\/\/yoast.com\/product\/yoast-seo-premium-wordpress\/ -->\n<title>Kunst Wafel - Verkrijgbaar Bij Webshop Decofoodshop<\/title>\n<meta name=\"description\" content=\"Stevige kunst wafel die net echt lijkt. Heel geschikt als decoratie voor winkels etc. Wij bieden nog veel meer namaak gebakjes op onze veelzijdige webshop.\" \/>\n<meta name=\"robots\" content=\"index, follow, max-snippet:-1, max-image-preview:large, max-video-preview:-1\" \/>\n<link rel=\"canonical\" href=\"https:\/\/decofoodshop.nl\/de\/produkt\/kunstwaffel\/\" \/>\n<meta property=\"og:locale\" content=\"de_DE\" \/>\n<meta property=\"og:type\" content=\"article\" \/>\n<meta property=\"og:title\" content=\"Kunst Wafel\" \/>\n<meta property=\"og:description\" content=\"Stevige kunst wafel die net echt lijkt. Heel geschikt als decoratie voor winkels etc. Wij bieden nog veel meer namaak gebakjes op onze veelzijdige webshop.\" \/>\n<meta property=\"og:url\" content=\"https:\/\/decofoodshop.nl\/de\/produkt\/kunstwaffel\/\" \/>\n<meta property=\"og:site_name\" content=\"Decofoodshop\" \/>\n<meta property=\"article:modified_time\" content=\"2026-04-02T19:42:28+00:00\" \/>\n<meta property=\"og:image\" content=\"https:\/\/decofoodshop.nl\/wp-content\/uploads\/2020\/03\/IMG_9410.jpg\" \/>\n\t<meta property=\"og:image:width\" content=\"1200\" \/>\n\t<meta property=\"og:image:height\" content=\"1200\" \/>\n\t<meta property=\"og:image:type\" content=\"image\/jpeg\" \/>\n<meta name=\"twitter:card\" content=\"summary_large_image\" \/>\n<meta name=\"twitter:label1\" content=\"Gesch\u00e4tzte Lesezeit\" \/>\n\t<meta name=\"twitter:data1\" content=\"1\u00a0Minute\" \/>\n<script type=\"application\/ld+json\" class=\"yoast-schema-graph\">{\"@context\":\"https:\\\/\\\/schema.org\",\"@graph\":[{\"@type\":\"WebPage\",\"@id\":\"https:\\\/\\\/decofoodshop.nl\\\/product\\\/kunst-wafel\\\/\",\"url\":\"https:\\\/\\\/decofoodshop.nl\\\/product\\\/kunst-wafel\\\/\",\"name\":\"Kunst Wafel - Verkrijgbaar Bij Webshop Decofoodshop\",\"isPartOf\":{\"@id\":\"https:\\\/\\\/decofoodshop.nl\\\/#website\"},\"primaryImageOfPage\":{\"@id\":\"https:\\\/\\\/decofoodshop.nl\\\/product\\\/kunst-wafel\\\/#primaryimage\"},\"image\":{\"@id\":\"https:\\\/\\\/decofoodshop.nl\\\/product\\\/kunst-wafel\\\/#primaryimage\"},\"thumbnailUrl\":\"https:\\\/\\\/decofoodshop.nl\\\/wp-content\\\/uploads\\\/2020\\\/03\\\/IMG_9410.jpg\",\"datePublished\":\"2020-03-11T12:07:45+00:00\",\"dateModified\":\"2026-04-02T19:42:28+00:00\",\"description\":\"Stevige kunst wafel die net echt lijkt. Heel geschikt als decoratie voor winkels etc. Wij bieden nog veel meer namaak gebakjes op onze veelzijdige webshop.\",\"breadcrumb\":{\"@id\":\"https:\\\/\\\/decofoodshop.nl\\\/product\\\/kunst-wafel\\\/#breadcrumb\"},\"inLanguage\":\"de\",\"potentialAction\":[{\"@type\":\"ReadAction\",\"target\":[\"https:\\\/\\\/decofoodshop.nl\\\/product\\\/kunst-wafel\\\/\"]}]},{\"@type\":\"ImageObject\",\"inLanguage\":\"de\",\"@id\":\"https:\\\/\\\/decofoodshop.nl\\\/product\\\/kunst-wafel\\\/#primaryimage\",\"url\":\"https:\\\/\\\/decofoodshop.nl\\\/wp-content\\\/uploads\\\/2020\\\/03\\\/IMG_9410.jpg\",\"contentUrl\":\"https:\\\/\\\/decofoodshop.nl\\\/wp-content\\\/uploads\\\/2020\\\/03\\\/IMG_9410.jpg\",\"width\":1200,\"height\":1200,\"caption\":\"Kunst Wafel\"},{\"@type\":\"BreadcrumbList\",\"@id\":\"https:\\\/\\\/decofoodshop.nl\\\/product\\\/kunst-wafel\\\/#breadcrumb\",\"itemListElement\":[{\"@type\":\"ListItem\",\"position\":1,\"name\":\"Home\",\"item\":\"https:\\\/\\\/decofoodshop.nl\\\/\"},{\"@type\":\"ListItem\",\"position\":2,\"name\":\"Winkel\",\"item\":\"https:\\\/\\\/decofoodshop.nl\\\/winkel\\\/\"},{\"@type\":\"ListItem\",\"position\":3,\"name\":\"Kunst Wafel\"}]},{\"@type\":\"WebSite\",\"@id\":\"https:\\\/\\\/decofoodshop.nl\\\/#website\",\"url\":\"https:\\\/\\\/decofoodshop.nl\\\/\",\"name\":\"Decofoodshop\",\"description\":\"\",\"potentialAction\":[{\"@type\":\"SearchAction\",\"target\":{\"@type\":\"EntryPoint\",\"urlTemplate\":\"https:\\\/\\\/decofoodshop.nl\\\/?s={search_term_string}\"},\"query-input\":{\"@type\":\"PropertyValueSpecification\",\"valueRequired\":true,\"valueName\":\"search_term_string\"}}],\"inLanguage\":\"de\"}]}<\/script>\n<!-- \/ Yoast SEO Premium plugin. -->","yoast_head_json":{"title":"Art Waffle - Erh\u00e4ltlich im Webshop Decofoodshop","description":"Robuste Kunstwaffel, die genauso aussieht wie das Original. Sehr gut geeignet als Dekoration f\u00fcr Gesch\u00e4fte usw. Wir bieten viele weitere gef\u00e4lschte Backwaren in unserem vielseitigen Webshop an.","robots":{"index":"index","follow":"follow","max-snippet":"max-snippet:-1","max-image-preview":"max-image-preview:large","max-video-preview":"max-video-preview:-1"},"canonical":"https:\/\/decofoodshop.nl\/de\/produkt\/kunstwaffel\/","og_locale":"de_DE","og_type":"article","og_title":"Kunst Wafel","og_description":"Stevige kunst wafel die net echt lijkt. Heel geschikt als decoratie voor winkels etc. Wij bieden nog veel meer namaak gebakjes op onze veelzijdige webshop.","og_url":"https:\/\/decofoodshop.nl\/de\/produkt\/kunstwaffel\/","og_site_name":"Decofoodshop","article_modified_time":"2026-04-02T19:42:28+00:00","og_image":[{"width":1200,"height":1200,"url":"https:\/\/decofoodshop.nl\/wp-content\/uploads\/2020\/03\/IMG_9410.jpg","type":"image\/jpeg"}],"twitter_card":"summary_large_image","twitter_misc":{"Gesch\u00e4tzte Lesezeit":"1\u00a0Minute"},"schema":{"@context":"https:\/\/schema.org","@graph":[{"@type":"WebPage","@id":"https:\/\/decofoodshop.nl\/product\/kunst-wafel\/","url":"https:\/\/decofoodshop.nl\/product\/kunst-wafel\/","name":"Art Waffle - Erh\u00e4ltlich im Webshop Decofoodshop","isPartOf":{"@id":"https:\/\/decofoodshop.nl\/#website"},"primaryImageOfPage":{"@id":"https:\/\/decofoodshop.nl\/product\/kunst-wafel\/#primaryimage"},"image":{"@id":"https:\/\/decofoodshop.nl\/product\/kunst-wafel\/#primaryimage"},"thumbnailUrl":"https:\/\/decofoodshop.nl\/wp-content\/uploads\/2020\/03\/IMG_9410.jpg","datePublished":"2020-03-11T12:07:45+00:00","dateModified":"2026-04-02T19:42:28+00:00","description":"Robuste Kunstwaffel, die genauso aussieht wie das Original. Sehr gut geeignet als Dekoration f\u00fcr Gesch\u00e4fte usw. Wir bieten viele weitere gef\u00e4lschte Backwaren in unserem vielseitigen Webshop an.","breadcrumb":{"@id":"https:\/\/decofoodshop.nl\/product\/kunst-wafel\/#breadcrumb"},"inLanguage":"de","potentialAction":[{"@type":"ReadAction","target":["https:\/\/decofoodshop.nl\/product\/kunst-wafel\/"]}]},{"@type":"ImageObject","inLanguage":"de","@id":"https:\/\/decofoodshop.nl\/product\/kunst-wafel\/#primaryimage","url":"https:\/\/decofoodshop.nl\/wp-content\/uploads\/2020\/03\/IMG_9410.jpg","contentUrl":"https:\/\/decofoodshop.nl\/wp-content\/uploads\/2020\/03\/IMG_9410.jpg","width":1200,"height":1200,"caption":"Kunst Wafel"},{"@type":"BreadcrumbList","@id":"https:\/\/decofoodshop.nl\/product\/kunst-wafel\/#breadcrumb","itemListElement":[{"@type":"ListItem","position":1,"name":"Home","item":"https:\/\/decofoodshop.nl\/"},{"@type":"ListItem","position":2,"name":"Winkel","item":"https:\/\/decofoodshop.nl\/winkel\/"},{"@type":"ListItem","position":3,"name":"Kunst Wafel"}]},{"@type":"WebSite","@id":"https:\/\/decofoodshop.nl\/#website","url":"https:\/\/decofoodshop.nl\/","name":"Dekofoodshop","description":"","potentialAction":[{"@type":"SearchAction","target":{"@type":"EntryPoint","urlTemplate":"https:\/\/decofoodshop.nl\/?s={search_term_string}"},"query-input":{"@type":"PropertyValueSpecification","valueRequired":true,"valueName":"search_term_string"}}],"inLanguage":"de"}]}},"_links":{"self":[{"href":"https:\/\/decofoodshop.nl\/de\/wp-json\/wp\/v2\/product\/2748","targetHints":{"allow":["GET"]}}],"collection":[{"href":"https:\/\/decofoodshop.nl\/de\/wp-json\/wp\/v2\/product"}],"about":[{"href":"https:\/\/decofoodshop.nl\/de\/wp-json\/wp\/v2\/types\/product"}],"wp:featuredmedia":[{"embeddable":true,"href":"https:\/\/decofoodshop.nl\/de\/wp-json\/wp\/v2\/media\/2749"}],"wp:attachment":[{"href":"https:\/\/decofoodshop.nl\/de\/wp-json\/wp\/v2\/media?parent=2748"}],"wp:term":[{"taxonomy":"product_brand","embeddable":true,"href":"https:\/\/decofoodshop.nl\/de\/wp-json\/wp\/v2\/product_brand?post=2748"},{"taxonomy":"product_cat","embeddable":true,"href":"https:\/\/decofoodshop.nl\/de\/wp-json\/wp\/v2\/product_cat?post=2748"},{"taxonomy":"product_tag","embeddable":true,"href":"https:\/\/decofoodshop.nl\/de\/wp-json\/wp\/v2\/product_tag?post=2748"}],"curies":[{"name":"wp","href":"https:\/\/api.w.org\/{rel}","templated":true}]}}