{"id":3032,"date":"2020-04-23T07:05:09","date_gmt":"2020-04-23T07:05:09","guid":{"rendered":"https:\/\/decofoodshop.nl\/?post_type=product&#038;p=3032"},"modified":"2026-03-02T13:02:41","modified_gmt":"2026-03-02T12:02:41","slug":"gefalschter-tintenfisch-orange","status":"publish","type":"product","link":"https:\/\/decofoodshop.nl\/de\/product\/nep-inktvis-oranje\/","title":{"rendered":"Gef\u00e4lschte Tintenfisch-Orange"},"content":{"rendered":"<p>Dies ist eine kleine flexible Tintenfischorange.<\/p>\n<p>Die Unterseite des k\u00fcnstlichen Tintenfischs ist hell mit sch\u00f6nen silbernen und goldenen Sprenkeln, die in das Gummi eingearbeitet sind.<\/p>\n<p>Die Seitenklappen sind eine dunklere Farbe, aber unten mit sch\u00f6nen goldenen Punkten.<\/p>\n<p>Auf der Oberseite sieht man eine sch\u00f6ne gold-orange Farbe mit wei\u00dfen Sprenkeln.<\/p>\n<p>Der gef\u00e4lschte Tintenfisch hat zwei Augen.<\/p>\n<p>Mit acht Tentakeln, von denen zwei etwas l\u00e4nger sind und ein flaches Ende haben.<\/p>\n<p>Auch die Tentakel des Zierkalmars haben an der Unterseite Saugn\u00e4pfe.<\/p>\n<p>Alles in allem ist diese gef\u00e4lschte Tintenfischorange ein sch\u00f6nes und sch\u00f6nes Produkt.<\/p>\n<p>Ansehen:<strong><span style=\"color: #008000;\"><a style=\"color: #008000;\" href=\"https:\/\/decofoodshop.nl\/de\/produktkategorie-2\/visenvlees\/\"> \u201eGef\u00e4lschter Fisch und Fleisch\u201c<\/a> <\/span><\/strong>f\u00fcr mehr Spa\u00df Fisch.<\/p>","protected":false},"excerpt":{"rendered":"<p>Dit is een kleine flexibele nep inktvis oranje. De onderkant van de kunst inktvis is een lichte kleur met prachtige zilveren en gouden spikkels die verwerkt zijn in het rubber. De zijflappen zijn een donkerdere kleur maar aan de onderkant voorzien\u00a0 met prachtige gouden stippen. Op de bovenkant kunt u een prachtige goud-oranje kleur zien [&hellip;]<\/p>\n","protected":false},"featured_media":3492,"template":"","meta":{"_acf_changed":false,"_genesis_hide_title":false,"_genesis_hide_breadcrumbs":false,"_genesis_hide_singular_image":false,"_genesis_hide_footer_widgets":false,"_genesis_custom_body_class":"","_genesis_custom_post_class":"","_genesis_layout":""},"product_brand":[],"product_cat":[50],"product_tag":[],"class_list":{"0":"post-3032","1":"product","2":"type-product","3":"status-publish","4":"has-post-thumbnail","6":"product_cat-namaak-vis-en-vlees","7":"entry","8":"wpx-has-gallery","10":"first","11":"instock","12":"taxable","13":"shipping-taxable","14":"purchasable","15":"product-type-simple"},"acf":[],"yoast_head":"<!-- This site is optimized with the Yoast SEO Premium plugin v27.4 (Yoast SEO v27.4) - https:\/\/yoast.com\/product\/yoast-seo-premium-wordpress\/ -->\n<title>Nep Inktvis Oranje - Verkrijgbaar Bij Webshop Decofoodshop<\/title>\n<meta name=\"description\" content=\"Mooie nep inktvis oranje. Erg gedetailleerd en een prachitge goud oranje kleur. Te krijgen in 2 varianten. Kijk rustig even rond voor ons volledige aanbod.\" \/>\n<meta name=\"robots\" content=\"index, follow, max-snippet:-1, max-image-preview:large, max-video-preview:-1\" \/>\n<link rel=\"canonical\" href=\"https:\/\/decofoodshop.nl\/de\/produkt\/gefalschter-tintenfisch-orange\/\" \/>\n<meta property=\"og:locale\" content=\"de_DE\" \/>\n<meta property=\"og:type\" content=\"article\" \/>\n<meta property=\"og:title\" content=\"Nep Inktvis Oranje\" \/>\n<meta property=\"og:description\" content=\"Mooie nep inktvis oranje. Erg gedetailleerd en een prachitge goud oranje kleur. Te krijgen in 2 varianten. Kijk rustig even rond voor ons volledige aanbod.\" \/>\n<meta property=\"og:url\" content=\"https:\/\/decofoodshop.nl\/de\/produkt\/gefalschter-tintenfisch-orange\/\" \/>\n<meta property=\"og:site_name\" content=\"Decofoodshop\" \/>\n<meta property=\"article:modified_time\" content=\"2026-03-02T12:02:41+00:00\" \/>\n<meta property=\"og:image\" content=\"https:\/\/decofoodshop.nl\/wp-content\/uploads\/2020\/04\/Nep-Inktvis-Oranje.jpg\" \/>\n\t<meta property=\"og:image:width\" content=\"750\" \/>\n\t<meta property=\"og:image:height\" content=\"749\" \/>\n\t<meta property=\"og:image:type\" content=\"image\/jpeg\" \/>\n<meta name=\"twitter:card\" content=\"summary_large_image\" \/>\n<meta name=\"twitter:label1\" content=\"Gesch\u00e4tzte Lesezeit\" \/>\n\t<meta name=\"twitter:data1\" content=\"1\u00a0Minute\" \/>\n<script type=\"application\/ld+json\" class=\"yoast-schema-graph\">{\"@context\":\"https:\\\/\\\/schema.org\",\"@graph\":[{\"@type\":\"WebPage\",\"@id\":\"https:\\\/\\\/decofoodshop.nl\\\/product\\\/nep-inktvis-oranje\\\/\",\"url\":\"https:\\\/\\\/decofoodshop.nl\\\/product\\\/nep-inktvis-oranje\\\/\",\"name\":\"Nep Inktvis Oranje - Verkrijgbaar Bij Webshop Decofoodshop\",\"isPartOf\":{\"@id\":\"https:\\\/\\\/decofoodshop.nl\\\/#website\"},\"primaryImageOfPage\":{\"@id\":\"https:\\\/\\\/decofoodshop.nl\\\/product\\\/nep-inktvis-oranje\\\/#primaryimage\"},\"image\":{\"@id\":\"https:\\\/\\\/decofoodshop.nl\\\/product\\\/nep-inktvis-oranje\\\/#primaryimage\"},\"thumbnailUrl\":\"https:\\\/\\\/decofoodshop.nl\\\/wp-content\\\/uploads\\\/2020\\\/04\\\/Nep-Inktvis-Oranje.jpg\",\"datePublished\":\"2020-04-23T07:05:09+00:00\",\"dateModified\":\"2026-03-02T12:02:41+00:00\",\"description\":\"Mooie nep inktvis oranje. Erg gedetailleerd en een prachitge goud oranje kleur. Te krijgen in 2 varianten. Kijk rustig even rond voor ons volledige aanbod.\",\"breadcrumb\":{\"@id\":\"https:\\\/\\\/decofoodshop.nl\\\/product\\\/nep-inktvis-oranje\\\/#breadcrumb\"},\"inLanguage\":\"de\",\"potentialAction\":[{\"@type\":\"ReadAction\",\"target\":[\"https:\\\/\\\/decofoodshop.nl\\\/product\\\/nep-inktvis-oranje\\\/\"]}]},{\"@type\":\"ImageObject\",\"inLanguage\":\"de\",\"@id\":\"https:\\\/\\\/decofoodshop.nl\\\/product\\\/nep-inktvis-oranje\\\/#primaryimage\",\"url\":\"https:\\\/\\\/decofoodshop.nl\\\/wp-content\\\/uploads\\\/2020\\\/04\\\/Nep-Inktvis-Oranje.jpg\",\"contentUrl\":\"https:\\\/\\\/decofoodshop.nl\\\/wp-content\\\/uploads\\\/2020\\\/04\\\/Nep-Inktvis-Oranje.jpg\",\"width\":750,\"height\":749,\"caption\":\"Nep Inktvis Oranje van Decofoodshop\"},{\"@type\":\"BreadcrumbList\",\"@id\":\"https:\\\/\\\/decofoodshop.nl\\\/product\\\/nep-inktvis-oranje\\\/#breadcrumb\",\"itemListElement\":[{\"@type\":\"ListItem\",\"position\":1,\"name\":\"Home\",\"item\":\"https:\\\/\\\/decofoodshop.nl\\\/\"},{\"@type\":\"ListItem\",\"position\":2,\"name\":\"Winkel\",\"item\":\"https:\\\/\\\/decofoodshop.nl\\\/winkel\\\/\"},{\"@type\":\"ListItem\",\"position\":3,\"name\":\"Nep Inktvis Oranje\"}]},{\"@type\":\"WebSite\",\"@id\":\"https:\\\/\\\/decofoodshop.nl\\\/#website\",\"url\":\"https:\\\/\\\/decofoodshop.nl\\\/\",\"name\":\"Decofoodshop\",\"description\":\"\",\"potentialAction\":[{\"@type\":\"SearchAction\",\"target\":{\"@type\":\"EntryPoint\",\"urlTemplate\":\"https:\\\/\\\/decofoodshop.nl\\\/?s={search_term_string}\"},\"query-input\":{\"@type\":\"PropertyValueSpecification\",\"valueRequired\":true,\"valueName\":\"search_term_string\"}}],\"inLanguage\":\"de\"}]}<\/script>\n<!-- \/ Yoast SEO Premium plugin. -->","yoast_head_json":{"title":"Fake Squid Orange - Erh\u00e4ltlich im Webshop Decofoodshop","description":"Sch\u00f6ne gef\u00e4lschte Tintenfischorange. Sehr detailliert und eine sch\u00f6ne goldorange Farbe. Erh\u00e4ltlich in 2 Varianten. Schauen Sie sich in unserem gesamten Sortiment um.","robots":{"index":"index","follow":"follow","max-snippet":"max-snippet:-1","max-image-preview":"max-image-preview:large","max-video-preview":"max-video-preview:-1"},"canonical":"https:\/\/decofoodshop.nl\/de\/produkt\/gefalschter-tintenfisch-orange\/","og_locale":"de_DE","og_type":"article","og_title":"Nep Inktvis Oranje","og_description":"Mooie nep inktvis oranje. Erg gedetailleerd en een prachitge goud oranje kleur. Te krijgen in 2 varianten. Kijk rustig even rond voor ons volledige aanbod.","og_url":"https:\/\/decofoodshop.nl\/de\/produkt\/gefalschter-tintenfisch-orange\/","og_site_name":"Decofoodshop","article_modified_time":"2026-03-02T12:02:41+00:00","og_image":[{"width":750,"height":749,"url":"https:\/\/decofoodshop.nl\/wp-content\/uploads\/2020\/04\/Nep-Inktvis-Oranje.jpg","type":"image\/jpeg"}],"twitter_card":"summary_large_image","twitter_misc":{"Gesch\u00e4tzte Lesezeit":"1\u00a0Minute"},"schema":{"@context":"https:\/\/schema.org","@graph":[{"@type":"WebPage","@id":"https:\/\/decofoodshop.nl\/product\/nep-inktvis-oranje\/","url":"https:\/\/decofoodshop.nl\/product\/nep-inktvis-oranje\/","name":"Fake Squid Orange - Erh\u00e4ltlich im Webshop Decofoodshop","isPartOf":{"@id":"https:\/\/decofoodshop.nl\/#website"},"primaryImageOfPage":{"@id":"https:\/\/decofoodshop.nl\/product\/nep-inktvis-oranje\/#primaryimage"},"image":{"@id":"https:\/\/decofoodshop.nl\/product\/nep-inktvis-oranje\/#primaryimage"},"thumbnailUrl":"https:\/\/decofoodshop.nl\/wp-content\/uploads\/2020\/04\/Nep-Inktvis-Oranje.jpg","datePublished":"2020-04-23T07:05:09+00:00","dateModified":"2026-03-02T12:02:41+00:00","description":"Sch\u00f6ne gef\u00e4lschte Tintenfischorange. Sehr detailliert und eine sch\u00f6ne goldorange Farbe. Erh\u00e4ltlich in 2 Varianten. Schauen Sie sich in unserem gesamten Sortiment um.","breadcrumb":{"@id":"https:\/\/decofoodshop.nl\/product\/nep-inktvis-oranje\/#breadcrumb"},"inLanguage":"de","potentialAction":[{"@type":"ReadAction","target":["https:\/\/decofoodshop.nl\/product\/nep-inktvis-oranje\/"]}]},{"@type":"ImageObject","inLanguage":"de","@id":"https:\/\/decofoodshop.nl\/product\/nep-inktvis-oranje\/#primaryimage","url":"https:\/\/decofoodshop.nl\/wp-content\/uploads\/2020\/04\/Nep-Inktvis-Oranje.jpg","contentUrl":"https:\/\/decofoodshop.nl\/wp-content\/uploads\/2020\/04\/Nep-Inktvis-Oranje.jpg","width":750,"height":749,"caption":"Nep Inktvis Oranje van Decofoodshop"},{"@type":"BreadcrumbList","@id":"https:\/\/decofoodshop.nl\/product\/nep-inktvis-oranje\/#breadcrumb","itemListElement":[{"@type":"ListItem","position":1,"name":"Home","item":"https:\/\/decofoodshop.nl\/"},{"@type":"ListItem","position":2,"name":"Winkel","item":"https:\/\/decofoodshop.nl\/winkel\/"},{"@type":"ListItem","position":3,"name":"Nep Inktvis Oranje"}]},{"@type":"WebSite","@id":"https:\/\/decofoodshop.nl\/#website","url":"https:\/\/decofoodshop.nl\/","name":"Dekofoodshop","description":"","potentialAction":[{"@type":"SearchAction","target":{"@type":"EntryPoint","urlTemplate":"https:\/\/decofoodshop.nl\/?s={search_term_string}"},"query-input":{"@type":"PropertyValueSpecification","valueRequired":true,"valueName":"search_term_string"}}],"inLanguage":"de"}]}},"_links":{"self":[{"href":"https:\/\/decofoodshop.nl\/de\/wp-json\/wp\/v2\/product\/3032","targetHints":{"allow":["GET"]}}],"collection":[{"href":"https:\/\/decofoodshop.nl\/de\/wp-json\/wp\/v2\/product"}],"about":[{"href":"https:\/\/decofoodshop.nl\/de\/wp-json\/wp\/v2\/types\/product"}],"wp:featuredmedia":[{"embeddable":true,"href":"https:\/\/decofoodshop.nl\/de\/wp-json\/wp\/v2\/media\/3492"}],"wp:attachment":[{"href":"https:\/\/decofoodshop.nl\/de\/wp-json\/wp\/v2\/media?parent=3032"}],"wp:term":[{"taxonomy":"product_brand","embeddable":true,"href":"https:\/\/decofoodshop.nl\/de\/wp-json\/wp\/v2\/product_brand?post=3032"},{"taxonomy":"product_cat","embeddable":true,"href":"https:\/\/decofoodshop.nl\/de\/wp-json\/wp\/v2\/product_cat?post=3032"},{"taxonomy":"product_tag","embeddable":true,"href":"https:\/\/decofoodshop.nl\/de\/wp-json\/wp\/v2\/product_tag?post=3032"}],"curies":[{"name":"wp","href":"https:\/\/api.w.org\/{rel}","templated":true}]}}