{"id":3039,"date":"2020-04-23T07:25:09","date_gmt":"2020-04-23T07:25:09","guid":{"rendered":"https:\/\/decofoodshop.nl\/?post_type=product&#038;p=3039"},"modified":"2026-03-02T13:02:07","modified_gmt":"2026-03-02T12:02:07","slug":"falsches-tintenfischbraun","status":"publish","type":"product","link":"https:\/\/decofoodshop.nl\/de\/product\/nep-inktvis-bruin\/","title":{"rendered":"Falsches Tintenfischbraun"},"content":{"rendered":"<p>Dieser sch\u00f6ne braune gef\u00e4lschte Tintenfisch ist nicht zerbrechlich und aus flexiblem Material.<\/p>\n<p>Das Oberteil hat eine braune Farbe mit wei\u00dfen Streifen auf der Nase und wei\u00dfen, schwarzen und gr\u00fcnen Punkten auf den Klappen.<\/p>\n<p>Die Unterseite des Zierkalmars ist hell und hat einen sch\u00f6nen blauen Perlglanz.<\/p>\n<p>Au\u00dferdem hat die Unterseite des gef\u00e4lschten Tintenfischs schwarze und gr\u00fcne Punkte.<\/p>\n<p>Der gef\u00e4lschte Tintenfisch hat zwei Augen und acht Tentakel.<\/p>\n<p>Die Unterseite der Tentakel ist ebenfalls mit Saugn\u00e4pfen versehen.<\/p>\n<p>Es gibt zwei l\u00e4ngere Tentakel mit einem flachen Ende.<\/p>\n<p>Weitere Fische finden Sie unter:<span style=\"color: #008000;\"> <a style=\"color: #008000;\" href=\"https:\/\/decofoodshop.nl\/de\/produktkategorie-2\/visenvlees\/\">&#8216;<strong>Fisch und Fleisch<\/strong>&#8216;<\/a>.<\/span><\/p>","protected":false},"excerpt":{"rendered":"<p>Deze mooie nep inktvis bruin is niet breekbaar en van flexibel materiaal. De bovenkant heeft een bruine kleur met op de neus witte streepjes en op de flapjes witte, zwarte en groene stipjes. De onderkant van de sier inktvis is licht en heeft een prachtige blauwe parel gloed. Ook is de onderkant van de namaak [&hellip;]<\/p>\n","protected":false},"featured_media":3489,"template":"","meta":{"_acf_changed":false,"_genesis_hide_title":false,"_genesis_hide_breadcrumbs":false,"_genesis_hide_singular_image":false,"_genesis_hide_footer_widgets":false,"_genesis_custom_body_class":"","_genesis_custom_post_class":"","_genesis_layout":""},"product_brand":[],"product_cat":[50],"product_tag":[],"class_list":{"0":"post-3039","1":"product","2":"type-product","3":"status-publish","4":"has-post-thumbnail","6":"product_cat-namaak-vis-en-vlees","7":"entry","8":"wpx-has-gallery","10":"first","11":"instock","12":"taxable","13":"shipping-taxable","14":"purchasable","15":"product-type-simple"},"acf":[],"yoast_head":"<!-- This site is optimized with the Yoast SEO Premium plugin v27.3 (Yoast SEO v27.4) - https:\/\/yoast.com\/product\/yoast-seo-premium-wordpress\/ -->\n<title>Nep Inktvis Bruin - Verkrijgbaar Bij Webshop Decofoodshop<\/title>\n<meta name=\"description\" content=\"Mooie nep inktvis bruin met erg veel detail. Ook verkrijgbaar in een oranje gouden kleur. Kijk even rond op onze webshop voor ons brede aanbod.\" \/>\n<meta name=\"robots\" content=\"index, follow, max-snippet:-1, max-image-preview:large, max-video-preview:-1\" \/>\n<link rel=\"canonical\" href=\"https:\/\/decofoodshop.nl\/de\/produkt\/falsches-tintenfischbraun\/\" \/>\n<meta property=\"og:locale\" content=\"de_DE\" \/>\n<meta property=\"og:type\" content=\"article\" \/>\n<meta property=\"og:title\" content=\"Nep Inktvis Bruin\" \/>\n<meta property=\"og:description\" content=\"Mooie nep inktvis bruin met erg veel detail. Ook verkrijgbaar in een oranje gouden kleur. Kijk even rond op onze webshop voor ons brede aanbod.\" \/>\n<meta property=\"og:url\" content=\"https:\/\/decofoodshop.nl\/de\/produkt\/falsches-tintenfischbraun\/\" \/>\n<meta property=\"og:site_name\" content=\"Decofoodshop\" \/>\n<meta property=\"article:modified_time\" content=\"2026-03-02T12:02:07+00:00\" \/>\n<meta property=\"og:image\" content=\"https:\/\/decofoodshop.nl\/wp-content\/uploads\/2020\/04\/Nep-Inktvis-Bruin.jpg\" \/>\n\t<meta property=\"og:image:width\" content=\"750\" \/>\n\t<meta property=\"og:image:height\" content=\"750\" \/>\n\t<meta property=\"og:image:type\" content=\"image\/jpeg\" \/>\n<meta name=\"twitter:card\" content=\"summary_large_image\" \/>\n<meta name=\"twitter:label1\" content=\"Gesch\u00e4tzte Lesezeit\" \/>\n\t<meta name=\"twitter:data1\" content=\"1\u00a0Minute\" \/>\n<script type=\"application\/ld+json\" class=\"yoast-schema-graph\">{\"@context\":\"https:\\\/\\\/schema.org\",\"@graph\":[{\"@type\":\"WebPage\",\"@id\":\"https:\\\/\\\/decofoodshop.nl\\\/product\\\/nep-inktvis-bruin\\\/\",\"url\":\"https:\\\/\\\/decofoodshop.nl\\\/product\\\/nep-inktvis-bruin\\\/\",\"name\":\"Nep Inktvis Bruin - Verkrijgbaar Bij Webshop Decofoodshop\",\"isPartOf\":{\"@id\":\"https:\\\/\\\/decofoodshop.nl\\\/#website\"},\"primaryImageOfPage\":{\"@id\":\"https:\\\/\\\/decofoodshop.nl\\\/product\\\/nep-inktvis-bruin\\\/#primaryimage\"},\"image\":{\"@id\":\"https:\\\/\\\/decofoodshop.nl\\\/product\\\/nep-inktvis-bruin\\\/#primaryimage\"},\"thumbnailUrl\":\"https:\\\/\\\/decofoodshop.nl\\\/wp-content\\\/uploads\\\/2020\\\/04\\\/Nep-Inktvis-Bruin.jpg\",\"datePublished\":\"2020-04-23T07:25:09+00:00\",\"dateModified\":\"2026-03-02T12:02:07+00:00\",\"description\":\"Mooie nep inktvis bruin met erg veel detail. Ook verkrijgbaar in een oranje gouden kleur. Kijk even rond op onze webshop voor ons brede aanbod.\",\"breadcrumb\":{\"@id\":\"https:\\\/\\\/decofoodshop.nl\\\/product\\\/nep-inktvis-bruin\\\/#breadcrumb\"},\"inLanguage\":\"de\",\"potentialAction\":[{\"@type\":\"ReadAction\",\"target\":[\"https:\\\/\\\/decofoodshop.nl\\\/product\\\/nep-inktvis-bruin\\\/\"]}]},{\"@type\":\"ImageObject\",\"inLanguage\":\"de\",\"@id\":\"https:\\\/\\\/decofoodshop.nl\\\/product\\\/nep-inktvis-bruin\\\/#primaryimage\",\"url\":\"https:\\\/\\\/decofoodshop.nl\\\/wp-content\\\/uploads\\\/2020\\\/04\\\/Nep-Inktvis-Bruin.jpg\",\"contentUrl\":\"https:\\\/\\\/decofoodshop.nl\\\/wp-content\\\/uploads\\\/2020\\\/04\\\/Nep-Inktvis-Bruin.jpg\",\"width\":750,\"height\":750,\"caption\":\"Nep Inktvis Bruin van Decofoodshop\"},{\"@type\":\"BreadcrumbList\",\"@id\":\"https:\\\/\\\/decofoodshop.nl\\\/product\\\/nep-inktvis-bruin\\\/#breadcrumb\",\"itemListElement\":[{\"@type\":\"ListItem\",\"position\":1,\"name\":\"Home\",\"item\":\"https:\\\/\\\/decofoodshop.nl\\\/\"},{\"@type\":\"ListItem\",\"position\":2,\"name\":\"Winkel\",\"item\":\"https:\\\/\\\/decofoodshop.nl\\\/winkel\\\/\"},{\"@type\":\"ListItem\",\"position\":3,\"name\":\"Nep Inktvis Bruin\"}]},{\"@type\":\"WebSite\",\"@id\":\"https:\\\/\\\/decofoodshop.nl\\\/#website\",\"url\":\"https:\\\/\\\/decofoodshop.nl\\\/\",\"name\":\"Decofoodshop\",\"description\":\"\",\"potentialAction\":[{\"@type\":\"SearchAction\",\"target\":{\"@type\":\"EntryPoint\",\"urlTemplate\":\"https:\\\/\\\/decofoodshop.nl\\\/?s={search_term_string}\"},\"query-input\":{\"@type\":\"PropertyValueSpecification\",\"valueRequired\":true,\"valueName\":\"search_term_string\"}}],\"inLanguage\":\"de\"}]}<\/script>\n<!-- \/ Yoast SEO Premium plugin. -->","yoast_head_json":{"title":"Fake Squid Brown - Erh\u00e4ltlich im Webshop Decofoodshop","description":"Sch\u00f6nes gef\u00e4lschtes Tintenfischbraun mit vielen Details. Auch in einer orange-goldenen Farbe erh\u00e4ltlich. Schauen Sie sich in unserem Webshop um und entdecken Sie unser breites Sortiment.","robots":{"index":"index","follow":"follow","max-snippet":"max-snippet:-1","max-image-preview":"max-image-preview:large","max-video-preview":"max-video-preview:-1"},"canonical":"https:\/\/decofoodshop.nl\/de\/produkt\/falsches-tintenfischbraun\/","og_locale":"de_DE","og_type":"article","og_title":"Nep Inktvis Bruin","og_description":"Mooie nep inktvis bruin met erg veel detail. Ook verkrijgbaar in een oranje gouden kleur. Kijk even rond op onze webshop voor ons brede aanbod.","og_url":"https:\/\/decofoodshop.nl\/de\/produkt\/falsches-tintenfischbraun\/","og_site_name":"Decofoodshop","article_modified_time":"2026-03-02T12:02:07+00:00","og_image":[{"width":750,"height":750,"url":"https:\/\/decofoodshop.nl\/wp-content\/uploads\/2020\/04\/Nep-Inktvis-Bruin.jpg","type":"image\/jpeg"}],"twitter_card":"summary_large_image","twitter_misc":{"Gesch\u00e4tzte Lesezeit":"1\u00a0Minute"},"schema":{"@context":"https:\/\/schema.org","@graph":[{"@type":"WebPage","@id":"https:\/\/decofoodshop.nl\/product\/nep-inktvis-bruin\/","url":"https:\/\/decofoodshop.nl\/product\/nep-inktvis-bruin\/","name":"Fake Squid Brown - Erh\u00e4ltlich im Webshop Decofoodshop","isPartOf":{"@id":"https:\/\/decofoodshop.nl\/#website"},"primaryImageOfPage":{"@id":"https:\/\/decofoodshop.nl\/product\/nep-inktvis-bruin\/#primaryimage"},"image":{"@id":"https:\/\/decofoodshop.nl\/product\/nep-inktvis-bruin\/#primaryimage"},"thumbnailUrl":"https:\/\/decofoodshop.nl\/wp-content\/uploads\/2020\/04\/Nep-Inktvis-Bruin.jpg","datePublished":"2020-04-23T07:25:09+00:00","dateModified":"2026-03-02T12:02:07+00:00","description":"Sch\u00f6nes gef\u00e4lschtes Tintenfischbraun mit vielen Details. Auch in einer orange-goldenen Farbe erh\u00e4ltlich. Schauen Sie sich in unserem Webshop um und entdecken Sie unser breites Sortiment.","breadcrumb":{"@id":"https:\/\/decofoodshop.nl\/product\/nep-inktvis-bruin\/#breadcrumb"},"inLanguage":"de","potentialAction":[{"@type":"ReadAction","target":["https:\/\/decofoodshop.nl\/product\/nep-inktvis-bruin\/"]}]},{"@type":"ImageObject","inLanguage":"de","@id":"https:\/\/decofoodshop.nl\/product\/nep-inktvis-bruin\/#primaryimage","url":"https:\/\/decofoodshop.nl\/wp-content\/uploads\/2020\/04\/Nep-Inktvis-Bruin.jpg","contentUrl":"https:\/\/decofoodshop.nl\/wp-content\/uploads\/2020\/04\/Nep-Inktvis-Bruin.jpg","width":750,"height":750,"caption":"Nep Inktvis Bruin van Decofoodshop"},{"@type":"BreadcrumbList","@id":"https:\/\/decofoodshop.nl\/product\/nep-inktvis-bruin\/#breadcrumb","itemListElement":[{"@type":"ListItem","position":1,"name":"Home","item":"https:\/\/decofoodshop.nl\/"},{"@type":"ListItem","position":2,"name":"Winkel","item":"https:\/\/decofoodshop.nl\/winkel\/"},{"@type":"ListItem","position":3,"name":"Nep Inktvis Bruin"}]},{"@type":"WebSite","@id":"https:\/\/decofoodshop.nl\/#website","url":"https:\/\/decofoodshop.nl\/","name":"Dekofoodshop","description":"","potentialAction":[{"@type":"SearchAction","target":{"@type":"EntryPoint","urlTemplate":"https:\/\/decofoodshop.nl\/?s={search_term_string}"},"query-input":{"@type":"PropertyValueSpecification","valueRequired":true,"valueName":"search_term_string"}}],"inLanguage":"de"}]}},"_links":{"self":[{"href":"https:\/\/decofoodshop.nl\/de\/wp-json\/wp\/v2\/product\/3039","targetHints":{"allow":["GET"]}}],"collection":[{"href":"https:\/\/decofoodshop.nl\/de\/wp-json\/wp\/v2\/product"}],"about":[{"href":"https:\/\/decofoodshop.nl\/de\/wp-json\/wp\/v2\/types\/product"}],"wp:featuredmedia":[{"embeddable":true,"href":"https:\/\/decofoodshop.nl\/de\/wp-json\/wp\/v2\/media\/3489"}],"wp:attachment":[{"href":"https:\/\/decofoodshop.nl\/de\/wp-json\/wp\/v2\/media?parent=3039"}],"wp:term":[{"taxonomy":"product_brand","embeddable":true,"href":"https:\/\/decofoodshop.nl\/de\/wp-json\/wp\/v2\/product_brand?post=3039"},{"taxonomy":"product_cat","embeddable":true,"href":"https:\/\/decofoodshop.nl\/de\/wp-json\/wp\/v2\/product_cat?post=3039"},{"taxonomy":"product_tag","embeddable":true,"href":"https:\/\/decofoodshop.nl\/de\/wp-json\/wp\/v2\/product_tag?post=3039"}],"curies":[{"name":"wp","href":"https:\/\/api.w.org\/{rel}","templated":true}]}}