{"id":3040,"date":"2020-06-16T09:56:26","date_gmt":"2020-06-16T09:56:26","guid":{"rendered":"https:\/\/decofoodshop.nl\/?post_type=product&#038;p=3040"},"modified":"2026-03-03T16:08:50","modified_gmt":"2026-03-03T15:08:50","slug":"fake-ham-xl","status":"publish","type":"product","link":"https:\/\/decofoodshop.nl\/de\/product\/namaak-ham-xl\/","title":{"rendered":"Gef\u00e4lschter Schinken XL"},"content":{"rendered":"<p>Dieser falsche Schinken XL ist super dekorativ.<\/p>\n<p>Einfach an dem Draht aufzuh\u00e4ngen, der an der Oberseite befestigt ist.<\/p>\n<p>Auch die Farbe ist sehr detailliert, so dass die k\u00fcnstliche Parmaschinken-Attrappe kaum vom Original zu unterscheiden ist.<\/p>\n<p>Dieser gro\u00dfe k\u00fcnstliche Schinken besteht aus Hartplastik.<\/p>\n<p>Da der gef\u00e4lschte Parmaschinken aus Kunststoff besteht und nicht gef\u00fcllt ist, ist er leicht.<\/p>\n<p>Die L\u00e4nge des Schinkenimitats XL betr\u00e4gt 52 cm und entspricht somit der Originalgr\u00f6\u00dfe.<\/p>\n<p>Decofoodshop ist der Lieferant von gef\u00e4lschten Lebensmitteln wie diesem gef\u00e4lschten Serrano-Schinken.<\/p>\n<p>Dieser k\u00fcnstliche Serrano-Schinken und alle anderen Arten von k\u00fcnstlichem Fleisch sind sofort ab Lager lieferbar.<\/p>\n<p>F\u00fcr mehr k\u00fcnstlichen Fisch, k\u00fcnstliches Fleisch und gef\u00e4lschte Parmaschinken-Attrappen klicken Sie hier<strong><span style=\"color: #008000;\"> <a style=\"color: #008000;\" href=\"https:\/\/decofoodshop.nl\/de\/produktkategorie-2\/visenvlees\/\">&#039;Hier&#039;<\/a>.\u00a0<\/span><\/strong><\/p>\n<p>Dieses Schinkenimitat XL ist ein dekoratives Lebensmittelprodukt in Profiqualit\u00e4t.<\/p>\n<p>&nbsp;<\/p>","protected":false},"excerpt":{"rendered":"<p>Deze namaak ham XL is super decoratief. Makkelijk op te hangen aan het draadje dat bevestigd is aan de bovenkant. Ook is de kleur zeer gedetailleerd waardoor de kunst Parmaham dummie bijna niet van echt te onderscheiden is. Deze grote kunstham is gemaakt van hard plastic. Doordat de namaak Parmaham van plastic is gemaakt en [&hellip;]<\/p>\n","protected":false},"featured_media":3041,"template":"","meta":{"_acf_changed":false,"_genesis_hide_title":false,"_genesis_hide_breadcrumbs":false,"_genesis_hide_singular_image":false,"_genesis_hide_footer_widgets":false,"_genesis_custom_body_class":"","_genesis_custom_post_class":"","_genesis_layout":""},"product_brand":[],"product_cat":[50],"product_tag":[],"class_list":{"0":"post-3040","1":"product","2":"type-product","3":"status-publish","4":"has-post-thumbnail","6":"product_cat-namaak-vis-en-vlees","7":"entry","8":"wpx-has-gallery","10":"first","11":"instock","12":"taxable","13":"shipping-taxable","14":"purchasable","15":"product-type-simple"},"acf":[],"yoast_head":"<!-- This site is optimized with the Yoast SEO Premium plugin v27.3 (Yoast SEO v27.3) - https:\/\/yoast.com\/product\/yoast-seo-premium-wordpress\/ -->\n<title>Namaak Ham XL - Verkrijgbaar Bij Webshop Decofoodshop<\/title>\n<meta name=\"description\" content=\"Namaak ham XL. Makkelijk op te hangen en nauwelijks van echt te onderscheiden. Voor meer namaak vlees kunt u terecht bij Decofoodshop.\" \/>\n<meta name=\"robots\" content=\"index, follow, max-snippet:-1, max-image-preview:large, max-video-preview:-1\" \/>\n<link rel=\"canonical\" href=\"https:\/\/decofoodshop.nl\/de\/produktkategorie-2\/gefalschter-fisch-und-fleisch\/\" \/>\n<meta property=\"og:locale\" content=\"de_DE\" \/>\n<meta property=\"og:type\" content=\"article\" \/>\n<meta property=\"og:title\" content=\"Namaak Ham XL\" \/>\n<meta property=\"og:description\" content=\"Namaak ham XL. Makkelijk op te hangen en nauwelijks van echt te onderscheiden. Voor meer namaak vlees kunt u terecht bij Decofoodshop.\" \/>\n<meta property=\"og:url\" content=\"https:\/\/decofoodshop.nl\/de\/produktkategorie-2\/gefalschter-fisch-und-fleisch\/\" \/>\n<meta property=\"og:site_name\" content=\"Decofoodshop\" \/>\n<meta property=\"article:modified_time\" content=\"2026-03-03T15:08:50+00:00\" \/>\n<meta property=\"og:image\" content=\"https:\/\/decofoodshop.nl\/wp-content\/uploads\/2020\/04\/20200401_154826.jpg\" \/>\n\t<meta property=\"og:image:width\" content=\"1200\" \/>\n\t<meta property=\"og:image:height\" content=\"1200\" \/>\n\t<meta property=\"og:image:type\" content=\"image\/jpeg\" \/>\n<meta name=\"twitter:card\" content=\"summary_large_image\" \/>\n<meta name=\"twitter:label1\" content=\"Gesch\u00e4tzte Lesezeit\" \/>\n\t<meta name=\"twitter:data1\" content=\"1\u00a0Minute\" \/>\n<script type=\"application\/ld+json\" class=\"yoast-schema-graph\">{\"@context\":\"https:\\\/\\\/schema.org\",\"@graph\":[{\"@type\":\"WebPage\",\"@id\":\"https:\\\/\\\/decofoodshop.nl\\\/product\\\/namaak-ham-xl\\\/\",\"url\":\"https:\\\/\\\/decofoodshop.nl\\\/product-categorie\\\/namaak-vis-en-vlees\\\/\",\"name\":\"Namaak Ham XL - Verkrijgbaar Bij Webshop Decofoodshop\",\"isPartOf\":{\"@id\":\"https:\\\/\\\/decofoodshop.nl\\\/#website\"},\"primaryImageOfPage\":{\"@id\":\"https:\\\/\\\/decofoodshop.nl\\\/product-categorie\\\/namaak-vis-en-vlees\\\/#primaryimage\"},\"image\":{\"@id\":\"https:\\\/\\\/decofoodshop.nl\\\/product-categorie\\\/namaak-vis-en-vlees\\\/#primaryimage\"},\"thumbnailUrl\":\"https:\\\/\\\/decofoodshop.nl\\\/wp-content\\\/uploads\\\/2020\\\/04\\\/20200401_154826.jpg\",\"datePublished\":\"2020-06-16T09:56:26+00:00\",\"dateModified\":\"2026-03-03T15:08:50+00:00\",\"description\":\"Namaak ham XL. Makkelijk op te hangen en nauwelijks van echt te onderscheiden. Voor meer namaak vlees kunt u terecht bij Decofoodshop.\",\"breadcrumb\":{\"@id\":\"https:\\\/\\\/decofoodshop.nl\\\/product-categorie\\\/namaak-vis-en-vlees\\\/#breadcrumb\"},\"inLanguage\":\"de\",\"potentialAction\":[{\"@type\":\"ReadAction\",\"target\":[\"https:\\\/\\\/decofoodshop.nl\\\/product-categorie\\\/namaak-vis-en-vlees\\\/\"]}]},{\"@type\":\"ImageObject\",\"inLanguage\":\"de\",\"@id\":\"https:\\\/\\\/decofoodshop.nl\\\/product-categorie\\\/namaak-vis-en-vlees\\\/#primaryimage\",\"url\":\"https:\\\/\\\/decofoodshop.nl\\\/wp-content\\\/uploads\\\/2020\\\/04\\\/20200401_154826.jpg\",\"contentUrl\":\"https:\\\/\\\/decofoodshop.nl\\\/wp-content\\\/uploads\\\/2020\\\/04\\\/20200401_154826.jpg\",\"width\":1200,\"height\":1200,\"caption\":\"Namaak Ham XL\"},{\"@type\":\"BreadcrumbList\",\"@id\":\"https:\\\/\\\/decofoodshop.nl\\\/product-categorie\\\/namaak-vis-en-vlees\\\/#breadcrumb\",\"itemListElement\":[{\"@type\":\"ListItem\",\"position\":1,\"name\":\"Home\",\"item\":\"https:\\\/\\\/decofoodshop.nl\\\/\"},{\"@type\":\"ListItem\",\"position\":2,\"name\":\"Winkel\",\"item\":\"https:\\\/\\\/decofoodshop.nl\\\/winkel\\\/\"},{\"@type\":\"ListItem\",\"position\":3,\"name\":\"Namaak Ham XL\"}]},{\"@type\":\"WebSite\",\"@id\":\"https:\\\/\\\/decofoodshop.nl\\\/#website\",\"url\":\"https:\\\/\\\/decofoodshop.nl\\\/\",\"name\":\"Decofoodshop\",\"description\":\"\",\"potentialAction\":[{\"@type\":\"SearchAction\",\"target\":{\"@type\":\"EntryPoint\",\"urlTemplate\":\"https:\\\/\\\/decofoodshop.nl\\\/?s={search_term_string}\"},\"query-input\":{\"@type\":\"PropertyValueSpecification\",\"valueRequired\":true,\"valueName\":\"search_term_string\"}}],\"inLanguage\":\"de\"}]}<\/script>\n<!-- \/ Yoast SEO Premium plugin. -->","yoast_head_json":{"title":"Gef\u00e4lschter Schinken XL - Erh\u00e4ltlich im Webshop Decofoodshop","description":"Falscher Schinken XL. Leicht aufzuh\u00e4ngen und kaum vom Original zu unterscheiden. Weitere gef\u00e4lschte Fleischsorten finden Sie im Decofoodshop.","robots":{"index":"index","follow":"follow","max-snippet":"max-snippet:-1","max-image-preview":"max-image-preview:large","max-video-preview":"max-video-preview:-1"},"canonical":"https:\/\/decofoodshop.nl\/de\/produktkategorie-2\/gefalschter-fisch-und-fleisch\/","og_locale":"de_DE","og_type":"article","og_title":"Namaak Ham XL","og_description":"Namaak ham XL. Makkelijk op te hangen en nauwelijks van echt te onderscheiden. Voor meer namaak vlees kunt u terecht bij Decofoodshop.","og_url":"https:\/\/decofoodshop.nl\/de\/produktkategorie-2\/gefalschter-fisch-und-fleisch\/","og_site_name":"Decofoodshop","article_modified_time":"2026-03-03T15:08:50+00:00","og_image":[{"width":1200,"height":1200,"url":"https:\/\/decofoodshop.nl\/wp-content\/uploads\/2020\/04\/20200401_154826.jpg","type":"image\/jpeg"}],"twitter_card":"summary_large_image","twitter_misc":{"Gesch\u00e4tzte Lesezeit":"1\u00a0Minute"},"schema":{"@context":"https:\/\/schema.org","@graph":[{"@type":"WebPage","@id":"https:\/\/decofoodshop.nl\/product\/namaak-ham-xl\/","url":"https:\/\/decofoodshop.nl\/product-categorie\/namaak-vis-en-vlees\/","name":"Gef\u00e4lschter Schinken XL - Erh\u00e4ltlich im Webshop Decofoodshop","isPartOf":{"@id":"https:\/\/decofoodshop.nl\/#website"},"primaryImageOfPage":{"@id":"https:\/\/decofoodshop.nl\/product-categorie\/namaak-vis-en-vlees\/#primaryimage"},"image":{"@id":"https:\/\/decofoodshop.nl\/product-categorie\/namaak-vis-en-vlees\/#primaryimage"},"thumbnailUrl":"https:\/\/decofoodshop.nl\/wp-content\/uploads\/2020\/04\/20200401_154826.jpg","datePublished":"2020-06-16T09:56:26+00:00","dateModified":"2026-03-03T15:08:50+00:00","description":"Falscher Schinken XL. Leicht aufzuh\u00e4ngen und kaum vom Original zu unterscheiden. Weitere gef\u00e4lschte Fleischsorten finden Sie im Decofoodshop.","breadcrumb":{"@id":"https:\/\/decofoodshop.nl\/product-categorie\/namaak-vis-en-vlees\/#breadcrumb"},"inLanguage":"de","potentialAction":[{"@type":"ReadAction","target":["https:\/\/decofoodshop.nl\/product-categorie\/namaak-vis-en-vlees\/"]}]},{"@type":"ImageObject","inLanguage":"de","@id":"https:\/\/decofoodshop.nl\/product-categorie\/namaak-vis-en-vlees\/#primaryimage","url":"https:\/\/decofoodshop.nl\/wp-content\/uploads\/2020\/04\/20200401_154826.jpg","contentUrl":"https:\/\/decofoodshop.nl\/wp-content\/uploads\/2020\/04\/20200401_154826.jpg","width":1200,"height":1200,"caption":"Namaak Ham XL"},{"@type":"BreadcrumbList","@id":"https:\/\/decofoodshop.nl\/product-categorie\/namaak-vis-en-vlees\/#breadcrumb","itemListElement":[{"@type":"ListItem","position":1,"name":"Home","item":"https:\/\/decofoodshop.nl\/"},{"@type":"ListItem","position":2,"name":"Winkel","item":"https:\/\/decofoodshop.nl\/winkel\/"},{"@type":"ListItem","position":3,"name":"Namaak Ham XL"}]},{"@type":"WebSite","@id":"https:\/\/decofoodshop.nl\/#website","url":"https:\/\/decofoodshop.nl\/","name":"Dekofoodshop","description":"","potentialAction":[{"@type":"SearchAction","target":{"@type":"EntryPoint","urlTemplate":"https:\/\/decofoodshop.nl\/?s={search_term_string}"},"query-input":{"@type":"PropertyValueSpecification","valueRequired":true,"valueName":"search_term_string"}}],"inLanguage":"de"}]}},"_links":{"self":[{"href":"https:\/\/decofoodshop.nl\/de\/wp-json\/wp\/v2\/product\/3040","targetHints":{"allow":["GET"]}}],"collection":[{"href":"https:\/\/decofoodshop.nl\/de\/wp-json\/wp\/v2\/product"}],"about":[{"href":"https:\/\/decofoodshop.nl\/de\/wp-json\/wp\/v2\/types\/product"}],"wp:featuredmedia":[{"embeddable":true,"href":"https:\/\/decofoodshop.nl\/de\/wp-json\/wp\/v2\/media\/3041"}],"wp:attachment":[{"href":"https:\/\/decofoodshop.nl\/de\/wp-json\/wp\/v2\/media?parent=3040"}],"wp:term":[{"taxonomy":"product_brand","embeddable":true,"href":"https:\/\/decofoodshop.nl\/de\/wp-json\/wp\/v2\/product_brand?post=3040"},{"taxonomy":"product_cat","embeddable":true,"href":"https:\/\/decofoodshop.nl\/de\/wp-json\/wp\/v2\/product_cat?post=3040"},{"taxonomy":"product_tag","embeddable":true,"href":"https:\/\/decofoodshop.nl\/de\/wp-json\/wp\/v2\/product_tag?post=3040"}],"curies":[{"name":"wp","href":"https:\/\/api.w.org\/{rel}","templated":true}]}}