{"id":3097,"date":"2020-06-10T10:11:43","date_gmt":"2020-06-10T10:11:43","guid":{"rendered":"https:\/\/decofoodshop.nl\/?post_type=product&#038;p=3097"},"modified":"2026-03-09T17:29:15","modified_gmt":"2026-03-09T16:29:15","slug":"grun-braun-falsche-zwiebelschnur","status":"publish","type":"product","link":"https:\/\/decofoodshop.nl\/de\/product\/groen-bruine-namaak-uienstreng\/","title":{"rendered":"Gr\u00fcn-braune gef\u00e4lschte Zwiebelschnur"},"content":{"rendered":"<p>Dies ist eine sehr sch\u00f6ne und qualitativ hochwertige gr\u00fcnbraune falsche Zwiebelschnur.<\/p>\n<p>Die Farben gehen von gr\u00fcn unten nach braun oben.<\/p>\n<p>Die k\u00fcnstliche Zwiebelschnur hat auch ein sch\u00f6nes Finish auf der Oberseite.<\/p>\n<p>Sie sind an einem sch\u00f6nen Sisalseil mit 12 St\u00fcck pro Strang befestigt.<\/p>\n<p>Ausgestattet mit einer \u00d6se zum Aufh\u00e4ngen der Str\u00e4hne.<\/p>\n<p>Weitere Spezialprodukte finden Sie unter:<strong><span style=\"color: #008000;\"> <a style=\"color: #008000;\" href=\"https:\/\/decofoodshop.nl\/de\/produktkategorie-2\/andere\/\">&#039;Andere&#039;<\/a>.<\/span><\/strong><\/p>\n<p>&nbsp;<\/p>","protected":false},"excerpt":{"rendered":"<p>Dit is een zeer mooi en kwalitatieve groen bruine namaak uienstreng. De kleuren verlopen van groen onderaan naar bruin boven. Ook is de kunst uienstreng voorzien van een mooie afwerking aan de bovenkant. Ze zijn met 12 per streng vastgemaakt aan een mooi sisal touw. Voorzien van oog om de streng op te hangen. Voor [&hellip;]<\/p>\n","protected":false},"featured_media":3098,"template":"","meta":{"_acf_changed":false,"_genesis_hide_title":false,"_genesis_hide_breadcrumbs":false,"_genesis_hide_singular_image":false,"_genesis_hide_footer_widgets":false,"_genesis_custom_body_class":"","_genesis_custom_post_class":"","_genesis_layout":""},"product_brand":[],"product_cat":[48,51],"product_tag":[],"class_list":{"0":"post-3097","1":"product","2":"type-product","3":"status-publish","4":"has-post-thumbnail","6":"product_cat-kunstgroenten","7":"product_cat-overige","8":"entry","9":"wpx-has-gallery","11":"first","12":"instock","13":"taxable","14":"shipping-taxable","15":"purchasable","16":"product-type-simple"},"acf":[],"yoast_head":"<!-- This site is optimized with the Yoast SEO Premium plugin v27.3 (Yoast SEO v27.3) - https:\/\/yoast.com\/product\/yoast-seo-premium-wordpress\/ -->\n<title>Groen Bruine Namaak Uienstreng - Decofoodshop<\/title>\n<meta name=\"description\" content=\"Prachtige groen bruine namaak uienstreng met 12 uien per streng. Wij bieden ook nep knoflook strengen aan bij Decofoodshop.nl\" \/>\n<meta name=\"robots\" content=\"index, follow, max-snippet:-1, max-image-preview:large, max-video-preview:-1\" \/>\n<link rel=\"canonical\" href=\"https:\/\/decofoodshop.nl\/de\/produkt\/grun-braun-falsche-zwiebelschnur\/\" \/>\n<meta property=\"og:locale\" content=\"de_DE\" \/>\n<meta property=\"og:type\" content=\"article\" \/>\n<meta property=\"og:title\" content=\"Groen Bruine Namaak Uienstreng\" \/>\n<meta property=\"og:description\" content=\"Prachtige groen bruine namaak uienstreng met 12 uien per streng. Wij bieden ook nep knoflook strengen aan bij Decofoodshop.nl\" \/>\n<meta property=\"og:url\" content=\"https:\/\/decofoodshop.nl\/de\/produkt\/grun-braun-falsche-zwiebelschnur\/\" \/>\n<meta property=\"og:site_name\" content=\"Decofoodshop\" \/>\n<meta property=\"article:modified_time\" content=\"2026-03-09T16:29:15+00:00\" \/>\n<meta property=\"og:image\" content=\"https:\/\/decofoodshop.nl\/wp-content\/uploads\/2020\/05\/Namaak-Uien-Streng-Groen-Bruin.jpg\" \/>\n\t<meta property=\"og:image:width\" content=\"1200\" \/>\n\t<meta property=\"og:image:height\" content=\"1200\" \/>\n\t<meta property=\"og:image:type\" content=\"image\/jpeg\" \/>\n<meta name=\"twitter:card\" content=\"summary_large_image\" \/>\n<meta name=\"twitter:label1\" content=\"Gesch\u00e4tzte Lesezeit\" \/>\n\t<meta name=\"twitter:data1\" content=\"1\u00a0Minute\" \/>\n<script type=\"application\/ld+json\" class=\"yoast-schema-graph\">{\"@context\":\"https:\\\/\\\/schema.org\",\"@graph\":[{\"@type\":\"WebPage\",\"@id\":\"https:\\\/\\\/decofoodshop.nl\\\/product\\\/groen-bruine-namaak-uienstreng\\\/\",\"url\":\"https:\\\/\\\/decofoodshop.nl\\\/product\\\/groen-bruine-namaak-uienstreng\\\/\",\"name\":\"Groen Bruine Namaak Uienstreng - Decofoodshop\",\"isPartOf\":{\"@id\":\"https:\\\/\\\/decofoodshop.nl\\\/#website\"},\"primaryImageOfPage\":{\"@id\":\"https:\\\/\\\/decofoodshop.nl\\\/product\\\/groen-bruine-namaak-uienstreng\\\/#primaryimage\"},\"image\":{\"@id\":\"https:\\\/\\\/decofoodshop.nl\\\/product\\\/groen-bruine-namaak-uienstreng\\\/#primaryimage\"},\"thumbnailUrl\":\"https:\\\/\\\/decofoodshop.nl\\\/wp-content\\\/uploads\\\/2020\\\/05\\\/Namaak-Uien-Streng-Groen-Bruin.jpg\",\"datePublished\":\"2020-06-10T10:11:43+00:00\",\"dateModified\":\"2026-03-09T16:29:15+00:00\",\"description\":\"Prachtige groen bruine namaak uienstreng met 12 uien per streng. Wij bieden ook nep knoflook strengen aan bij Decofoodshop.nl\",\"breadcrumb\":{\"@id\":\"https:\\\/\\\/decofoodshop.nl\\\/product\\\/groen-bruine-namaak-uienstreng\\\/#breadcrumb\"},\"inLanguage\":\"de\",\"potentialAction\":[{\"@type\":\"ReadAction\",\"target\":[\"https:\\\/\\\/decofoodshop.nl\\\/product\\\/groen-bruine-namaak-uienstreng\\\/\"]}]},{\"@type\":\"ImageObject\",\"inLanguage\":\"de\",\"@id\":\"https:\\\/\\\/decofoodshop.nl\\\/product\\\/groen-bruine-namaak-uienstreng\\\/#primaryimage\",\"url\":\"https:\\\/\\\/decofoodshop.nl\\\/wp-content\\\/uploads\\\/2020\\\/05\\\/Namaak-Uien-Streng-Groen-Bruin.jpg\",\"contentUrl\":\"https:\\\/\\\/decofoodshop.nl\\\/wp-content\\\/uploads\\\/2020\\\/05\\\/Namaak-Uien-Streng-Groen-Bruin.jpg\",\"width\":1200,\"height\":1200,\"caption\":\"namaak uien streng groen bruin\"},{\"@type\":\"BreadcrumbList\",\"@id\":\"https:\\\/\\\/decofoodshop.nl\\\/product\\\/groen-bruine-namaak-uienstreng\\\/#breadcrumb\",\"itemListElement\":[{\"@type\":\"ListItem\",\"position\":1,\"name\":\"Home\",\"item\":\"https:\\\/\\\/decofoodshop.nl\\\/\"},{\"@type\":\"ListItem\",\"position\":2,\"name\":\"Winkel\",\"item\":\"https:\\\/\\\/decofoodshop.nl\\\/winkel\\\/\"},{\"@type\":\"ListItem\",\"position\":3,\"name\":\"Groen Bruine Namaak Uienstreng\"}]},{\"@type\":\"WebSite\",\"@id\":\"https:\\\/\\\/decofoodshop.nl\\\/#website\",\"url\":\"https:\\\/\\\/decofoodshop.nl\\\/\",\"name\":\"Decofoodshop\",\"description\":\"\",\"potentialAction\":[{\"@type\":\"SearchAction\",\"target\":{\"@type\":\"EntryPoint\",\"urlTemplate\":\"https:\\\/\\\/decofoodshop.nl\\\/?s={search_term_string}\"},\"query-input\":{\"@type\":\"PropertyValueSpecification\",\"valueRequired\":true,\"valueName\":\"search_term_string\"}}],\"inLanguage\":\"de\"}]}<\/script>\n<!-- \/ Yoast SEO Premium plugin. -->","yoast_head_json":{"title":"Zwiebelschnur gr\u00fcn braun - Decofoodshop","description":"Sch\u00f6ner gr\u00fcn-brauner Kunstzwiebelstrang mit 12 Zwiebeln pro Strang. Wir bieten auch gef\u00e4lschte Knoblauchstr\u00e4nge bei Decofoodshop.nl an","robots":{"index":"index","follow":"follow","max-snippet":"max-snippet:-1","max-image-preview":"max-image-preview:large","max-video-preview":"max-video-preview:-1"},"canonical":"https:\/\/decofoodshop.nl\/de\/produkt\/grun-braun-falsche-zwiebelschnur\/","og_locale":"de_DE","og_type":"article","og_title":"Groen Bruine Namaak Uienstreng","og_description":"Prachtige groen bruine namaak uienstreng met 12 uien per streng. Wij bieden ook nep knoflook strengen aan bij Decofoodshop.nl","og_url":"https:\/\/decofoodshop.nl\/de\/produkt\/grun-braun-falsche-zwiebelschnur\/","og_site_name":"Decofoodshop","article_modified_time":"2026-03-09T16:29:15+00:00","og_image":[{"width":1200,"height":1200,"url":"https:\/\/decofoodshop.nl\/wp-content\/uploads\/2020\/05\/Namaak-Uien-Streng-Groen-Bruin.jpg","type":"image\/jpeg"}],"twitter_card":"summary_large_image","twitter_misc":{"Gesch\u00e4tzte Lesezeit":"1\u00a0Minute"},"schema":{"@context":"https:\/\/schema.org","@graph":[{"@type":"WebPage","@id":"https:\/\/decofoodshop.nl\/product\/groen-bruine-namaak-uienstreng\/","url":"https:\/\/decofoodshop.nl\/product\/groen-bruine-namaak-uienstreng\/","name":"Zwiebelschnur gr\u00fcn braun - Decofoodshop","isPartOf":{"@id":"https:\/\/decofoodshop.nl\/#website"},"primaryImageOfPage":{"@id":"https:\/\/decofoodshop.nl\/product\/groen-bruine-namaak-uienstreng\/#primaryimage"},"image":{"@id":"https:\/\/decofoodshop.nl\/product\/groen-bruine-namaak-uienstreng\/#primaryimage"},"thumbnailUrl":"https:\/\/decofoodshop.nl\/wp-content\/uploads\/2020\/05\/Namaak-Uien-Streng-Groen-Bruin.jpg","datePublished":"2020-06-10T10:11:43+00:00","dateModified":"2026-03-09T16:29:15+00:00","description":"Sch\u00f6ner gr\u00fcn-brauner Kunstzwiebelstrang mit 12 Zwiebeln pro Strang. Wir bieten auch gef\u00e4lschte Knoblauchstr\u00e4nge bei Decofoodshop.nl an","breadcrumb":{"@id":"https:\/\/decofoodshop.nl\/product\/groen-bruine-namaak-uienstreng\/#breadcrumb"},"inLanguage":"de","potentialAction":[{"@type":"ReadAction","target":["https:\/\/decofoodshop.nl\/product\/groen-bruine-namaak-uienstreng\/"]}]},{"@type":"ImageObject","inLanguage":"de","@id":"https:\/\/decofoodshop.nl\/product\/groen-bruine-namaak-uienstreng\/#primaryimage","url":"https:\/\/decofoodshop.nl\/wp-content\/uploads\/2020\/05\/Namaak-Uien-Streng-Groen-Bruin.jpg","contentUrl":"https:\/\/decofoodshop.nl\/wp-content\/uploads\/2020\/05\/Namaak-Uien-Streng-Groen-Bruin.jpg","width":1200,"height":1200,"caption":"namaak uien streng groen bruin"},{"@type":"BreadcrumbList","@id":"https:\/\/decofoodshop.nl\/product\/groen-bruine-namaak-uienstreng\/#breadcrumb","itemListElement":[{"@type":"ListItem","position":1,"name":"Home","item":"https:\/\/decofoodshop.nl\/"},{"@type":"ListItem","position":2,"name":"Winkel","item":"https:\/\/decofoodshop.nl\/winkel\/"},{"@type":"ListItem","position":3,"name":"Groen Bruine Namaak Uienstreng"}]},{"@type":"WebSite","@id":"https:\/\/decofoodshop.nl\/#website","url":"https:\/\/decofoodshop.nl\/","name":"Dekofoodshop","description":"","potentialAction":[{"@type":"SearchAction","target":{"@type":"EntryPoint","urlTemplate":"https:\/\/decofoodshop.nl\/?s={search_term_string}"},"query-input":{"@type":"PropertyValueSpecification","valueRequired":true,"valueName":"search_term_string"}}],"inLanguage":"de"}]}},"_links":{"self":[{"href":"https:\/\/decofoodshop.nl\/de\/wp-json\/wp\/v2\/product\/3097","targetHints":{"allow":["GET"]}}],"collection":[{"href":"https:\/\/decofoodshop.nl\/de\/wp-json\/wp\/v2\/product"}],"about":[{"href":"https:\/\/decofoodshop.nl\/de\/wp-json\/wp\/v2\/types\/product"}],"wp:featuredmedia":[{"embeddable":true,"href":"https:\/\/decofoodshop.nl\/de\/wp-json\/wp\/v2\/media\/3098"}],"wp:attachment":[{"href":"https:\/\/decofoodshop.nl\/de\/wp-json\/wp\/v2\/media?parent=3097"}],"wp:term":[{"taxonomy":"product_brand","embeddable":true,"href":"https:\/\/decofoodshop.nl\/de\/wp-json\/wp\/v2\/product_brand?post=3097"},{"taxonomy":"product_cat","embeddable":true,"href":"https:\/\/decofoodshop.nl\/de\/wp-json\/wp\/v2\/product_cat?post=3097"},{"taxonomy":"product_tag","embeddable":true,"href":"https:\/\/decofoodshop.nl\/de\/wp-json\/wp\/v2\/product_tag?post=3097"}],"curies":[{"name":"wp","href":"https:\/\/api.w.org\/{rel}","templated":true}]}}