{"id":3163,"date":"2020-05-17T12:02:06","date_gmt":"2020-05-17T12:02:06","guid":{"rendered":"https:\/\/decofoodshop.nl\/?post_type=product&#038;p=3163"},"modified":"2026-03-20T16:09:23","modified_gmt":"2026-03-20T15:09:23","slug":"falscher-hopfen","status":"publish","type":"product","link":"https:\/\/decofoodshop.nl\/de\/product\/namaak-hop\/","title":{"rendered":"Gef\u00e4lschter Hop"},"content":{"rendered":"<p>Dieses gef\u00e4lschte Hopfenb\u00fcndel ist genau wie das Original.<\/p>\n<p>Es handelt sich um eine vollwertige, robuste Hopfenf\u00e4lschung.<\/p>\n<p>Die Fake-Hop-Branche hat nicht weniger als 78 Hopfenb\u00fcndel.<\/p>\n<p>Das k\u00fcnstliche Hopfenpflanzenb\u00fcndel ist einfach anzubringen.<\/p>\n<p>Definitiv ein lebensechtes B\u00fcndel mit frischer gr\u00fcner Farbe.<\/p>\n<p>Weitere spezielle Fake-Foods finden Sie bei uns<span style=\"color: #008000;\"> &#8220;<strong><a style=\"color: #008000;\" href=\"https:\/\/decofoodshop.nl\/de\/produktkategorie-2\/pakete\/\">Pakete<\/a><\/strong>&#8220;<\/span>.<\/p>\n<p>&nbsp;<\/p>","protected":false},"excerpt":{"rendered":"<p>Dieses gef\u00e4lschte Hopfenb\u00fcndel ist genau wie das Original. Es handelt sich um eine vollwertige, robuste Hopfenimitatpflanze. Der Fake-Hop-Zweig umfasst nicht weniger als 78 Hopfenb\u00fcndel. Das k\u00fcnstliche Hopfenpflanzenb\u00fcndel l\u00e4sst sich einfach anbringen. Auf jeden Fall ein naturgetreues Bundle mit einer frischen gr\u00fcnen Farbe. F\u00fcr weitere spezielle Fake Foods werfen Sie einen Blick auf unsere \u201ePakete\u201c. &nbsp;<\/p>","protected":false},"featured_media":3164,"template":"","meta":{"_acf_changed":false,"_genesis_hide_title":false,"_genesis_hide_breadcrumbs":false,"_genesis_hide_singular_image":false,"_genesis_hide_footer_widgets":false,"_genesis_custom_body_class":"","_genesis_custom_post_class":"","_genesis_layout":""},"product_brand":[],"product_cat":[51],"product_tag":[],"class_list":{"0":"post-3163","1":"product","2":"type-product","3":"status-publish","4":"has-post-thumbnail","6":"product_cat-overige","7":"entry","8":"wpx-has-gallery","10":"first","11":"instock","12":"taxable","13":"shipping-taxable","14":"purchasable","15":"product-type-simple"},"acf":[],"yoast_head":"<!-- This site is optimized with the Yoast SEO Premium plugin v27.3 (Yoast SEO v27.4) - https:\/\/yoast.com\/product\/yoast-seo-premium-wordpress\/ -->\n<title>Namaak Hop - Decofoodshop voor alle soorten nepvoedsel.<\/title>\n<meta name=\"description\" content=\"Namaak Hop bundel van 70cm lengte kopen doet u bij Decofoodshop. Alle soorten namaak voedsel online bestellen en super snel bezorgd.\" \/>\n<meta name=\"robots\" content=\"index, follow, max-snippet:-1, max-image-preview:large, max-video-preview:-1\" \/>\n<link rel=\"canonical\" href=\"https:\/\/decofoodshop.nl\/de\/produkt\/falscher-hopfen\/\" \/>\n<meta property=\"og:locale\" content=\"de_DE\" \/>\n<meta property=\"og:type\" content=\"article\" \/>\n<meta property=\"og:title\" content=\"Namaak Hop\" \/>\n<meta property=\"og:description\" content=\"Namaak Hop bundel van 70cm lengte kopen doet u bij Decofoodshop. Alle soorten namaak voedsel online bestellen en super snel bezorgd.\" \/>\n<meta property=\"og:url\" content=\"https:\/\/decofoodshop.nl\/de\/produkt\/falscher-hopfen\/\" \/>\n<meta property=\"og:site_name\" content=\"Decofoodshop\" \/>\n<meta property=\"article:modified_time\" content=\"2026-03-20T15:09:23+00:00\" \/>\n<meta property=\"og:image\" content=\"https:\/\/decofoodshop.nl\/wp-content\/uploads\/2020\/05\/Namaak-Hop-77cm.jpg\" \/>\n\t<meta property=\"og:image:width\" content=\"795\" \/>\n\t<meta property=\"og:image:height\" content=\"887\" \/>\n\t<meta property=\"og:image:type\" content=\"image\/jpeg\" \/>\n<meta name=\"twitter:card\" content=\"summary_large_image\" \/>\n<meta name=\"twitter:label1\" content=\"Gesch\u00e4tzte Lesezeit\" \/>\n\t<meta name=\"twitter:data1\" content=\"1\u00a0Minute\" \/>\n<script type=\"application\/ld+json\" class=\"yoast-schema-graph\">{\"@context\":\"https:\\\/\\\/schema.org\",\"@graph\":[{\"@type\":\"WebPage\",\"@id\":\"https:\\\/\\\/decofoodshop.nl\\\/product\\\/namaak-hop\\\/\",\"url\":\"https:\\\/\\\/decofoodshop.nl\\\/product\\\/namaak-hop\\\/\",\"name\":\"Namaak Hop - Decofoodshop voor alle soorten nepvoedsel.\",\"isPartOf\":{\"@id\":\"https:\\\/\\\/decofoodshop.nl\\\/#website\"},\"primaryImageOfPage\":{\"@id\":\"https:\\\/\\\/decofoodshop.nl\\\/product\\\/namaak-hop\\\/#primaryimage\"},\"image\":{\"@id\":\"https:\\\/\\\/decofoodshop.nl\\\/product\\\/namaak-hop\\\/#primaryimage\"},\"thumbnailUrl\":\"https:\\\/\\\/decofoodshop.nl\\\/wp-content\\\/uploads\\\/2020\\\/05\\\/Namaak-Hop-77cm.jpg\",\"datePublished\":\"2020-05-17T12:02:06+00:00\",\"dateModified\":\"2026-03-20T15:09:23+00:00\",\"description\":\"Namaak Hop bundel van 70cm lengte kopen doet u bij Decofoodshop. Alle soorten namaak voedsel online bestellen en super snel bezorgd.\",\"breadcrumb\":{\"@id\":\"https:\\\/\\\/decofoodshop.nl\\\/product\\\/namaak-hop\\\/#breadcrumb\"},\"inLanguage\":\"de\",\"potentialAction\":[{\"@type\":\"ReadAction\",\"target\":[\"https:\\\/\\\/decofoodshop.nl\\\/product\\\/namaak-hop\\\/\"]}]},{\"@type\":\"ImageObject\",\"inLanguage\":\"de\",\"@id\":\"https:\\\/\\\/decofoodshop.nl\\\/product\\\/namaak-hop\\\/#primaryimage\",\"url\":\"https:\\\/\\\/decofoodshop.nl\\\/wp-content\\\/uploads\\\/2020\\\/05\\\/Namaak-Hop-77cm.jpg\",\"contentUrl\":\"https:\\\/\\\/decofoodshop.nl\\\/wp-content\\\/uploads\\\/2020\\\/05\\\/Namaak-Hop-77cm.jpg\",\"width\":795,\"height\":887,\"caption\":\"Namaak Hop Decofoodshop\"},{\"@type\":\"BreadcrumbList\",\"@id\":\"https:\\\/\\\/decofoodshop.nl\\\/product\\\/namaak-hop\\\/#breadcrumb\",\"itemListElement\":[{\"@type\":\"ListItem\",\"position\":1,\"name\":\"Home\",\"item\":\"https:\\\/\\\/decofoodshop.nl\\\/\"},{\"@type\":\"ListItem\",\"position\":2,\"name\":\"Winkel\",\"item\":\"https:\\\/\\\/decofoodshop.nl\\\/winkel\\\/\"},{\"@type\":\"ListItem\",\"position\":3,\"name\":\"Namaak Hop\"}]},{\"@type\":\"WebSite\",\"@id\":\"https:\\\/\\\/decofoodshop.nl\\\/#website\",\"url\":\"https:\\\/\\\/decofoodshop.nl\\\/\",\"name\":\"Decofoodshop\",\"description\":\"\",\"potentialAction\":[{\"@type\":\"SearchAction\",\"target\":{\"@type\":\"EntryPoint\",\"urlTemplate\":\"https:\\\/\\\/decofoodshop.nl\\\/?s={search_term_string}\"},\"query-input\":{\"@type\":\"PropertyValueSpecification\",\"valueRequired\":true,\"valueName\":\"search_term_string\"}}],\"inLanguage\":\"de\"}]}<\/script>\n<!-- \/ Yoast SEO Premium plugin. -->","yoast_head_json":{"title":"Fake Hop - Decofoodshop f\u00fcr gef\u00e4lschte Lebensmittel aller Art.","description":"Bei Decofoodshop k\u00f6nnen Sie gef\u00e4lschte Hopfenb\u00fcndel mit einer L\u00e4nge von 70 cm kaufen. Bestellen Sie gef\u00e4lschte Lebensmittel aller Art online und lassen Sie sie superschnell liefern.","robots":{"index":"index","follow":"follow","max-snippet":"max-snippet:-1","max-image-preview":"max-image-preview:large","max-video-preview":"max-video-preview:-1"},"canonical":"https:\/\/decofoodshop.nl\/de\/produkt\/falscher-hopfen\/","og_locale":"de_DE","og_type":"article","og_title":"Namaak Hop","og_description":"Namaak Hop bundel van 70cm lengte kopen doet u bij Decofoodshop. Alle soorten namaak voedsel online bestellen en super snel bezorgd.","og_url":"https:\/\/decofoodshop.nl\/de\/produkt\/falscher-hopfen\/","og_site_name":"Decofoodshop","article_modified_time":"2026-03-20T15:09:23+00:00","og_image":[{"width":795,"height":887,"url":"https:\/\/decofoodshop.nl\/wp-content\/uploads\/2020\/05\/Namaak-Hop-77cm.jpg","type":"image\/jpeg"}],"twitter_card":"summary_large_image","twitter_misc":{"Gesch\u00e4tzte Lesezeit":"1\u00a0Minute"},"schema":{"@context":"https:\/\/schema.org","@graph":[{"@type":"WebPage","@id":"https:\/\/decofoodshop.nl\/product\/namaak-hop\/","url":"https:\/\/decofoodshop.nl\/product\/namaak-hop\/","name":"Fake Hop - Decofoodshop f\u00fcr gef\u00e4lschte Lebensmittel aller Art.","isPartOf":{"@id":"https:\/\/decofoodshop.nl\/#website"},"primaryImageOfPage":{"@id":"https:\/\/decofoodshop.nl\/product\/namaak-hop\/#primaryimage"},"image":{"@id":"https:\/\/decofoodshop.nl\/product\/namaak-hop\/#primaryimage"},"thumbnailUrl":"https:\/\/decofoodshop.nl\/wp-content\/uploads\/2020\/05\/Namaak-Hop-77cm.jpg","datePublished":"2020-05-17T12:02:06+00:00","dateModified":"2026-03-20T15:09:23+00:00","description":"Bei Decofoodshop k\u00f6nnen Sie gef\u00e4lschte Hopfenb\u00fcndel mit einer L\u00e4nge von 70 cm kaufen. Bestellen Sie gef\u00e4lschte Lebensmittel aller Art online und lassen Sie sie superschnell liefern.","breadcrumb":{"@id":"https:\/\/decofoodshop.nl\/product\/namaak-hop\/#breadcrumb"},"inLanguage":"de","potentialAction":[{"@type":"ReadAction","target":["https:\/\/decofoodshop.nl\/product\/namaak-hop\/"]}]},{"@type":"ImageObject","inLanguage":"de","@id":"https:\/\/decofoodshop.nl\/product\/namaak-hop\/#primaryimage","url":"https:\/\/decofoodshop.nl\/wp-content\/uploads\/2020\/05\/Namaak-Hop-77cm.jpg","contentUrl":"https:\/\/decofoodshop.nl\/wp-content\/uploads\/2020\/05\/Namaak-Hop-77cm.jpg","width":795,"height":887,"caption":"Namaak Hop Decofoodshop"},{"@type":"BreadcrumbList","@id":"https:\/\/decofoodshop.nl\/product\/namaak-hop\/#breadcrumb","itemListElement":[{"@type":"ListItem","position":1,"name":"Home","item":"https:\/\/decofoodshop.nl\/"},{"@type":"ListItem","position":2,"name":"Winkel","item":"https:\/\/decofoodshop.nl\/winkel\/"},{"@type":"ListItem","position":3,"name":"Namaak Hop"}]},{"@type":"WebSite","@id":"https:\/\/decofoodshop.nl\/#website","url":"https:\/\/decofoodshop.nl\/","name":"Dekofoodshop","description":"","potentialAction":[{"@type":"SearchAction","target":{"@type":"EntryPoint","urlTemplate":"https:\/\/decofoodshop.nl\/?s={search_term_string}"},"query-input":{"@type":"PropertyValueSpecification","valueRequired":true,"valueName":"search_term_string"}}],"inLanguage":"de"}]}},"_links":{"self":[{"href":"https:\/\/decofoodshop.nl\/de\/wp-json\/wp\/v2\/product\/3163","targetHints":{"allow":["GET"]}}],"collection":[{"href":"https:\/\/decofoodshop.nl\/de\/wp-json\/wp\/v2\/product"}],"about":[{"href":"https:\/\/decofoodshop.nl\/de\/wp-json\/wp\/v2\/types\/product"}],"wp:featuredmedia":[{"embeddable":true,"href":"https:\/\/decofoodshop.nl\/de\/wp-json\/wp\/v2\/media\/3164"}],"wp:attachment":[{"href":"https:\/\/decofoodshop.nl\/de\/wp-json\/wp\/v2\/media?parent=3163"}],"wp:term":[{"taxonomy":"product_brand","embeddable":true,"href":"https:\/\/decofoodshop.nl\/de\/wp-json\/wp\/v2\/product_brand?post=3163"},{"taxonomy":"product_cat","embeddable":true,"href":"https:\/\/decofoodshop.nl\/de\/wp-json\/wp\/v2\/product_cat?post=3163"},{"taxonomy":"product_tag","embeddable":true,"href":"https:\/\/decofoodshop.nl\/de\/wp-json\/wp\/v2\/product_tag?post=3163"}],"curies":[{"name":"wp","href":"https:\/\/api.w.org\/{rel}","templated":true}]}}