{"id":3196,"date":"2020-07-27T08:27:54","date_gmt":"2020-07-27T08:27:54","guid":{"rendered":"https:\/\/decofoodshop.nl\/?post_type=product&#038;p=3196"},"modified":"2026-03-16T16:23:48","modified_gmt":"2026-03-16T15:23:48","slug":"kunst-grune-bohnen-gesetzt","status":"publish","type":"product","link":"https:\/\/decofoodshop.nl\/de\/product\/kunst-sperziebonen-set\/","title":{"rendered":"Art Gr\u00fcne Bohnen-Set"},"content":{"rendered":"<p>Super sch\u00f6nes Set k\u00fcnstliche gr\u00fcne Bohnen mit 6 St\u00fcck pro Set.<\/p>\n<p>Die Form der gef\u00e4lschten gr\u00fcnen Bohne ist die gleiche wie bei einer echten gr\u00fcnen Bohne.<\/p>\n<p>Auch die Farbe der Kunstbohnen ist sehr nat\u00fcrlich, was zu einem realistischen Erscheinungsbild beitr\u00e4gt.<\/p>\n<p>Es ist aus stabilem Schaumstoff und das macht sie flexibel.<\/p>\n<p>Hervorragend geeignet als Dekoration f\u00fcr die unterschiedlichsten Zwecke.<\/p>\n<p>Sch\u00f6ne Gem\u00fcsepakete finden Sie unter: <span style=\"color: #008000;\"><a style=\"color: #008000;\" href=\"https:\/\/decofoodshop.nl\/de\/produktkategorie-2\/pakete\/\">&#8216;<strong>Pakete<\/strong>&#8216;<\/a>.<\/span><\/p>","protected":false},"excerpt":{"rendered":"<p>Super leuke set kunst sperziebonen met 6 stuks per set. De vorm van de nep sperzieboon is het zelfde als een echte sperzieboon. Ook is de kleur van de nepbonen zeer natuurlijk wat bijdraagt aan een realistisch uiterlijk. Het is gemaakt van stevig foam en hierdoor zijn ze buigbaar. Uiterst geschikt als decoratie voor allerlei [&hellip;]<\/p>\n","protected":false},"featured_media":3410,"template":"","meta":{"_acf_changed":false,"_genesis_hide_title":false,"_genesis_hide_breadcrumbs":false,"_genesis_hide_singular_image":false,"_genesis_hide_footer_widgets":false,"_genesis_custom_body_class":"","_genesis_custom_post_class":"","_genesis_layout":""},"product_brand":[],"product_cat":[48],"product_tag":[],"class_list":{"0":"post-3196","1":"product","2":"type-product","3":"status-publish","4":"has-post-thumbnail","6":"product_cat-kunstgroenten","7":"entry","8":"wpx-has-gallery","10":"first","11":"instock","12":"taxable","13":"shipping-taxable","14":"purchasable","15":"product-type-simple"},"acf":[],"yoast_head":"<!-- This site is optimized with the Yoast SEO Premium plugin v27.3 (Yoast SEO v27.3) - https:\/\/yoast.com\/product\/yoast-seo-premium-wordpress\/ -->\n<title>Kunst Sperziebonen Set - Verkrijgbaar Bij Decofoodshop<\/title>\n<meta name=\"description\" content=\"Leuke set met 6 kunst sperziebonen. Ook verkrijgbaar zijn de snijbonen en nog veel meer verschillende soorten namaak groenten.\" \/>\n<meta name=\"robots\" content=\"index, follow, max-snippet:-1, max-image-preview:large, max-video-preview:-1\" \/>\n<link rel=\"canonical\" href=\"https:\/\/decofoodshop.nl\/de\/produkt\/kunst-grune-bohnen-gesetzt\/\" \/>\n<meta property=\"og:locale\" content=\"de_DE\" \/>\n<meta property=\"og:type\" content=\"article\" \/>\n<meta property=\"og:title\" content=\"Kunst Sperziebonen Set\" \/>\n<meta property=\"og:description\" content=\"Leuke set met 6 kunst sperziebonen. Ook verkrijgbaar zijn de snijbonen en nog veel meer verschillende soorten namaak groenten.\" \/>\n<meta property=\"og:url\" content=\"https:\/\/decofoodshop.nl\/de\/produkt\/kunst-grune-bohnen-gesetzt\/\" \/>\n<meta property=\"og:site_name\" content=\"Decofoodshop\" \/>\n<meta property=\"article:modified_time\" content=\"2026-03-16T15:23:48+00:00\" \/>\n<meta property=\"og:image\" content=\"https:\/\/decofoodshop.nl\/wp-content\/uploads\/2020\/05\/Sperzieboon-1.jpg\" \/>\n\t<meta property=\"og:image:width\" content=\"1200\" \/>\n\t<meta property=\"og:image:height\" content=\"1200\" \/>\n\t<meta property=\"og:image:type\" content=\"image\/jpeg\" \/>\n<meta name=\"twitter:card\" content=\"summary_large_image\" \/>\n<meta name=\"twitter:label1\" content=\"Gesch\u00e4tzte Lesezeit\" \/>\n\t<meta name=\"twitter:data1\" content=\"1\u00a0Minute\" \/>\n<script type=\"application\/ld+json\" class=\"yoast-schema-graph\">{\"@context\":\"https:\\\/\\\/schema.org\",\"@graph\":[{\"@type\":\"WebPage\",\"@id\":\"https:\\\/\\\/decofoodshop.nl\\\/product\\\/kunst-sperziebonen-set\\\/\",\"url\":\"https:\\\/\\\/decofoodshop.nl\\\/product\\\/kunst-sperziebonen-set\\\/\",\"name\":\"Kunst Sperziebonen Set - Verkrijgbaar Bij Decofoodshop\",\"isPartOf\":{\"@id\":\"https:\\\/\\\/decofoodshop.nl\\\/#website\"},\"primaryImageOfPage\":{\"@id\":\"https:\\\/\\\/decofoodshop.nl\\\/product\\\/kunst-sperziebonen-set\\\/#primaryimage\"},\"image\":{\"@id\":\"https:\\\/\\\/decofoodshop.nl\\\/product\\\/kunst-sperziebonen-set\\\/#primaryimage\"},\"thumbnailUrl\":\"https:\\\/\\\/decofoodshop.nl\\\/wp-content\\\/uploads\\\/2020\\\/05\\\/Sperzieboon-1.jpg\",\"datePublished\":\"2020-07-27T08:27:54+00:00\",\"dateModified\":\"2026-03-16T15:23:48+00:00\",\"description\":\"Leuke set met 6 kunst sperziebonen. Ook verkrijgbaar zijn de snijbonen en nog veel meer verschillende soorten namaak groenten.\",\"breadcrumb\":{\"@id\":\"https:\\\/\\\/decofoodshop.nl\\\/product\\\/kunst-sperziebonen-set\\\/#breadcrumb\"},\"inLanguage\":\"de\",\"potentialAction\":[{\"@type\":\"ReadAction\",\"target\":[\"https:\\\/\\\/decofoodshop.nl\\\/product\\\/kunst-sperziebonen-set\\\/\"]}]},{\"@type\":\"ImageObject\",\"inLanguage\":\"de\",\"@id\":\"https:\\\/\\\/decofoodshop.nl\\\/product\\\/kunst-sperziebonen-set\\\/#primaryimage\",\"url\":\"https:\\\/\\\/decofoodshop.nl\\\/wp-content\\\/uploads\\\/2020\\\/05\\\/Sperzieboon-1.jpg\",\"contentUrl\":\"https:\\\/\\\/decofoodshop.nl\\\/wp-content\\\/uploads\\\/2020\\\/05\\\/Sperzieboon-1.jpg\",\"width\":1200,\"height\":1200},{\"@type\":\"BreadcrumbList\",\"@id\":\"https:\\\/\\\/decofoodshop.nl\\\/product\\\/kunst-sperziebonen-set\\\/#breadcrumb\",\"itemListElement\":[{\"@type\":\"ListItem\",\"position\":1,\"name\":\"Home\",\"item\":\"https:\\\/\\\/decofoodshop.nl\\\/\"},{\"@type\":\"ListItem\",\"position\":2,\"name\":\"Winkel\",\"item\":\"https:\\\/\\\/decofoodshop.nl\\\/winkel\\\/\"},{\"@type\":\"ListItem\",\"position\":3,\"name\":\"Kunst Sperziebonen Set\"}]},{\"@type\":\"WebSite\",\"@id\":\"https:\\\/\\\/decofoodshop.nl\\\/#website\",\"url\":\"https:\\\/\\\/decofoodshop.nl\\\/\",\"name\":\"Decofoodshop\",\"description\":\"\",\"potentialAction\":[{\"@type\":\"SearchAction\",\"target\":{\"@type\":\"EntryPoint\",\"urlTemplate\":\"https:\\\/\\\/decofoodshop.nl\\\/?s={search_term_string}\"},\"query-input\":{\"@type\":\"PropertyValueSpecification\",\"valueRequired\":true,\"valueName\":\"search_term_string\"}}],\"inLanguage\":\"de\"}]}<\/script>\n<!-- \/ Yoast SEO Premium plugin. -->","yoast_head_json":{"title":"Set mit k\u00fcnstlichen gr\u00fcnen Bohnen \u2013 erh\u00e4ltlich bei Decofoodshop","description":"Sch\u00f6nes Set mit 6 k\u00fcnstlichen gr\u00fcnen Bohnen. Ebenfalls erh\u00e4ltlich sind die Stangenbohnen und viele weitere verschiedene Arten von k\u00fcnstlichem Gem\u00fcse.","robots":{"index":"index","follow":"follow","max-snippet":"max-snippet:-1","max-image-preview":"max-image-preview:large","max-video-preview":"max-video-preview:-1"},"canonical":"https:\/\/decofoodshop.nl\/de\/produkt\/kunst-grune-bohnen-gesetzt\/","og_locale":"de_DE","og_type":"article","og_title":"Kunst Sperziebonen Set","og_description":"Leuke set met 6 kunst sperziebonen. Ook verkrijgbaar zijn de snijbonen en nog veel meer verschillende soorten namaak groenten.","og_url":"https:\/\/decofoodshop.nl\/de\/produkt\/kunst-grune-bohnen-gesetzt\/","og_site_name":"Decofoodshop","article_modified_time":"2026-03-16T15:23:48+00:00","og_image":[{"width":1200,"height":1200,"url":"https:\/\/decofoodshop.nl\/wp-content\/uploads\/2020\/05\/Sperzieboon-1.jpg","type":"image\/jpeg"}],"twitter_card":"summary_large_image","twitter_misc":{"Gesch\u00e4tzte Lesezeit":"1\u00a0Minute"},"schema":{"@context":"https:\/\/schema.org","@graph":[{"@type":"WebPage","@id":"https:\/\/decofoodshop.nl\/product\/kunst-sperziebonen-set\/","url":"https:\/\/decofoodshop.nl\/product\/kunst-sperziebonen-set\/","name":"Set mit k\u00fcnstlichen gr\u00fcnen Bohnen \u2013 erh\u00e4ltlich bei Decofoodshop","isPartOf":{"@id":"https:\/\/decofoodshop.nl\/#website"},"primaryImageOfPage":{"@id":"https:\/\/decofoodshop.nl\/product\/kunst-sperziebonen-set\/#primaryimage"},"image":{"@id":"https:\/\/decofoodshop.nl\/product\/kunst-sperziebonen-set\/#primaryimage"},"thumbnailUrl":"https:\/\/decofoodshop.nl\/wp-content\/uploads\/2020\/05\/Sperzieboon-1.jpg","datePublished":"2020-07-27T08:27:54+00:00","dateModified":"2026-03-16T15:23:48+00:00","description":"Sch\u00f6nes Set mit 6 k\u00fcnstlichen gr\u00fcnen Bohnen. Ebenfalls erh\u00e4ltlich sind die Stangenbohnen und viele weitere verschiedene Arten von k\u00fcnstlichem Gem\u00fcse.","breadcrumb":{"@id":"https:\/\/decofoodshop.nl\/product\/kunst-sperziebonen-set\/#breadcrumb"},"inLanguage":"de","potentialAction":[{"@type":"ReadAction","target":["https:\/\/decofoodshop.nl\/product\/kunst-sperziebonen-set\/"]}]},{"@type":"ImageObject","inLanguage":"de","@id":"https:\/\/decofoodshop.nl\/product\/kunst-sperziebonen-set\/#primaryimage","url":"https:\/\/decofoodshop.nl\/wp-content\/uploads\/2020\/05\/Sperzieboon-1.jpg","contentUrl":"https:\/\/decofoodshop.nl\/wp-content\/uploads\/2020\/05\/Sperzieboon-1.jpg","width":1200,"height":1200},{"@type":"BreadcrumbList","@id":"https:\/\/decofoodshop.nl\/product\/kunst-sperziebonen-set\/#breadcrumb","itemListElement":[{"@type":"ListItem","position":1,"name":"Home","item":"https:\/\/decofoodshop.nl\/"},{"@type":"ListItem","position":2,"name":"Winkel","item":"https:\/\/decofoodshop.nl\/winkel\/"},{"@type":"ListItem","position":3,"name":"Kunst Sperziebonen Set"}]},{"@type":"WebSite","@id":"https:\/\/decofoodshop.nl\/#website","url":"https:\/\/decofoodshop.nl\/","name":"Dekofoodshop","description":"","potentialAction":[{"@type":"SearchAction","target":{"@type":"EntryPoint","urlTemplate":"https:\/\/decofoodshop.nl\/?s={search_term_string}"},"query-input":{"@type":"PropertyValueSpecification","valueRequired":true,"valueName":"search_term_string"}}],"inLanguage":"de"}]}},"_links":{"self":[{"href":"https:\/\/decofoodshop.nl\/de\/wp-json\/wp\/v2\/product\/3196","targetHints":{"allow":["GET"]}}],"collection":[{"href":"https:\/\/decofoodshop.nl\/de\/wp-json\/wp\/v2\/product"}],"about":[{"href":"https:\/\/decofoodshop.nl\/de\/wp-json\/wp\/v2\/types\/product"}],"wp:featuredmedia":[{"embeddable":true,"href":"https:\/\/decofoodshop.nl\/de\/wp-json\/wp\/v2\/media\/3410"}],"wp:attachment":[{"href":"https:\/\/decofoodshop.nl\/de\/wp-json\/wp\/v2\/media?parent=3196"}],"wp:term":[{"taxonomy":"product_brand","embeddable":true,"href":"https:\/\/decofoodshop.nl\/de\/wp-json\/wp\/v2\/product_brand?post=3196"},{"taxonomy":"product_cat","embeddable":true,"href":"https:\/\/decofoodshop.nl\/de\/wp-json\/wp\/v2\/product_cat?post=3196"},{"taxonomy":"product_tag","embeddable":true,"href":"https:\/\/decofoodshop.nl\/de\/wp-json\/wp\/v2\/product_tag?post=3196"}],"curies":[{"name":"wp","href":"https:\/\/api.w.org\/{rel}","templated":true}]}}